{"id":505,"date":"2023-02-13T16:24:50","date_gmt":"2023-02-13T16:24:50","guid":{"rendered":"https:\/\/draytek.compulab.pt\/produto\/access-point-draytek-vigor-ap912c\/"},"modified":"2026-05-04T03:01:19","modified_gmt":"2026-05-04T02:01:19","slug":"draytek-vigorap-912c","status":"publish","type":"product","link":"https:\/\/shop.compulab.pt\/pt-pt\/produto\/draytek-vigorap-912c\/","title":{"rendered":"DRAYTEK VigorAP 912C"},"content":{"rendered":"<p>O ACCESS POINT DRAYTEK VIGOR AP912C \u00e9 um ponto de acesso sem fio de montagem no teto para redes empresariais. Tem capacidade para at\u00e9 256 usu\u00e1rios ativos simult\u00e2neos, ideal para um ambiente de alta densidade, como um local de trabalho BYOD.\u00a0A apar\u00eancia discreta do ACCESS POINT DRAYTEK VIGOR AP912C e a sua fonte de alimenta\u00e7\u00e3o PoE proporcionam flexibilidade na implanta\u00e7\u00e3o.<\/p>\n<p>&nbsp;<\/p>\n<table class=\"spec__table\" style=\"height: 466px;\" width=\"753\">\n<tbody>\n<tr class=\"ftr__cat\">\n<td colspan=\"2\">\n<h5>Interface<\/h5>\n<\/td>\n<\/tr>\n<tr>\n<td><strong>LAN Port<\/strong><\/td>\n<td>1x 10\/100\/1000M Base-T, RJ-45, supports 802.3af PoE<\/td>\n<\/tr>\n<tr>\n<td>Antenna<\/td>\n<td>2x Internal PiFA Dual-Band<br \/>\nGain: 5 dBi for 5GHz, 3 dBi for 2.4GHz<\/td>\n<\/tr>\n<tr>\n<td>DC Power Jack<\/td>\n<td>1<\/td>\n<\/tr>\n<tr>\n<td>Factory Reset Button<\/td>\n<td>1<\/td>\n<\/tr>\n<tr>\n<td>Security Lock<\/td>\n<td>1<\/td>\n<\/tr>\n<tr class=\"ftr__cat\">\n<td colspan=\"2\">\n<h5>Capacity<\/h5>\n<\/td>\n<\/tr>\n<tr>\n<td>2.4GHz Peak Speed<\/td>\n<td>300 Mbps<\/td>\n<\/tr>\n<tr>\n<td>5GHz Peak Speed<\/td>\n<td>867 Mbps<\/td>\n<\/tr>\n<tr>\n<td>Max. Number of Concurrent Active Clients<\/td>\n<td>256 (128 per radio band)<\/td>\n<\/tr>\n<tr class=\"ftr__cat\">\n<td colspan=\"2\">\n<h5>WLAN<\/h5>\n<\/td>\n<\/tr>\n<tr>\n<td>2.4GHz Standard<\/td>\n<td>IEEE 802.11b\/g\/n 2&#215;2 MIMO<\/td>\n<\/tr>\n<tr>\n<td>5GHz Standard<\/td>\n<td>IEEE 802.11a\/n\/ac wave 2 2&#215;2 MU-MIMO<\/td>\n<\/tr>\n<tr>\n<td>Operating Mode<\/td>\n<td>AP, Mesh Root, Mesh Node, Range Extender<\/td>\n<\/tr>\n<tr>\n<td>Roaming<\/td>\n<td>AP-Assisted Roaming, PMK-Caching, Pre-Authentication, 802.11r<\/td>\n<\/tr>\n<\/tbody>\n<\/table>\n<p>&nbsp;<\/p>\n<p>Mais informa\u00e7\u00f5es:<\/p>\n<p><a href=\"https:\/\/www.draytek.com\/products\/vigorap-912c\/\" target=\"_blank\" rel=\"noopener\">https:\/\/www.draytek.com\/products\/vigorap-912c\/<\/a><\/p>\n","protected":false},"excerpt":{"rendered":"<p>O ACCESS POINT DRAYTEK VIGOR AP912C \u00e9 um ponto de acesso sem fio de montagem no teto para redes empresariais.<\/p>\n","protected":false},"featured_media":16916,"template":"","meta":[],"product_brand":[],"product_cat":[20],"product_tag":[],"class_list":{"0":"post-505","1":"product","2":"type-product","3":"status-publish","4":"has-post-thumbnail","6":"product_cat-pontos-de-acesso-draytek","7":"pa_marca-draytek","8":"pa_marca-pa_marca","10":"first","11":"instock","12":"taxable","13":"shipping-taxable","14":"purchasable","15":"product-type-simple"},"yoast_head":"<!-- This site is optimized with the Yoast SEO plugin v27.4 - https:\/\/yoast.com\/product\/yoast-seo-wordpress\/ -->\n<title>ACCESS POINT DRAYTEK VIGOR AP912C - Loja Compulab<\/title>\n<meta name=\"description\" content=\"O ACCESS POINT DRAYTEK VIGOR AP912C \u00e9 um PA sem fio de montagem no teto para redes empresariais. Tem capacidade para at\u00e9 256 usu\u00e1rios ativos simult\u00e2neos.\" \/>\n<meta name=\"robots\" content=\"index, follow, max-snippet:-1, max-image-preview:large, max-video-preview:-1\" \/>\n<link rel=\"canonical\" href=\"https:\/\/shop.compulab.pt\/pt-pt\/produto\/draytek-vigorap-912c\/\" \/>\n<meta property=\"og:locale\" content=\"pt_PT\" \/>\n<meta property=\"og:type\" content=\"article\" \/>\n<meta property=\"og:title\" content=\"ACCESS POINT DRAYTEK VIGOR AP912C - Loja Compulab\" \/>\n<meta property=\"og:description\" content=\"O ACCESS POINT DRAYTEK VIGOR AP912C \u00e9 um PA sem fio de montagem no teto para redes empresariais. Tem capacidade para at\u00e9 256 usu\u00e1rios ativos simult\u00e2neos.\" \/>\n<meta property=\"og:url\" content=\"https:\/\/shop.compulab.pt\/pt-pt\/produto\/draytek-vigorap-912c\/\" \/>\n<meta property=\"og:site_name\" content=\"Loja Compulab\" \/>\n<meta property=\"article:publisher\" content=\"https:\/\/www.facebook.com\/Compulab.pt\/\" \/>\n<meta property=\"article:modified_time\" content=\"2026-05-04T02:01:19+00:00\" \/>\n<meta property=\"og:image\" content=\"https:\/\/shop.compulab.pt\/wp-content\/uploads\/2024\/10\/draytek-vigorap-912c.webp\" \/>\n\t<meta property=\"og:image:width\" content=\"900\" \/>\n\t<meta property=\"og:image:height\" content=\"900\" \/>\n\t<meta property=\"og:image:type\" content=\"image\/webp\" \/>\n<meta name=\"twitter:card\" content=\"summary_large_image\" \/>\n<meta name=\"twitter:label1\" content=\"Tempo estimado de leitura\" \/>\n\t<meta name=\"twitter:data1\" content=\"2 minutos\" \/>\n<script type=\"application\/ld+json\" class=\"yoast-schema-graph\">{\"@context\":\"https:\\\/\\\/schema.org\",\"@graph\":[{\"@type\":\"WebPage\",\"@id\":\"https:\\\/\\\/shop.compulab.pt\\\/pt-pt\\\/produto\\\/draytek-vigorap-912c\\\/\",\"url\":\"https:\\\/\\\/shop.compulab.pt\\\/pt-pt\\\/produto\\\/draytek-vigorap-912c\\\/\",\"name\":\"ACCESS POINT DRAYTEK VIGOR AP912C - Loja Compulab\",\"isPartOf\":{\"@id\":\"https:\\\/\\\/shop.compulab.pt\\\/pt-pt\\\/#website\"},\"primaryImageOfPage\":{\"@id\":\"https:\\\/\\\/shop.compulab.pt\\\/pt-pt\\\/produto\\\/draytek-vigorap-912c\\\/#primaryimage\"},\"image\":{\"@id\":\"https:\\\/\\\/shop.compulab.pt\\\/pt-pt\\\/produto\\\/draytek-vigorap-912c\\\/#primaryimage\"},\"thumbnailUrl\":\"https:\\\/\\\/shop.compulab.pt\\\/wp-content\\\/uploads\\\/2024\\\/10\\\/draytek-vigorap-912c.webp\",\"datePublished\":\"2023-02-13T16:24:50+00:00\",\"dateModified\":\"2026-05-04T02:01:19+00:00\",\"description\":\"O ACCESS POINT DRAYTEK VIGOR AP912C \u00e9 um PA sem fio de montagem no teto para redes empresariais. Tem capacidade para at\u00e9 256 usu\u00e1rios ativos simult\u00e2neos.\",\"breadcrumb\":{\"@id\":\"https:\\\/\\\/shop.compulab.pt\\\/pt-pt\\\/produto\\\/draytek-vigorap-912c\\\/#breadcrumb\"},\"inLanguage\":\"pt-PT\",\"potentialAction\":[{\"@type\":\"ReadAction\",\"target\":[\"https:\\\/\\\/shop.compulab.pt\\\/pt-pt\\\/produto\\\/draytek-vigorap-912c\\\/\"]}]},{\"@type\":\"ImageObject\",\"inLanguage\":\"pt-PT\",\"@id\":\"https:\\\/\\\/shop.compulab.pt\\\/pt-pt\\\/produto\\\/draytek-vigorap-912c\\\/#primaryimage\",\"url\":\"https:\\\/\\\/shop.compulab.pt\\\/wp-content\\\/uploads\\\/2024\\\/10\\\/draytek-vigorap-912c.webp\",\"contentUrl\":\"https:\\\/\\\/shop.compulab.pt\\\/wp-content\\\/uploads\\\/2024\\\/10\\\/draytek-vigorap-912c.webp\",\"width\":900,\"height\":900,\"caption\":\"DRAYTEK VigorAP 912C\"},{\"@type\":\"BreadcrumbList\",\"@id\":\"https:\\\/\\\/shop.compulab.pt\\\/pt-pt\\\/produto\\\/draytek-vigorap-912c\\\/#breadcrumb\",\"itemListElement\":[{\"@type\":\"ListItem\",\"position\":1,\"name\":\"Loja\",\"item\":\"https:\\\/\\\/draytek.compulab.pt\\\/pt-pt\\\/loja\\\/\"},{\"@type\":\"ListItem\",\"position\":2,\"name\":\"DRAYTEK VigorAP 912C\"}]},{\"@type\":\"WebSite\",\"@id\":\"https:\\\/\\\/shop.compulab.pt\\\/pt-pt\\\/#website\",\"url\":\"https:\\\/\\\/shop.compulab.pt\\\/pt-pt\\\/\",\"name\":\"Loja Compulab\",\"description\":\"Loja online da Compulab\",\"potentialAction\":[{\"@type\":\"SearchAction\",\"target\":{\"@type\":\"EntryPoint\",\"urlTemplate\":\"https:\\\/\\\/shop.compulab.pt\\\/pt-pt\\\/?s={search_term_string}\"},\"query-input\":{\"@type\":\"PropertyValueSpecification\",\"valueRequired\":true,\"valueName\":\"search_term_string\"}}],\"inLanguage\":\"pt-PT\"}]}<\/script>\n<!-- \/ Yoast SEO plugin. -->","yoast_head_json":{"title":"ACCESS POINT DRAYTEK VIGOR AP912C - Loja Compulab","description":"O ACCESS POINT DRAYTEK VIGOR AP912C \u00e9 um PA sem fio de montagem no teto para redes empresariais. Tem capacidade para at\u00e9 256 usu\u00e1rios ativos simult\u00e2neos.","robots":{"index":"index","follow":"follow","max-snippet":"max-snippet:-1","max-image-preview":"max-image-preview:large","max-video-preview":"max-video-preview:-1"},"canonical":"https:\/\/shop.compulab.pt\/pt-pt\/produto\/draytek-vigorap-912c\/","og_locale":"pt_PT","og_type":"article","og_title":"ACCESS POINT DRAYTEK VIGOR AP912C - Loja Compulab","og_description":"O ACCESS POINT DRAYTEK VIGOR AP912C \u00e9 um PA sem fio de montagem no teto para redes empresariais. Tem capacidade para at\u00e9 256 usu\u00e1rios ativos simult\u00e2neos.","og_url":"https:\/\/shop.compulab.pt\/pt-pt\/produto\/draytek-vigorap-912c\/","og_site_name":"Loja Compulab","article_publisher":"https:\/\/www.facebook.com\/Compulab.pt\/","article_modified_time":"2026-05-04T02:01:19+00:00","og_image":[{"width":900,"height":900,"url":"https:\/\/shop.compulab.pt\/wp-content\/uploads\/2024\/10\/draytek-vigorap-912c.webp","type":"image\/webp"}],"twitter_card":"summary_large_image","twitter_misc":{"Tempo estimado de leitura":"2 minutos"},"schema":{"@context":"https:\/\/schema.org","@graph":[{"@type":"WebPage","@id":"https:\/\/shop.compulab.pt\/pt-pt\/produto\/draytek-vigorap-912c\/","url":"https:\/\/shop.compulab.pt\/pt-pt\/produto\/draytek-vigorap-912c\/","name":"ACCESS POINT DRAYTEK VIGOR AP912C - Loja Compulab","isPartOf":{"@id":"https:\/\/shop.compulab.pt\/pt-pt\/#website"},"primaryImageOfPage":{"@id":"https:\/\/shop.compulab.pt\/pt-pt\/produto\/draytek-vigorap-912c\/#primaryimage"},"image":{"@id":"https:\/\/shop.compulab.pt\/pt-pt\/produto\/draytek-vigorap-912c\/#primaryimage"},"thumbnailUrl":"https:\/\/shop.compulab.pt\/wp-content\/uploads\/2024\/10\/draytek-vigorap-912c.webp","datePublished":"2023-02-13T16:24:50+00:00","dateModified":"2026-05-04T02:01:19+00:00","description":"O ACCESS POINT DRAYTEK VIGOR AP912C \u00e9 um PA sem fio de montagem no teto para redes empresariais. Tem capacidade para at\u00e9 256 usu\u00e1rios ativos simult\u00e2neos.","breadcrumb":{"@id":"https:\/\/shop.compulab.pt\/pt-pt\/produto\/draytek-vigorap-912c\/#breadcrumb"},"inLanguage":"pt-PT","potentialAction":[{"@type":"ReadAction","target":["https:\/\/shop.compulab.pt\/pt-pt\/produto\/draytek-vigorap-912c\/"]}]},{"@type":"ImageObject","inLanguage":"pt-PT","@id":"https:\/\/shop.compulab.pt\/pt-pt\/produto\/draytek-vigorap-912c\/#primaryimage","url":"https:\/\/shop.compulab.pt\/wp-content\/uploads\/2024\/10\/draytek-vigorap-912c.webp","contentUrl":"https:\/\/shop.compulab.pt\/wp-content\/uploads\/2024\/10\/draytek-vigorap-912c.webp","width":900,"height":900,"caption":"DRAYTEK VigorAP 912C"},{"@type":"BreadcrumbList","@id":"https:\/\/shop.compulab.pt\/pt-pt\/produto\/draytek-vigorap-912c\/#breadcrumb","itemListElement":[{"@type":"ListItem","position":1,"name":"Loja","item":"https:\/\/draytek.compulab.pt\/pt-pt\/loja\/"},{"@type":"ListItem","position":2,"name":"DRAYTEK VigorAP 912C"}]},{"@type":"WebSite","@id":"https:\/\/shop.compulab.pt\/pt-pt\/#website","url":"https:\/\/shop.compulab.pt\/pt-pt\/","name":"Loja Compulab","description":"Loja online da Compulab","potentialAction":[{"@type":"SearchAction","target":{"@type":"EntryPoint","urlTemplate":"https:\/\/shop.compulab.pt\/pt-pt\/?s={search_term_string}"},"query-input":{"@type":"PropertyValueSpecification","valueRequired":true,"valueName":"search_term_string"}}],"inLanguage":"pt-PT"}]}},"_links":{"self":[{"href":"https:\/\/shop.compulab.pt\/pt-pt\/wp-json\/wp\/v2\/product\/505","targetHints":{"allow":["GET"]}}],"collection":[{"href":"https:\/\/shop.compulab.pt\/pt-pt\/wp-json\/wp\/v2\/product"}],"about":[{"href":"https:\/\/shop.compulab.pt\/pt-pt\/wp-json\/wp\/v2\/types\/product"}],"version-history":[{"count":1,"href":"https:\/\/shop.compulab.pt\/pt-pt\/wp-json\/wp\/v2\/product\/505\/revisions"}],"predecessor-version":[{"id":16963,"href":"https:\/\/shop.compulab.pt\/pt-pt\/wp-json\/wp\/v2\/product\/505\/revisions\/16963"}],"wp:featuredmedia":[{"embeddable":true,"href":"https:\/\/shop.compulab.pt\/pt-pt\/wp-json\/wp\/v2\/media\/16916"}],"wp:attachment":[{"href":"https:\/\/shop.compulab.pt\/pt-pt\/wp-json\/wp\/v2\/media?parent=505"}],"wp:term":[{"taxonomy":"product_brand","embeddable":true,"href":"https:\/\/shop.compulab.pt\/pt-pt\/wp-json\/wp\/v2\/product_brand?post=505"},{"taxonomy":"product_cat","embeddable":true,"href":"https:\/\/shop.compulab.pt\/pt-pt\/wp-json\/wp\/v2\/product_cat?post=505"},{"taxonomy":"product_tag","embeddable":true,"href":"https:\/\/shop.compulab.pt\/pt-pt\/wp-json\/wp\/v2\/product_tag?post=505"}],"curies":[{"name":"wp","href":"https:\/\/api.w.org\/{rel}","templated":true}]}}