{"id":483,"date":"2023-02-13T16:24:49","date_gmt":"2023-02-13T16:24:49","guid":{"rendered":"https:\/\/draytek.compulab.pt\/produto\/router-draytek-vigor-2927ax\/"},"modified":"2026-04-29T03:00:40","modified_gmt":"2026-04-29T02:00:40","slug":"router-draytek-vigor-2927ax","status":"publish","type":"product","link":"https:\/\/shop.compulab.pt\/pt-pt\/produto\/router-draytek-vigor-2927ax\/","title":{"rendered":"ROUTER DRAYTEK VIGOR 2927AX"},"content":{"rendered":"<p>O Vigor 2927 AX \u00e9 um router Dual-WAN Gigabit Ethernet, fornecendo balanceamento de carga e failover para a continuidade do seu neg\u00f3cio. Com funcionalidades de VPN, QoS, Pol\u00edtica de Rotas, Firewall, Filtragem de Conte\u00fados Web, Gest\u00e3o de Largura de Banda, Portal para Hotspot, e muito mais, este \u00e9 o derradeiro router que faz tudo para as PME&#8230;<\/p>\n","protected":false},"excerpt":{"rendered":"<ul>\n<li>Router com 2 portas Gigabit-WAN (permite elevados throughputs) compat\u00edvel com liga\u00e7\u00e3o por modem Cabo, ADSL (sem modem incorporado) ou Fibra para Backup\/Balanceamento de Linha<\/li>\n<li>Switch Gigabit de 5 portas 10\/100\/1000 Ethernet<\/li>\n<li>2 portas USB para modem 3G\/4G, Impressora, Term\u00f3metro ou HDD<\/li>\n<li>Content Filtering, Multi-Subnet LAN (8 redes) e Tag Based VLAN (802.1q)<\/li>\n<li>Integrado com ponto de acesso wireless Ethernet 802.11ax Wi-Fi 6 2&#215;2 MU-MIMO Dual-Band 2.4GHz e 5GHz (547 \/ 2402 Mbps) com 2 Antenas<\/li>\n<li>Configura\u00e7\u00e3o por Web e Telnet. Firewall, QoS<\/li>\n<li>Cliente \/ Servidor VPN PPTP,L2TP,IPsec,L2TP\/IPsec,GRE,IKEv2,IKEv2-EAP,IPsec-XAuth,WireGuard (50 t\u00faneis), OpenVPN e SSL VPN (25 t\u00faneis)<\/li>\n<li>Suporte a IPv6<\/li>\n<\/ul>\n","protected":false},"featured_media":1596,"template":"","meta":[],"product_brand":[],"product_cat":[935],"product_tag":[1262],"class_list":{"0":"post-483","1":"product","2":"type-product","3":"status-publish","4":"has-post-thumbnail","6":"product_cat-routers-broadband","7":"product_tag-serie-vigor-2927","8":"pa_lan-lan-5-portas","9":"pa_marca-draytek","10":"pa_marca-pa_marca","12":"first","13":"instock","14":"taxable","15":"shipping-taxable","16":"purchasable","17":"product-type-simple"},"yoast_head":"<!-- This site is optimized with the Yoast SEO plugin v27.4 - https:\/\/yoast.com\/product\/yoast-seo-wordpress\/ -->\n<title>ROUTER DRAYTEK VIGOR 2927AX - Loja Compulab<\/title>\n<meta name=\"description\" content=\"O ROUTER DRAYTEK VIGOR 2927AX \u00e9 um router dual-Ethernet WAN firewall, que fornece balanceamento de carga e failover para a continuidade de seus neg\u00f3cios.\" \/>\n<meta name=\"robots\" content=\"index, follow, max-snippet:-1, max-image-preview:large, max-video-preview:-1\" \/>\n<link rel=\"canonical\" href=\"https:\/\/shop.compulab.pt\/pt-pt\/produto\/router-draytek-vigor-2927ax\/\" \/>\n<meta property=\"og:locale\" content=\"pt_PT\" \/>\n<meta property=\"og:type\" content=\"article\" \/>\n<meta property=\"og:title\" content=\"ROUTER DRAYTEK VIGOR 2927AX - Loja Compulab\" \/>\n<meta property=\"og:description\" content=\"O ROUTER DRAYTEK VIGOR 2927AX \u00e9 um router dual-Ethernet WAN firewall, que fornece balanceamento de carga e failover para a continuidade de seus neg\u00f3cios.\" \/>\n<meta property=\"og:url\" content=\"https:\/\/shop.compulab.pt\/pt-pt\/produto\/router-draytek-vigor-2927ax\/\" \/>\n<meta property=\"og:site_name\" content=\"Loja Compulab\" \/>\n<meta property=\"article:publisher\" content=\"https:\/\/www.facebook.com\/Compulab.pt\/\" \/>\n<meta property=\"article:modified_time\" content=\"2026-04-29T02:00:40+00:00\" \/>\n<meta property=\"og:image\" content=\"https:\/\/shop.compulab.pt\/wp-content\/uploads\/2023\/02\/10705700188.webp\" \/>\n\t<meta property=\"og:image:width\" content=\"1400\" \/>\n\t<meta property=\"og:image:height\" content=\"1400\" \/>\n\t<meta property=\"og:image:type\" content=\"image\/webp\" \/>\n<meta name=\"twitter:card\" content=\"summary_large_image\" \/>\n<meta name=\"twitter:label1\" content=\"Tempo estimado de leitura\" \/>\n\t<meta name=\"twitter:data1\" content=\"1 minuto\" \/>\n<script type=\"application\/ld+json\" class=\"yoast-schema-graph\">{\"@context\":\"https:\\\/\\\/schema.org\",\"@graph\":[{\"@type\":\"WebPage\",\"@id\":\"https:\\\/\\\/shop.compulab.pt\\\/pt-pt\\\/produto\\\/router-draytek-vigor-2927ax\\\/\",\"url\":\"https:\\\/\\\/shop.compulab.pt\\\/pt-pt\\\/produto\\\/router-draytek-vigor-2927ax\\\/\",\"name\":\"ROUTER DRAYTEK VIGOR 2927AX - Loja Compulab\",\"isPartOf\":{\"@id\":\"https:\\\/\\\/shop.compulab.pt\\\/pt-pt\\\/#website\"},\"primaryImageOfPage\":{\"@id\":\"https:\\\/\\\/shop.compulab.pt\\\/pt-pt\\\/produto\\\/router-draytek-vigor-2927ax\\\/#primaryimage\"},\"image\":{\"@id\":\"https:\\\/\\\/shop.compulab.pt\\\/pt-pt\\\/produto\\\/router-draytek-vigor-2927ax\\\/#primaryimage\"},\"thumbnailUrl\":\"https:\\\/\\\/shop.compulab.pt\\\/wp-content\\\/uploads\\\/2023\\\/02\\\/10705700188.webp\",\"datePublished\":\"2023-02-13T16:24:49+00:00\",\"dateModified\":\"2026-04-29T02:00:40+00:00\",\"description\":\"O ROUTER DRAYTEK VIGOR 2927AX \u00e9 um router dual-Ethernet WAN firewall, que fornece balanceamento de carga e failover para a continuidade de seus neg\u00f3cios.\",\"breadcrumb\":{\"@id\":\"https:\\\/\\\/shop.compulab.pt\\\/pt-pt\\\/produto\\\/router-draytek-vigor-2927ax\\\/#breadcrumb\"},\"inLanguage\":\"pt-PT\",\"potentialAction\":[{\"@type\":\"ReadAction\",\"target\":[\"https:\\\/\\\/shop.compulab.pt\\\/pt-pt\\\/produto\\\/router-draytek-vigor-2927ax\\\/\"]}]},{\"@type\":\"ImageObject\",\"inLanguage\":\"pt-PT\",\"@id\":\"https:\\\/\\\/shop.compulab.pt\\\/pt-pt\\\/produto\\\/router-draytek-vigor-2927ax\\\/#primaryimage\",\"url\":\"https:\\\/\\\/shop.compulab.pt\\\/wp-content\\\/uploads\\\/2023\\\/02\\\/10705700188.webp\",\"contentUrl\":\"https:\\\/\\\/shop.compulab.pt\\\/wp-content\\\/uploads\\\/2023\\\/02\\\/10705700188.webp\",\"width\":1400,\"height\":1400},{\"@type\":\"BreadcrumbList\",\"@id\":\"https:\\\/\\\/shop.compulab.pt\\\/pt-pt\\\/produto\\\/router-draytek-vigor-2927ax\\\/#breadcrumb\",\"itemListElement\":[{\"@type\":\"ListItem\",\"position\":1,\"name\":\"Loja\",\"item\":\"https:\\\/\\\/draytek.compulab.pt\\\/pt-pt\\\/loja\\\/\"},{\"@type\":\"ListItem\",\"position\":2,\"name\":\"ROUTER DRAYTEK VIGOR 2927AX\"}]},{\"@type\":\"WebSite\",\"@id\":\"https:\\\/\\\/shop.compulab.pt\\\/pt-pt\\\/#website\",\"url\":\"https:\\\/\\\/shop.compulab.pt\\\/pt-pt\\\/\",\"name\":\"Loja Compulab\",\"description\":\"Loja online da Compulab\",\"potentialAction\":[{\"@type\":\"SearchAction\",\"target\":{\"@type\":\"EntryPoint\",\"urlTemplate\":\"https:\\\/\\\/shop.compulab.pt\\\/pt-pt\\\/?s={search_term_string}\"},\"query-input\":{\"@type\":\"PropertyValueSpecification\",\"valueRequired\":true,\"valueName\":\"search_term_string\"}}],\"inLanguage\":\"pt-PT\"}]}<\/script>\n<!-- \/ Yoast SEO plugin. -->","yoast_head_json":{"title":"ROUTER DRAYTEK VIGOR 2927AX - Loja Compulab","description":"O ROUTER DRAYTEK VIGOR 2927AX \u00e9 um router dual-Ethernet WAN firewall, que fornece balanceamento de carga e failover para a continuidade de seus neg\u00f3cios.","robots":{"index":"index","follow":"follow","max-snippet":"max-snippet:-1","max-image-preview":"max-image-preview:large","max-video-preview":"max-video-preview:-1"},"canonical":"https:\/\/shop.compulab.pt\/pt-pt\/produto\/router-draytek-vigor-2927ax\/","og_locale":"pt_PT","og_type":"article","og_title":"ROUTER DRAYTEK VIGOR 2927AX - Loja Compulab","og_description":"O ROUTER DRAYTEK VIGOR 2927AX \u00e9 um router dual-Ethernet WAN firewall, que fornece balanceamento de carga e failover para a continuidade de seus neg\u00f3cios.","og_url":"https:\/\/shop.compulab.pt\/pt-pt\/produto\/router-draytek-vigor-2927ax\/","og_site_name":"Loja Compulab","article_publisher":"https:\/\/www.facebook.com\/Compulab.pt\/","article_modified_time":"2026-04-29T02:00:40+00:00","og_image":[{"width":1400,"height":1400,"url":"https:\/\/shop.compulab.pt\/wp-content\/uploads\/2023\/02\/10705700188.webp","type":"image\/webp"}],"twitter_card":"summary_large_image","twitter_misc":{"Tempo estimado de leitura":"1 minuto"},"schema":{"@context":"https:\/\/schema.org","@graph":[{"@type":"WebPage","@id":"https:\/\/shop.compulab.pt\/pt-pt\/produto\/router-draytek-vigor-2927ax\/","url":"https:\/\/shop.compulab.pt\/pt-pt\/produto\/router-draytek-vigor-2927ax\/","name":"ROUTER DRAYTEK VIGOR 2927AX - Loja Compulab","isPartOf":{"@id":"https:\/\/shop.compulab.pt\/pt-pt\/#website"},"primaryImageOfPage":{"@id":"https:\/\/shop.compulab.pt\/pt-pt\/produto\/router-draytek-vigor-2927ax\/#primaryimage"},"image":{"@id":"https:\/\/shop.compulab.pt\/pt-pt\/produto\/router-draytek-vigor-2927ax\/#primaryimage"},"thumbnailUrl":"https:\/\/shop.compulab.pt\/wp-content\/uploads\/2023\/02\/10705700188.webp","datePublished":"2023-02-13T16:24:49+00:00","dateModified":"2026-04-29T02:00:40+00:00","description":"O ROUTER DRAYTEK VIGOR 2927AX \u00e9 um router dual-Ethernet WAN firewall, que fornece balanceamento de carga e failover para a continuidade de seus neg\u00f3cios.","breadcrumb":{"@id":"https:\/\/shop.compulab.pt\/pt-pt\/produto\/router-draytek-vigor-2927ax\/#breadcrumb"},"inLanguage":"pt-PT","potentialAction":[{"@type":"ReadAction","target":["https:\/\/shop.compulab.pt\/pt-pt\/produto\/router-draytek-vigor-2927ax\/"]}]},{"@type":"ImageObject","inLanguage":"pt-PT","@id":"https:\/\/shop.compulab.pt\/pt-pt\/produto\/router-draytek-vigor-2927ax\/#primaryimage","url":"https:\/\/shop.compulab.pt\/wp-content\/uploads\/2023\/02\/10705700188.webp","contentUrl":"https:\/\/shop.compulab.pt\/wp-content\/uploads\/2023\/02\/10705700188.webp","width":1400,"height":1400},{"@type":"BreadcrumbList","@id":"https:\/\/shop.compulab.pt\/pt-pt\/produto\/router-draytek-vigor-2927ax\/#breadcrumb","itemListElement":[{"@type":"ListItem","position":1,"name":"Loja","item":"https:\/\/draytek.compulab.pt\/pt-pt\/loja\/"},{"@type":"ListItem","position":2,"name":"ROUTER DRAYTEK VIGOR 2927AX"}]},{"@type":"WebSite","@id":"https:\/\/shop.compulab.pt\/pt-pt\/#website","url":"https:\/\/shop.compulab.pt\/pt-pt\/","name":"Loja Compulab","description":"Loja online da Compulab","potentialAction":[{"@type":"SearchAction","target":{"@type":"EntryPoint","urlTemplate":"https:\/\/shop.compulab.pt\/pt-pt\/?s={search_term_string}"},"query-input":{"@type":"PropertyValueSpecification","valueRequired":true,"valueName":"search_term_string"}}],"inLanguage":"pt-PT"}]}},"_links":{"self":[{"href":"https:\/\/shop.compulab.pt\/pt-pt\/wp-json\/wp\/v2\/product\/483","targetHints":{"allow":["GET"]}}],"collection":[{"href":"https:\/\/shop.compulab.pt\/pt-pt\/wp-json\/wp\/v2\/product"}],"about":[{"href":"https:\/\/shop.compulab.pt\/pt-pt\/wp-json\/wp\/v2\/types\/product"}],"version-history":[{"count":3,"href":"https:\/\/shop.compulab.pt\/pt-pt\/wp-json\/wp\/v2\/product\/483\/revisions"}],"predecessor-version":[{"id":17190,"href":"https:\/\/shop.compulab.pt\/pt-pt\/wp-json\/wp\/v2\/product\/483\/revisions\/17190"}],"wp:featuredmedia":[{"embeddable":true,"href":"https:\/\/shop.compulab.pt\/pt-pt\/wp-json\/wp\/v2\/media\/1596"}],"wp:attachment":[{"href":"https:\/\/shop.compulab.pt\/pt-pt\/wp-json\/wp\/v2\/media?parent=483"}],"wp:term":[{"taxonomy":"product_brand","embeddable":true,"href":"https:\/\/shop.compulab.pt\/pt-pt\/wp-json\/wp\/v2\/product_brand?post=483"},{"taxonomy":"product_cat","embeddable":true,"href":"https:\/\/shop.compulab.pt\/pt-pt\/wp-json\/wp\/v2\/product_cat?post=483"},{"taxonomy":"product_tag","embeddable":true,"href":"https:\/\/shop.compulab.pt\/pt-pt\/wp-json\/wp\/v2\/product_tag?post=483"}],"curies":[{"name":"wp","href":"https:\/\/api.w.org\/{rel}","templated":true}]}}