{"id":477,"date":"2023-02-13T16:24:48","date_gmt":"2023-02-13T16:24:48","guid":{"rendered":"https:\/\/draytek.compulab.pt\/produto\/switch-draytek-vigor-p2280x-24p-poe-4p-10gb-sfp-l2-managed\/"},"modified":"2026-05-03T03:02:12","modified_gmt":"2026-05-03T02:02:12","slug":"draytek-vigorswitch-p2280x","status":"publish","type":"product","link":"https:\/\/shop.compulab.pt\/pt-pt\/produto\/draytek-vigorswitch-p2280x\/","title":{"rendered":"DRAYTEK VIGORSWITCH P2280X"},"content":{"rendered":"<p><strong>Melhorando o desempenho da rede com o SWITCH DRAYTEK VIGOR P2280X.<\/strong><\/p>\n<p>O SWITCH DRAYTEK VIGOR P2280X \u00e9 um switch PoE Gigabit gerenciado de camada 2+ ideal para uma rede com tr\u00e1fego de rede crescente. O switch possui 24 portas Gigabit Ethernet PoE\/PoE+ com um or\u00e7amento de energia de 400 watts e 4 SFP+ dedicados adicionais para link de fibra 10G.<\/p>\n<p>As empresas podem obter melhor desempenho de rede por meio dos recursos integrados L2 e L2+, que fornece v\u00e1rios tipos de VLAN para voc\u00ea segmentar a rede local e manter o tr\u00e1fego apenas onde ele precisa ir. Al\u00e9m disso, ele suporta roteamento VLAN para rotear diretamente o tr\u00e1fego entre VLANs, compartilha cargas do roteador e melhora o desempenho geral da rede.<\/p>\n<p>&nbsp;<\/p>\n<table class=\"spec__table\">\n<tbody>\n<tr class=\"ftr__cat\">\n<td colspan=\"2\">\n<h5>Interface<\/h5>\n<\/td>\n<\/tr>\n<tr>\n<td>LAN Port<\/td>\n<td>24x 10\/100\/1000Mbps Ethernet, RJ-45<br \/>\n4x 1000Mbps\/10Gbps SFP+ slot<\/td>\n<\/tr>\n<tr>\n<td>Console Port<\/td>\n<td>1x RJ-45<\/td>\n<\/tr>\n<tr>\n<td>Button<\/td>\n<td>1x Factory Reset Button<\/td>\n<\/tr>\n<tr class=\"ftr__cat\">\n<td colspan=\"2\">\n<h5>PoE<\/h5>\n<\/td>\n<\/tr>\n<tr>\n<td>PoE Capable Ports<\/td>\n<td>24<\/td>\n<\/tr>\n<tr>\n<td>PoE Standards<\/td>\n<td>PoE\/PoE+(802.3af\/802.3at), Type mode A<\/td>\n<\/tr>\n<tr>\n<td>PoE Power Budget<\/td>\n<td>400 watts<\/td>\n<\/tr>\n<tr>\n<td>Power Limit<\/td>\n<td><\/td>\n<\/tr>\n<tr>\n<td>Scheduled On\/Off<\/td>\n<td><\/td>\n<\/tr>\n<tr>\n<td>Power Cycle on Port<\/td>\n<td>Manual, Ping Watchdog<\/td>\n<\/tr>\n<tr class=\"ftr__cat\">\n<td colspan=\"2\">\n<h5>Capacity<\/h5>\n<\/td>\n<\/tr>\n<tr>\n<td>Buffer Size<\/td>\n<td>12 Mbit<\/td>\n<\/tr>\n<tr>\n<td>Switching Capacity<\/td>\n<td>128 Gbps<\/td>\n<\/tr>\n<tr>\n<td>Forwarding Rate<\/td>\n<td>95.2 Mpps (64 bytes)<\/td>\n<\/tr>\n<tr>\n<td>MAC Address Table<\/td>\n<td>16k<\/td>\n<\/tr>\n<tr>\n<td>Jumbo Frame<\/td>\n<td>Up to 12 KB<\/td>\n<\/tr>\n<tr>\n<td>L3 Routing Table<\/td>\n<td>6k static route + 512 prefix route<\/td>\n<\/tr>\n<\/tbody>\n<\/table>\n<p>Para mais informa\u00e7\u00f5es:<\/p>\n<p><a href=\"https:\/\/www.draytek.com\/products\/vigorswitch-p2280x#specs\">https:\/\/www.draytek.com\/products\/vigorswitch-p2280x#specs<\/a><\/p>\n","protected":false},"excerpt":{"rendered":"<p>Melhorando o desempenho da rede com o SWITCH DRAYTEK VIGOR P2280X. O SWITCH DRAYTEK VIGOR P2280X \u00e9 um switch PoE<\/p>\n","protected":false},"featured_media":1591,"template":"","meta":[],"product_brand":[],"product_cat":[939],"product_tag":[],"class_list":{"0":"post-477","1":"product","2":"type-product","3":"status-publish","4":"has-post-thumbnail","6":"product_cat-switches-draytek","7":"pa_lan-lan-24-portas","8":"pa_marca-draytek","9":"pa_marca-pa_marca","11":"first","12":"onbackorder","13":"taxable","14":"shipping-taxable","15":"purchasable","16":"product-type-simple"},"yoast_head":"<!-- This site is optimized with the Yoast SEO plugin v27.4 - https:\/\/yoast.com\/product\/yoast-seo-wordpress\/ -->\n<title>SWITCH DRAYTEK VIGOR P2280X - Loja Compulab<\/title>\n<meta name=\"description\" content=\"O SWITCH DRAYTEK VIGOR P2280X \u00e9 um switch PoE Gigabit gerenciado de camada 2+ ideal para uma rede com tr\u00e1fego de rede crescente.\" \/>\n<meta name=\"robots\" content=\"index, follow, max-snippet:-1, max-image-preview:large, max-video-preview:-1\" \/>\n<link rel=\"canonical\" href=\"https:\/\/shop.compulab.pt\/pt-pt\/produto\/draytek-vigorswitch-p2280x\/\" \/>\n<meta property=\"og:locale\" content=\"pt_PT\" \/>\n<meta property=\"og:type\" content=\"article\" \/>\n<meta property=\"og:title\" content=\"SWITCH DRAYTEK VIGOR P2280X - Loja Compulab\" \/>\n<meta property=\"og:description\" content=\"O SWITCH DRAYTEK VIGOR P2280X \u00e9 um switch PoE Gigabit gerenciado de camada 2+ ideal para uma rede com tr\u00e1fego de rede crescente.\" \/>\n<meta property=\"og:url\" content=\"https:\/\/shop.compulab.pt\/pt-pt\/produto\/draytek-vigorswitch-p2280x\/\" \/>\n<meta property=\"og:site_name\" content=\"Loja Compulab\" \/>\n<meta property=\"article:publisher\" content=\"https:\/\/www.facebook.com\/Compulab.pt\/\" \/>\n<meta property=\"article:modified_time\" content=\"2026-05-03T02:02:12+00:00\" \/>\n<meta property=\"og:image\" content=\"https:\/\/shop.compulab.pt\/wp-content\/uploads\/2023\/02\/10700700832.webp\" \/>\n\t<meta property=\"og:image:width\" content=\"1400\" \/>\n\t<meta property=\"og:image:height\" content=\"1400\" \/>\n\t<meta property=\"og:image:type\" content=\"image\/webp\" \/>\n<meta name=\"twitter:card\" content=\"summary_large_image\" \/>\n<meta name=\"twitter:label1\" content=\"Tempo estimado de leitura\" \/>\n\t<meta name=\"twitter:data1\" content=\"2 minutos\" \/>\n<script type=\"application\/ld+json\" class=\"yoast-schema-graph\">{\"@context\":\"https:\\\/\\\/schema.org\",\"@graph\":[{\"@type\":\"WebPage\",\"@id\":\"https:\\\/\\\/shop.compulab.pt\\\/pt-pt\\\/produto\\\/draytek-vigorswitch-p2280x\\\/\",\"url\":\"https:\\\/\\\/shop.compulab.pt\\\/pt-pt\\\/produto\\\/draytek-vigorswitch-p2280x\\\/\",\"name\":\"SWITCH DRAYTEK VIGOR P2280X - Loja Compulab\",\"isPartOf\":{\"@id\":\"https:\\\/\\\/shop.compulab.pt\\\/pt-pt\\\/#website\"},\"primaryImageOfPage\":{\"@id\":\"https:\\\/\\\/shop.compulab.pt\\\/pt-pt\\\/produto\\\/draytek-vigorswitch-p2280x\\\/#primaryimage\"},\"image\":{\"@id\":\"https:\\\/\\\/shop.compulab.pt\\\/pt-pt\\\/produto\\\/draytek-vigorswitch-p2280x\\\/#primaryimage\"},\"thumbnailUrl\":\"https:\\\/\\\/shop.compulab.pt\\\/wp-content\\\/uploads\\\/2023\\\/02\\\/10700700832.webp\",\"datePublished\":\"2023-02-13T16:24:48+00:00\",\"dateModified\":\"2026-05-03T02:02:12+00:00\",\"description\":\"O SWITCH DRAYTEK VIGOR P2280X \u00e9 um switch PoE Gigabit gerenciado de camada 2+ ideal para uma rede com tr\u00e1fego de rede crescente.\",\"breadcrumb\":{\"@id\":\"https:\\\/\\\/shop.compulab.pt\\\/pt-pt\\\/produto\\\/draytek-vigorswitch-p2280x\\\/#breadcrumb\"},\"inLanguage\":\"pt-PT\",\"potentialAction\":[{\"@type\":\"ReadAction\",\"target\":[\"https:\\\/\\\/shop.compulab.pt\\\/pt-pt\\\/produto\\\/draytek-vigorswitch-p2280x\\\/\"]}]},{\"@type\":\"ImageObject\",\"inLanguage\":\"pt-PT\",\"@id\":\"https:\\\/\\\/shop.compulab.pt\\\/pt-pt\\\/produto\\\/draytek-vigorswitch-p2280x\\\/#primaryimage\",\"url\":\"https:\\\/\\\/shop.compulab.pt\\\/wp-content\\\/uploads\\\/2023\\\/02\\\/10700700832.webp\",\"contentUrl\":\"https:\\\/\\\/shop.compulab.pt\\\/wp-content\\\/uploads\\\/2023\\\/02\\\/10700700832.webp\",\"width\":1400,\"height\":1400},{\"@type\":\"BreadcrumbList\",\"@id\":\"https:\\\/\\\/shop.compulab.pt\\\/pt-pt\\\/produto\\\/draytek-vigorswitch-p2280x\\\/#breadcrumb\",\"itemListElement\":[{\"@type\":\"ListItem\",\"position\":1,\"name\":\"Loja\",\"item\":\"https:\\\/\\\/draytek.compulab.pt\\\/pt-pt\\\/loja\\\/\"},{\"@type\":\"ListItem\",\"position\":2,\"name\":\"DRAYTEK VIGORSWITCH P2280X\"}]},{\"@type\":\"WebSite\",\"@id\":\"https:\\\/\\\/shop.compulab.pt\\\/pt-pt\\\/#website\",\"url\":\"https:\\\/\\\/shop.compulab.pt\\\/pt-pt\\\/\",\"name\":\"Loja Compulab\",\"description\":\"Loja online da Compulab\",\"potentialAction\":[{\"@type\":\"SearchAction\",\"target\":{\"@type\":\"EntryPoint\",\"urlTemplate\":\"https:\\\/\\\/shop.compulab.pt\\\/pt-pt\\\/?s={search_term_string}\"},\"query-input\":{\"@type\":\"PropertyValueSpecification\",\"valueRequired\":true,\"valueName\":\"search_term_string\"}}],\"inLanguage\":\"pt-PT\"}]}<\/script>\n<!-- \/ Yoast SEO plugin. -->","yoast_head_json":{"title":"SWITCH DRAYTEK VIGOR P2280X - Loja Compulab","description":"O SWITCH DRAYTEK VIGOR P2280X \u00e9 um switch PoE Gigabit gerenciado de camada 2+ ideal para uma rede com tr\u00e1fego de rede crescente.","robots":{"index":"index","follow":"follow","max-snippet":"max-snippet:-1","max-image-preview":"max-image-preview:large","max-video-preview":"max-video-preview:-1"},"canonical":"https:\/\/shop.compulab.pt\/pt-pt\/produto\/draytek-vigorswitch-p2280x\/","og_locale":"pt_PT","og_type":"article","og_title":"SWITCH DRAYTEK VIGOR P2280X - Loja Compulab","og_description":"O SWITCH DRAYTEK VIGOR P2280X \u00e9 um switch PoE Gigabit gerenciado de camada 2+ ideal para uma rede com tr\u00e1fego de rede crescente.","og_url":"https:\/\/shop.compulab.pt\/pt-pt\/produto\/draytek-vigorswitch-p2280x\/","og_site_name":"Loja Compulab","article_publisher":"https:\/\/www.facebook.com\/Compulab.pt\/","article_modified_time":"2026-05-03T02:02:12+00:00","og_image":[{"width":1400,"height":1400,"url":"https:\/\/shop.compulab.pt\/wp-content\/uploads\/2023\/02\/10700700832.webp","type":"image\/webp"}],"twitter_card":"summary_large_image","twitter_misc":{"Tempo estimado de leitura":"2 minutos"},"schema":{"@context":"https:\/\/schema.org","@graph":[{"@type":"WebPage","@id":"https:\/\/shop.compulab.pt\/pt-pt\/produto\/draytek-vigorswitch-p2280x\/","url":"https:\/\/shop.compulab.pt\/pt-pt\/produto\/draytek-vigorswitch-p2280x\/","name":"SWITCH DRAYTEK VIGOR P2280X - Loja Compulab","isPartOf":{"@id":"https:\/\/shop.compulab.pt\/pt-pt\/#website"},"primaryImageOfPage":{"@id":"https:\/\/shop.compulab.pt\/pt-pt\/produto\/draytek-vigorswitch-p2280x\/#primaryimage"},"image":{"@id":"https:\/\/shop.compulab.pt\/pt-pt\/produto\/draytek-vigorswitch-p2280x\/#primaryimage"},"thumbnailUrl":"https:\/\/shop.compulab.pt\/wp-content\/uploads\/2023\/02\/10700700832.webp","datePublished":"2023-02-13T16:24:48+00:00","dateModified":"2026-05-03T02:02:12+00:00","description":"O SWITCH DRAYTEK VIGOR P2280X \u00e9 um switch PoE Gigabit gerenciado de camada 2+ ideal para uma rede com tr\u00e1fego de rede crescente.","breadcrumb":{"@id":"https:\/\/shop.compulab.pt\/pt-pt\/produto\/draytek-vigorswitch-p2280x\/#breadcrumb"},"inLanguage":"pt-PT","potentialAction":[{"@type":"ReadAction","target":["https:\/\/shop.compulab.pt\/pt-pt\/produto\/draytek-vigorswitch-p2280x\/"]}]},{"@type":"ImageObject","inLanguage":"pt-PT","@id":"https:\/\/shop.compulab.pt\/pt-pt\/produto\/draytek-vigorswitch-p2280x\/#primaryimage","url":"https:\/\/shop.compulab.pt\/wp-content\/uploads\/2023\/02\/10700700832.webp","contentUrl":"https:\/\/shop.compulab.pt\/wp-content\/uploads\/2023\/02\/10700700832.webp","width":1400,"height":1400},{"@type":"BreadcrumbList","@id":"https:\/\/shop.compulab.pt\/pt-pt\/produto\/draytek-vigorswitch-p2280x\/#breadcrumb","itemListElement":[{"@type":"ListItem","position":1,"name":"Loja","item":"https:\/\/draytek.compulab.pt\/pt-pt\/loja\/"},{"@type":"ListItem","position":2,"name":"DRAYTEK VIGORSWITCH P2280X"}]},{"@type":"WebSite","@id":"https:\/\/shop.compulab.pt\/pt-pt\/#website","url":"https:\/\/shop.compulab.pt\/pt-pt\/","name":"Loja Compulab","description":"Loja online da Compulab","potentialAction":[{"@type":"SearchAction","target":{"@type":"EntryPoint","urlTemplate":"https:\/\/shop.compulab.pt\/pt-pt\/?s={search_term_string}"},"query-input":{"@type":"PropertyValueSpecification","valueRequired":true,"valueName":"search_term_string"}}],"inLanguage":"pt-PT"}]}},"_links":{"self":[{"href":"https:\/\/shop.compulab.pt\/pt-pt\/wp-json\/wp\/v2\/product\/477","targetHints":{"allow":["GET"]}}],"collection":[{"href":"https:\/\/shop.compulab.pt\/pt-pt\/wp-json\/wp\/v2\/product"}],"about":[{"href":"https:\/\/shop.compulab.pt\/pt-pt\/wp-json\/wp\/v2\/types\/product"}],"version-history":[{"count":0,"href":"https:\/\/shop.compulab.pt\/pt-pt\/wp-json\/wp\/v2\/product\/477\/revisions"}],"wp:featuredmedia":[{"embeddable":true,"href":"https:\/\/shop.compulab.pt\/pt-pt\/wp-json\/wp\/v2\/media\/1591"}],"wp:attachment":[{"href":"https:\/\/shop.compulab.pt\/pt-pt\/wp-json\/wp\/v2\/media?parent=477"}],"wp:term":[{"taxonomy":"product_brand","embeddable":true,"href":"https:\/\/shop.compulab.pt\/pt-pt\/wp-json\/wp\/v2\/product_brand?post=477"},{"taxonomy":"product_cat","embeddable":true,"href":"https:\/\/shop.compulab.pt\/pt-pt\/wp-json\/wp\/v2\/product_cat?post=477"},{"taxonomy":"product_tag","embeddable":true,"href":"https:\/\/shop.compulab.pt\/pt-pt\/wp-json\/wp\/v2\/product_tag?post=477"}],"curies":[{"name":"wp","href":"https:\/\/api.w.org\/{rel}","templated":true}]}}