{"id":472,"date":"2023-02-13T16:24:48","date_gmt":"2023-02-13T16:24:48","guid":{"rendered":"https:\/\/draytek.compulab.pt\/produto\/switch-draytek-vigor-p1282-28-p-web-smart-gigabit-poe\/"},"modified":"2026-05-06T03:00:57","modified_gmt":"2026-05-06T02:00:57","slug":"draytek-vigorswitch-p1282","status":"publish","type":"product","link":"https:\/\/shop.compulab.pt\/pt-pt\/produto\/draytek-vigorswitch-p1282\/","title":{"rendered":"DRAYTEK VIGORSWITCH P1282"},"content":{"rendered":"<p>O SWITCH DRAYTEK VIGOR P1282 <span>\u00e9 um switch Web Smart Gigabit PoE.\u00a0Possui 24 portas GbE PoE\/PoE+ com 400 watts de or\u00e7amento de energia e 4 portas combinadas GbE\/SFP.<\/span><\/p>\n<p><span>Equipado com recursos de n\u00edvel empresarial, incluindo detec\u00e7\u00e3o e preven\u00e7\u00e3o de conflitos de IP, vigil\u00e2ncia ONVIF e watchdog de ping, o SWITCH DRAYTEK VIGOR P1282 \u00e9 um switch gerenciado que traz seguran\u00e7a e estabilidade de rede para ambientes de m\u00e9dio porte.<\/span><\/p>\n<p>&nbsp;<\/p>\n<table class=\"spec__table\">\n<tbody>\n<tr class=\"ftr__cat\">\n<td colspan=\"2\">\n<h5>Interface<\/h5>\n<\/td>\n<\/tr>\n<tr>\n<td>LAN Port<\/td>\n<td>24x 10\/100\/1000 Mbps Gigabit Ethernet, RJ-45<br \/>\n4x Gigabit Ethernet\/SFP Combo<\/td>\n<\/tr>\n<tr>\n<td>Button<\/td>\n<td>1x Factory Reset Button<\/td>\n<\/tr>\n<tr class=\"ftr__cat\">\n<td colspan=\"2\">\n<h5>PoE<\/h5>\n<\/td>\n<\/tr>\n<tr>\n<td>PoE Capable Ports<\/td>\n<td>24<\/td>\n<\/tr>\n<tr>\n<td>PoE Standards<\/td>\n<td>PoE\/PoE+(802.3af\/802.3at), Type mode A<\/td>\n<\/tr>\n<tr>\n<td>PoE Power Budget<\/td>\n<td>400 watts<\/td>\n<\/tr>\n<tr>\n<td>Power Limit<\/td>\n<td><\/td>\n<\/tr>\n<tr>\n<td>Scheduled On\/Off<\/td>\n<td><\/td>\n<\/tr>\n<tr>\n<td>Power Cycle on Port<\/td>\n<td>Manual, Ping Watchdog<\/td>\n<\/tr>\n<tr class=\"ftr__cat\">\n<td colspan=\"2\">\n<h5>Capacity<\/h5>\n<\/td>\n<\/tr>\n<tr>\n<td>Buffer Size<\/td>\n<td>4.2 Mbit<\/td>\n<\/tr>\n<tr>\n<td>Switching Capacity<\/td>\n<td>56 Gbps<\/td>\n<\/tr>\n<tr>\n<td>Forwarding Rate<\/td>\n<td>41.7 Mpps (64 bytes)<\/td>\n<\/tr>\n<tr>\n<td>MAC Address Table<\/td>\n<td>8K<\/td>\n<\/tr>\n<tr>\n<td>Jumbo Frame<\/td>\n<td>Up to 9KB<\/td>\n<\/tr>\n<\/tbody>\n<\/table>\n<p>Para mais informa\u00e7\u00f5es:<\/p>\n<p><a href=\"https:\/\/www.draytek.com\/products\/vigorswitch-p1282#specs\">https:\/\/www.draytek.com\/products\/vigorswitch-p1282#specs<\/a><\/p>\n","protected":false},"excerpt":{"rendered":"<p>O SWITCH DRAYTEK VIGOR P1282 \u00e9 um switch Web Smart Gigabit PoE.\u00a0Possui 24 portas GbE PoE\/PoE+ com 400 watts de<\/p>\n","protected":false},"featured_media":1586,"template":"","meta":[],"product_brand":[],"product_cat":[939],"product_tag":[],"class_list":{"0":"post-472","1":"product","2":"type-product","3":"status-publish","4":"has-post-thumbnail","6":"product_cat-switches-draytek","7":"pa_lan-lan-24-portas","8":"pa_lan-lan-fibra","9":"pa_marca-draytek","10":"pa_marca-pa_marca","12":"first","13":"onbackorder","14":"taxable","15":"shipping-taxable","16":"purchasable","17":"product-type-simple"},"yoast_head":"<!-- This site is optimized with the Yoast SEO plugin v27.4 - https:\/\/yoast.com\/product\/yoast-seo-wordpress\/ -->\n<title>SWITCH DRAYTEK VIGOR P1282 - Loja Compulab<\/title>\n<meta name=\"description\" content=\"O SWITCH DRAYTEK VIGOR P1282 \u00e9 um switch Web Smart Gigabit PoE com 24 portas GbE PoE\/PoE+ com 400 watts de budget de energia e 4 portas combinadas GbE\/SFP.\" \/>\n<meta name=\"robots\" content=\"index, follow, max-snippet:-1, max-image-preview:large, max-video-preview:-1\" \/>\n<link rel=\"canonical\" href=\"https:\/\/shop.compulab.pt\/pt-pt\/produto\/draytek-vigorswitch-p1282\/\" \/>\n<meta property=\"og:locale\" content=\"pt_PT\" \/>\n<meta property=\"og:type\" content=\"article\" \/>\n<meta property=\"og:title\" content=\"SWITCH DRAYTEK VIGOR P1282 - Loja Compulab\" \/>\n<meta property=\"og:description\" content=\"O SWITCH DRAYTEK VIGOR P1282 \u00e9 um switch Web Smart Gigabit PoE com 24 portas GbE PoE\/PoE+ com 400 watts de budget de energia e 4 portas combinadas GbE\/SFP.\" \/>\n<meta property=\"og:url\" content=\"https:\/\/shop.compulab.pt\/pt-pt\/produto\/draytek-vigorswitch-p1282\/\" \/>\n<meta property=\"og:site_name\" content=\"Loja Compulab\" \/>\n<meta property=\"article:publisher\" content=\"https:\/\/www.facebook.com\/Compulab.pt\/\" \/>\n<meta property=\"article:modified_time\" content=\"2026-05-06T02:00:57+00:00\" \/>\n<meta property=\"og:image\" content=\"https:\/\/shop.compulab.pt\/wp-content\/uploads\/2023\/02\/10700700793.webp\" \/>\n\t<meta property=\"og:image:width\" content=\"1400\" \/>\n\t<meta property=\"og:image:height\" content=\"1400\" \/>\n\t<meta property=\"og:image:type\" content=\"image\/webp\" \/>\n<meta name=\"twitter:card\" content=\"summary_large_image\" \/>\n<meta name=\"twitter:label1\" content=\"Tempo estimado de leitura\" \/>\n\t<meta name=\"twitter:data1\" content=\"1 minuto\" \/>\n<script type=\"application\/ld+json\" class=\"yoast-schema-graph\">{\"@context\":\"https:\\\/\\\/schema.org\",\"@graph\":[{\"@type\":\"WebPage\",\"@id\":\"https:\\\/\\\/shop.compulab.pt\\\/pt-pt\\\/produto\\\/draytek-vigorswitch-p1282\\\/\",\"url\":\"https:\\\/\\\/shop.compulab.pt\\\/pt-pt\\\/produto\\\/draytek-vigorswitch-p1282\\\/\",\"name\":\"SWITCH DRAYTEK VIGOR P1282 - Loja Compulab\",\"isPartOf\":{\"@id\":\"https:\\\/\\\/shop.compulab.pt\\\/pt-pt\\\/#website\"},\"primaryImageOfPage\":{\"@id\":\"https:\\\/\\\/shop.compulab.pt\\\/pt-pt\\\/produto\\\/draytek-vigorswitch-p1282\\\/#primaryimage\"},\"image\":{\"@id\":\"https:\\\/\\\/shop.compulab.pt\\\/pt-pt\\\/produto\\\/draytek-vigorswitch-p1282\\\/#primaryimage\"},\"thumbnailUrl\":\"https:\\\/\\\/shop.compulab.pt\\\/wp-content\\\/uploads\\\/2023\\\/02\\\/10700700793.webp\",\"datePublished\":\"2023-02-13T16:24:48+00:00\",\"dateModified\":\"2026-05-06T02:00:57+00:00\",\"description\":\"O SWITCH DRAYTEK VIGOR P1282 \u00e9 um switch Web Smart Gigabit PoE com 24 portas GbE PoE\\\/PoE+ com 400 watts de budget de energia e 4 portas combinadas GbE\\\/SFP.\",\"breadcrumb\":{\"@id\":\"https:\\\/\\\/shop.compulab.pt\\\/pt-pt\\\/produto\\\/draytek-vigorswitch-p1282\\\/#breadcrumb\"},\"inLanguage\":\"pt-PT\",\"potentialAction\":[{\"@type\":\"ReadAction\",\"target\":[\"https:\\\/\\\/shop.compulab.pt\\\/pt-pt\\\/produto\\\/draytek-vigorswitch-p1282\\\/\"]}]},{\"@type\":\"ImageObject\",\"inLanguage\":\"pt-PT\",\"@id\":\"https:\\\/\\\/shop.compulab.pt\\\/pt-pt\\\/produto\\\/draytek-vigorswitch-p1282\\\/#primaryimage\",\"url\":\"https:\\\/\\\/shop.compulab.pt\\\/wp-content\\\/uploads\\\/2023\\\/02\\\/10700700793.webp\",\"contentUrl\":\"https:\\\/\\\/shop.compulab.pt\\\/wp-content\\\/uploads\\\/2023\\\/02\\\/10700700793.webp\",\"width\":1400,\"height\":1400},{\"@type\":\"BreadcrumbList\",\"@id\":\"https:\\\/\\\/shop.compulab.pt\\\/pt-pt\\\/produto\\\/draytek-vigorswitch-p1282\\\/#breadcrumb\",\"itemListElement\":[{\"@type\":\"ListItem\",\"position\":1,\"name\":\"Loja\",\"item\":\"https:\\\/\\\/draytek.compulab.pt\\\/pt-pt\\\/loja\\\/\"},{\"@type\":\"ListItem\",\"position\":2,\"name\":\"DRAYTEK VIGORSWITCH P1282\"}]},{\"@type\":\"WebSite\",\"@id\":\"https:\\\/\\\/shop.compulab.pt\\\/pt-pt\\\/#website\",\"url\":\"https:\\\/\\\/shop.compulab.pt\\\/pt-pt\\\/\",\"name\":\"Loja Compulab\",\"description\":\"Loja online da Compulab\",\"potentialAction\":[{\"@type\":\"SearchAction\",\"target\":{\"@type\":\"EntryPoint\",\"urlTemplate\":\"https:\\\/\\\/shop.compulab.pt\\\/pt-pt\\\/?s={search_term_string}\"},\"query-input\":{\"@type\":\"PropertyValueSpecification\",\"valueRequired\":true,\"valueName\":\"search_term_string\"}}],\"inLanguage\":\"pt-PT\"}]}<\/script>\n<!-- \/ Yoast SEO plugin. -->","yoast_head_json":{"title":"SWITCH DRAYTEK VIGOR P1282 - Loja Compulab","description":"O SWITCH DRAYTEK VIGOR P1282 \u00e9 um switch Web Smart Gigabit PoE com 24 portas GbE PoE\/PoE+ com 400 watts de budget de energia e 4 portas combinadas GbE\/SFP.","robots":{"index":"index","follow":"follow","max-snippet":"max-snippet:-1","max-image-preview":"max-image-preview:large","max-video-preview":"max-video-preview:-1"},"canonical":"https:\/\/shop.compulab.pt\/pt-pt\/produto\/draytek-vigorswitch-p1282\/","og_locale":"pt_PT","og_type":"article","og_title":"SWITCH DRAYTEK VIGOR P1282 - Loja Compulab","og_description":"O SWITCH DRAYTEK VIGOR P1282 \u00e9 um switch Web Smart Gigabit PoE com 24 portas GbE PoE\/PoE+ com 400 watts de budget de energia e 4 portas combinadas GbE\/SFP.","og_url":"https:\/\/shop.compulab.pt\/pt-pt\/produto\/draytek-vigorswitch-p1282\/","og_site_name":"Loja Compulab","article_publisher":"https:\/\/www.facebook.com\/Compulab.pt\/","article_modified_time":"2026-05-06T02:00:57+00:00","og_image":[{"width":1400,"height":1400,"url":"https:\/\/shop.compulab.pt\/wp-content\/uploads\/2023\/02\/10700700793.webp","type":"image\/webp"}],"twitter_card":"summary_large_image","twitter_misc":{"Tempo estimado de leitura":"1 minuto"},"schema":{"@context":"https:\/\/schema.org","@graph":[{"@type":"WebPage","@id":"https:\/\/shop.compulab.pt\/pt-pt\/produto\/draytek-vigorswitch-p1282\/","url":"https:\/\/shop.compulab.pt\/pt-pt\/produto\/draytek-vigorswitch-p1282\/","name":"SWITCH DRAYTEK VIGOR P1282 - Loja Compulab","isPartOf":{"@id":"https:\/\/shop.compulab.pt\/pt-pt\/#website"},"primaryImageOfPage":{"@id":"https:\/\/shop.compulab.pt\/pt-pt\/produto\/draytek-vigorswitch-p1282\/#primaryimage"},"image":{"@id":"https:\/\/shop.compulab.pt\/pt-pt\/produto\/draytek-vigorswitch-p1282\/#primaryimage"},"thumbnailUrl":"https:\/\/shop.compulab.pt\/wp-content\/uploads\/2023\/02\/10700700793.webp","datePublished":"2023-02-13T16:24:48+00:00","dateModified":"2026-05-06T02:00:57+00:00","description":"O SWITCH DRAYTEK VIGOR P1282 \u00e9 um switch Web Smart Gigabit PoE com 24 portas GbE PoE\/PoE+ com 400 watts de budget de energia e 4 portas combinadas GbE\/SFP.","breadcrumb":{"@id":"https:\/\/shop.compulab.pt\/pt-pt\/produto\/draytek-vigorswitch-p1282\/#breadcrumb"},"inLanguage":"pt-PT","potentialAction":[{"@type":"ReadAction","target":["https:\/\/shop.compulab.pt\/pt-pt\/produto\/draytek-vigorswitch-p1282\/"]}]},{"@type":"ImageObject","inLanguage":"pt-PT","@id":"https:\/\/shop.compulab.pt\/pt-pt\/produto\/draytek-vigorswitch-p1282\/#primaryimage","url":"https:\/\/shop.compulab.pt\/wp-content\/uploads\/2023\/02\/10700700793.webp","contentUrl":"https:\/\/shop.compulab.pt\/wp-content\/uploads\/2023\/02\/10700700793.webp","width":1400,"height":1400},{"@type":"BreadcrumbList","@id":"https:\/\/shop.compulab.pt\/pt-pt\/produto\/draytek-vigorswitch-p1282\/#breadcrumb","itemListElement":[{"@type":"ListItem","position":1,"name":"Loja","item":"https:\/\/draytek.compulab.pt\/pt-pt\/loja\/"},{"@type":"ListItem","position":2,"name":"DRAYTEK VIGORSWITCH P1282"}]},{"@type":"WebSite","@id":"https:\/\/shop.compulab.pt\/pt-pt\/#website","url":"https:\/\/shop.compulab.pt\/pt-pt\/","name":"Loja Compulab","description":"Loja online da Compulab","potentialAction":[{"@type":"SearchAction","target":{"@type":"EntryPoint","urlTemplate":"https:\/\/shop.compulab.pt\/pt-pt\/?s={search_term_string}"},"query-input":{"@type":"PropertyValueSpecification","valueRequired":true,"valueName":"search_term_string"}}],"inLanguage":"pt-PT"}]}},"_links":{"self":[{"href":"https:\/\/shop.compulab.pt\/pt-pt\/wp-json\/wp\/v2\/product\/472","targetHints":{"allow":["GET"]}}],"collection":[{"href":"https:\/\/shop.compulab.pt\/pt-pt\/wp-json\/wp\/v2\/product"}],"about":[{"href":"https:\/\/shop.compulab.pt\/pt-pt\/wp-json\/wp\/v2\/types\/product"}],"version-history":[{"count":0,"href":"https:\/\/shop.compulab.pt\/pt-pt\/wp-json\/wp\/v2\/product\/472\/revisions"}],"wp:featuredmedia":[{"embeddable":true,"href":"https:\/\/shop.compulab.pt\/pt-pt\/wp-json\/wp\/v2\/media\/1586"}],"wp:attachment":[{"href":"https:\/\/shop.compulab.pt\/pt-pt\/wp-json\/wp\/v2\/media?parent=472"}],"wp:term":[{"taxonomy":"product_brand","embeddable":true,"href":"https:\/\/shop.compulab.pt\/pt-pt\/wp-json\/wp\/v2\/product_brand?post=472"},{"taxonomy":"product_cat","embeddable":true,"href":"https:\/\/shop.compulab.pt\/pt-pt\/wp-json\/wp\/v2\/product_cat?post=472"},{"taxonomy":"product_tag","embeddable":true,"href":"https:\/\/shop.compulab.pt\/pt-pt\/wp-json\/wp\/v2\/product_tag?post=472"}],"curies":[{"name":"wp","href":"https:\/\/api.w.org\/{rel}","templated":true}]}}