{"id":463,"date":"2023-02-13T16:24:48","date_gmt":"2023-02-13T16:24:48","guid":{"rendered":"https:\/\/draytek.compulab.pt\/produto\/draytek-support-pack-3\/"},"modified":"2026-04-30T03:00:15","modified_gmt":"2026-04-30T02:00:15","slug":"draytek-support-pack-3","status":"publish","type":"product","link":"https:\/\/shop.compulab.pt\/pt-pt\/produto\/draytek-support-pack-3\/","title":{"rendered":"DRAYTEK SUPPORT PACK 3"},"content":{"rendered":"<p>Os m\u00f3dulos do &#8220;Pack de Suporte Draytek&#8221; consistem num servi\u00e7o completo que abrange a prepara\u00e7\u00e3o espec\u00edfica do equipamento para uso na sua rede, bem como um per\u00edodo de suporte t\u00e9cnico por telefone ou teleconfer\u00eancia, para que tenha o apoio necess\u00e1rio para uma melhor utiliza\u00e7\u00e3o do equipamento.<\/p>\n<p>Pode assim beneficiar de um servi\u00e7o de configura\u00e7\u00e3o antes de receber o equipamento. Isto significa que o seu equipamento ser\u00e1 entregue pronto a usar com as configura\u00e7\u00f5es espec\u00edficas da sua rede, bastando lig\u00e1-lo para estar pronto a utilizar.<\/p>\n<p>A tabela abaixo mostra quais as configura\u00e7\u00f5es cobertas em cada pack.<\/p>\n<table border=\"0\" cellspacing=\"5\" cellpadding=\"5\">\n<tbody>\n<tr>\n<td><\/td>\n<td class=\"TableCellNormal CenterText\"><strong>Pack 1<\/strong><\/td>\n<td class=\"TableCellNormal CenterText\"><strong>Pack 2<\/strong><\/td>\n<td class=\"TableCellDestaque CenterText\"><strong>Pack 3<\/strong><\/td>\n<\/tr>\n<tr>\n<td class=\"TableCellNormal\">Liga\u00e7\u00f5es operador<\/td>\n<td class=\"TableCellNormal CenterText\">\u221a<\/td>\n<td class=\"TableCellNormal CenterText\">\u221a<\/td>\n<td class=\"TableCellDestaque CenterText\">\u221a<\/td>\n<\/tr>\n<tr>\n<td class=\"TableCellNormal\">Upgrade firmware<\/td>\n<td class=\"TableCellNormal CenterText\">\u221a<\/td>\n<td class=\"TableCellNormal CenterText\">\u221a<\/td>\n<td class=\"TableCellDestaque CenterText\">\u221a<\/td>\n<\/tr>\n<tr>\n<td class=\"TableCellNormal\">Firewall + DoS<\/td>\n<td class=\"TableCellNormal CenterText\">\u221a<\/td>\n<td class=\"TableCellNormal CenterText\">\u221a<\/td>\n<td class=\"TableCellDestaque CenterText\">\u221a<\/td>\n<\/tr>\n<tr>\n<td class=\"TableCellNormal\">NAT<\/td>\n<td class=\"TableCellNormal CenterText\">\u221a<\/td>\n<td class=\"TableCellNormal CenterText\">\u221a<\/td>\n<td class=\"TableCellDestaque CenterText\">\u221a<\/td>\n<\/tr>\n<tr>\n<td class=\"TableCellNormal\">DHCP<\/td>\n<td class=\"TableCellNormal CenterText\">\u221a<\/td>\n<td class=\"TableCellNormal CenterText\">\u221a<\/td>\n<td class=\"TableCellDestaque CenterText\">\u221a<\/td>\n<\/tr>\n<tr>\n<td class=\"TableCellNormal\">QoS<\/td>\n<td class=\"TableCellNormal CenterText\"><\/td>\n<td class=\"TableCellNormal CenterText\">\u221a<\/td>\n<td class=\"TableCellDestaque CenterText\">\u221a<\/td>\n<\/tr>\n<tr>\n<td class=\"TableCellNormal\">Backup 3G\/4G<\/td>\n<td class=\"TableCellNormal CenterText\"><\/td>\n<td class=\"TableCellNormal CenterText\">\u221a<\/td>\n<td class=\"TableCellDestaque CenterText\">\u221a<\/td>\n<\/tr>\n<tr>\n<td class=\"TableCellNormal\">vLAN<\/td>\n<td class=\"TableCellNormal CenterText\"><\/td>\n<td class=\"TableCellNormal CenterText\"><\/td>\n<td class=\"TableCellDestaque CenterText\">\u221a<\/td>\n<\/tr>\n<tr>\n<td class=\"TableCellNormal\">VPN<\/td>\n<td class=\"TableCellNormal CenterText\"><\/td>\n<td class=\"TableCellNormal CenterText\"><\/td>\n<td class=\"TableCellDestaque CenterText\">\u221a<\/td>\n<\/tr>\n<tr>\n<td class=\"TableCellNormal\">VOIP<\/td>\n<td class=\"TableCellNormal CenterText\"><\/td>\n<td class=\"TableCellNormal CenterText\"><\/td>\n<td class=\"TableCellDestaque CenterText\">\u221a<\/td>\n<\/tr>\n<tr>\n<td class=\"TableCellNormal\">Suporte (*)<\/td>\n<td class=\"TableCellNormal CenterText\">30 dias<\/td>\n<td class=\"TableCellNormal CenterText\">60 dias<\/td>\n<td class=\"TableCellDestaque CenterText\">90 dias<\/td>\n<\/tr>\n<\/tbody>\n<\/table>\n<p>(*) Suporte por telefone ou teleconfer\u00eancia.<\/p>\n","protected":false},"excerpt":{"rendered":"<p>Os m\u00f3dulos do &#8220;Pack de Suporte Draytek&#8221; consistem num servi\u00e7o completo que abrange a prepara\u00e7\u00e3o espec\u00edfica do equipamento para uso<\/p>\n","protected":false},"featured_media":1882,"template":"","meta":[],"product_brand":[],"product_cat":[942],"product_tag":[],"class_list":{"0":"post-463","1":"product","2":"type-product","3":"status-publish","4":"has-post-thumbnail","6":"product_cat-suporte","7":"pa_marca-draytek","8":"pa_marca-pa_marca","10":"first","11":"instock","12":"taxable","13":"shipping-taxable","14":"purchasable","15":"product-type-simple"},"yoast_head":"<!-- This site is optimized with the Yoast SEO plugin v27.4 - https:\/\/yoast.com\/product\/yoast-seo-wordpress\/ -->\n<title>DRAYTEK SUPPORT PACK 3 - Loja Compulab<\/title>\n<meta name=\"robots\" content=\"index, follow, max-snippet:-1, max-image-preview:large, max-video-preview:-1\" \/>\n<link rel=\"canonical\" href=\"https:\/\/shop.compulab.pt\/pt-pt\/produto\/draytek-support-pack-3\/\" \/>\n<meta property=\"og:locale\" content=\"pt_PT\" \/>\n<meta property=\"og:type\" content=\"article\" \/>\n<meta property=\"og:title\" content=\"DRAYTEK SUPPORT PACK 3 - Loja Compulab\" \/>\n<meta property=\"og:description\" content=\"Os m\u00f3dulos do &#8220;Pack de Suporte Draytek&#8221; consistem num servi\u00e7o completo que abrange a prepara\u00e7\u00e3o espec\u00edfica do equipamento para uso\" \/>\n<meta property=\"og:url\" content=\"https:\/\/shop.compulab.pt\/pt-pt\/produto\/draytek-support-pack-3\/\" \/>\n<meta property=\"og:site_name\" content=\"Loja Compulab\" \/>\n<meta property=\"article:publisher\" content=\"https:\/\/www.facebook.com\/Compulab.pt\/\" \/>\n<meta property=\"article:modified_time\" content=\"2026-04-30T02:00:15+00:00\" \/>\n<meta property=\"og:image\" content=\"https:\/\/shop.compulab.pt\/wp-content\/uploads\/2023\/03\/10100700903-58.webp\" \/>\n\t<meta property=\"og:image:width\" content=\"407\" \/>\n\t<meta property=\"og:image:height\" content=\"407\" \/>\n\t<meta property=\"og:image:type\" content=\"image\/webp\" \/>\n<meta name=\"twitter:card\" content=\"summary_large_image\" \/>\n<meta name=\"twitter:label1\" content=\"Tempo estimado de leitura\" \/>\n\t<meta name=\"twitter:data1\" content=\"2 minutos\" \/>\n<script type=\"application\/ld+json\" class=\"yoast-schema-graph\">{\"@context\":\"https:\\\/\\\/schema.org\",\"@graph\":[{\"@type\":\"WebPage\",\"@id\":\"https:\\\/\\\/shop.compulab.pt\\\/pt-pt\\\/produto\\\/draytek-support-pack-3\\\/\",\"url\":\"https:\\\/\\\/shop.compulab.pt\\\/pt-pt\\\/produto\\\/draytek-support-pack-3\\\/\",\"name\":\"DRAYTEK SUPPORT PACK 3 - Loja Compulab\",\"isPartOf\":{\"@id\":\"https:\\\/\\\/shop.compulab.pt\\\/pt-pt\\\/#website\"},\"primaryImageOfPage\":{\"@id\":\"https:\\\/\\\/shop.compulab.pt\\\/pt-pt\\\/produto\\\/draytek-support-pack-3\\\/#primaryimage\"},\"image\":{\"@id\":\"https:\\\/\\\/shop.compulab.pt\\\/pt-pt\\\/produto\\\/draytek-support-pack-3\\\/#primaryimage\"},\"thumbnailUrl\":\"https:\\\/\\\/shop.compulab.pt\\\/wp-content\\\/uploads\\\/2023\\\/03\\\/10100700903-58.webp\",\"datePublished\":\"2023-02-13T16:24:48+00:00\",\"dateModified\":\"2026-04-30T02:00:15+00:00\",\"breadcrumb\":{\"@id\":\"https:\\\/\\\/shop.compulab.pt\\\/pt-pt\\\/produto\\\/draytek-support-pack-3\\\/#breadcrumb\"},\"inLanguage\":\"pt-PT\",\"potentialAction\":[{\"@type\":\"ReadAction\",\"target\":[\"https:\\\/\\\/shop.compulab.pt\\\/pt-pt\\\/produto\\\/draytek-support-pack-3\\\/\"]}]},{\"@type\":\"ImageObject\",\"inLanguage\":\"pt-PT\",\"@id\":\"https:\\\/\\\/shop.compulab.pt\\\/pt-pt\\\/produto\\\/draytek-support-pack-3\\\/#primaryimage\",\"url\":\"https:\\\/\\\/shop.compulab.pt\\\/wp-content\\\/uploads\\\/2023\\\/03\\\/10100700903-58.webp\",\"contentUrl\":\"https:\\\/\\\/shop.compulab.pt\\\/wp-content\\\/uploads\\\/2023\\\/03\\\/10100700903-58.webp\",\"width\":407,\"height\":407},{\"@type\":\"BreadcrumbList\",\"@id\":\"https:\\\/\\\/shop.compulab.pt\\\/pt-pt\\\/produto\\\/draytek-support-pack-3\\\/#breadcrumb\",\"itemListElement\":[{\"@type\":\"ListItem\",\"position\":1,\"name\":\"Loja\",\"item\":\"https:\\\/\\\/draytek.compulab.pt\\\/pt-pt\\\/loja\\\/\"},{\"@type\":\"ListItem\",\"position\":2,\"name\":\"DRAYTEK SUPPORT PACK 3\"}]},{\"@type\":\"WebSite\",\"@id\":\"https:\\\/\\\/shop.compulab.pt\\\/pt-pt\\\/#website\",\"url\":\"https:\\\/\\\/shop.compulab.pt\\\/pt-pt\\\/\",\"name\":\"Loja Compulab\",\"description\":\"Loja online da Compulab\",\"potentialAction\":[{\"@type\":\"SearchAction\",\"target\":{\"@type\":\"EntryPoint\",\"urlTemplate\":\"https:\\\/\\\/shop.compulab.pt\\\/pt-pt\\\/?s={search_term_string}\"},\"query-input\":{\"@type\":\"PropertyValueSpecification\",\"valueRequired\":true,\"valueName\":\"search_term_string\"}}],\"inLanguage\":\"pt-PT\"}]}<\/script>\n<!-- \/ Yoast SEO plugin. -->","yoast_head_json":{"title":"DRAYTEK SUPPORT PACK 3 - Loja Compulab","robots":{"index":"index","follow":"follow","max-snippet":"max-snippet:-1","max-image-preview":"max-image-preview:large","max-video-preview":"max-video-preview:-1"},"canonical":"https:\/\/shop.compulab.pt\/pt-pt\/produto\/draytek-support-pack-3\/","og_locale":"pt_PT","og_type":"article","og_title":"DRAYTEK SUPPORT PACK 3 - Loja Compulab","og_description":"Os m\u00f3dulos do &#8220;Pack de Suporte Draytek&#8221; consistem num servi\u00e7o completo que abrange a prepara\u00e7\u00e3o espec\u00edfica do equipamento para uso","og_url":"https:\/\/shop.compulab.pt\/pt-pt\/produto\/draytek-support-pack-3\/","og_site_name":"Loja Compulab","article_publisher":"https:\/\/www.facebook.com\/Compulab.pt\/","article_modified_time":"2026-04-30T02:00:15+00:00","og_image":[{"width":407,"height":407,"url":"https:\/\/shop.compulab.pt\/wp-content\/uploads\/2023\/03\/10100700903-58.webp","type":"image\/webp"}],"twitter_card":"summary_large_image","twitter_misc":{"Tempo estimado de leitura":"2 minutos"},"schema":{"@context":"https:\/\/schema.org","@graph":[{"@type":"WebPage","@id":"https:\/\/shop.compulab.pt\/pt-pt\/produto\/draytek-support-pack-3\/","url":"https:\/\/shop.compulab.pt\/pt-pt\/produto\/draytek-support-pack-3\/","name":"DRAYTEK SUPPORT PACK 3 - Loja Compulab","isPartOf":{"@id":"https:\/\/shop.compulab.pt\/pt-pt\/#website"},"primaryImageOfPage":{"@id":"https:\/\/shop.compulab.pt\/pt-pt\/produto\/draytek-support-pack-3\/#primaryimage"},"image":{"@id":"https:\/\/shop.compulab.pt\/pt-pt\/produto\/draytek-support-pack-3\/#primaryimage"},"thumbnailUrl":"https:\/\/shop.compulab.pt\/wp-content\/uploads\/2023\/03\/10100700903-58.webp","datePublished":"2023-02-13T16:24:48+00:00","dateModified":"2026-04-30T02:00:15+00:00","breadcrumb":{"@id":"https:\/\/shop.compulab.pt\/pt-pt\/produto\/draytek-support-pack-3\/#breadcrumb"},"inLanguage":"pt-PT","potentialAction":[{"@type":"ReadAction","target":["https:\/\/shop.compulab.pt\/pt-pt\/produto\/draytek-support-pack-3\/"]}]},{"@type":"ImageObject","inLanguage":"pt-PT","@id":"https:\/\/shop.compulab.pt\/pt-pt\/produto\/draytek-support-pack-3\/#primaryimage","url":"https:\/\/shop.compulab.pt\/wp-content\/uploads\/2023\/03\/10100700903-58.webp","contentUrl":"https:\/\/shop.compulab.pt\/wp-content\/uploads\/2023\/03\/10100700903-58.webp","width":407,"height":407},{"@type":"BreadcrumbList","@id":"https:\/\/shop.compulab.pt\/pt-pt\/produto\/draytek-support-pack-3\/#breadcrumb","itemListElement":[{"@type":"ListItem","position":1,"name":"Loja","item":"https:\/\/draytek.compulab.pt\/pt-pt\/loja\/"},{"@type":"ListItem","position":2,"name":"DRAYTEK SUPPORT PACK 3"}]},{"@type":"WebSite","@id":"https:\/\/shop.compulab.pt\/pt-pt\/#website","url":"https:\/\/shop.compulab.pt\/pt-pt\/","name":"Loja Compulab","description":"Loja online da Compulab","potentialAction":[{"@type":"SearchAction","target":{"@type":"EntryPoint","urlTemplate":"https:\/\/shop.compulab.pt\/pt-pt\/?s={search_term_string}"},"query-input":{"@type":"PropertyValueSpecification","valueRequired":true,"valueName":"search_term_string"}}],"inLanguage":"pt-PT"}]}},"_links":{"self":[{"href":"https:\/\/shop.compulab.pt\/pt-pt\/wp-json\/wp\/v2\/product\/463","targetHints":{"allow":["GET"]}}],"collection":[{"href":"https:\/\/shop.compulab.pt\/pt-pt\/wp-json\/wp\/v2\/product"}],"about":[{"href":"https:\/\/shop.compulab.pt\/pt-pt\/wp-json\/wp\/v2\/types\/product"}],"version-history":[{"count":3,"href":"https:\/\/shop.compulab.pt\/pt-pt\/wp-json\/wp\/v2\/product\/463\/revisions"}],"predecessor-version":[{"id":16976,"href":"https:\/\/shop.compulab.pt\/pt-pt\/wp-json\/wp\/v2\/product\/463\/revisions\/16976"}],"wp:featuredmedia":[{"embeddable":true,"href":"https:\/\/shop.compulab.pt\/pt-pt\/wp-json\/wp\/v2\/media\/1882"}],"wp:attachment":[{"href":"https:\/\/shop.compulab.pt\/pt-pt\/wp-json\/wp\/v2\/media?parent=463"}],"wp:term":[{"taxonomy":"product_brand","embeddable":true,"href":"https:\/\/shop.compulab.pt\/pt-pt\/wp-json\/wp\/v2\/product_brand?post=463"},{"taxonomy":"product_cat","embeddable":true,"href":"https:\/\/shop.compulab.pt\/pt-pt\/wp-json\/wp\/v2\/product_cat?post=463"},{"taxonomy":"product_tag","embeddable":true,"href":"https:\/\/shop.compulab.pt\/pt-pt\/wp-json\/wp\/v2\/product_tag?post=463"}],"curies":[{"name":"wp","href":"https:\/\/api.w.org\/{rel}","templated":true}]}}