{"id":1795,"date":"2023-02-20T16:33:14","date_gmt":"2023-02-20T16:33:14","guid":{"rendered":"https:\/\/draytek.compulab.pt\/produto\/draytek-license-upgrade-wcf-to-cyren-zero-day-silver-1-year\/"},"modified":"2026-05-03T03:02:17","modified_gmt":"2026-05-03T02:02:17","slug":"draytek-license-url-reputation-silver-1y-series-2962-3910-2952-2960-3220-3900","status":"publish","type":"product","link":"https:\/\/shop.compulab.pt\/pt-pt\/produto\/draytek-license-url-reputation-silver-1y-series-2962-3910-2952-2960-3220-3900\/","title":{"rendered":"DRAYTEK LICENSE URL REPUTATION SILVER 1Y (S\u00e9ries 2962 \/ 3910 \/ 2952 \/ 2960 \/ 3220 \/ 3900)"},"content":{"rendered":"<h5>Melhore a Seguran\u00e7a da Rede<\/h5>\n<p>O servi\u00e7o de URL da DrayTek \u00e9 um novo n\u00edvel de prote\u00e7\u00e3o contra amea\u00e7as online, utilizando tecnologia baseada na cloud que \u00e9 atualizada a cada 5 minutos para manter a rede segura. Este servi\u00e7o adiciona uma camada extra de prote\u00e7\u00e3o de seguran\u00e7a para os clientes da LAN nas suas atividades online. Existem, no total, 82 categorias, sendo que 10 delas s\u00e3o focadas em seguran\u00e7a, proporcionando uma prote\u00e7\u00e3o abrangente e atualizada para a sua rede.<\/p>\n<h5>Variedade de Categorias para Empresas e Particulares<\/h5>\n<p>As v\u00e1rias categorias abrangem a seguran\u00e7a da rede, incluindo malware, spyware, adware, controlo parental para prote\u00e7\u00e3o infantil, neg\u00f3cios, redes sociais e muito mais, para garantir um ambiente online seguro, ao mesmo tempo que aumenta a produtividade dos funcion\u00e1rios e permite uma gest\u00e3o eficiente da largura de banda.<\/p>\n","protected":false},"excerpt":{"rendered":"<p>Melhore a Seguran\u00e7a da Rede<br \/>\nO servi\u00e7o de URL da DrayTek \u00e9 um novo n\u00edvel de prote\u00e7\u00e3o contra amea\u00e7as online, utilizando tecnologia baseada na cloud que \u00e9 atualizada a cada 5 minutos para manter a rede segura. Este servi\u00e7o adiciona uma camada extra de prote\u00e7\u00e3o de seguran\u00e7a para os clientes da LAN nas suas atividades online. Existem, no total, 82 categorias, sendo que 10 delas s\u00e3o focadas em seguran\u00e7a, proporcionando uma prote\u00e7\u00e3o abrangente e atualizada para a sua rede.<\/p>\n","protected":false},"featured_media":16217,"template":"","meta":[],"product_brand":[],"product_cat":[940],"product_tag":[],"class_list":{"0":"post-1795","1":"product","2":"type-product","3":"status-publish","4":"has-post-thumbnail","6":"product_cat-licencas","7":"pa_marca-draytek","8":"pa_marca-pa_marca","10":"first","11":"onbackorder","12":"taxable","13":"shipping-taxable","14":"purchasable","15":"product-type-simple"},"yoast_head":"<!-- This site is optimized with the Yoast SEO plugin v27.4 - https:\/\/yoast.com\/product\/yoast-seo-wordpress\/ -->\n<title>DRAYTEK LICENSE URL REPUTATION SILVER 1Y (S\u00e9ries 2962 \/ 3910 \/ 2952 \/ 2960 \/ 3220 \/ 3900) - Loja Compulab<\/title>\n<meta name=\"robots\" content=\"index, follow, max-snippet:-1, max-image-preview:large, max-video-preview:-1\" \/>\n<link rel=\"canonical\" href=\"https:\/\/shop.compulab.pt\/pt-pt\/produto\/draytek-license-url-reputation-silver-1y-series-2962-3910-2952-2960-3220-3900\/\" \/>\n<meta property=\"og:locale\" content=\"pt_PT\" \/>\n<meta property=\"og:type\" content=\"article\" \/>\n<meta property=\"og:title\" content=\"DRAYTEK LICENSE URL REPUTATION SILVER 1Y (S\u00e9ries 2962 \/ 3910 \/ 2952 \/ 2960 \/ 3220 \/ 3900) - Loja Compulab\" \/>\n<meta property=\"og:description\" content=\"Melhore a Seguran\u00e7a da Rede O servi\u00e7o de URL da DrayTek \u00e9 um novo n\u00edvel de prote\u00e7\u00e3o contra amea\u00e7as online, utilizando tecnologia baseada na cloud que \u00e9 atualizada a cada 5 minutos para manter a rede segura. Este servi\u00e7o adiciona uma camada extra de prote\u00e7\u00e3o de seguran\u00e7a para os clientes da LAN nas suas atividades online. Existem, no total, 82 categorias, sendo que 10 delas s\u00e3o focadas em seguran\u00e7a, proporcionando uma prote\u00e7\u00e3o abrangente e atualizada para a sua rede.\" \/>\n<meta property=\"og:url\" content=\"https:\/\/shop.compulab.pt\/pt-pt\/produto\/draytek-license-url-reputation-silver-1y-series-2962-3910-2952-2960-3220-3900\/\" \/>\n<meta property=\"og:site_name\" content=\"Loja Compulab\" \/>\n<meta property=\"article:publisher\" content=\"https:\/\/www.facebook.com\/Compulab.pt\/\" \/>\n<meta property=\"article:modified_time\" content=\"2026-05-03T02:02:17+00:00\" \/>\n<meta property=\"og:image\" content=\"https:\/\/shop.compulab.pt\/wp-content\/uploads\/2023\/02\/draytek-license-url-reputation-silver-1y-series-2962-3910-2952-2960-3220-3900.webp\" \/>\n\t<meta property=\"og:image:width\" content=\"588\" \/>\n\t<meta property=\"og:image:height\" content=\"636\" \/>\n\t<meta property=\"og:image:type\" content=\"image\/webp\" \/>\n<meta name=\"twitter:card\" content=\"summary_large_image\" \/>\n<meta name=\"twitter:label1\" content=\"Tempo estimado de leitura\" \/>\n\t<meta name=\"twitter:data1\" content=\"1 minuto\" \/>\n<script type=\"application\/ld+json\" class=\"yoast-schema-graph\">{\"@context\":\"https:\\\/\\\/schema.org\",\"@graph\":[{\"@type\":\"WebPage\",\"@id\":\"https:\\\/\\\/shop.compulab.pt\\\/pt-pt\\\/produto\\\/draytek-license-url-reputation-silver-1y-series-2962-3910-2952-2960-3220-3900\\\/\",\"url\":\"https:\\\/\\\/shop.compulab.pt\\\/pt-pt\\\/produto\\\/draytek-license-url-reputation-silver-1y-series-2962-3910-2952-2960-3220-3900\\\/\",\"name\":\"DRAYTEK LICENSE URL REPUTATION SILVER 1Y (S\u00e9ries 2962 \\\/ 3910 \\\/ 2952 \\\/ 2960 \\\/ 3220 \\\/ 3900) - Loja Compulab\",\"isPartOf\":{\"@id\":\"https:\\\/\\\/shop.compulab.pt\\\/pt-pt\\\/#website\"},\"primaryImageOfPage\":{\"@id\":\"https:\\\/\\\/shop.compulab.pt\\\/pt-pt\\\/produto\\\/draytek-license-url-reputation-silver-1y-series-2962-3910-2952-2960-3220-3900\\\/#primaryimage\"},\"image\":{\"@id\":\"https:\\\/\\\/shop.compulab.pt\\\/pt-pt\\\/produto\\\/draytek-license-url-reputation-silver-1y-series-2962-3910-2952-2960-3220-3900\\\/#primaryimage\"},\"thumbnailUrl\":\"https:\\\/\\\/shop.compulab.pt\\\/wp-content\\\/uploads\\\/2023\\\/02\\\/draytek-license-url-reputation-silver-1y-series-2962-3910-2952-2960-3220-3900.webp\",\"datePublished\":\"2023-02-20T16:33:14+00:00\",\"dateModified\":\"2026-05-03T02:02:17+00:00\",\"breadcrumb\":{\"@id\":\"https:\\\/\\\/shop.compulab.pt\\\/pt-pt\\\/produto\\\/draytek-license-url-reputation-silver-1y-series-2962-3910-2952-2960-3220-3900\\\/#breadcrumb\"},\"inLanguage\":\"pt-PT\",\"potentialAction\":[{\"@type\":\"ReadAction\",\"target\":[\"https:\\\/\\\/shop.compulab.pt\\\/pt-pt\\\/produto\\\/draytek-license-url-reputation-silver-1y-series-2962-3910-2952-2960-3220-3900\\\/\"]}]},{\"@type\":\"ImageObject\",\"inLanguage\":\"pt-PT\",\"@id\":\"https:\\\/\\\/shop.compulab.pt\\\/pt-pt\\\/produto\\\/draytek-license-url-reputation-silver-1y-series-2962-3910-2952-2960-3220-3900\\\/#primaryimage\",\"url\":\"https:\\\/\\\/shop.compulab.pt\\\/wp-content\\\/uploads\\\/2023\\\/02\\\/draytek-license-url-reputation-silver-1y-series-2962-3910-2952-2960-3220-3900.webp\",\"contentUrl\":\"https:\\\/\\\/shop.compulab.pt\\\/wp-content\\\/uploads\\\/2023\\\/02\\\/draytek-license-url-reputation-silver-1y-series-2962-3910-2952-2960-3220-3900.webp\",\"width\":588,\"height\":636,\"caption\":\"draytek license url reputation silver 1y series 2962 3910 2952 2960 3220 3900\"},{\"@type\":\"BreadcrumbList\",\"@id\":\"https:\\\/\\\/shop.compulab.pt\\\/pt-pt\\\/produto\\\/draytek-license-url-reputation-silver-1y-series-2962-3910-2952-2960-3220-3900\\\/#breadcrumb\",\"itemListElement\":[{\"@type\":\"ListItem\",\"position\":1,\"name\":\"Loja\",\"item\":\"https:\\\/\\\/draytek.compulab.pt\\\/pt-pt\\\/loja\\\/\"},{\"@type\":\"ListItem\",\"position\":2,\"name\":\"DRAYTEK LICENSE URL REPUTATION SILVER 1Y (S\u00e9ries 2962 \\\/ 3910 \\\/ 2952 \\\/ 2960 \\\/ 3220 \\\/ 3900)\"}]},{\"@type\":\"WebSite\",\"@id\":\"https:\\\/\\\/shop.compulab.pt\\\/pt-pt\\\/#website\",\"url\":\"https:\\\/\\\/shop.compulab.pt\\\/pt-pt\\\/\",\"name\":\"Loja Compulab\",\"description\":\"Loja online da Compulab\",\"potentialAction\":[{\"@type\":\"SearchAction\",\"target\":{\"@type\":\"EntryPoint\",\"urlTemplate\":\"https:\\\/\\\/shop.compulab.pt\\\/pt-pt\\\/?s={search_term_string}\"},\"query-input\":{\"@type\":\"PropertyValueSpecification\",\"valueRequired\":true,\"valueName\":\"search_term_string\"}}],\"inLanguage\":\"pt-PT\"}]}<\/script>\n<!-- \/ Yoast SEO plugin. -->","yoast_head_json":{"title":"DRAYTEK LICENSE URL REPUTATION SILVER 1Y (S\u00e9ries 2962 \/ 3910 \/ 2952 \/ 2960 \/ 3220 \/ 3900) - Loja Compulab","robots":{"index":"index","follow":"follow","max-snippet":"max-snippet:-1","max-image-preview":"max-image-preview:large","max-video-preview":"max-video-preview:-1"},"canonical":"https:\/\/shop.compulab.pt\/pt-pt\/produto\/draytek-license-url-reputation-silver-1y-series-2962-3910-2952-2960-3220-3900\/","og_locale":"pt_PT","og_type":"article","og_title":"DRAYTEK LICENSE URL REPUTATION SILVER 1Y (S\u00e9ries 2962 \/ 3910 \/ 2952 \/ 2960 \/ 3220 \/ 3900) - Loja Compulab","og_description":"Melhore a Seguran\u00e7a da Rede O servi\u00e7o de URL da DrayTek \u00e9 um novo n\u00edvel de prote\u00e7\u00e3o contra amea\u00e7as online, utilizando tecnologia baseada na cloud que \u00e9 atualizada a cada 5 minutos para manter a rede segura. Este servi\u00e7o adiciona uma camada extra de prote\u00e7\u00e3o de seguran\u00e7a para os clientes da LAN nas suas atividades online. Existem, no total, 82 categorias, sendo que 10 delas s\u00e3o focadas em seguran\u00e7a, proporcionando uma prote\u00e7\u00e3o abrangente e atualizada para a sua rede.","og_url":"https:\/\/shop.compulab.pt\/pt-pt\/produto\/draytek-license-url-reputation-silver-1y-series-2962-3910-2952-2960-3220-3900\/","og_site_name":"Loja Compulab","article_publisher":"https:\/\/www.facebook.com\/Compulab.pt\/","article_modified_time":"2026-05-03T02:02:17+00:00","og_image":[{"width":588,"height":636,"url":"https:\/\/shop.compulab.pt\/wp-content\/uploads\/2023\/02\/draytek-license-url-reputation-silver-1y-series-2962-3910-2952-2960-3220-3900.webp","type":"image\/webp"}],"twitter_card":"summary_large_image","twitter_misc":{"Tempo estimado de leitura":"1 minuto"},"schema":{"@context":"https:\/\/schema.org","@graph":[{"@type":"WebPage","@id":"https:\/\/shop.compulab.pt\/pt-pt\/produto\/draytek-license-url-reputation-silver-1y-series-2962-3910-2952-2960-3220-3900\/","url":"https:\/\/shop.compulab.pt\/pt-pt\/produto\/draytek-license-url-reputation-silver-1y-series-2962-3910-2952-2960-3220-3900\/","name":"DRAYTEK LICENSE URL REPUTATION SILVER 1Y (S\u00e9ries 2962 \/ 3910 \/ 2952 \/ 2960 \/ 3220 \/ 3900) - Loja Compulab","isPartOf":{"@id":"https:\/\/shop.compulab.pt\/pt-pt\/#website"},"primaryImageOfPage":{"@id":"https:\/\/shop.compulab.pt\/pt-pt\/produto\/draytek-license-url-reputation-silver-1y-series-2962-3910-2952-2960-3220-3900\/#primaryimage"},"image":{"@id":"https:\/\/shop.compulab.pt\/pt-pt\/produto\/draytek-license-url-reputation-silver-1y-series-2962-3910-2952-2960-3220-3900\/#primaryimage"},"thumbnailUrl":"https:\/\/shop.compulab.pt\/wp-content\/uploads\/2023\/02\/draytek-license-url-reputation-silver-1y-series-2962-3910-2952-2960-3220-3900.webp","datePublished":"2023-02-20T16:33:14+00:00","dateModified":"2026-05-03T02:02:17+00:00","breadcrumb":{"@id":"https:\/\/shop.compulab.pt\/pt-pt\/produto\/draytek-license-url-reputation-silver-1y-series-2962-3910-2952-2960-3220-3900\/#breadcrumb"},"inLanguage":"pt-PT","potentialAction":[{"@type":"ReadAction","target":["https:\/\/shop.compulab.pt\/pt-pt\/produto\/draytek-license-url-reputation-silver-1y-series-2962-3910-2952-2960-3220-3900\/"]}]},{"@type":"ImageObject","inLanguage":"pt-PT","@id":"https:\/\/shop.compulab.pt\/pt-pt\/produto\/draytek-license-url-reputation-silver-1y-series-2962-3910-2952-2960-3220-3900\/#primaryimage","url":"https:\/\/shop.compulab.pt\/wp-content\/uploads\/2023\/02\/draytek-license-url-reputation-silver-1y-series-2962-3910-2952-2960-3220-3900.webp","contentUrl":"https:\/\/shop.compulab.pt\/wp-content\/uploads\/2023\/02\/draytek-license-url-reputation-silver-1y-series-2962-3910-2952-2960-3220-3900.webp","width":588,"height":636,"caption":"draytek license url reputation silver 1y series 2962 3910 2952 2960 3220 3900"},{"@type":"BreadcrumbList","@id":"https:\/\/shop.compulab.pt\/pt-pt\/produto\/draytek-license-url-reputation-silver-1y-series-2962-3910-2952-2960-3220-3900\/#breadcrumb","itemListElement":[{"@type":"ListItem","position":1,"name":"Loja","item":"https:\/\/draytek.compulab.pt\/pt-pt\/loja\/"},{"@type":"ListItem","position":2,"name":"DRAYTEK LICENSE URL REPUTATION SILVER 1Y (S\u00e9ries 2962 \/ 3910 \/ 2952 \/ 2960 \/ 3220 \/ 3900)"}]},{"@type":"WebSite","@id":"https:\/\/shop.compulab.pt\/pt-pt\/#website","url":"https:\/\/shop.compulab.pt\/pt-pt\/","name":"Loja Compulab","description":"Loja online da Compulab","potentialAction":[{"@type":"SearchAction","target":{"@type":"EntryPoint","urlTemplate":"https:\/\/shop.compulab.pt\/pt-pt\/?s={search_term_string}"},"query-input":{"@type":"PropertyValueSpecification","valueRequired":true,"valueName":"search_term_string"}}],"inLanguage":"pt-PT"}]}},"_links":{"self":[{"href":"https:\/\/shop.compulab.pt\/pt-pt\/wp-json\/wp\/v2\/product\/1795","targetHints":{"allow":["GET"]}}],"collection":[{"href":"https:\/\/shop.compulab.pt\/pt-pt\/wp-json\/wp\/v2\/product"}],"about":[{"href":"https:\/\/shop.compulab.pt\/pt-pt\/wp-json\/wp\/v2\/types\/product"}],"version-history":[{"count":1,"href":"https:\/\/shop.compulab.pt\/pt-pt\/wp-json\/wp\/v2\/product\/1795\/revisions"}],"predecessor-version":[{"id":16944,"href":"https:\/\/shop.compulab.pt\/pt-pt\/wp-json\/wp\/v2\/product\/1795\/revisions\/16944"}],"wp:featuredmedia":[{"embeddable":true,"href":"https:\/\/shop.compulab.pt\/pt-pt\/wp-json\/wp\/v2\/media\/16217"}],"wp:attachment":[{"href":"https:\/\/shop.compulab.pt\/pt-pt\/wp-json\/wp\/v2\/media?parent=1795"}],"wp:term":[{"taxonomy":"product_brand","embeddable":true,"href":"https:\/\/shop.compulab.pt\/pt-pt\/wp-json\/wp\/v2\/product_brand?post=1795"},{"taxonomy":"product_cat","embeddable":true,"href":"https:\/\/shop.compulab.pt\/pt-pt\/wp-json\/wp\/v2\/product_cat?post=1795"},{"taxonomy":"product_tag","embeddable":true,"href":"https:\/\/shop.compulab.pt\/pt-pt\/wp-json\/wp\/v2\/product_tag?post=1795"}],"curies":[{"name":"wp","href":"https:\/\/api.w.org\/{rel}","templated":true}]}}