{"id":17566,"date":"2026-04-09T16:25:53","date_gmt":"2026-04-09T15:25:53","guid":{"rendered":"https:\/\/shop.compulab.pt\/?post_type=product&#038;p=17566"},"modified":"2026-04-23T17:53:35","modified_gmt":"2026-04-23T16:53:35","slug":"router-draytek-vigor-2928","status":"publish","type":"product","link":"https:\/\/shop.compulab.pt\/pt-pt\/produto\/router-draytek-vigor-2928\/","title":{"rendered":"ROUTER DRAYTEK VIGOR 2928"},"content":{"rendered":"<p>O Vigor 2928 \u00e9 um router VPN Dual-WAN equipado com tr\u00eas interfaces 10G, compat\u00edvel com liga\u00e7\u00f5es Ethernet e de fibra. Sendo o primeiro router da DrayTek com WAN Ethernet 10G, oferece conectividade WAN de alto desempenho para redes com utiliza\u00e7\u00e3o intensiva de largura de banda.<\/p>\n<p>O Vigor2928 suporta funcionalidades avan\u00e7adas, incluindo balanceamento de carga, VPN, QoS, filtragem de IP\/URL e um portal de hotspot com IAM integrado para melhorar a seguran\u00e7a da rede. Funciona tamb\u00e9m como um controlador virtual para a gest\u00e3o centralizada de VigorAPs e VigorSwitches.<\/p>\n","protected":false},"excerpt":{"rendered":"<ul>\n<li>Router com Multi-Gigabit-WAN (2.5GbE\/10GbE\/SFP+) compat\u00edvel com liga\u00e7\u00e3o por modem Cabo, ADSL (sem modem incorporado) ou Fibra.<\/li>\n<li>Switch com 1 porta 2.5GbE RJ-45 e 3 portas (fixas) Gigabit 10\/100\/1000 RJ-45.<\/li>\n<li>2 porta USB para modem 3G\/4G, Impressora, Term\u00f3metro ou HDD.<\/li>\n<li>Content Filtering (URL\/IP Reputation e Threat Protection).<\/li>\n<li>Multi-Subnet LAN (8 redes) e Tag Based VLAN (802.1q).<\/li>\n<li>Configura\u00e7\u00e3o por Web e Telnet \/Firewall, QoS \/Suporte a IPv6.<\/li>\n<li>Cliente \/ Servidor VPN IPsec, IKEv2, IKEv2-EAP, IPsec-XAuth, GRE, L2TP\/IPsec (Dial-In), WireGuard, OpenVPN e EasyVPN (50 t\u00faneis)<\/li>\n<li>Sistema Operativo: DrayOS 5<\/li>\n<\/ul>\n<h6><\/h6>\n","protected":false},"featured_media":18590,"template":"","meta":[],"product_brand":[],"product_cat":[935,934],"product_tag":[1250,1249],"class_list":{"0":"post-17566","1":"product","2":"type-product","3":"status-publish","4":"has-post-thumbnail","6":"product_cat-routers-broadband","7":"product_cat-routers-draytek","8":"product_tag-vigor-2928-2928","9":"product_tag-vigor2928","10":"pa_marca-pa_marca","12":"first","13":"onbackorder","14":"taxable","15":"shipping-taxable","16":"purchasable","17":"product-type-simple"},"yoast_head":"<!-- This site is optimized with the Yoast SEO plugin v27.4 - https:\/\/yoast.com\/product\/yoast-seo-wordpress\/ -->\n<title>ROUTER DRAYTEK VIGOR 2928 - Loja Compulab<\/title>\n<meta name=\"description\" content=\"O Vigor 2928 \u00e9 um router VPN Dual-WAN equipado com tr\u00eas interfaces 10G, compat\u00edvel com liga\u00e7\u00f5es Ethernet e de fibra.\" \/>\n<meta name=\"robots\" content=\"index, follow, max-snippet:-1, max-image-preview:large, max-video-preview:-1\" \/>\n<link rel=\"canonical\" href=\"https:\/\/shop.compulab.pt\/pt-pt\/produto\/router-draytek-vigor-2928\/\" \/>\n<meta property=\"og:locale\" content=\"pt_PT\" \/>\n<meta property=\"og:type\" content=\"article\" \/>\n<meta property=\"og:title\" content=\"ROUTER DRAYTEK VIGOR 2928 - Loja Compulab\" \/>\n<meta property=\"og:description\" content=\"O Vigor 2928 \u00e9 um router VPN Dual-WAN equipado com tr\u00eas interfaces 10G, compat\u00edvel com liga\u00e7\u00f5es Ethernet e de fibra.\" \/>\n<meta property=\"og:url\" content=\"https:\/\/shop.compulab.pt\/pt-pt\/produto\/router-draytek-vigor-2928\/\" \/>\n<meta property=\"og:site_name\" content=\"Loja Compulab\" \/>\n<meta property=\"article:publisher\" content=\"https:\/\/www.facebook.com\/Compulab.pt\/\" \/>\n<meta property=\"article:modified_time\" content=\"2026-04-23T16:53:35+00:00\" \/>\n<meta property=\"og:image\" content=\"https:\/\/shop.compulab.pt\/wp-content\/uploads\/2026\/04\/router-draytek-vigor-2928.webp\" \/>\n\t<meta property=\"og:image:width\" content=\"1200\" \/>\n\t<meta property=\"og:image:height\" content=\"1200\" \/>\n\t<meta property=\"og:image:type\" content=\"image\/webp\" \/>\n<meta name=\"twitter:card\" content=\"summary_large_image\" \/>\n<meta name=\"twitter:label1\" content=\"Tempo estimado de leitura\" \/>\n\t<meta name=\"twitter:data1\" content=\"1 minuto\" \/>\n<script type=\"application\/ld+json\" class=\"yoast-schema-graph\">{\"@context\":\"https:\\\/\\\/schema.org\",\"@graph\":[{\"@type\":\"WebPage\",\"@id\":\"https:\\\/\\\/shop.compulab.pt\\\/pt-pt\\\/produto\\\/router-draytek-vigor-2928\\\/\",\"url\":\"https:\\\/\\\/shop.compulab.pt\\\/pt-pt\\\/produto\\\/router-draytek-vigor-2928\\\/\",\"name\":\"ROUTER DRAYTEK VIGOR 2928 - Loja Compulab\",\"isPartOf\":{\"@id\":\"https:\\\/\\\/shop.compulab.pt\\\/pt-pt\\\/#website\"},\"primaryImageOfPage\":{\"@id\":\"https:\\\/\\\/shop.compulab.pt\\\/pt-pt\\\/produto\\\/router-draytek-vigor-2928\\\/#primaryimage\"},\"image\":{\"@id\":\"https:\\\/\\\/shop.compulab.pt\\\/pt-pt\\\/produto\\\/router-draytek-vigor-2928\\\/#primaryimage\"},\"thumbnailUrl\":\"https:\\\/\\\/shop.compulab.pt\\\/wp-content\\\/uploads\\\/2026\\\/04\\\/router-draytek-vigor-2928.webp\",\"datePublished\":\"2026-04-09T15:25:53+00:00\",\"dateModified\":\"2026-04-23T16:53:35+00:00\",\"description\":\"O Vigor 2928 \u00e9 um router VPN Dual-WAN equipado com tr\u00eas interfaces 10G, compat\u00edvel com liga\u00e7\u00f5es Ethernet e de fibra.\",\"breadcrumb\":{\"@id\":\"https:\\\/\\\/shop.compulab.pt\\\/pt-pt\\\/produto\\\/router-draytek-vigor-2928\\\/#breadcrumb\"},\"inLanguage\":\"pt-PT\",\"potentialAction\":[{\"@type\":\"ReadAction\",\"target\":[\"https:\\\/\\\/shop.compulab.pt\\\/pt-pt\\\/produto\\\/router-draytek-vigor-2928\\\/\"]}]},{\"@type\":\"ImageObject\",\"inLanguage\":\"pt-PT\",\"@id\":\"https:\\\/\\\/shop.compulab.pt\\\/pt-pt\\\/produto\\\/router-draytek-vigor-2928\\\/#primaryimage\",\"url\":\"https:\\\/\\\/shop.compulab.pt\\\/wp-content\\\/uploads\\\/2026\\\/04\\\/router-draytek-vigor-2928.webp\",\"contentUrl\":\"https:\\\/\\\/shop.compulab.pt\\\/wp-content\\\/uploads\\\/2026\\\/04\\\/router-draytek-vigor-2928.webp\",\"width\":1200,\"height\":1200,\"caption\":\"ROUTER DRAYTEK VIGOR 2928\"},{\"@type\":\"BreadcrumbList\",\"@id\":\"https:\\\/\\\/shop.compulab.pt\\\/pt-pt\\\/produto\\\/router-draytek-vigor-2928\\\/#breadcrumb\",\"itemListElement\":[{\"@type\":\"ListItem\",\"position\":1,\"name\":\"Loja\",\"item\":\"https:\\\/\\\/draytek.compulab.pt\\\/pt-pt\\\/loja\\\/\"},{\"@type\":\"ListItem\",\"position\":2,\"name\":\"ROUTER DRAYTEK VIGOR 2928\"}]},{\"@type\":\"WebSite\",\"@id\":\"https:\\\/\\\/shop.compulab.pt\\\/pt-pt\\\/#website\",\"url\":\"https:\\\/\\\/shop.compulab.pt\\\/pt-pt\\\/\",\"name\":\"Loja Compulab\",\"description\":\"Loja online da Compulab\",\"potentialAction\":[{\"@type\":\"SearchAction\",\"target\":{\"@type\":\"EntryPoint\",\"urlTemplate\":\"https:\\\/\\\/shop.compulab.pt\\\/pt-pt\\\/?s={search_term_string}\"},\"query-input\":{\"@type\":\"PropertyValueSpecification\",\"valueRequired\":true,\"valueName\":\"search_term_string\"}}],\"inLanguage\":\"pt-PT\"}]}<\/script>\n<!-- \/ Yoast SEO plugin. -->","yoast_head_json":{"title":"ROUTER DRAYTEK VIGOR 2928 - Loja Compulab","description":"O Vigor 2928 \u00e9 um router VPN Dual-WAN equipado com tr\u00eas interfaces 10G, compat\u00edvel com liga\u00e7\u00f5es Ethernet e de fibra.","robots":{"index":"index","follow":"follow","max-snippet":"max-snippet:-1","max-image-preview":"max-image-preview:large","max-video-preview":"max-video-preview:-1"},"canonical":"https:\/\/shop.compulab.pt\/pt-pt\/produto\/router-draytek-vigor-2928\/","og_locale":"pt_PT","og_type":"article","og_title":"ROUTER DRAYTEK VIGOR 2928 - Loja Compulab","og_description":"O Vigor 2928 \u00e9 um router VPN Dual-WAN equipado com tr\u00eas interfaces 10G, compat\u00edvel com liga\u00e7\u00f5es Ethernet e de fibra.","og_url":"https:\/\/shop.compulab.pt\/pt-pt\/produto\/router-draytek-vigor-2928\/","og_site_name":"Loja Compulab","article_publisher":"https:\/\/www.facebook.com\/Compulab.pt\/","article_modified_time":"2026-04-23T16:53:35+00:00","og_image":[{"width":1200,"height":1200,"url":"https:\/\/shop.compulab.pt\/wp-content\/uploads\/2026\/04\/router-draytek-vigor-2928.webp","type":"image\/webp"}],"twitter_card":"summary_large_image","twitter_misc":{"Tempo estimado de leitura":"1 minuto"},"schema":{"@context":"https:\/\/schema.org","@graph":[{"@type":"WebPage","@id":"https:\/\/shop.compulab.pt\/pt-pt\/produto\/router-draytek-vigor-2928\/","url":"https:\/\/shop.compulab.pt\/pt-pt\/produto\/router-draytek-vigor-2928\/","name":"ROUTER DRAYTEK VIGOR 2928 - Loja Compulab","isPartOf":{"@id":"https:\/\/shop.compulab.pt\/pt-pt\/#website"},"primaryImageOfPage":{"@id":"https:\/\/shop.compulab.pt\/pt-pt\/produto\/router-draytek-vigor-2928\/#primaryimage"},"image":{"@id":"https:\/\/shop.compulab.pt\/pt-pt\/produto\/router-draytek-vigor-2928\/#primaryimage"},"thumbnailUrl":"https:\/\/shop.compulab.pt\/wp-content\/uploads\/2026\/04\/router-draytek-vigor-2928.webp","datePublished":"2026-04-09T15:25:53+00:00","dateModified":"2026-04-23T16:53:35+00:00","description":"O Vigor 2928 \u00e9 um router VPN Dual-WAN equipado com tr\u00eas interfaces 10G, compat\u00edvel com liga\u00e7\u00f5es Ethernet e de fibra.","breadcrumb":{"@id":"https:\/\/shop.compulab.pt\/pt-pt\/produto\/router-draytek-vigor-2928\/#breadcrumb"},"inLanguage":"pt-PT","potentialAction":[{"@type":"ReadAction","target":["https:\/\/shop.compulab.pt\/pt-pt\/produto\/router-draytek-vigor-2928\/"]}]},{"@type":"ImageObject","inLanguage":"pt-PT","@id":"https:\/\/shop.compulab.pt\/pt-pt\/produto\/router-draytek-vigor-2928\/#primaryimage","url":"https:\/\/shop.compulab.pt\/wp-content\/uploads\/2026\/04\/router-draytek-vigor-2928.webp","contentUrl":"https:\/\/shop.compulab.pt\/wp-content\/uploads\/2026\/04\/router-draytek-vigor-2928.webp","width":1200,"height":1200,"caption":"ROUTER DRAYTEK VIGOR 2928"},{"@type":"BreadcrumbList","@id":"https:\/\/shop.compulab.pt\/pt-pt\/produto\/router-draytek-vigor-2928\/#breadcrumb","itemListElement":[{"@type":"ListItem","position":1,"name":"Loja","item":"https:\/\/draytek.compulab.pt\/pt-pt\/loja\/"},{"@type":"ListItem","position":2,"name":"ROUTER DRAYTEK VIGOR 2928"}]},{"@type":"WebSite","@id":"https:\/\/shop.compulab.pt\/pt-pt\/#website","url":"https:\/\/shop.compulab.pt\/pt-pt\/","name":"Loja Compulab","description":"Loja online da Compulab","potentialAction":[{"@type":"SearchAction","target":{"@type":"EntryPoint","urlTemplate":"https:\/\/shop.compulab.pt\/pt-pt\/?s={search_term_string}"},"query-input":{"@type":"PropertyValueSpecification","valueRequired":true,"valueName":"search_term_string"}}],"inLanguage":"pt-PT"}]}},"_links":{"self":[{"href":"https:\/\/shop.compulab.pt\/pt-pt\/wp-json\/wp\/v2\/product\/17566","targetHints":{"allow":["GET"]}}],"collection":[{"href":"https:\/\/shop.compulab.pt\/pt-pt\/wp-json\/wp\/v2\/product"}],"about":[{"href":"https:\/\/shop.compulab.pt\/pt-pt\/wp-json\/wp\/v2\/types\/product"}],"version-history":[{"count":4,"href":"https:\/\/shop.compulab.pt\/pt-pt\/wp-json\/wp\/v2\/product\/17566\/revisions"}],"predecessor-version":[{"id":17578,"href":"https:\/\/shop.compulab.pt\/pt-pt\/wp-json\/wp\/v2\/product\/17566\/revisions\/17578"}],"wp:featuredmedia":[{"embeddable":true,"href":"https:\/\/shop.compulab.pt\/pt-pt\/wp-json\/wp\/v2\/media\/18590"}],"wp:attachment":[{"href":"https:\/\/shop.compulab.pt\/pt-pt\/wp-json\/wp\/v2\/media?parent=17566"}],"wp:term":[{"taxonomy":"product_brand","embeddable":true,"href":"https:\/\/shop.compulab.pt\/pt-pt\/wp-json\/wp\/v2\/product_brand?post=17566"},{"taxonomy":"product_cat","embeddable":true,"href":"https:\/\/shop.compulab.pt\/pt-pt\/wp-json\/wp\/v2\/product_cat?post=17566"},{"taxonomy":"product_tag","embeddable":true,"href":"https:\/\/shop.compulab.pt\/pt-pt\/wp-json\/wp\/v2\/product_tag?post=17566"}],"curies":[{"name":"wp","href":"https:\/\/api.w.org\/{rel}","templated":true}]}}