{"id":16769,"date":"2024-02-29T18:17:36","date_gmt":"2024-02-29T18:17:36","guid":{"rendered":"https:\/\/shop.compulab.pt\/?post_type=product&#038;p=16769"},"modified":"2026-04-04T02:00:35","modified_gmt":"2026-04-04T02:00:35","slug":"draytek-vigorswitch-p1281x","status":"publish","type":"product","link":"https:\/\/shop.compulab.pt\/pt-pt\/produto\/draytek-vigorswitch-p1281x\/","title":{"rendered":"DRAYTEK VIGORSWITCH P1281x"},"content":{"rendered":"\t\t<div data-elementor-type=\"wp-post\" data-elementor-id=\"16769\" class=\"elementor elementor-16769\">\n\t\t\t\t<div class=\"wd-negative-gap elementor-element elementor-element-ab1c36f e-flex e-con-boxed e-con e-parent\" data-id=\"ab1c36f\" data-element_type=\"container\" data-e-type=\"container\">\n\t\t\t\t\t<div class=\"e-con-inner\">\n\t\t\t\t<div class=\"elementor-element elementor-element-63f4aa6 elementor-widget__width-initial elementor-widget elementor-widget-wd_text_block\" data-id=\"63f4aa6\" data-element_type=\"widget\" data-e-type=\"widget\" data-widget_type=\"wd_text_block.default\">\n\t\t\t\t<div class=\"elementor-widget-container\">\n\t\t\t\t\t\t\t<div class=\"wd-text-block reset-last-child text-left\">\n\t\t\t\n\t\t\t<p>DrayTek <strong>VigorSwitch P1281x<\/strong> \u00e9 um switch <strong>Web Smart Gigabit PoE. <\/strong><\/p><p><strong>10G SFP+: <\/strong>Fornece portas SFP+ de fibra com capacidade de 10G para agrega\u00e7\u00e3o ou uplinking para os switches principais.<\/p><p><strong>PoE (Power over Ethernet): <\/strong>Forne\u00e7a energia e dados atrav\u00e9s de um cabo Ethernet, ligue\/desligue o dispositivo PoE periodicamente com PoE Schedule.<\/p><p><strong>Verifica\u00e7\u00e3o do dispositivo de ping: <\/strong>Ative a verifica\u00e7\u00e3o de Ping para dispositivos selecionados para continuar monitorando seu status.\u00a0Se o tempo limite do ping expirar, desligue e ligue (se PoE estiver ativado) a porta e\/ou envie um alerta por e-mail<\/p><p><strong>Vigil\u00e2ncia autom\u00e1tica e VLAN de voz: <\/strong>Reconhe\u00e7a automaticamente o tr\u00e1fego de c\u00e2meras IP e telefones IP e adicione tags CoS para prioriza\u00e7\u00e3o de QoS.<\/p><p><strong>QoS (Qualidade de Servi\u00e7o): <\/strong>Melhore o desempenho do tr\u00e1fego cr\u00edtico priorizando o tr\u00e1fego com CoS, DSCP e etiqueta de preced\u00eancia IP.<\/p><p><strong>Compat\u00edvel com ONVIF: <\/strong>Reconhe\u00e7a os dispositivos ONVIF, exiba a topologia de vigil\u00e2ncia, forne\u00e7a UI para streaming de v\u00eddeo e manuten\u00e7\u00e3o de dispositivos.<\/p><p><strong>Preven\u00e7\u00e3o de conflitos de IP: <\/strong>Melhore a estabilidade da rede evitando conflitos de IP causados \u200b\u200bpor um host mal configurado ou malicioso.<\/p><h6><span>Gerenciamento Central de Switches: <\/span><span>Configure facilmente a VLAN a partir do roteador e obtenha uma vis\u00e3o hier\u00e1rquica centralizada dos switches.<\/span><\/h6>\n\t\t\t\t\t<\/div>\n\t\t\t\t\t\t<\/div>\n\t\t\t\t<\/div>\n\t\t\t\t\t<\/div>\n\t\t\t\t<\/div>\n\t\t\t\t<\/div>\n\t\t","protected":false},"excerpt":{"rendered":"<p>DrayTek VigorSwitch P1281x \u00e9 um switch Web Smart Gigabit PoE. 10G SFP+: Fornece portas SFP+ de fibra com capacidade de<\/p>\n","protected":false},"featured_media":16776,"template":"","meta":[],"product_brand":[],"product_cat":[939],"product_tag":[],"class_list":{"0":"post-16769","1":"product","2":"type-product","3":"status-publish","4":"has-post-thumbnail","6":"product_cat-switches-draytek","7":"pa_marca-draytek","8":"pa_marca-pa_marca","10":"first","11":"onbackorder","12":"taxable","13":"shipping-taxable","14":"purchasable","15":"product-type-simple"},"yoast_head":"<!-- This site is optimized with the Yoast SEO plugin v27.2 - https:\/\/yoast.com\/product\/yoast-seo-wordpress\/ -->\n<title>DRAYTEK VIGORSWITCH P1281x - Loja Compulab<\/title>\n<meta name=\"robots\" content=\"index, follow, max-snippet:-1, max-image-preview:large, max-video-preview:-1\" \/>\n<link rel=\"canonical\" href=\"https:\/\/shop.compulab.pt\/pt-pt\/produto\/draytek-vigorswitch-p1281x\/\" \/>\n<meta property=\"og:locale\" content=\"pt_PT\" \/>\n<meta property=\"og:type\" content=\"article\" \/>\n<meta property=\"og:title\" content=\"DRAYTEK VIGORSWITCH P1281x - Loja Compulab\" \/>\n<meta property=\"og:description\" content=\"DrayTek VigorSwitch P1281x \u00e9 um switch Web Smart Gigabit PoE. 10G SFP+: Fornece portas SFP+ de fibra com capacidade de\" \/>\n<meta property=\"og:url\" content=\"https:\/\/shop.compulab.pt\/pt-pt\/produto\/draytek-vigorswitch-p1281x\/\" \/>\n<meta property=\"og:site_name\" content=\"Loja Compulab\" \/>\n<meta property=\"article:publisher\" content=\"https:\/\/www.facebook.com\/Compulab.pt\/\" \/>\n<meta property=\"article:modified_time\" content=\"2026-04-04T02:00:35+00:00\" \/>\n<meta property=\"og:image\" content=\"https:\/\/shop.compulab.pt\/wp-content\/uploads\/2024\/02\/10700700799-2.png\" \/>\n\t<meta property=\"og:image:width\" content=\"1500\" \/>\n\t<meta property=\"og:image:height\" content=\"1125\" \/>\n\t<meta property=\"og:image:type\" content=\"image\/png\" \/>\n<meta name=\"twitter:card\" content=\"summary_large_image\" \/>\n<meta name=\"twitter:label1\" content=\"Tempo estimado de leitura\" \/>\n\t<meta name=\"twitter:data1\" content=\"2 minutos\" \/>\n<script type=\"application\/ld+json\" class=\"yoast-schema-graph\">{\"@context\":\"https:\/\/schema.org\",\"@graph\":[{\"@type\":\"WebPage\",\"@id\":\"https:\/\/shop.compulab.pt\/pt-pt\/produto\/draytek-vigorswitch-p1281x\/\",\"url\":\"https:\/\/shop.compulab.pt\/pt-pt\/produto\/draytek-vigorswitch-p1281x\/\",\"name\":\"DRAYTEK VIGORSWITCH P1281x - Loja Compulab\",\"isPartOf\":{\"@id\":\"https:\/\/shop.compulab.pt\/pt-pt\/#website\"},\"primaryImageOfPage\":{\"@id\":\"https:\/\/shop.compulab.pt\/pt-pt\/produto\/draytek-vigorswitch-p1281x\/#primaryimage\"},\"image\":{\"@id\":\"https:\/\/shop.compulab.pt\/pt-pt\/produto\/draytek-vigorswitch-p1281x\/#primaryimage\"},\"thumbnailUrl\":\"https:\/\/shop.compulab.pt\/wp-content\/uploads\/2024\/02\/10700700799-2.png\",\"datePublished\":\"2024-02-29T18:17:36+00:00\",\"dateModified\":\"2026-04-04T02:00:35+00:00\",\"breadcrumb\":{\"@id\":\"https:\/\/shop.compulab.pt\/pt-pt\/produto\/draytek-vigorswitch-p1281x\/#breadcrumb\"},\"inLanguage\":\"pt-PT\",\"potentialAction\":[{\"@type\":\"ReadAction\",\"target\":[\"https:\/\/shop.compulab.pt\/pt-pt\/produto\/draytek-vigorswitch-p1281x\/\"]}]},{\"@type\":\"ImageObject\",\"inLanguage\":\"pt-PT\",\"@id\":\"https:\/\/shop.compulab.pt\/pt-pt\/produto\/draytek-vigorswitch-p1281x\/#primaryimage\",\"url\":\"https:\/\/shop.compulab.pt\/wp-content\/uploads\/2024\/02\/10700700799-2.png\",\"contentUrl\":\"https:\/\/shop.compulab.pt\/wp-content\/uploads\/2024\/02\/10700700799-2.png\",\"width\":1500,\"height\":1125},{\"@type\":\"BreadcrumbList\",\"@id\":\"https:\/\/shop.compulab.pt\/pt-pt\/produto\/draytek-vigorswitch-p1281x\/#breadcrumb\",\"itemListElement\":[{\"@type\":\"ListItem\",\"position\":1,\"name\":\"Loja\",\"item\":\"https:\/\/draytek.compulab.pt\/pt-pt\/loja\/\"},{\"@type\":\"ListItem\",\"position\":2,\"name\":\"DRAYTEK VIGORSWITCH P1281x\"}]},{\"@type\":\"WebSite\",\"@id\":\"https:\/\/shop.compulab.pt\/pt-pt\/#website\",\"url\":\"https:\/\/shop.compulab.pt\/pt-pt\/\",\"name\":\"Loja Compulab\",\"description\":\"Loja online da Compulab\",\"potentialAction\":[{\"@type\":\"SearchAction\",\"target\":{\"@type\":\"EntryPoint\",\"urlTemplate\":\"https:\/\/shop.compulab.pt\/pt-pt\/?s={search_term_string}\"},\"query-input\":{\"@type\":\"PropertyValueSpecification\",\"valueRequired\":true,\"valueName\":\"search_term_string\"}}],\"inLanguage\":\"pt-PT\"}]}<\/script>\n<!-- \/ Yoast SEO plugin. -->","yoast_head_json":{"title":"DRAYTEK VIGORSWITCH P1281x - Loja Compulab","robots":{"index":"index","follow":"follow","max-snippet":"max-snippet:-1","max-image-preview":"max-image-preview:large","max-video-preview":"max-video-preview:-1"},"canonical":"https:\/\/shop.compulab.pt\/pt-pt\/produto\/draytek-vigorswitch-p1281x\/","og_locale":"pt_PT","og_type":"article","og_title":"DRAYTEK VIGORSWITCH P1281x - Loja Compulab","og_description":"DrayTek VigorSwitch P1281x \u00e9 um switch Web Smart Gigabit PoE. 10G SFP+: Fornece portas SFP+ de fibra com capacidade de","og_url":"https:\/\/shop.compulab.pt\/pt-pt\/produto\/draytek-vigorswitch-p1281x\/","og_site_name":"Loja Compulab","article_publisher":"https:\/\/www.facebook.com\/Compulab.pt\/","article_modified_time":"2026-04-04T02:00:35+00:00","og_image":[{"width":1500,"height":1125,"url":"https:\/\/shop.compulab.pt\/wp-content\/uploads\/2024\/02\/10700700799-2.png","type":"image\/png"}],"twitter_card":"summary_large_image","twitter_misc":{"Tempo estimado de leitura":"2 minutos"},"schema":{"@context":"https:\/\/schema.org","@graph":[{"@type":"WebPage","@id":"https:\/\/shop.compulab.pt\/pt-pt\/produto\/draytek-vigorswitch-p1281x\/","url":"https:\/\/shop.compulab.pt\/pt-pt\/produto\/draytek-vigorswitch-p1281x\/","name":"DRAYTEK VIGORSWITCH P1281x - Loja Compulab","isPartOf":{"@id":"https:\/\/shop.compulab.pt\/pt-pt\/#website"},"primaryImageOfPage":{"@id":"https:\/\/shop.compulab.pt\/pt-pt\/produto\/draytek-vigorswitch-p1281x\/#primaryimage"},"image":{"@id":"https:\/\/shop.compulab.pt\/pt-pt\/produto\/draytek-vigorswitch-p1281x\/#primaryimage"},"thumbnailUrl":"https:\/\/shop.compulab.pt\/wp-content\/uploads\/2024\/02\/10700700799-2.png","datePublished":"2024-02-29T18:17:36+00:00","dateModified":"2026-04-04T02:00:35+00:00","breadcrumb":{"@id":"https:\/\/shop.compulab.pt\/pt-pt\/produto\/draytek-vigorswitch-p1281x\/#breadcrumb"},"inLanguage":"pt-PT","potentialAction":[{"@type":"ReadAction","target":["https:\/\/shop.compulab.pt\/pt-pt\/produto\/draytek-vigorswitch-p1281x\/"]}]},{"@type":"ImageObject","inLanguage":"pt-PT","@id":"https:\/\/shop.compulab.pt\/pt-pt\/produto\/draytek-vigorswitch-p1281x\/#primaryimage","url":"https:\/\/shop.compulab.pt\/wp-content\/uploads\/2024\/02\/10700700799-2.png","contentUrl":"https:\/\/shop.compulab.pt\/wp-content\/uploads\/2024\/02\/10700700799-2.png","width":1500,"height":1125},{"@type":"BreadcrumbList","@id":"https:\/\/shop.compulab.pt\/pt-pt\/produto\/draytek-vigorswitch-p1281x\/#breadcrumb","itemListElement":[{"@type":"ListItem","position":1,"name":"Loja","item":"https:\/\/draytek.compulab.pt\/pt-pt\/loja\/"},{"@type":"ListItem","position":2,"name":"DRAYTEK VIGORSWITCH P1281x"}]},{"@type":"WebSite","@id":"https:\/\/shop.compulab.pt\/pt-pt\/#website","url":"https:\/\/shop.compulab.pt\/pt-pt\/","name":"Loja Compulab","description":"Loja online da Compulab","potentialAction":[{"@type":"SearchAction","target":{"@type":"EntryPoint","urlTemplate":"https:\/\/shop.compulab.pt\/pt-pt\/?s={search_term_string}"},"query-input":{"@type":"PropertyValueSpecification","valueRequired":true,"valueName":"search_term_string"}}],"inLanguage":"pt-PT"}]}},"_links":{"self":[{"href":"https:\/\/shop.compulab.pt\/pt-pt\/wp-json\/wp\/v2\/product\/16769","targetHints":{"allow":["GET"]}}],"collection":[{"href":"https:\/\/shop.compulab.pt\/pt-pt\/wp-json\/wp\/v2\/product"}],"about":[{"href":"https:\/\/shop.compulab.pt\/pt-pt\/wp-json\/wp\/v2\/types\/product"}],"version-history":[{"count":0,"href":"https:\/\/shop.compulab.pt\/pt-pt\/wp-json\/wp\/v2\/product\/16769\/revisions"}],"wp:featuredmedia":[{"embeddable":true,"href":"https:\/\/shop.compulab.pt\/pt-pt\/wp-json\/wp\/v2\/media\/16776"}],"wp:attachment":[{"href":"https:\/\/shop.compulab.pt\/pt-pt\/wp-json\/wp\/v2\/media?parent=16769"}],"wp:term":[{"taxonomy":"product_brand","embeddable":true,"href":"https:\/\/shop.compulab.pt\/pt-pt\/wp-json\/wp\/v2\/product_brand?post=16769"},{"taxonomy":"product_cat","embeddable":true,"href":"https:\/\/shop.compulab.pt\/pt-pt\/wp-json\/wp\/v2\/product_cat?post=16769"},{"taxonomy":"product_tag","embeddable":true,"href":"https:\/\/shop.compulab.pt\/pt-pt\/wp-json\/wp\/v2\/product_tag?post=16769"}],"curies":[{"name":"wp","href":"https:\/\/api.w.org\/{rel}","templated":true}]}}