{"id":16646,"date":"2024-02-20T12:20:20","date_gmt":"2024-02-20T12:20:20","guid":{"rendered":"https:\/\/shop.compulab.pt\/?post_type=product&#038;p=16646"},"modified":"2026-05-03T03:02:30","modified_gmt":"2026-05-03T02:02:30","slug":"draytek-vigorap-1062c","status":"publish","type":"product","link":"https:\/\/shop.compulab.pt\/pt-pt\/produto\/draytek-vigorap-1062c\/","title":{"rendered":"DRAYTEK VigorAP 1062C"},"content":{"rendered":"\t\t<div data-elementor-type=\"wp-post\" data-elementor-id=\"16646\" class=\"elementor elementor-16646\">\n\t\t\t\t<div class=\"wd-negative-gap elementor-element elementor-element-5e4cf31 e-flex e-con-boxed e-con e-parent\" data-id=\"5e4cf31\" data-element_type=\"container\" data-e-type=\"container\">\n\t\t\t\t\t<div class=\"e-con-inner\">\n\t\t\t\t<div class=\"elementor-element elementor-element-98fa907 elementor-widget elementor-widget-wd_text_block\" data-id=\"98fa907\" data-element_type=\"widget\" data-e-type=\"widget\" data-widget_type=\"wd_text_block.default\">\n\t\t\t\t<div class=\"elementor-widget-container\">\n\t\t\t\t\t\t\t<div class=\"wd-text-block reset-last-child text-left\">\n\t\t\t\n\t\t\t<p><strong>AP 1062c AX6000<\/strong><\/p><p>VigorAP 1062C \u00e9 um ponto de acesso WiFi6 de banda dupla de alto desempenho, oferecendo 1,2 Gbps em 2,4 GHz e 4,8 Gbps* em 5 GHz.\u00a0Com sua porta 2,5 GbE e tecnologia MU-MIMO, ele pode suportar at\u00e9 256 clientes simult\u00e2neos, tornando-o uma escolha perfeita em ambientes de alta velocidade e alta densidade.<\/p><p><strong>Caracter\u00edsticas principais:<\/strong><\/p><p><strong>Gest\u00e3o central de APs <\/strong>a partir dos routers DrayTek<\/p><p><strong>Fonte de alimenta\u00e7\u00e3o PoE:<\/strong> Simplifique a infraestrutura obtendo dados e energia atrav\u00e9s de um \u00fanico cabo<\/p><p><strong>V\u00e1rios SSIDs<\/strong><strong>: <\/strong>Mapeie clientes Wi-Fi para VLANs diferentes e tenha um conjunto diferente de padr\u00f5es de seguran\u00e7a<\/p><p><strong>Dire\u00e7\u00e3o de banda:<\/strong> Redirecione dispositivos compat\u00edveis com 5 GHz para o r\u00e1dio de 5 GHz para obter uma velocidade mais r\u00e1pida<\/p><p><strong>Agendamento de Wi-<\/strong><strong>Fi: <\/strong>Programe a ativa\u00e7\u00e3o e desativa\u00e7\u00e3o do Wi-Fi para controlar o acesso sem fio e economizar energia.<\/p><p>\u00a0<\/p>\n\t\t\t\t\t<\/div>\n\t\t\t\t\t\t<\/div>\n\t\t\t\t<\/div>\n\t\t\t\t\t<\/div>\n\t\t\t\t<\/div>\n\t\t\t\t<\/div>\n\t\t","protected":false},"excerpt":{"rendered":"<p>AP 1062c AX6000 VigorAP 1062C \u00e9 um ponto de acesso WiFi6 de banda dupla de alto desempenho, oferecendo 1,2 Gbps<\/p>\n","protected":false},"featured_media":16938,"template":"","meta":[],"product_brand":[],"product_cat":[20],"product_tag":[1203,1204,1202],"class_list":{"0":"post-16646","1":"product","2":"type-product","3":"status-publish","4":"has-post-thumbnail","6":"product_cat-pontos-de-acesso-draytek","7":"product_tag-1062c","8":"product_tag-vigor-ap-1062","9":"product_tag-vigorap-1062","10":"pa_marca-draytek","11":"pa_marca-pa_marca","13":"first","14":"onbackorder","15":"taxable","16":"shipping-taxable","17":"purchasable","18":"product-type-simple"},"yoast_head":"<!-- This site is optimized with the Yoast SEO plugin v27.4 - https:\/\/yoast.com\/product\/yoast-seo-wordpress\/ -->\n<title>DRAYTEK VigorAP 1062C - Loja Compulab<\/title>\n<meta name=\"robots\" content=\"index, follow, max-snippet:-1, max-image-preview:large, max-video-preview:-1\" \/>\n<link rel=\"canonical\" href=\"https:\/\/shop.compulab.pt\/pt-pt\/produto\/draytek-vigorap-1062c\/\" \/>\n<meta property=\"og:locale\" content=\"pt_PT\" \/>\n<meta property=\"og:type\" content=\"article\" \/>\n<meta property=\"og:title\" content=\"DRAYTEK VigorAP 1062C - Loja Compulab\" \/>\n<meta property=\"og:description\" content=\"AP 1062c AX6000 VigorAP 1062C \u00e9 um ponto de acesso WiFi6 de banda dupla de alto desempenho, oferecendo 1,2 Gbps\" \/>\n<meta property=\"og:url\" content=\"https:\/\/shop.compulab.pt\/pt-pt\/produto\/draytek-vigorap-1062c\/\" \/>\n<meta property=\"og:site_name\" content=\"Loja Compulab\" \/>\n<meta property=\"article:publisher\" content=\"https:\/\/www.facebook.com\/Compulab.pt\/\" \/>\n<meta property=\"article:modified_time\" content=\"2026-05-03T02:02:30+00:00\" \/>\n<meta property=\"og:image\" content=\"https:\/\/shop.compulab.pt\/wp-content\/uploads\/2024\/02\/draytek-vigorap-1062c.webp\" \/>\n\t<meta property=\"og:image:width\" content=\"1200\" \/>\n\t<meta property=\"og:image:height\" content=\"1200\" \/>\n\t<meta property=\"og:image:type\" content=\"image\/webp\" \/>\n<meta name=\"twitter:card\" content=\"summary_large_image\" \/>\n<meta name=\"twitter:label1\" content=\"Tempo estimado de leitura\" \/>\n\t<meta name=\"twitter:data1\" content=\"1 minuto\" \/>\n<script type=\"application\/ld+json\" class=\"yoast-schema-graph\">{\"@context\":\"https:\\\/\\\/schema.org\",\"@graph\":[{\"@type\":\"WebPage\",\"@id\":\"https:\\\/\\\/shop.compulab.pt\\\/pt-pt\\\/produto\\\/draytek-vigorap-1062c\\\/\",\"url\":\"https:\\\/\\\/shop.compulab.pt\\\/pt-pt\\\/produto\\\/draytek-vigorap-1062c\\\/\",\"name\":\"DRAYTEK VigorAP 1062C - Loja Compulab\",\"isPartOf\":{\"@id\":\"https:\\\/\\\/shop.compulab.pt\\\/pt-pt\\\/#website\"},\"primaryImageOfPage\":{\"@id\":\"https:\\\/\\\/shop.compulab.pt\\\/pt-pt\\\/produto\\\/draytek-vigorap-1062c\\\/#primaryimage\"},\"image\":{\"@id\":\"https:\\\/\\\/shop.compulab.pt\\\/pt-pt\\\/produto\\\/draytek-vigorap-1062c\\\/#primaryimage\"},\"thumbnailUrl\":\"https:\\\/\\\/shop.compulab.pt\\\/wp-content\\\/uploads\\\/2024\\\/10\\\/draytek-vigorap-1062c-1.webp\",\"datePublished\":\"2024-02-20T12:20:20+00:00\",\"dateModified\":\"2026-05-03T02:02:30+00:00\",\"breadcrumb\":{\"@id\":\"https:\\\/\\\/shop.compulab.pt\\\/pt-pt\\\/produto\\\/draytek-vigorap-1062c\\\/#breadcrumb\"},\"inLanguage\":\"pt-PT\",\"potentialAction\":[{\"@type\":\"ReadAction\",\"target\":[\"https:\\\/\\\/shop.compulab.pt\\\/pt-pt\\\/produto\\\/draytek-vigorap-1062c\\\/\"]}]},{\"@type\":\"ImageObject\",\"inLanguage\":\"pt-PT\",\"@id\":\"https:\\\/\\\/shop.compulab.pt\\\/pt-pt\\\/produto\\\/draytek-vigorap-1062c\\\/#primaryimage\",\"url\":\"https:\\\/\\\/shop.compulab.pt\\\/wp-content\\\/uploads\\\/2024\\\/10\\\/draytek-vigorap-1062c-1.webp\",\"contentUrl\":\"https:\\\/\\\/shop.compulab.pt\\\/wp-content\\\/uploads\\\/2024\\\/10\\\/draytek-vigorap-1062c-1.webp\",\"width\":1200,\"height\":1200,\"caption\":\"DRAYTEK VigorAP 1062C\"},{\"@type\":\"BreadcrumbList\",\"@id\":\"https:\\\/\\\/shop.compulab.pt\\\/pt-pt\\\/produto\\\/draytek-vigorap-1062c\\\/#breadcrumb\",\"itemListElement\":[{\"@type\":\"ListItem\",\"position\":1,\"name\":\"Loja\",\"item\":\"https:\\\/\\\/draytek.compulab.pt\\\/pt-pt\\\/loja\\\/\"},{\"@type\":\"ListItem\",\"position\":2,\"name\":\"DRAYTEK VigorAP 1062C\"}]},{\"@type\":\"WebSite\",\"@id\":\"https:\\\/\\\/shop.compulab.pt\\\/pt-pt\\\/#website\",\"url\":\"https:\\\/\\\/shop.compulab.pt\\\/pt-pt\\\/\",\"name\":\"Loja Compulab\",\"description\":\"Loja online da Compulab\",\"potentialAction\":[{\"@type\":\"SearchAction\",\"target\":{\"@type\":\"EntryPoint\",\"urlTemplate\":\"https:\\\/\\\/shop.compulab.pt\\\/pt-pt\\\/?s={search_term_string}\"},\"query-input\":{\"@type\":\"PropertyValueSpecification\",\"valueRequired\":true,\"valueName\":\"search_term_string\"}}],\"inLanguage\":\"pt-PT\"}]}<\/script>\n<!-- \/ Yoast SEO plugin. -->","yoast_head_json":{"title":"DRAYTEK VigorAP 1062C - Loja Compulab","robots":{"index":"index","follow":"follow","max-snippet":"max-snippet:-1","max-image-preview":"max-image-preview:large","max-video-preview":"max-video-preview:-1"},"canonical":"https:\/\/shop.compulab.pt\/pt-pt\/produto\/draytek-vigorap-1062c\/","og_locale":"pt_PT","og_type":"article","og_title":"DRAYTEK VigorAP 1062C - Loja Compulab","og_description":"AP 1062c AX6000 VigorAP 1062C \u00e9 um ponto de acesso WiFi6 de banda dupla de alto desempenho, oferecendo 1,2 Gbps","og_url":"https:\/\/shop.compulab.pt\/pt-pt\/produto\/draytek-vigorap-1062c\/","og_site_name":"Loja Compulab","article_publisher":"https:\/\/www.facebook.com\/Compulab.pt\/","article_modified_time":"2026-05-03T02:02:30+00:00","og_image":[{"width":1200,"height":1200,"url":"https:\/\/shop.compulab.pt\/wp-content\/uploads\/2024\/02\/draytek-vigorap-1062c.webp","type":"image\/webp"}],"twitter_card":"summary_large_image","twitter_misc":{"Tempo estimado de leitura":"1 minuto"},"schema":{"@context":"https:\/\/schema.org","@graph":[{"@type":"WebPage","@id":"https:\/\/shop.compulab.pt\/pt-pt\/produto\/draytek-vigorap-1062c\/","url":"https:\/\/shop.compulab.pt\/pt-pt\/produto\/draytek-vigorap-1062c\/","name":"DRAYTEK VigorAP 1062C - Loja Compulab","isPartOf":{"@id":"https:\/\/shop.compulab.pt\/pt-pt\/#website"},"primaryImageOfPage":{"@id":"https:\/\/shop.compulab.pt\/pt-pt\/produto\/draytek-vigorap-1062c\/#primaryimage"},"image":{"@id":"https:\/\/shop.compulab.pt\/pt-pt\/produto\/draytek-vigorap-1062c\/#primaryimage"},"thumbnailUrl":"https:\/\/shop.compulab.pt\/wp-content\/uploads\/2024\/10\/draytek-vigorap-1062c-1.webp","datePublished":"2024-02-20T12:20:20+00:00","dateModified":"2026-05-03T02:02:30+00:00","breadcrumb":{"@id":"https:\/\/shop.compulab.pt\/pt-pt\/produto\/draytek-vigorap-1062c\/#breadcrumb"},"inLanguage":"pt-PT","potentialAction":[{"@type":"ReadAction","target":["https:\/\/shop.compulab.pt\/pt-pt\/produto\/draytek-vigorap-1062c\/"]}]},{"@type":"ImageObject","inLanguage":"pt-PT","@id":"https:\/\/shop.compulab.pt\/pt-pt\/produto\/draytek-vigorap-1062c\/#primaryimage","url":"https:\/\/shop.compulab.pt\/wp-content\/uploads\/2024\/10\/draytek-vigorap-1062c-1.webp","contentUrl":"https:\/\/shop.compulab.pt\/wp-content\/uploads\/2024\/10\/draytek-vigorap-1062c-1.webp","width":1200,"height":1200,"caption":"DRAYTEK VigorAP 1062C"},{"@type":"BreadcrumbList","@id":"https:\/\/shop.compulab.pt\/pt-pt\/produto\/draytek-vigorap-1062c\/#breadcrumb","itemListElement":[{"@type":"ListItem","position":1,"name":"Loja","item":"https:\/\/draytek.compulab.pt\/pt-pt\/loja\/"},{"@type":"ListItem","position":2,"name":"DRAYTEK VigorAP 1062C"}]},{"@type":"WebSite","@id":"https:\/\/shop.compulab.pt\/pt-pt\/#website","url":"https:\/\/shop.compulab.pt\/pt-pt\/","name":"Loja Compulab","description":"Loja online da Compulab","potentialAction":[{"@type":"SearchAction","target":{"@type":"EntryPoint","urlTemplate":"https:\/\/shop.compulab.pt\/pt-pt\/?s={search_term_string}"},"query-input":{"@type":"PropertyValueSpecification","valueRequired":true,"valueName":"search_term_string"}}],"inLanguage":"pt-PT"}]}},"_links":{"self":[{"href":"https:\/\/shop.compulab.pt\/pt-pt\/wp-json\/wp\/v2\/product\/16646","targetHints":{"allow":["GET"]}}],"collection":[{"href":"https:\/\/shop.compulab.pt\/pt-pt\/wp-json\/wp\/v2\/product"}],"about":[{"href":"https:\/\/shop.compulab.pt\/pt-pt\/wp-json\/wp\/v2\/types\/product"}],"version-history":[{"count":0,"href":"https:\/\/shop.compulab.pt\/pt-pt\/wp-json\/wp\/v2\/product\/16646\/revisions"}],"wp:featuredmedia":[{"embeddable":true,"href":"https:\/\/shop.compulab.pt\/pt-pt\/wp-json\/wp\/v2\/media\/16938"}],"wp:attachment":[{"href":"https:\/\/shop.compulab.pt\/pt-pt\/wp-json\/wp\/v2\/media?parent=16646"}],"wp:term":[{"taxonomy":"product_brand","embeddable":true,"href":"https:\/\/shop.compulab.pt\/pt-pt\/wp-json\/wp\/v2\/product_brand?post=16646"},{"taxonomy":"product_cat","embeddable":true,"href":"https:\/\/shop.compulab.pt\/pt-pt\/wp-json\/wp\/v2\/product_cat?post=16646"},{"taxonomy":"product_tag","embeddable":true,"href":"https:\/\/shop.compulab.pt\/pt-pt\/wp-json\/wp\/v2\/product_tag?post=16646"}],"curies":[{"name":"wp","href":"https:\/\/api.w.org\/{rel}","templated":true}]}}