{"id":16501,"date":"2023-12-27T17:13:54","date_gmt":"2023-12-27T17:13:54","guid":{"rendered":"https:\/\/shop.compulab.pt\/?post_type=product&#038;p=16501"},"modified":"2026-04-16T03:01:58","modified_gmt":"2026-04-16T02:01:58","slug":"router-draytek-vigor-3912s","status":"publish","type":"product","link":"https:\/\/shop.compulab.pt\/pt-pt\/produto\/router-draytek-vigor-3912s\/","title":{"rendered":"ROUTER DRAYTEK VIGOR 3912S"},"content":{"rendered":"<p>O Vigor3912 foi concebido para redes exigentes em termos de largura de banda, com um\u00a0<strong>CPU Quad-Core de 2GHz permitindo liga\u00e7\u00f5es r\u00e1pidas<\/strong>, mesmo com v\u00e1rios dispositivos ligados. O router possui\u00a0<strong>8 interfaces Ethernet-WAN<\/strong>,\u00a0<strong>2 interfaces SFP+ (10G)<\/strong>\u00a0para conectividade de fibra,\u00a0<strong>2 portas Ethernet 2.5G (RJ-45)<\/strong>\u00a0e\u00a0<strong>4 portas Gigabit Ethernet (RJ-45)<\/strong>, d\u00e1-lhe uma capacidade de\u00a0<strong>throughput NAT at\u00e9 15.6 Gbps<\/strong>. Todas as portas WAN s\u00e3o comut\u00e1veis entre WAN e LAN para permitir ao administrador de rede a flexibilidade necess\u00e1ria para tirar o m\u00e1ximo partido do router.<\/p>\n<p>O Vigor3912 pode funcionar como um servidor VPN para estabelecer liga\u00e7\u00f5es\u00a0<strong>VPN LAN-to-LAN<\/strong>\u00a0(at\u00e9 500 t\u00faneis) ou liga\u00e7\u00f5es\u00a0<strong>VPN remotas por Teleworker<\/strong>. Inclui funcionalidades avan\u00e7adas para PMEs, como a\u00a0<strong>autentica\u00e7\u00e3o de utilizadores VPN<\/strong>\u00a0via servidor\u00a0<strong>AD\/LDAP<\/strong>,\u00a0<strong>autentica\u00e7\u00e3o de dois factores<\/strong>\u00a0<strong>(2FA)\u00a0<\/strong>e\u00a0<strong>VPN a partir da LAN<\/strong>, garantindo uma rede VPN mais segura e eficiente.<\/p>\n<p>O modelo <strong>Vigor3912S<\/strong> vem equipado com armazenamento interno<strong> SSD de 256GB,<\/strong> suportando aplica\u00e7\u00f5es Linux via Docker (<strong>AdGuard Home<\/strong>,\u00a0<strong>Suricata<\/strong>\u00a0e\u00a0<strong>VigorConnect<\/strong>\u00a0s\u00e3o suportados). Esta funcionalidade permite que os utilizadores instalem e executem sem esfor\u00e7o softwares poderosos diretamente no Vigor3912S, eliminando a necessidade de instalar computadores adicionais para instalar servidores.<\/p>\n","protected":false},"excerpt":{"rendered":"<ul>\n<li>Multi-WAN Security Appliance Router com 8 portas Gigabit-WAN\/LAN (2x 1G\/10G SFP+, 2x 1G\/2.5G) (permite elevados throughputs at\u00e9 10G)<\/li>\n<li>Compat\u00edvel com liga\u00e7\u00e3o Cabo, ADSL ou Fibra, com 4 portas Gigabit-LAN<\/li>\n<li>Com SSD 256GB\u00a0 integrado<\/li>\n<li>2 Portas USB 3.0 para HDD ou Term\u00f3metro<\/li>\n<li>Firewall Robusto (SPI), QoS, Load-Balancing\/Redundancy, HA (Alta Disponibilidade, Content Filtering, Multi-Subnet LAN (50 redes) e Tag Based VLAN (802.1q)<\/li>\n<li>Configura\u00e7\u00e3o\/Manuten\u00e7\u00e3o por Web e Telnet<\/li>\n<li>Cliente \/ Servidor VPN PPTP,L2TP,IPsec,L2TP\/IPsec,GRE,IKEv2,IPsec-XAuth, WureGuard (500 t\u00faneis), OpenVPN e SSL VPN (200 t\u00faneis)<\/li>\n<li>Suporte IPv6. ( Inclui Rack Mount Bracket) (sem modem incorporado)<\/li>\n<\/ul>\n","protected":false},"featured_media":16802,"template":"","meta":[],"product_brand":[],"product_cat":[935],"product_tag":[1213,1222],"class_list":{"0":"post-16501","1":"product","2":"type-product","3":"status-publish","4":"has-post-thumbnail","6":"product_cat-routers-broadband","7":"product_tag-3912vigor3912","8":"product_tag-vigor3912s-vigor3912-3912","9":"pa_marca-draytek","10":"pa_marca-pa_marca","12":"first","13":"onbackorder","14":"taxable","15":"shipping-taxable","16":"purchasable","17":"product-type-simple"},"yoast_head":"<!-- This site is optimized with the Yoast SEO plugin v27.4 - https:\/\/yoast.com\/product\/yoast-seo-wordpress\/ -->\n<title>ROUTER DRAYTEK VIGOR 3912S - Loja Compulab<\/title>\n<meta name=\"robots\" content=\"index, follow, max-snippet:-1, max-image-preview:large, max-video-preview:-1\" \/>\n<link rel=\"canonical\" href=\"https:\/\/shop.compulab.pt\/pt-pt\/produto\/router-draytek-vigor-3912s\/\" \/>\n<meta property=\"og:locale\" content=\"pt_PT\" \/>\n<meta property=\"og:type\" content=\"article\" \/>\n<meta property=\"og:title\" content=\"ROUTER DRAYTEK VIGOR 3912S - Loja Compulab\" \/>\n<meta property=\"og:description\" content=\"Multi-WAN Security Appliance Router com 8 portas Gigabit-WAN\/LAN (2x 1G\/10G SFP+, 2x 1G\/2.5G) (permite elevados throughputs at\u00e9 10G)  Compat\u00edvel com liga\u00e7\u00e3o Cabo, ADSL ou Fibra, com 4 portas Gigabit-LAN  Com SSD 256GB\u00a0 integrado  2 Portas USB 3.0 para HDD ou Term\u00f3metro  Firewall Robusto (SPI), QoS, Load-Balancing\/Redundancy, HA (Alta Disponibilidade, Content Filtering, Multi-Subnet LAN (50 redes) e Tag Based VLAN (802.1q)  Configura\u00e7\u00e3o\/Manuten\u00e7\u00e3o por Web e Telnet  Cliente \/ Servidor VPN PPTP,L2TP,IPsec,L2TP\/IPsec,GRE,IKEv2,IPsec-XAuth, WureGuard (500 t\u00faneis), OpenVPN e SSL VPN (200 t\u00faneis)  Suporte IPv6. ( Inclui Rack Mount Bracket) (sem modem incorporado)\" \/>\n<meta property=\"og:url\" content=\"https:\/\/shop.compulab.pt\/pt-pt\/produto\/router-draytek-vigor-3912s\/\" \/>\n<meta property=\"og:site_name\" content=\"Loja Compulab\" \/>\n<meta property=\"article:publisher\" content=\"https:\/\/www.facebook.com\/Compulab.pt\/\" \/>\n<meta property=\"article:modified_time\" content=\"2026-04-16T02:01:58+00:00\" \/>\n<meta property=\"og:image\" content=\"https:\/\/shop.compulab.pt\/wp-content\/uploads\/2024\/03\/router-draytek-vigor-3912s.webp\" \/>\n\t<meta property=\"og:image:width\" content=\"1200\" \/>\n\t<meta property=\"og:image:height\" content=\"1200\" \/>\n\t<meta property=\"og:image:type\" content=\"image\/webp\" \/>\n<meta name=\"twitter:card\" content=\"summary_large_image\" \/>\n<meta name=\"twitter:label1\" content=\"Tempo estimado de leitura\" \/>\n\t<meta name=\"twitter:data1\" content=\"2 minutos\" \/>\n<script type=\"application\/ld+json\" class=\"yoast-schema-graph\">{\"@context\":\"https:\\\/\\\/schema.org\",\"@graph\":[{\"@type\":\"WebPage\",\"@id\":\"https:\\\/\\\/shop.compulab.pt\\\/pt-pt\\\/produto\\\/router-draytek-vigor-3912s\\\/\",\"url\":\"https:\\\/\\\/shop.compulab.pt\\\/pt-pt\\\/produto\\\/router-draytek-vigor-3912s\\\/\",\"name\":\"ROUTER DRAYTEK VIGOR 3912S - Loja Compulab\",\"isPartOf\":{\"@id\":\"https:\\\/\\\/shop.compulab.pt\\\/pt-pt\\\/#website\"},\"primaryImageOfPage\":{\"@id\":\"https:\\\/\\\/shop.compulab.pt\\\/pt-pt\\\/produto\\\/router-draytek-vigor-3912s\\\/#primaryimage\"},\"image\":{\"@id\":\"https:\\\/\\\/shop.compulab.pt\\\/pt-pt\\\/produto\\\/router-draytek-vigor-3912s\\\/#primaryimage\"},\"thumbnailUrl\":\"https:\\\/\\\/shop.compulab.pt\\\/wp-content\\\/uploads\\\/2024\\\/03\\\/router-draytek-vigor-3912s.webp\",\"datePublished\":\"2023-12-27T17:13:54+00:00\",\"dateModified\":\"2026-04-16T02:01:58+00:00\",\"breadcrumb\":{\"@id\":\"https:\\\/\\\/shop.compulab.pt\\\/pt-pt\\\/produto\\\/router-draytek-vigor-3912s\\\/#breadcrumb\"},\"inLanguage\":\"pt-PT\",\"potentialAction\":[{\"@type\":\"ReadAction\",\"target\":[\"https:\\\/\\\/shop.compulab.pt\\\/pt-pt\\\/produto\\\/router-draytek-vigor-3912s\\\/\"]}]},{\"@type\":\"ImageObject\",\"inLanguage\":\"pt-PT\",\"@id\":\"https:\\\/\\\/shop.compulab.pt\\\/pt-pt\\\/produto\\\/router-draytek-vigor-3912s\\\/#primaryimage\",\"url\":\"https:\\\/\\\/shop.compulab.pt\\\/wp-content\\\/uploads\\\/2024\\\/03\\\/router-draytek-vigor-3912s.webp\",\"contentUrl\":\"https:\\\/\\\/shop.compulab.pt\\\/wp-content\\\/uploads\\\/2024\\\/03\\\/router-draytek-vigor-3912s.webp\",\"width\":1200,\"height\":1200,\"caption\":\"ROUTER DRAYTEK VIGOR 3912S\"},{\"@type\":\"BreadcrumbList\",\"@id\":\"https:\\\/\\\/shop.compulab.pt\\\/pt-pt\\\/produto\\\/router-draytek-vigor-3912s\\\/#breadcrumb\",\"itemListElement\":[{\"@type\":\"ListItem\",\"position\":1,\"name\":\"Loja\",\"item\":\"https:\\\/\\\/draytek.compulab.pt\\\/pt-pt\\\/loja\\\/\"},{\"@type\":\"ListItem\",\"position\":2,\"name\":\"ROUTER DRAYTEK VIGOR 3912S\"}]},{\"@type\":\"WebSite\",\"@id\":\"https:\\\/\\\/shop.compulab.pt\\\/pt-pt\\\/#website\",\"url\":\"https:\\\/\\\/shop.compulab.pt\\\/pt-pt\\\/\",\"name\":\"Loja Compulab\",\"description\":\"Loja online da Compulab\",\"potentialAction\":[{\"@type\":\"SearchAction\",\"target\":{\"@type\":\"EntryPoint\",\"urlTemplate\":\"https:\\\/\\\/shop.compulab.pt\\\/pt-pt\\\/?s={search_term_string}\"},\"query-input\":{\"@type\":\"PropertyValueSpecification\",\"valueRequired\":true,\"valueName\":\"search_term_string\"}}],\"inLanguage\":\"pt-PT\"}]}<\/script>\n<!-- \/ Yoast SEO plugin. -->","yoast_head_json":{"title":"ROUTER DRAYTEK VIGOR 3912S - Loja Compulab","robots":{"index":"index","follow":"follow","max-snippet":"max-snippet:-1","max-image-preview":"max-image-preview:large","max-video-preview":"max-video-preview:-1"},"canonical":"https:\/\/shop.compulab.pt\/pt-pt\/produto\/router-draytek-vigor-3912s\/","og_locale":"pt_PT","og_type":"article","og_title":"ROUTER DRAYTEK VIGOR 3912S - Loja Compulab","og_description":"Multi-WAN Security Appliance Router com 8 portas Gigabit-WAN\/LAN (2x 1G\/10G SFP+, 2x 1G\/2.5G) (permite elevados throughputs at\u00e9 10G)  Compat\u00edvel com liga\u00e7\u00e3o Cabo, ADSL ou Fibra, com 4 portas Gigabit-LAN  Com SSD 256GB\u00a0 integrado  2 Portas USB 3.0 para HDD ou Term\u00f3metro  Firewall Robusto (SPI), QoS, Load-Balancing\/Redundancy, HA (Alta Disponibilidade, Content Filtering, Multi-Subnet LAN (50 redes) e Tag Based VLAN (802.1q)  Configura\u00e7\u00e3o\/Manuten\u00e7\u00e3o por Web e Telnet  Cliente \/ Servidor VPN PPTP,L2TP,IPsec,L2TP\/IPsec,GRE,IKEv2,IPsec-XAuth, WureGuard (500 t\u00faneis), OpenVPN e SSL VPN (200 t\u00faneis)  Suporte IPv6. ( Inclui Rack Mount Bracket) (sem modem incorporado)","og_url":"https:\/\/shop.compulab.pt\/pt-pt\/produto\/router-draytek-vigor-3912s\/","og_site_name":"Loja Compulab","article_publisher":"https:\/\/www.facebook.com\/Compulab.pt\/","article_modified_time":"2026-04-16T02:01:58+00:00","og_image":[{"width":1200,"height":1200,"url":"https:\/\/shop.compulab.pt\/wp-content\/uploads\/2024\/03\/router-draytek-vigor-3912s.webp","type":"image\/webp"}],"twitter_card":"summary_large_image","twitter_misc":{"Tempo estimado de leitura":"2 minutos"},"schema":{"@context":"https:\/\/schema.org","@graph":[{"@type":"WebPage","@id":"https:\/\/shop.compulab.pt\/pt-pt\/produto\/router-draytek-vigor-3912s\/","url":"https:\/\/shop.compulab.pt\/pt-pt\/produto\/router-draytek-vigor-3912s\/","name":"ROUTER DRAYTEK VIGOR 3912S - Loja Compulab","isPartOf":{"@id":"https:\/\/shop.compulab.pt\/pt-pt\/#website"},"primaryImageOfPage":{"@id":"https:\/\/shop.compulab.pt\/pt-pt\/produto\/router-draytek-vigor-3912s\/#primaryimage"},"image":{"@id":"https:\/\/shop.compulab.pt\/pt-pt\/produto\/router-draytek-vigor-3912s\/#primaryimage"},"thumbnailUrl":"https:\/\/shop.compulab.pt\/wp-content\/uploads\/2024\/03\/router-draytek-vigor-3912s.webp","datePublished":"2023-12-27T17:13:54+00:00","dateModified":"2026-04-16T02:01:58+00:00","breadcrumb":{"@id":"https:\/\/shop.compulab.pt\/pt-pt\/produto\/router-draytek-vigor-3912s\/#breadcrumb"},"inLanguage":"pt-PT","potentialAction":[{"@type":"ReadAction","target":["https:\/\/shop.compulab.pt\/pt-pt\/produto\/router-draytek-vigor-3912s\/"]}]},{"@type":"ImageObject","inLanguage":"pt-PT","@id":"https:\/\/shop.compulab.pt\/pt-pt\/produto\/router-draytek-vigor-3912s\/#primaryimage","url":"https:\/\/shop.compulab.pt\/wp-content\/uploads\/2024\/03\/router-draytek-vigor-3912s.webp","contentUrl":"https:\/\/shop.compulab.pt\/wp-content\/uploads\/2024\/03\/router-draytek-vigor-3912s.webp","width":1200,"height":1200,"caption":"ROUTER DRAYTEK VIGOR 3912S"},{"@type":"BreadcrumbList","@id":"https:\/\/shop.compulab.pt\/pt-pt\/produto\/router-draytek-vigor-3912s\/#breadcrumb","itemListElement":[{"@type":"ListItem","position":1,"name":"Loja","item":"https:\/\/draytek.compulab.pt\/pt-pt\/loja\/"},{"@type":"ListItem","position":2,"name":"ROUTER DRAYTEK VIGOR 3912S"}]},{"@type":"WebSite","@id":"https:\/\/shop.compulab.pt\/pt-pt\/#website","url":"https:\/\/shop.compulab.pt\/pt-pt\/","name":"Loja Compulab","description":"Loja online da Compulab","potentialAction":[{"@type":"SearchAction","target":{"@type":"EntryPoint","urlTemplate":"https:\/\/shop.compulab.pt\/pt-pt\/?s={search_term_string}"},"query-input":{"@type":"PropertyValueSpecification","valueRequired":true,"valueName":"search_term_string"}}],"inLanguage":"pt-PT"}]}},"_links":{"self":[{"href":"https:\/\/shop.compulab.pt\/pt-pt\/wp-json\/wp\/v2\/product\/16501","targetHints":{"allow":["GET"]}}],"collection":[{"href":"https:\/\/shop.compulab.pt\/pt-pt\/wp-json\/wp\/v2\/product"}],"about":[{"href":"https:\/\/shop.compulab.pt\/pt-pt\/wp-json\/wp\/v2\/types\/product"}],"version-history":[{"count":4,"href":"https:\/\/shop.compulab.pt\/pt-pt\/wp-json\/wp\/v2\/product\/16501\/revisions"}],"predecessor-version":[{"id":17159,"href":"https:\/\/shop.compulab.pt\/pt-pt\/wp-json\/wp\/v2\/product\/16501\/revisions\/17159"}],"wp:featuredmedia":[{"embeddable":true,"href":"https:\/\/shop.compulab.pt\/pt-pt\/wp-json\/wp\/v2\/media\/16802"}],"wp:attachment":[{"href":"https:\/\/shop.compulab.pt\/pt-pt\/wp-json\/wp\/v2\/media?parent=16501"}],"wp:term":[{"taxonomy":"product_brand","embeddable":true,"href":"https:\/\/shop.compulab.pt\/pt-pt\/wp-json\/wp\/v2\/product_brand?post=16501"},{"taxonomy":"product_cat","embeddable":true,"href":"https:\/\/shop.compulab.pt\/pt-pt\/wp-json\/wp\/v2\/product_cat?post=16501"},{"taxonomy":"product_tag","embeddable":true,"href":"https:\/\/shop.compulab.pt\/pt-pt\/wp-json\/wp\/v2\/product_tag?post=16501"}],"curies":[{"name":"wp","href":"https:\/\/api.w.org\/{rel}","templated":true}]}}