{"id":16497,"date":"2023-12-27T17:13:54","date_gmt":"2023-12-27T17:13:54","guid":{"rendered":"https:\/\/shop.compulab.pt\/?post_type=product&#038;p=16497"},"modified":"2026-05-03T03:02:13","modified_gmt":"2026-05-03T02:02:13","slug":"draytek-vigorswitch-p2542xh","status":"publish","type":"product","link":"https:\/\/shop.compulab.pt\/pt-pt\/produto\/draytek-vigorswitch-p2542xh\/","title":{"rendered":"DRAYTEK VIGORSWITCH P2542XH"},"content":{"rendered":"<p><span dir=\"auto\">O switch DrayTek VigorSwitch P2542xh possui 48 portas LAN Gigabit Ethernet e 6 links de fibra \u00f3ptica SFP+ de 10 Gbps. A capacidade PoE+ integrada oferece um or\u00e7amento de energia total de 680 watts, combinada com recursos de agendamento PoE e monitoramento de prioridade para garantir a opera\u00e7\u00e3o confi\u00e1vel dos dispositivos conectados. A entrada dupla de energia CC e CA proporciona maior flexibilidade para diversas implementa\u00e7\u00f5es.<\/span><\/p>\n<p><span dir=\"auto\">Com suporte a recursos avan\u00e7ados de Camada 3, incluindo servidor DHCP e roteamento de VLAN, o VigorSwitch P2542xh aprimora a efici\u00eancia da rede e garante que sua LAN continue operando mesmo quando o gateway estiver offline, tornando-o um switch central ideal para PMEs.<\/span><\/p>\n","protected":false},"excerpt":{"rendered":"<p>48 Portas Giga PoE+ RJ-45 (802.3aF e 802.3aT, at\u00e9 30W\/porta e 680W total) com 6 Portas 10G SFP+.<\/p>\n<p>Gest\u00e3o Layer 2+ (IPv6 ,QoS, VLAN, Voice VLAN, Port Trunking, Servidor DHCP, VLAN Routing, Static Route), OpenFlow 1.3.<\/p>\n<p>Inclui Rack Mount Bracket.<\/p>\n","protected":false},"featured_media":18788,"template":"","meta":[],"product_brand":[],"product_cat":[939],"product_tag":[],"class_list":{"0":"post-16497","1":"product","2":"type-product","3":"status-publish","4":"has-post-thumbnail","6":"product_cat-switches-draytek","7":"pa_marca-draytek","8":"pa_marca-pa_marca","10":"first","11":"onbackorder","12":"taxable","13":"shipping-taxable","14":"purchasable","15":"product-type-simple"},"yoast_head":"<!-- This site is optimized with the Yoast SEO plugin v27.4 - https:\/\/yoast.com\/product\/yoast-seo-wordpress\/ -->\n<title>DRAYTEK VIGORSWITCH P2542XH - Loja Compulab<\/title>\n<meta name=\"robots\" content=\"index, follow, max-snippet:-1, max-image-preview:large, max-video-preview:-1\" \/>\n<link rel=\"canonical\" href=\"https:\/\/shop.compulab.pt\/pt-pt\/produto\/draytek-vigorswitch-p2542xh\/\" \/>\n<meta property=\"og:locale\" content=\"pt_PT\" \/>\n<meta property=\"og:type\" content=\"article\" \/>\n<meta property=\"og:title\" content=\"DRAYTEK VIGORSWITCH P2542XH - Loja Compulab\" \/>\n<meta property=\"og:description\" content=\"48 Portas Giga PoE+ RJ-45 (802.3aF e 802.3aT, at\u00e9 30W\/porta e 680W total) com 6 Portas 10G SFP+.  Gest\u00e3o Layer 2+ (IPv6 ,QoS, VLAN, Voice VLAN, Port Trunking, Servidor DHCP, VLAN Routing, Static Route), OpenFlow 1.3.  Inclui Rack Mount Bracket.\" \/>\n<meta property=\"og:url\" content=\"https:\/\/shop.compulab.pt\/pt-pt\/produto\/draytek-vigorswitch-p2542xh\/\" \/>\n<meta property=\"og:site_name\" content=\"Loja Compulab\" \/>\n<meta property=\"article:publisher\" content=\"https:\/\/www.facebook.com\/Compulab.pt\/\" \/>\n<meta property=\"article:modified_time\" content=\"2026-05-03T02:02:13+00:00\" \/>\n<meta property=\"og:image\" content=\"https:\/\/shop.compulab.pt\/wp-content\/uploads\/2023\/12\/10700700840.png\" \/>\n\t<meta property=\"og:image:width\" content=\"1500\" \/>\n\t<meta property=\"og:image:height\" content=\"1125\" \/>\n\t<meta property=\"og:image:type\" content=\"image\/png\" \/>\n<meta name=\"twitter:card\" content=\"summary_large_image\" \/>\n<meta name=\"twitter:label1\" content=\"Tempo estimado de leitura\" \/>\n\t<meta name=\"twitter:data1\" content=\"1 minuto\" \/>\n<script type=\"application\/ld+json\" class=\"yoast-schema-graph\">{\"@context\":\"https:\\\/\\\/schema.org\",\"@graph\":[{\"@type\":\"WebPage\",\"@id\":\"https:\\\/\\\/shop.compulab.pt\\\/pt-pt\\\/produto\\\/draytek-vigorswitch-p2542xh\\\/\",\"url\":\"https:\\\/\\\/shop.compulab.pt\\\/pt-pt\\\/produto\\\/draytek-vigorswitch-p2542xh\\\/\",\"name\":\"DRAYTEK VIGORSWITCH P2542XH - Loja Compulab\",\"isPartOf\":{\"@id\":\"https:\\\/\\\/shop.compulab.pt\\\/pt-pt\\\/#website\"},\"primaryImageOfPage\":{\"@id\":\"https:\\\/\\\/shop.compulab.pt\\\/pt-pt\\\/produto\\\/draytek-vigorswitch-p2542xh\\\/#primaryimage\"},\"image\":{\"@id\":\"https:\\\/\\\/shop.compulab.pt\\\/pt-pt\\\/produto\\\/draytek-vigorswitch-p2542xh\\\/#primaryimage\"},\"thumbnailUrl\":\"https:\\\/\\\/shop.compulab.pt\\\/wp-content\\\/uploads\\\/2026\\\/04\\\/draytek-vigorswitch-p2542xh-1.webp\",\"datePublished\":\"2023-12-27T17:13:54+00:00\",\"dateModified\":\"2026-05-03T02:02:13+00:00\",\"breadcrumb\":{\"@id\":\"https:\\\/\\\/shop.compulab.pt\\\/pt-pt\\\/produto\\\/draytek-vigorswitch-p2542xh\\\/#breadcrumb\"},\"inLanguage\":\"pt-PT\",\"potentialAction\":[{\"@type\":\"ReadAction\",\"target\":[\"https:\\\/\\\/shop.compulab.pt\\\/pt-pt\\\/produto\\\/draytek-vigorswitch-p2542xh\\\/\"]}]},{\"@type\":\"ImageObject\",\"inLanguage\":\"pt-PT\",\"@id\":\"https:\\\/\\\/shop.compulab.pt\\\/pt-pt\\\/produto\\\/draytek-vigorswitch-p2542xh\\\/#primaryimage\",\"url\":\"https:\\\/\\\/shop.compulab.pt\\\/wp-content\\\/uploads\\\/2026\\\/04\\\/draytek-vigorswitch-p2542xh-1.webp\",\"contentUrl\":\"https:\\\/\\\/shop.compulab.pt\\\/wp-content\\\/uploads\\\/2026\\\/04\\\/draytek-vigorswitch-p2542xh-1.webp\",\"width\":1500,\"height\":1500,\"caption\":\"DRAYTEK VIGORSWITCH P2542XH\"},{\"@type\":\"BreadcrumbList\",\"@id\":\"https:\\\/\\\/shop.compulab.pt\\\/pt-pt\\\/produto\\\/draytek-vigorswitch-p2542xh\\\/#breadcrumb\",\"itemListElement\":[{\"@type\":\"ListItem\",\"position\":1,\"name\":\"Loja\",\"item\":\"https:\\\/\\\/draytek.compulab.pt\\\/pt-pt\\\/loja\\\/\"},{\"@type\":\"ListItem\",\"position\":2,\"name\":\"DRAYTEK VIGORSWITCH P2542XH\"}]},{\"@type\":\"WebSite\",\"@id\":\"https:\\\/\\\/shop.compulab.pt\\\/pt-pt\\\/#website\",\"url\":\"https:\\\/\\\/shop.compulab.pt\\\/pt-pt\\\/\",\"name\":\"Loja Compulab\",\"description\":\"Loja online da Compulab\",\"potentialAction\":[{\"@type\":\"SearchAction\",\"target\":{\"@type\":\"EntryPoint\",\"urlTemplate\":\"https:\\\/\\\/shop.compulab.pt\\\/pt-pt\\\/?s={search_term_string}\"},\"query-input\":{\"@type\":\"PropertyValueSpecification\",\"valueRequired\":true,\"valueName\":\"search_term_string\"}}],\"inLanguage\":\"pt-PT\"}]}<\/script>\n<!-- \/ Yoast SEO plugin. -->","yoast_head_json":{"title":"DRAYTEK VIGORSWITCH P2542XH - Loja Compulab","robots":{"index":"index","follow":"follow","max-snippet":"max-snippet:-1","max-image-preview":"max-image-preview:large","max-video-preview":"max-video-preview:-1"},"canonical":"https:\/\/shop.compulab.pt\/pt-pt\/produto\/draytek-vigorswitch-p2542xh\/","og_locale":"pt_PT","og_type":"article","og_title":"DRAYTEK VIGORSWITCH P2542XH - Loja Compulab","og_description":"48 Portas Giga PoE+ RJ-45 (802.3aF e 802.3aT, at\u00e9 30W\/porta e 680W total) com 6 Portas 10G SFP+.  Gest\u00e3o Layer 2+ (IPv6 ,QoS, VLAN, Voice VLAN, Port Trunking, Servidor DHCP, VLAN Routing, Static Route), OpenFlow 1.3.  Inclui Rack Mount Bracket.","og_url":"https:\/\/shop.compulab.pt\/pt-pt\/produto\/draytek-vigorswitch-p2542xh\/","og_site_name":"Loja Compulab","article_publisher":"https:\/\/www.facebook.com\/Compulab.pt\/","article_modified_time":"2026-05-03T02:02:13+00:00","og_image":[{"width":1500,"height":1125,"url":"https:\/\/shop.compulab.pt\/wp-content\/uploads\/2023\/12\/10700700840.png","type":"image\/png"}],"twitter_card":"summary_large_image","twitter_misc":{"Tempo estimado de leitura":"1 minuto"},"schema":{"@context":"https:\/\/schema.org","@graph":[{"@type":"WebPage","@id":"https:\/\/shop.compulab.pt\/pt-pt\/produto\/draytek-vigorswitch-p2542xh\/","url":"https:\/\/shop.compulab.pt\/pt-pt\/produto\/draytek-vigorswitch-p2542xh\/","name":"DRAYTEK VIGORSWITCH P2542XH - Loja Compulab","isPartOf":{"@id":"https:\/\/shop.compulab.pt\/pt-pt\/#website"},"primaryImageOfPage":{"@id":"https:\/\/shop.compulab.pt\/pt-pt\/produto\/draytek-vigorswitch-p2542xh\/#primaryimage"},"image":{"@id":"https:\/\/shop.compulab.pt\/pt-pt\/produto\/draytek-vigorswitch-p2542xh\/#primaryimage"},"thumbnailUrl":"https:\/\/shop.compulab.pt\/wp-content\/uploads\/2026\/04\/draytek-vigorswitch-p2542xh-1.webp","datePublished":"2023-12-27T17:13:54+00:00","dateModified":"2026-05-03T02:02:13+00:00","breadcrumb":{"@id":"https:\/\/shop.compulab.pt\/pt-pt\/produto\/draytek-vigorswitch-p2542xh\/#breadcrumb"},"inLanguage":"pt-PT","potentialAction":[{"@type":"ReadAction","target":["https:\/\/shop.compulab.pt\/pt-pt\/produto\/draytek-vigorswitch-p2542xh\/"]}]},{"@type":"ImageObject","inLanguage":"pt-PT","@id":"https:\/\/shop.compulab.pt\/pt-pt\/produto\/draytek-vigorswitch-p2542xh\/#primaryimage","url":"https:\/\/shop.compulab.pt\/wp-content\/uploads\/2026\/04\/draytek-vigorswitch-p2542xh-1.webp","contentUrl":"https:\/\/shop.compulab.pt\/wp-content\/uploads\/2026\/04\/draytek-vigorswitch-p2542xh-1.webp","width":1500,"height":1500,"caption":"DRAYTEK VIGORSWITCH P2542XH"},{"@type":"BreadcrumbList","@id":"https:\/\/shop.compulab.pt\/pt-pt\/produto\/draytek-vigorswitch-p2542xh\/#breadcrumb","itemListElement":[{"@type":"ListItem","position":1,"name":"Loja","item":"https:\/\/draytek.compulab.pt\/pt-pt\/loja\/"},{"@type":"ListItem","position":2,"name":"DRAYTEK VIGORSWITCH P2542XH"}]},{"@type":"WebSite","@id":"https:\/\/shop.compulab.pt\/pt-pt\/#website","url":"https:\/\/shop.compulab.pt\/pt-pt\/","name":"Loja Compulab","description":"Loja online da Compulab","potentialAction":[{"@type":"SearchAction","target":{"@type":"EntryPoint","urlTemplate":"https:\/\/shop.compulab.pt\/pt-pt\/?s={search_term_string}"},"query-input":{"@type":"PropertyValueSpecification","valueRequired":true,"valueName":"search_term_string"}}],"inLanguage":"pt-PT"}]}},"_links":{"self":[{"href":"https:\/\/shop.compulab.pt\/pt-pt\/wp-json\/wp\/v2\/product\/16497","targetHints":{"allow":["GET"]}}],"collection":[{"href":"https:\/\/shop.compulab.pt\/pt-pt\/wp-json\/wp\/v2\/product"}],"about":[{"href":"https:\/\/shop.compulab.pt\/pt-pt\/wp-json\/wp\/v2\/types\/product"}],"version-history":[{"count":3,"href":"https:\/\/shop.compulab.pt\/pt-pt\/wp-json\/wp\/v2\/product\/16497\/revisions"}],"predecessor-version":[{"id":18779,"href":"https:\/\/shop.compulab.pt\/pt-pt\/wp-json\/wp\/v2\/product\/16497\/revisions\/18779"}],"wp:featuredmedia":[{"embeddable":true,"href":"https:\/\/shop.compulab.pt\/pt-pt\/wp-json\/wp\/v2\/media\/18788"}],"wp:attachment":[{"href":"https:\/\/shop.compulab.pt\/pt-pt\/wp-json\/wp\/v2\/media?parent=16497"}],"wp:term":[{"taxonomy":"product_brand","embeddable":true,"href":"https:\/\/shop.compulab.pt\/pt-pt\/wp-json\/wp\/v2\/product_brand?post=16497"},{"taxonomy":"product_cat","embeddable":true,"href":"https:\/\/shop.compulab.pt\/pt-pt\/wp-json\/wp\/v2\/product_cat?post=16497"},{"taxonomy":"product_tag","embeddable":true,"href":"https:\/\/shop.compulab.pt\/pt-pt\/wp-json\/wp\/v2\/product_tag?post=16497"}],"curies":[{"name":"wp","href":"https:\/\/api.w.org\/{rel}","templated":true}]}}