{"id":4439,"date":"2021-10-12T16:27:24","date_gmt":"2021-10-12T16:27:24","guid":{"rendered":"http:\/\/dummy.xtemos.com\/woodmart2\/elementor\/?page_id=4439"},"modified":"2026-02-13T15:46:46","modified_gmt":"2026-02-13T15:46:46","slug":"contactos","status":"publish","type":"page","link":"https:\/\/shop.compulab.pt\/pt-pt\/contactos\/","title":{"rendered":"Contactos"},"content":{"rendered":"\t\t<div data-elementor-type=\"wp-page\" data-elementor-id=\"4439\" class=\"elementor elementor-4439\">\n\t\t\t\t\t\t<section class=\"wd-negative-gap elementor-section elementor-top-section elementor-element elementor-element-1c9344a2 elementor-section-boxed elementor-section-height-default elementor-section-height-default\" data-id=\"1c9344a2\" data-element_type=\"section\" data-e-type=\"section\">\n\t\t\t\t\t\t<div class=\"elementor-container elementor-column-gap-default\">\n\t\t\t\t\t<div class=\"elementor-column elementor-col-50 elementor-top-column elementor-element elementor-element-a4e7846\" data-id=\"a4e7846\" data-element_type=\"column\" data-e-type=\"column\">\n\t\t\t<div class=\"elementor-widget-wrap elementor-element-populated\">\n\t\t\t\t\t\t<div class=\"elementor-element elementor-element-779d5db5 wd-width-100 elementor-widget elementor-widget-wd_title\" data-id=\"779d5db5\" data-element_type=\"widget\" data-e-type=\"widget\" data-widget_type=\"wd_title.default\">\n\t\t\t\t<div class=\"elementor-widget-container\">\n\t\t\t\t\t\t\t<div class=\"title-wrapper wd-set-mb reset-last-child wd-title-color-default wd-title-style-default wd-title-size-default text-left\">\n\n\t\t\t\t\t\t\t\t\t\t\t<div class=\"title-subtitle subtitle-color-default subtitle-style-default wd-fontsize-xs\">\n\t\t\t\t\tDADOS DE CONTACTO\t\t\t\t<\/div>\n\t\t\t\n\t\t\t<div class=\"liner-continer\">\n\t\t\t\t<h1 class=\"woodmart-title-container title wd-fontsize-l\">CONTACTOS<\/h1> \n\t\t\t\t\t\t\t<\/div>\n\n\t\t\t\t\t<\/div>\n\t\t\t\t\t\t<\/div>\n\t\t\t\t<\/div>\n\t\t\t\t<div class=\"elementor-element elementor-element-6003efe elementor-widget elementor-widget-wd_text_block\" data-id=\"6003efe\" data-element_type=\"widget\" data-e-type=\"widget\" data-widget_type=\"wd_text_block.default\">\n\t\t\t\t<div class=\"elementor-widget-container\">\n\t\t\t\t\t\t\t<div class=\"wd-text-block reset-last-child text-left\">\n\t\t\t\n\t\t\t<p><strong>COMPULAB<\/strong><br \/>Inform\u00e1tica e Engenharia de Sistemas, Lda<\/p><p>Rua Padre Am\u00e9rico, 17A<br \/>1600-548 Lisboa<br \/>Portugal<br \/>Tel: (+351) 217 121 710<br \/><label style=\"font-size: 11px; color: #767676;\">(Chamada para rede fixa nacional)<\/label><\/p><p>N<b>\u00famero Contribuinte:<br \/><\/b>PT 503 899 879<\/p><p>G<b>eral:<br \/><\/b> mail@compulab.pt<\/p><p><b>Helpdesk:<br \/><\/b> helpdesk@compulab.pt<\/p>\n\t\t\t\t\t<\/div>\n\t\t\t\t\t\t<\/div>\n\t\t\t\t<\/div>\n\t\t\t\t\t<\/div>\n\t\t<\/div>\n\t\t\t\t<div class=\"elementor-column elementor-col-50 elementor-top-column elementor-element elementor-element-41bec3dc\" data-id=\"41bec3dc\" data-element_type=\"column\" data-e-type=\"column\">\n\t\t\t<div class=\"elementor-widget-wrap elementor-element-populated\">\n\t\t\t\t\t\t<div class=\"elementor-element elementor-element-88ca337 wd-width-100 elementor-widget elementor-widget-wd_title\" data-id=\"88ca337\" data-element_type=\"widget\" data-e-type=\"widget\" data-widget_type=\"wd_title.default\">\n\t\t\t\t<div class=\"elementor-widget-container\">\n\t\t\t\t\t\t\t<div class=\"title-wrapper wd-set-mb reset-last-child wd-title-color-default wd-title-style-default wd-title-size-default text-left\">\n\n\t\t\t\t\t\t\t\t\t\t\t<div class=\"title-subtitle subtitle-color-default subtitle-style-default wd-fontsize-xs\">\n\t\t\t\t\tCONTACTE-NOS\t\t\t\t<\/div>\n\t\t\t\n\t\t\t<div class=\"liner-continer\">\n\t\t\t\t<h4 class=\"woodmart-title-container title wd-fontsize-l\">FORMUL\u00c1RIO DE CONTACTO<\/h4> \n\t\t\t\t\t\t\t<\/div>\n\n\t\t\t\t\t<\/div>\n\t\t\t\t\t\t<\/div>\n\t\t\t\t<\/div>\n\t\t\t\t<div class=\"elementor-element elementor-element-5ce0072f wd-cf7 elementor-widget elementor-widget-wd_contact_form_7\" data-id=\"5ce0072f\" data-element_type=\"widget\" data-e-type=\"widget\" data-widget_type=\"wd_contact_form_7.default\">\n\t\t\t\t<div class=\"elementor-widget-container\">\n\t\t\t\t\t\n<div class=\"wpcf7 no-js\" id=\"wpcf7-f5-o1\" lang=\"pt-PT\" dir=\"ltr\" data-wpcf7-id=\"5\">\n<div class=\"screen-reader-response\"><p role=\"status\" aria-live=\"polite\" aria-atomic=\"true\"><\/p> <ul><\/ul><\/div>\n<form action=\"\/pt-pt\/wp-json\/wp\/v2\/pages\/4439#wpcf7-f5-o1\" method=\"post\" class=\"wpcf7-form init\" aria-label=\"Formul\u00e1rio de contacto\" novalidate=\"novalidate\" data-status=\"init\">\n<fieldset class=\"hidden-fields-container\"><input type=\"hidden\" name=\"_wpcf7\" value=\"5\" \/><input type=\"hidden\" name=\"_wpcf7_version\" value=\"6.1.5\" \/><input type=\"hidden\" name=\"_wpcf7_locale\" value=\"pt_PT\" \/><input type=\"hidden\" name=\"_wpcf7_unit_tag\" value=\"wpcf7-f5-o1\" \/><input type=\"hidden\" name=\"_wpcf7_container_post\" value=\"0\" \/><input type=\"hidden\" name=\"_wpcf7_posted_data_hash\" value=\"\" \/>\n<\/fieldset>\n<p><label> O seu nome<br \/>\n<span class=\"wpcf7-form-control-wrap\" data-name=\"your-name\"><input size=\"40\" maxlength=\"400\" class=\"wpcf7-form-control wpcf7-text wpcf7-validates-as-required\" autocomplete=\"name\" aria-required=\"true\" aria-invalid=\"false\" value=\"\" type=\"text\" name=\"your-name\" \/><\/span> <\/label>\n<\/p>\n<p><label> O seu email<br \/>\n<span class=\"wpcf7-form-control-wrap\" data-name=\"your-email\"><input size=\"40\" maxlength=\"400\" class=\"wpcf7-form-control wpcf7-email wpcf7-validates-as-required wpcf7-text wpcf7-validates-as-email\" autocomplete=\"email\" aria-required=\"true\" aria-invalid=\"false\" value=\"\" type=\"email\" name=\"your-email\" \/><\/span> <\/label>\n<\/p>\n<p><label> Assunto<br \/>\n<span class=\"wpcf7-form-control-wrap\" data-name=\"your-subject\"><input size=\"40\" maxlength=\"400\" class=\"wpcf7-form-control wpcf7-text wpcf7-validates-as-required\" aria-required=\"true\" aria-invalid=\"false\" value=\"\" type=\"text\" name=\"your-subject\" \/><\/span> <\/label>\n<\/p>\n<p><label> A sua mensagem<br \/>\n<span class=\"wpcf7-form-control-wrap\" data-name=\"your-message\"><textarea cols=\"40\" rows=\"10\" maxlength=\"2000\" class=\"wpcf7-form-control wpcf7-textarea wpcf7-validates-as-required\" aria-required=\"true\" aria-invalid=\"false\" name=\"your-message\"><\/textarea><\/span> <\/label>\n<\/p>\n<p><span class=\"wpcf7-form-control-wrap\" data-name=\"fTermos\"><span class=\"wpcf7-form-control wpcf7-checkbox wpcf7-validates-as-required form-controlx chktermos\"><span class=\"wpcf7-list-item first last\"><label><input type=\"checkbox\" name=\"fTermos[]\" value=\"Aceito os termos da pol\u00edtica de prote\u00e7\u00e3o de dados.\" \/><span class=\"wpcf7-list-item-label\">Aceito os termos da pol\u00edtica de prote\u00e7\u00e3o de dados.<\/span><\/label><\/span><\/span><\/span>\n<\/p>\n<div style=\"margin-top:-20px;padding-left:20px;\">\n\t<p><a class='linksubtil' href='\/politica-de-privacidade' target='_blank'>Ver pol\u00edtica de privacidade.<\/a>\n\t<\/p>\n<\/div>\n<p><input class=\"wpcf7-form-control wpcf7-submit has-spinner\" type=\"submit\" value=\"Submeter\" \/>\n<\/p><div class=\"wpcf7-response-output\" aria-hidden=\"true\"><\/div>\n<\/form>\n<\/div>\n\t\t\t\t<\/div>\n\t\t\t\t<\/div>\n\t\t\t\t\t<\/div>\n\t\t<\/div>\n\t\t\t\t\t<\/div>\n\t\t<\/section>\n\t\t\t\t<section class=\"wd-negative-gap elementor-section elementor-top-section elementor-element elementor-element-3eae2951 wd-section-stretch-content elementor-section-boxed elementor-section-height-default elementor-section-height-default\" data-id=\"3eae2951\" data-element_type=\"section\" data-e-type=\"section\">\n\t\t\t\t\t\t<div class=\"elementor-container elementor-column-gap-no\">\n\t\t\t\t\t<div class=\"elementor-column elementor-col-100 elementor-top-column elementor-element elementor-element-23fe8bcd\" data-id=\"23fe8bcd\" data-element_type=\"column\" data-e-type=\"column\">\n\t\t\t<div class=\"elementor-widget-wrap elementor-element-populated\">\n\t\t\t\t\t\t<div class=\"elementor-element elementor-element-0bc2273 elementor-widget elementor-widget-html\" data-id=\"0bc2273\" data-element_type=\"widget\" data-e-type=\"widget\" data-widget_type=\"html.default\">\n\t\t\t\t<div class=\"elementor-widget-container\">\n\t\t\t\t\t<iframe src=\"https:\/\/www.google.com\/maps\/embed?pb=!1m18!1m12!1m3!1d3111.074320273174!2d-9.182049884328064!3d38.761999362518225!2m3!1f0!2f0!3f0!3m2!1i1024!2i768!4f13.1!3m3!1m2!1s0xd1932d01e7065a7%3A0x4c756b6c41a8ace7!2sCompulab%20-%20Inform%C3%A1tica%20e%20Engenharia%20de%20Sistemas%2C%20Lda!5e0!3m2!1spt-PT!2spt!4v1667556755137!5m2!1spt-PT!2spt\" width=\"1920\" height=\"450\" style=\"border:0;\" allowfullscreen=\"\" loading=\"lazy\" referrerpolicy=\"no-referrer-when-downgrade\"><\/iframe>\t\t\t\t<\/div>\n\t\t\t\t<\/div>\n\t\t\t\t\t<\/div>\n\t\t<\/div>\n\t\t\t\t\t<\/div>\n\t\t<\/section>\n\t\t<div class=\"wd-negative-gap elementor-element elementor-element-30c8647 e-flex e-con-boxed e-con e-parent\" data-id=\"30c8647\" data-element_type=\"container\" data-e-type=\"container\">\n\t\t\t\t\t<div class=\"e-con-inner\">\n\t\t<div class=\"elementor-element elementor-element-0d096eb e-con-full e-flex e-con e-child\" data-id=\"0d096eb\" data-element_type=\"container\" data-e-type=\"container\">\n\t\t\t\t<div class=\"elementor-element elementor-element-4411d81 wd-width-100 elementor-widget elementor-widget-wd_title\" data-id=\"4411d81\" data-element_type=\"widget\" data-e-type=\"widget\" data-widget_type=\"wd_title.default\">\n\t\t\t\t<div class=\"elementor-widget-container\">\n\t\t\t\t\t\t\t<div class=\"title-wrapper wd-set-mb reset-last-child wd-title-color-default wd-title-style-default wd-title-size-default text-left\">\n\n\t\t\t\n\t\t\t<div class=\"liner-continer\">\n\t\t\t\t<h4 class=\"woodmart-title-container title wd-fontsize-l\">Para chegar \u00e0s nossas instala\u00e7\u00f5es<\/h4> \n\t\t\t\t\t\t\t<\/div>\n\n\t\t\t\t\t\t\t<div class=\"title-after_title reset-last-child wd-fontsize-xs\">\n\t\t\t\t\t<p><strong>GPS:<\/strong> N 38\u00b045.720' W 9\u00b010.791'<br \/><strong>Lat\/Long:<\/strong> <a href=\"http:\/\/maps.google.pt\/maps?f=d&amp;source=s_d&amp;saddr=&amp;daddr=R.+Padre+Am%C3%A9rico,+17A,+1600-548+Lisboa+(Compulab,+Inform%C3%A1tica+e+Engenharia+de+Sistemas,+Lda)&amp;geocode=FQJ2TwIdMO1z_yHe53gLST9GJQ&amp;hl=pt-PT&amp;mra=ls&amp;sll=38.765227,-9.188046&amp;sspn=0.023055,0.030084&amp;ie=UTF8&amp;ll=38.765662,-9.183841&amp;spn=0.022219,0.030084&amp;z=15&amp;iwloc=ddw1\" target=\"_blank\" rel=\"noopener\">38.761993, -9.179854<\/a> <br \/><strong>Como Chegar: <\/strong>\u00a0<a href=\"http:\/\/maps.google.pt\/maps?f=d&amp;source=s_d&amp;saddr=&amp;daddr=R.+Padre+Am%C3%A9rico,+17A,+1600-548+Lisboa+(Compulab,+Inform%C3%A1tica+e+Engenharia+de+Sistemas,+Lda)&amp;geocode=FQJ2TwIdMO1z_yHe53gLST9GJQ&amp;hl=pt-PT&amp;mra=ls&amp;sll=38.765227,-9.188046&amp;sspn=0.023055,0.030084&amp;ie=UTF8&amp;ll=38.765662,-9.183841&amp;spn=0.022219,0.030084&amp;z=15&amp;iwloc=ddw1\" target=\"_blank\" rel=\"noopener\">Ver Mapa<\/a><\/p><p><strong>Transportes p\u00fablicos:<br \/><\/strong> Autocarros da Carris: 703\u00a0ou\u00a0767<br \/>Esta\u00e7\u00e3o de Metro: Telheiras (5 min a p\u00e9)<\/p>\t\t\t\t<\/div>\n\t\t\t\t\t<\/div>\n\t\t\t\t\t\t<\/div>\n\t\t\t\t<\/div>\n\t\t\t\t<\/div>\n\t\t<div class=\"elementor-element elementor-element-4c5b1ce e-con-full e-flex e-con e-child\" data-id=\"4c5b1ce\" data-element_type=\"container\" data-e-type=\"container\">\n\t\t\t\t<div class=\"elementor-element elementor-element-3d3b32b wd-width-100 elementor-widget elementor-widget-wd_title\" data-id=\"3d3b32b\" data-element_type=\"widget\" data-e-type=\"widget\" data-widget_type=\"wd_title.default\">\n\t\t\t\t<div class=\"elementor-widget-container\">\n\t\t\t\t\t\t\t<div class=\"title-wrapper wd-set-mb reset-last-child wd-title-color-default wd-title-style-default wd-title-size-default text-left\">\n\n\t\t\t\n\t\t\t<div class=\"liner-continer\">\n\t\t\t\t<h4 class=\"woodmart-title-container title wd-fontsize-l\">Entidade de Resolu\u00e7\u00e3o Alternativa de Lit\u00edgios de Consumo (RAL)<\/h4> \n\t\t\t\t\t\t\t<\/div>\n\n\t\t\t\t\t\t\t<div class=\"title-after_title reset-last-child wd-fontsize-xs\">\n\t\t\t\t\tDe acordo com a Lei 144\/2015, de 8 de Setembro em caso de lit\u00edgio o consumidor pode recorrer:<br \/>\nCACCL - Centro de Arbitragem de Conflitos de Consumo de Lisboa<br \/>\nRua dos Douradores, 116, 2\u00ba \u2013 1100-207 LISBOA - Tel: +351 218 807 000 \/ Fax: +351 218 807 038<br \/>\nE-mail: juridico@centroarbitragemlisboa.pt - Web:\u00a0<a title=\"centro arbitragem lisboa\" href=\"http:\/\/www.centroarbitragemlisboa.pt\/\" target=\"_blank\" rel=\"noopener\">http:\/\/www.centroarbitragemlisboa.pt<\/a>\t\t\t\t<\/div>\n\t\t\t\t\t<\/div>\n\t\t\t\t\t\t<\/div>\n\t\t\t\t<\/div>\n\t\t\t\t<div class=\"elementor-element elementor-element-d47b548 elementor-widget elementor-widget-wd_image_or_svg\" data-id=\"d47b548\" data-element_type=\"widget\" data-e-type=\"widget\" data-widget_type=\"wd_image_or_svg.default\">\n\t\t\t\t<div class=\"elementor-widget-container\">\n\t\t\t\t\t\n\t\t<div class=\"wd-image text-left\">\n\t\t\t\t\t\t\t<a  href=\"https:\/\/www.livroreclamacoes.pt\/\" target=\"_blank\" aria-label=\"Image link\">\n\t\t\t\t\t\t\t\t<img loading=\"lazy\" decoding=\"async\" width=\"140\" height=\"58\" src=\"https:\/\/shop.compulab.pt\/wp-content\/uploads\/2023\/04\/livroreclamacoes-cinzento.png\" class=\"attachment-full size-full\" alt=\"livro reclama\u00e7\u00f5es\" \/>\t\t\t\t\t\t\t<\/a>\n\t\t\t\t\t<\/div>\n\n\t\t\t\t\t\t<\/div>\n\t\t\t\t<\/div>\n\t\t\t\t<\/div>\n\t\t\t\t\t<\/div>\n\t\t\t\t<\/div>\n\t\t\t\t<\/div>\n\t\t","protected":false},"excerpt":{"rendered":"<p>DADOS DE CONTACTO CONTACTOS COMPULABInform\u00e1tica e Engenharia de Sistemas, Lda Rua Padre Am\u00e9rico, 17A1600-548 LisboaPortugalTel: (+351) 217 121 710(Chamada para<\/p>\n","protected":false},"author":1,"featured_media":0,"parent":0,"menu_order":0,"comment_status":"closed","ping_status":"closed","template":"","meta":{"footnotes":""},"class_list":["post-4439","page","type-page","status-publish","hentry"],"yoast_head":"<!-- This site is optimized with the Yoast SEO plugin v27.4 - https:\/\/yoast.com\/product\/yoast-seo-wordpress\/ -->\n<title>Contactos - Loja Compulab<\/title>\n<meta name=\"description\" content=\"Contactos da Compulab. Contacte-nos para solu\u00e7\u00f5es inform\u00e1ticas globais personalizadas, que v\u00e3o de encontro \u00e0s necessidades da sua empresa.\" \/>\n<meta name=\"robots\" content=\"index, follow, max-snippet:-1, max-image-preview:large, max-video-preview:-1\" \/>\n<link rel=\"canonical\" href=\"https:\/\/shop.compulab.pt\/pt-pt\/contactos\/\" \/>\n<meta property=\"og:locale\" content=\"pt_PT\" \/>\n<meta property=\"og:type\" content=\"article\" \/>\n<meta property=\"og:title\" content=\"Contactos - Loja Compulab\" \/>\n<meta property=\"og:description\" content=\"Contactos da Compulab. Contacte-nos para solu\u00e7\u00f5es inform\u00e1ticas globais personalizadas, que v\u00e3o de encontro \u00e0s necessidades da sua empresa.\" \/>\n<meta property=\"og:url\" content=\"https:\/\/shop.compulab.pt\/pt-pt\/contactos\/\" \/>\n<meta property=\"og:site_name\" content=\"Loja Compulab\" \/>\n<meta property=\"article:publisher\" content=\"https:\/\/www.facebook.com\/Compulab.pt\/\" \/>\n<meta property=\"article:modified_time\" content=\"2026-02-13T15:46:46+00:00\" \/>\n<meta property=\"og:image\" content=\"https:\/\/shop.compulab.pt\/wp-content\/uploads\/2023\/04\/livroreclamacoes-cinzento.png\" \/>\n<meta name=\"twitter:card\" content=\"summary_large_image\" \/>\n<meta name=\"twitter:label1\" content=\"Tempo estimado de leitura\" \/>\n\t<meta name=\"twitter:data1\" content=\"2 minutos\" \/>\n<script type=\"application\/ld+json\" class=\"yoast-schema-graph\">{\"@context\":\"https:\\\/\\\/schema.org\",\"@graph\":[{\"@type\":\"WebPage\",\"@id\":\"https:\\\/\\\/shop.compulab.pt\\\/pt-pt\\\/contactos\\\/\",\"url\":\"https:\\\/\\\/shop.compulab.pt\\\/pt-pt\\\/contactos\\\/\",\"name\":\"Contactos - Loja Compulab\",\"isPartOf\":{\"@id\":\"https:\\\/\\\/shop.compulab.pt\\\/pt-pt\\\/#website\"},\"primaryImageOfPage\":{\"@id\":\"https:\\\/\\\/shop.compulab.pt\\\/pt-pt\\\/contactos\\\/#primaryimage\"},\"image\":{\"@id\":\"https:\\\/\\\/shop.compulab.pt\\\/pt-pt\\\/contactos\\\/#primaryimage\"},\"thumbnailUrl\":\"https:\\\/\\\/shop.compulab.pt\\\/wp-content\\\/uploads\\\/2023\\\/04\\\/livroreclamacoes-cinzento.png\",\"datePublished\":\"2021-10-12T16:27:24+00:00\",\"dateModified\":\"2026-02-13T15:46:46+00:00\",\"description\":\"Contactos da Compulab. Contacte-nos para solu\u00e7\u00f5es inform\u00e1ticas globais personalizadas, que v\u00e3o de encontro \u00e0s necessidades da sua empresa.\",\"inLanguage\":\"pt-PT\",\"potentialAction\":[{\"@type\":\"ReadAction\",\"target\":[\"https:\\\/\\\/shop.compulab.pt\\\/pt-pt\\\/contactos\\\/\"]}]},{\"@type\":\"ImageObject\",\"inLanguage\":\"pt-PT\",\"@id\":\"https:\\\/\\\/shop.compulab.pt\\\/pt-pt\\\/contactos\\\/#primaryimage\",\"url\":\"https:\\\/\\\/shop.compulab.pt\\\/wp-content\\\/uploads\\\/2023\\\/04\\\/livroreclamacoes-cinzento.png\",\"contentUrl\":\"https:\\\/\\\/shop.compulab.pt\\\/wp-content\\\/uploads\\\/2023\\\/04\\\/livroreclamacoes-cinzento.png\"},{\"@type\":\"WebSite\",\"@id\":\"https:\\\/\\\/shop.compulab.pt\\\/pt-pt\\\/#website\",\"url\":\"https:\\\/\\\/shop.compulab.pt\\\/pt-pt\\\/\",\"name\":\"Loja Compulab\",\"description\":\"Loja online da Compulab\",\"potentialAction\":[{\"@type\":\"SearchAction\",\"target\":{\"@type\":\"EntryPoint\",\"urlTemplate\":\"https:\\\/\\\/shop.compulab.pt\\\/pt-pt\\\/?s={search_term_string}\"},\"query-input\":{\"@type\":\"PropertyValueSpecification\",\"valueRequired\":true,\"valueName\":\"search_term_string\"}}],\"inLanguage\":\"pt-PT\"}]}<\/script>\n<!-- \/ Yoast SEO plugin. -->","yoast_head_json":{"title":"Contactos - Loja Compulab","description":"Contactos da Compulab. Contacte-nos para solu\u00e7\u00f5es inform\u00e1ticas globais personalizadas, que v\u00e3o de encontro \u00e0s necessidades da sua empresa.","robots":{"index":"index","follow":"follow","max-snippet":"max-snippet:-1","max-image-preview":"max-image-preview:large","max-video-preview":"max-video-preview:-1"},"canonical":"https:\/\/shop.compulab.pt\/pt-pt\/contactos\/","og_locale":"pt_PT","og_type":"article","og_title":"Contactos - Loja Compulab","og_description":"Contactos da Compulab. Contacte-nos para solu\u00e7\u00f5es inform\u00e1ticas globais personalizadas, que v\u00e3o de encontro \u00e0s necessidades da sua empresa.","og_url":"https:\/\/shop.compulab.pt\/pt-pt\/contactos\/","og_site_name":"Loja Compulab","article_publisher":"https:\/\/www.facebook.com\/Compulab.pt\/","article_modified_time":"2026-02-13T15:46:46+00:00","og_image":[{"url":"https:\/\/shop.compulab.pt\/wp-content\/uploads\/2023\/04\/livroreclamacoes-cinzento.png","type":"","width":"","height":""}],"twitter_card":"summary_large_image","twitter_misc":{"Tempo estimado de leitura":"2 minutos"},"schema":{"@context":"https:\/\/schema.org","@graph":[{"@type":"WebPage","@id":"https:\/\/shop.compulab.pt\/pt-pt\/contactos\/","url":"https:\/\/shop.compulab.pt\/pt-pt\/contactos\/","name":"Contactos - Loja Compulab","isPartOf":{"@id":"https:\/\/shop.compulab.pt\/pt-pt\/#website"},"primaryImageOfPage":{"@id":"https:\/\/shop.compulab.pt\/pt-pt\/contactos\/#primaryimage"},"image":{"@id":"https:\/\/shop.compulab.pt\/pt-pt\/contactos\/#primaryimage"},"thumbnailUrl":"https:\/\/shop.compulab.pt\/wp-content\/uploads\/2023\/04\/livroreclamacoes-cinzento.png","datePublished":"2021-10-12T16:27:24+00:00","dateModified":"2026-02-13T15:46:46+00:00","description":"Contactos da Compulab. Contacte-nos para solu\u00e7\u00f5es inform\u00e1ticas globais personalizadas, que v\u00e3o de encontro \u00e0s necessidades da sua empresa.","inLanguage":"pt-PT","potentialAction":[{"@type":"ReadAction","target":["https:\/\/shop.compulab.pt\/pt-pt\/contactos\/"]}]},{"@type":"ImageObject","inLanguage":"pt-PT","@id":"https:\/\/shop.compulab.pt\/pt-pt\/contactos\/#primaryimage","url":"https:\/\/shop.compulab.pt\/wp-content\/uploads\/2023\/04\/livroreclamacoes-cinzento.png","contentUrl":"https:\/\/shop.compulab.pt\/wp-content\/uploads\/2023\/04\/livroreclamacoes-cinzento.png"},{"@type":"WebSite","@id":"https:\/\/shop.compulab.pt\/pt-pt\/#website","url":"https:\/\/shop.compulab.pt\/pt-pt\/","name":"Loja Compulab","description":"Loja online da Compulab","potentialAction":[{"@type":"SearchAction","target":{"@type":"EntryPoint","urlTemplate":"https:\/\/shop.compulab.pt\/pt-pt\/?s={search_term_string}"},"query-input":{"@type":"PropertyValueSpecification","valueRequired":true,"valueName":"search_term_string"}}],"inLanguage":"pt-PT"}]}},"_links":{"self":[{"href":"https:\/\/shop.compulab.pt\/pt-pt\/wp-json\/wp\/v2\/pages\/4439","targetHints":{"allow":["GET"]}}],"collection":[{"href":"https:\/\/shop.compulab.pt\/pt-pt\/wp-json\/wp\/v2\/pages"}],"about":[{"href":"https:\/\/shop.compulab.pt\/pt-pt\/wp-json\/wp\/v2\/types\/page"}],"author":[{"embeddable":true,"href":"https:\/\/shop.compulab.pt\/pt-pt\/wp-json\/wp\/v2\/users\/1"}],"replies":[{"embeddable":true,"href":"https:\/\/shop.compulab.pt\/pt-pt\/wp-json\/wp\/v2\/comments?post=4439"}],"version-history":[{"count":6,"href":"https:\/\/shop.compulab.pt\/pt-pt\/wp-json\/wp\/v2\/pages\/4439\/revisions"}],"predecessor-version":[{"id":17420,"href":"https:\/\/shop.compulab.pt\/pt-pt\/wp-json\/wp\/v2\/pages\/4439\/revisions\/17420"}],"wp:attachment":[{"href":"https:\/\/shop.compulab.pt\/pt-pt\/wp-json\/wp\/v2\/media?parent=4439"}],"curies":[{"name":"wp","href":"https:\/\/api.w.org\/{rel}","templated":true}]}}