{"id":16516,"date":"2024-01-03T10:24:54","date_gmt":"2024-01-03T10:24:54","guid":{"rendered":"https:\/\/shop.compulab.pt\/?page_id=16516"},"modified":"2024-01-03T10:39:40","modified_gmt":"2024-01-03T10:39:40","slug":"revendedores","status":"publish","type":"page","link":"https:\/\/shop.compulab.pt\/pt-pt\/revendedores\/","title":{"rendered":"Revendedores"},"content":{"rendered":"\t\t<div data-elementor-type=\"wp-page\" data-elementor-id=\"16516\" class=\"elementor elementor-16516\">\n\t\t\t\t<div class=\"wd-negative-gap elementor-element elementor-element-503537b e-flex e-con-boxed e-con e-parent\" data-id=\"503537b\" data-element_type=\"container\" data-e-type=\"container\">\n\t\t\t\t\t<div class=\"e-con-inner\">\n\t\t\t\t<div class=\"elementor-element elementor-element-0743e4a wd-width-100 elementor-widget elementor-widget-wd_title\" data-id=\"0743e4a\" data-element_type=\"widget\" data-e-type=\"widget\" data-widget_type=\"wd_title.default\">\n\t\t\t\t<div class=\"elementor-widget-container\">\n\t\t\t\t\t\t\t<div class=\"title-wrapper wd-set-mb reset-last-child wd-title-color-default wd-title-style-default wd-title-size-default text-center\">\n\n\t\t\t\n\t\t\t<div class=\"liner-continer\">\n\t\t\t\t<h2 class=\"woodmart-title-container title wd-fontsize-l\">Seja nosso revendedor Draytek<\/h2> \n\t\t\t\t\t\t\t<\/div>\n\n\t\t\t\t\t\t\t<div class=\"title-after_title reset-last-child wd-fontsize-xs\">\n\t\t\t\t\t<p>A Compulab \u00e9 distribuidora oficial em Portugal da Draytek.<br \/>Seja nosso revendedor, o registo \u00e9 simples e r\u00e1pido.<\/p>\t\t\t\t<\/div>\n\t\t\t\t\t<\/div>\n\t\t\t\t\t\t<\/div>\n\t\t\t\t<\/div>\n\t\t\t\t<div class=\"elementor-element elementor-element-f1e68f7 elementor-widget elementor-widget-wd_text_block\" data-id=\"f1e68f7\" data-element_type=\"widget\" data-e-type=\"widget\" data-widget_type=\"wd_text_block.default\">\n\t\t\t\t<div class=\"elementor-widget-container\">\n\t\t\t\t\t\t\t<div class=\"wd-text-block reset-last-child text-left\">\n\t\t\t\n\t\t\t<h3>\u00a0<\/h3><h3>Quais os benef\u00edcios de ser revendedor?<\/h3><p>Para al\u00e9m de beneficiar de um desconto em todos os produtos, pode candidatar-se a condi\u00e7\u00f5es de pagamento especificas. Tem tamb\u00e9m ao seu dispor todo o suporte t\u00e9cnico profissional e certificado da Compulab. Ap\u00f3s a primeira compra, tem como oferta de boas vindas um pack de forma\u00e7\u00e3o no valor de 123,00\u20ac! Para mais detalhe:\u00a0<a href=\"\/pt-pt\/DRAYTEK-TRAINING-BASIC\" target=\"_blank\" rel=\"noopener\">Ver DRAYTEK TRAINING BASIC<\/a><\/p><h3><br \/>Quais as condi\u00e7\u00f5es para ser revendedor?<\/h3><p>Para ser revendedor basta que possua uma empresa cuja \u00e1rea de atua\u00e7\u00e3o seja as tecnologias de informa\u00e7\u00e3o e efetuar o registo online em\u00a0<a href=\"\/pt-pt\/minha-conta\/?action=register\" target=\"_blank\" rel=\"noopener\">Criar conta<\/a>. A sua inscri\u00e7\u00e3o ser\u00e1 validada pelo nosso departamento comercial e passar\u00e1 depois a receber informa\u00e7\u00e3o confidencial e exclusiva a revendedores.<\/p><h3><br \/>Preciso ter conhecimentos t\u00e9cnicos para revender e suportar os produtos?<\/h3><p>N\u00e3o. Pode sempre contar com os servi\u00e7os prestados pela equipe t\u00e9cnica da Compulab. Veja os packs de suporte que preparamos para este efeito em \u00a0<a href=\"\/pt-pt\/categoria-produto\/suporte\/\" target=\"_blank\" rel=\"noopener\">Ver packs de suporte Draytek<\/a> \u00a0 \u00a0<br \/><br \/><br \/><br \/><br \/><\/p>\n\t\t\t\t\t<\/div>\n\t\t\t\t\t\t<\/div>\n\t\t\t\t<\/div>\n\t\t\t\t\t<\/div>\n\t\t\t\t<\/div>\n\t\t\t\t<\/div>\n\t\t","protected":false},"excerpt":{"rendered":"<p>Seja nosso revendedor Draytek A Compulab \u00e9 distribuidora oficial em Portugal da Draytek.Seja nosso revendedor, o registo \u00e9 simples e<\/p>\n","protected":false},"author":1,"featured_media":0,"parent":0,"menu_order":0,"comment_status":"closed","ping_status":"closed","template":"elementor_header_footer","meta":{"footnotes":""},"class_list":["post-16516","page","type-page","status-publish","hentry"],"yoast_head":"<!-- This site is optimized with the Yoast SEO plugin v27.4 - https:\/\/yoast.com\/product\/yoast-seo-wordpress\/ -->\n<title>Revendedores - Loja Compulab<\/title>\n<meta name=\"robots\" content=\"index, follow, max-snippet:-1, max-image-preview:large, max-video-preview:-1\" \/>\n<link rel=\"canonical\" href=\"https:\/\/shop.compulab.pt\/pt-pt\/revendedores\/\" \/>\n<meta property=\"og:locale\" content=\"pt_PT\" \/>\n<meta property=\"og:type\" content=\"article\" \/>\n<meta property=\"og:title\" content=\"Revendedores - Loja Compulab\" \/>\n<meta property=\"og:description\" content=\"Seja nosso revendedor Draytek A Compulab \u00e9 distribuidora oficial em Portugal da Draytek.Seja nosso revendedor, o registo \u00e9 simples e\" \/>\n<meta property=\"og:url\" content=\"https:\/\/shop.compulab.pt\/pt-pt\/revendedores\/\" \/>\n<meta property=\"og:site_name\" content=\"Loja Compulab\" \/>\n<meta property=\"article:publisher\" content=\"https:\/\/www.facebook.com\/Compulab.pt\/\" \/>\n<meta property=\"article:modified_time\" content=\"2024-01-03T10:39:40+00:00\" \/>\n<meta name=\"twitter:card\" content=\"summary_large_image\" \/>\n<meta name=\"twitter:label1\" content=\"Tempo estimado de leitura\" \/>\n\t<meta name=\"twitter:data1\" content=\"1 minuto\" \/>\n<script type=\"application\/ld+json\" class=\"yoast-schema-graph\">{\"@context\":\"https:\\\/\\\/schema.org\",\"@graph\":[{\"@type\":\"WebPage\",\"@id\":\"https:\\\/\\\/shop.compulab.pt\\\/pt-pt\\\/revendedores\\\/\",\"url\":\"https:\\\/\\\/shop.compulab.pt\\\/pt-pt\\\/revendedores\\\/\",\"name\":\"Revendedores - Loja Compulab\",\"isPartOf\":{\"@id\":\"https:\\\/\\\/shop.compulab.pt\\\/pt-pt\\\/#website\"},\"datePublished\":\"2024-01-03T10:24:54+00:00\",\"dateModified\":\"2024-01-03T10:39:40+00:00\",\"inLanguage\":\"pt-PT\",\"potentialAction\":[{\"@type\":\"ReadAction\",\"target\":[\"https:\\\/\\\/shop.compulab.pt\\\/pt-pt\\\/revendedores\\\/\"]}]},{\"@type\":\"WebSite\",\"@id\":\"https:\\\/\\\/shop.compulab.pt\\\/pt-pt\\\/#website\",\"url\":\"https:\\\/\\\/shop.compulab.pt\\\/pt-pt\\\/\",\"name\":\"Loja Compulab\",\"description\":\"Loja online da Compulab\",\"potentialAction\":[{\"@type\":\"SearchAction\",\"target\":{\"@type\":\"EntryPoint\",\"urlTemplate\":\"https:\\\/\\\/shop.compulab.pt\\\/pt-pt\\\/?s={search_term_string}\"},\"query-input\":{\"@type\":\"PropertyValueSpecification\",\"valueRequired\":true,\"valueName\":\"search_term_string\"}}],\"inLanguage\":\"pt-PT\"}]}<\/script>\n<!-- \/ Yoast SEO plugin. -->","yoast_head_json":{"title":"Revendedores - Loja Compulab","robots":{"index":"index","follow":"follow","max-snippet":"max-snippet:-1","max-image-preview":"max-image-preview:large","max-video-preview":"max-video-preview:-1"},"canonical":"https:\/\/shop.compulab.pt\/pt-pt\/revendedores\/","og_locale":"pt_PT","og_type":"article","og_title":"Revendedores - Loja Compulab","og_description":"Seja nosso revendedor Draytek A Compulab \u00e9 distribuidora oficial em Portugal da Draytek.Seja nosso revendedor, o registo \u00e9 simples e","og_url":"https:\/\/shop.compulab.pt\/pt-pt\/revendedores\/","og_site_name":"Loja Compulab","article_publisher":"https:\/\/www.facebook.com\/Compulab.pt\/","article_modified_time":"2024-01-03T10:39:40+00:00","twitter_card":"summary_large_image","twitter_misc":{"Tempo estimado de leitura":"1 minuto"},"schema":{"@context":"https:\/\/schema.org","@graph":[{"@type":"WebPage","@id":"https:\/\/shop.compulab.pt\/pt-pt\/revendedores\/","url":"https:\/\/shop.compulab.pt\/pt-pt\/revendedores\/","name":"Revendedores - Loja Compulab","isPartOf":{"@id":"https:\/\/shop.compulab.pt\/pt-pt\/#website"},"datePublished":"2024-01-03T10:24:54+00:00","dateModified":"2024-01-03T10:39:40+00:00","inLanguage":"pt-PT","potentialAction":[{"@type":"ReadAction","target":["https:\/\/shop.compulab.pt\/pt-pt\/revendedores\/"]}]},{"@type":"WebSite","@id":"https:\/\/shop.compulab.pt\/pt-pt\/#website","url":"https:\/\/shop.compulab.pt\/pt-pt\/","name":"Loja Compulab","description":"Loja online da Compulab","potentialAction":[{"@type":"SearchAction","target":{"@type":"EntryPoint","urlTemplate":"https:\/\/shop.compulab.pt\/pt-pt\/?s={search_term_string}"},"query-input":{"@type":"PropertyValueSpecification","valueRequired":true,"valueName":"search_term_string"}}],"inLanguage":"pt-PT"}]}},"_links":{"self":[{"href":"https:\/\/shop.compulab.pt\/pt-pt\/wp-json\/wp\/v2\/pages\/16516","targetHints":{"allow":["GET"]}}],"collection":[{"href":"https:\/\/shop.compulab.pt\/pt-pt\/wp-json\/wp\/v2\/pages"}],"about":[{"href":"https:\/\/shop.compulab.pt\/pt-pt\/wp-json\/wp\/v2\/types\/page"}],"author":[{"embeddable":true,"href":"https:\/\/shop.compulab.pt\/pt-pt\/wp-json\/wp\/v2\/users\/1"}],"replies":[{"embeddable":true,"href":"https:\/\/shop.compulab.pt\/pt-pt\/wp-json\/wp\/v2\/comments?post=16516"}],"version-history":[{"count":0,"href":"https:\/\/shop.compulab.pt\/pt-pt\/wp-json\/wp\/v2\/pages\/16516\/revisions"}],"wp:attachment":[{"href":"https:\/\/shop.compulab.pt\/pt-pt\/wp-json\/wp\/v2\/media?parent=16516"}],"curies":[{"name":"wp","href":"https:\/\/api.w.org\/{rel}","templated":true}]}}