{"id":14286,"date":"2023-03-30T16:36:57","date_gmt":"2023-03-30T16:36:57","guid":{"rendered":"https:\/\/draytek.compulab.pt\/?page_id=14286"},"modified":"2024-02-26T15:07:58","modified_gmt":"2024-02-26T15:07:58","slug":"envios-e-devolucoes","status":"publish","type":"page","link":"https:\/\/shop.compulab.pt\/pt-pt\/envios-e-devolucoes\/","title":{"rendered":"Envios e devolu\u00e7\u00f5es"},"content":{"rendered":"\t\t<div data-elementor-type=\"wp-page\" data-elementor-id=\"14286\" class=\"elementor elementor-14286\">\n\t\t\t\t<div class=\"wd-negative-gap elementor-element elementor-element-52ec9b7 e-flex e-con-boxed e-con e-parent\" data-id=\"52ec9b7\" data-element_type=\"container\" data-e-type=\"container\">\n\t\t\t\t\t<div class=\"e-con-inner\">\n\t\t\t\t<div class=\"elementor-element elementor-element-469478e elementor-widget elementor-widget-wd_text_block\" data-id=\"469478e\" data-element_type=\"widget\" data-e-type=\"widget\" data-widget_type=\"wd_text_block.default\">\n\t\t\t\t<div class=\"elementor-widget-container\">\n\t\t\t\t\t\t\t<div class=\"wd-text-block reset-last-child text-left\">\n\t\t\t\n\t\t\t<h3>Garantias<\/h3><p>A garantia \u00e9 dada pelo fabricante. A Compulab respeitar\u00e1 integralmente as condi\u00e7\u00f5es de garantia dadas pelos fabricantes.<br \/>Genericamente as garantias s\u00e3o de 1 ano.<br \/>As garantias dadas pelos fabricantes representados pela Compulab N\u00c3O cobrem:<\/p><ul><li>Custo de transporte de material avariado sob garantia de e para as instala\u00e7\u00f5es da Compulab;<\/li><li>Danos provocados por uso indevido ou abusivo ou por transporte fora das caixas originais do equipamento;<\/li><li>Danos provocados por m\u00e1 protec\u00e7\u00e3o do equipamento (ex. descargas el\u00e9ctricas).<\/li><\/ul><p>\u00a0<\/p><h3>Devolu\u00e7\u00f5es e Trocas<\/h3><p>1. O cliente poder\u00e1 trocar ou devolver o produto at\u00e9 14 dias ap\u00f3s a entrega e dever\u00e1 possuir o documento de compra. Em caso do cliente optar por servi\u00e7os opcionais de personaliza\u00e7\u00e3o design e\/ou impress\u00e3o, a encomenda n\u00e3o poder\u00e1 ser trocada ou devolvida.<br \/><br \/>2. Os produtos a devolver devem estar em perfeitas condi\u00e7\u00f5es, completos e devidamente acondicionados na embalagem original e sem sinais de utiliza\u00e7\u00e3o efectiva.<\/p><p>3. Em caso algum ser\u00e3o aceites devolu\u00e7\u00f5es de software aberto ou com o selo de garantia danificado.<br \/><br \/>4. Os custos de transporte s\u00e3o da inteira responsabilidade do cliente.<br \/><br \/>5. Os artigos a devolver\/trocar devem ser enviados ou entregues na\u00a0 loja Compulab, com a indica\u00e7\u00e3o do n\u00famero de Factura e nome de cliente.<br \/><br \/>6. O envio deve ser precedido de um contacto telef\u00f3nico para o n\u00famero de telefone da loja Compulab.<br \/><br \/>7. Ap\u00f3s a recep\u00e7\u00e3o dos artigos e devidamente verificados de acordo com o ponto 2., ser\u00e1 emitido um vale de reembolso ou a devolu\u00e7\u00e3o do valor pago pelo produto.<br \/><br \/><\/p><h3>M\u00e9todos de Envio<\/h3><p>Portugal - Continental<br \/><br \/>Loja Compulab<br \/>Levantamento gratuito. Prazo de entrega: Ap\u00f3s 1 a 2 dias \u00fateis da encomenda, mediante disponibilidade de stock e confirma\u00e7\u00e3o de pagamento.<br \/><br \/>Correio - Entrega na morada do cliente. A sua encomenda ser\u00e1 entregue no seu domicilio entre 2 a 4 dias \u00fateis, mediante disponibilidade de stock e confirma\u00e7\u00e3o de pagamento. Caso n\u00e3o possa receber a sua encomenda ser\u00e1 deixado um aviso para poder levantar a mesma no posto de correios mais pr\u00f3ximo. O custo de envio \u00e9 apresentado no ato da encomenda.<br \/><br \/>CTT EMS 18 - Entrega na morada do cliente. A sua encomenda ser\u00e1 entregue no seu domicilio at\u00e9 \u00e0s 18h do dia seguinte, mediante disponibilidade de stock e confirma\u00e7\u00e3o de pagamento. Caso n\u00e3o possa receber a sua encomenda ser\u00e1 deixado um aviso para poder levantar a mesma no posto de correios mais pr\u00f3ximo. O custo de envio \u00e9 apresentado no ato da encomenda.<br \/><br \/>Portugal - Ilhas<br \/><br \/>Correio - Entrega na morada do cliente. A sua encomenda ser\u00e1 entregue no seu domicilio entre 2 a 4 dias \u00fateis, mediante disponibilidade de stock e confirma\u00e7\u00e3o de pagamento. Caso n\u00e3o possa receber a sua encomenda ser\u00e1 deixado um aviso para poder levantar a mesma no posto de correios mais pr\u00f3ximo. O custo de envio \u00e9 apresentado no ato da encomenda.<br \/><br \/>CTT EMS 18 - Entrega na morada do cliente. A sua encomenda ser\u00e1 entregue no seu domicilio at\u00e9 \u00e0s 18h do dia seguinte, mediante disponibilidade de stock e confirma\u00e7\u00e3o de pagamento. Caso n\u00e3o possa receber a sua encomenda ser\u00e1 deixado um aviso para poder levantar a mesma no posto de correios mais pr\u00f3ximo. O custo de envio \u00e9 apresentado no ato da encomenda.<\/p>\n\t\t\t\t\t<\/div>\n\t\t\t\t\t\t<\/div>\n\t\t\t\t<\/div>\n\t\t\t\t\t<\/div>\n\t\t\t\t<\/div>\n\t\t\t\t<\/div>\n\t\t","protected":false},"excerpt":{"rendered":"<p>Garantias A garantia \u00e9 dada pelo fabricante. A Compulab respeitar\u00e1 integralmente as condi\u00e7\u00f5es de garantia dadas pelos fabricantes.Genericamente as garantias<\/p>\n","protected":false},"author":1,"featured_media":0,"parent":0,"menu_order":0,"comment_status":"closed","ping_status":"closed","template":"","meta":{"footnotes":""},"class_list":["post-14286","page","type-page","status-publish","hentry"],"yoast_head":"<!-- This site is optimized with the Yoast SEO plugin v27.2 - https:\/\/yoast.com\/product\/yoast-seo-wordpress\/ -->\n<title>Envios e devolu\u00e7\u00f5es - Loja Compulab<\/title>\n<meta name=\"robots\" content=\"noindex, follow\" \/>\n<meta property=\"og:locale\" content=\"pt_PT\" \/>\n<meta property=\"og:type\" content=\"article\" \/>\n<meta property=\"og:title\" content=\"Envios e devolu\u00e7\u00f5es - Loja Compulab\" \/>\n<meta property=\"og:description\" content=\"Garantias A garantia \u00e9 dada pelo fabricante. A Compulab respeitar\u00e1 integralmente as condi\u00e7\u00f5es de garantia dadas pelos fabricantes.Genericamente as garantias\" \/>\n<meta property=\"og:url\" content=\"https:\/\/shop.compulab.pt\/pt-pt\/envios-e-devolucoes\/\" \/>\n<meta property=\"og:site_name\" content=\"Loja Compulab\" \/>\n<meta property=\"article:publisher\" content=\"https:\/\/www.facebook.com\/Compulab.pt\/\" \/>\n<meta property=\"article:modified_time\" content=\"2024-02-26T15:07:58+00:00\" \/>\n<meta name=\"twitter:card\" content=\"summary_large_image\" \/>\n<meta name=\"twitter:label1\" content=\"Tempo estimado de leitura\" \/>\n\t<meta name=\"twitter:data1\" content=\"3 minutos\" \/>\n<script type=\"application\/ld+json\" class=\"yoast-schema-graph\">{\"@context\":\"https:\/\/schema.org\",\"@graph\":[{\"@type\":\"WebPage\",\"@id\":\"https:\/\/shop.compulab.pt\/pt-pt\/envios-e-devolucoes\/\",\"url\":\"https:\/\/shop.compulab.pt\/pt-pt\/envios-e-devolucoes\/\",\"name\":\"Envios e devolu\u00e7\u00f5es - Loja Compulab\",\"isPartOf\":{\"@id\":\"https:\/\/shop.compulab.pt\/pt-pt\/#website\"},\"datePublished\":\"2023-03-30T16:36:57+00:00\",\"dateModified\":\"2024-02-26T15:07:58+00:00\",\"inLanguage\":\"pt-PT\",\"potentialAction\":[{\"@type\":\"ReadAction\",\"target\":[\"https:\/\/shop.compulab.pt\/pt-pt\/envios-e-devolucoes\/\"]}]},{\"@type\":\"WebSite\",\"@id\":\"https:\/\/shop.compulab.pt\/pt-pt\/#website\",\"url\":\"https:\/\/shop.compulab.pt\/pt-pt\/\",\"name\":\"Loja Compulab\",\"description\":\"Loja online da Compulab\",\"potentialAction\":[{\"@type\":\"SearchAction\",\"target\":{\"@type\":\"EntryPoint\",\"urlTemplate\":\"https:\/\/shop.compulab.pt\/pt-pt\/?s={search_term_string}\"},\"query-input\":{\"@type\":\"PropertyValueSpecification\",\"valueRequired\":true,\"valueName\":\"search_term_string\"}}],\"inLanguage\":\"pt-PT\"}]}<\/script>\n<!-- \/ Yoast SEO plugin. -->","yoast_head_json":{"title":"Envios e devolu\u00e7\u00f5es - Loja Compulab","robots":{"index":"noindex","follow":"follow"},"og_locale":"pt_PT","og_type":"article","og_title":"Envios e devolu\u00e7\u00f5es - Loja Compulab","og_description":"Garantias A garantia \u00e9 dada pelo fabricante. A Compulab respeitar\u00e1 integralmente as condi\u00e7\u00f5es de garantia dadas pelos fabricantes.Genericamente as garantias","og_url":"https:\/\/shop.compulab.pt\/pt-pt\/envios-e-devolucoes\/","og_site_name":"Loja Compulab","article_publisher":"https:\/\/www.facebook.com\/Compulab.pt\/","article_modified_time":"2024-02-26T15:07:58+00:00","twitter_card":"summary_large_image","twitter_misc":{"Tempo estimado de leitura":"3 minutos"},"schema":{"@context":"https:\/\/schema.org","@graph":[{"@type":"WebPage","@id":"https:\/\/shop.compulab.pt\/pt-pt\/envios-e-devolucoes\/","url":"https:\/\/shop.compulab.pt\/pt-pt\/envios-e-devolucoes\/","name":"Envios e devolu\u00e7\u00f5es - Loja Compulab","isPartOf":{"@id":"https:\/\/shop.compulab.pt\/pt-pt\/#website"},"datePublished":"2023-03-30T16:36:57+00:00","dateModified":"2024-02-26T15:07:58+00:00","inLanguage":"pt-PT","potentialAction":[{"@type":"ReadAction","target":["https:\/\/shop.compulab.pt\/pt-pt\/envios-e-devolucoes\/"]}]},{"@type":"WebSite","@id":"https:\/\/shop.compulab.pt\/pt-pt\/#website","url":"https:\/\/shop.compulab.pt\/pt-pt\/","name":"Loja Compulab","description":"Loja online da Compulab","potentialAction":[{"@type":"SearchAction","target":{"@type":"EntryPoint","urlTemplate":"https:\/\/shop.compulab.pt\/pt-pt\/?s={search_term_string}"},"query-input":{"@type":"PropertyValueSpecification","valueRequired":true,"valueName":"search_term_string"}}],"inLanguage":"pt-PT"}]}},"_links":{"self":[{"href":"https:\/\/shop.compulab.pt\/pt-pt\/wp-json\/wp\/v2\/pages\/14286","targetHints":{"allow":["GET"]}}],"collection":[{"href":"https:\/\/shop.compulab.pt\/pt-pt\/wp-json\/wp\/v2\/pages"}],"about":[{"href":"https:\/\/shop.compulab.pt\/pt-pt\/wp-json\/wp\/v2\/types\/page"}],"author":[{"embeddable":true,"href":"https:\/\/shop.compulab.pt\/pt-pt\/wp-json\/wp\/v2\/users\/1"}],"replies":[{"embeddable":true,"href":"https:\/\/shop.compulab.pt\/pt-pt\/wp-json\/wp\/v2\/comments?post=14286"}],"version-history":[{"count":0,"href":"https:\/\/shop.compulab.pt\/pt-pt\/wp-json\/wp\/v2\/pages\/14286\/revisions"}],"wp:attachment":[{"href":"https:\/\/shop.compulab.pt\/pt-pt\/wp-json\/wp\/v2\/media?parent=14286"}],"curies":[{"name":"wp","href":"https:\/\/api.w.org\/{rel}","templated":true}]}}