{"id":14278,"date":"2023-03-30T16:31:27","date_gmt":"2023-03-30T16:31:27","guid":{"rendered":"https:\/\/draytek.compulab.pt\/?page_id=14278"},"modified":"2024-02-26T15:08:14","modified_gmt":"2024-02-26T15:08:14","slug":"condicoes-de-uso","status":"publish","type":"page","link":"https:\/\/shop.compulab.pt\/pt-pt\/condicoes-de-uso\/","title":{"rendered":"Condi\u00e7\u00f5es de uso"},"content":{"rendered":"\t\t<div data-elementor-type=\"wp-page\" data-elementor-id=\"14278\" class=\"elementor elementor-14278\">\n\t\t\t\t<div class=\"wd-negative-gap elementor-element elementor-element-b6e6dd2 e-flex e-con-boxed e-con e-parent\" data-id=\"b6e6dd2\" data-element_type=\"container\" data-e-type=\"container\">\n\t\t\t\t\t<div class=\"e-con-inner\">\n\t\t\t\t<div class=\"elementor-element elementor-element-9141c7a elementor-widget elementor-widget-wd_text_block\" data-id=\"9141c7a\" data-element_type=\"widget\" data-e-type=\"widget\" data-widget_type=\"wd_text_block.default\">\n\t\t\t\t<div class=\"elementor-widget-container\">\n\t\t\t\t\t\t\t<div class=\"wd-text-block reset-last-child text-left\">\n\t\t\t\n\t\t\t<h3>Condi\u00e7\u00f5es de venda<\/h3><p>1. O produto pode n\u00e3o estar dispon\u00edvel na loja.<br \/>Promo\u00e7\u00f5es v\u00e1lidas para as unidades existentes em stock. A Compulab reserva-se o direito de fixar um n\u00famero m\u00e1ximo por cliente.<br \/>Os pre\u00e7os s\u00e3o v\u00e1lidos durante a promo\u00e7\u00e3o salvo erro ortogr\u00e1fico, de fotografia ou de ruptura de stock.<br \/>As fotos apresentadas podem n\u00e3o corresponder \u00e0s configura\u00e7\u00f5es descritas.<br \/><br \/>2. A sua encomenda ser\u00e1 processada imediatamente ap\u00f3s confirma\u00e7\u00e3o de pagamento;<br \/><br \/>3. Em caso de falta de um determinado artigo, ser\u00e1 contactado(a) num espa\u00e7o de 24h pela loja Compulab que efetua a gest\u00e3o da sua encomenda, com uma sugest\u00e3o de substitui\u00e7\u00e3o ou informa\u00e7\u00e3o sobre a disponibilidade do mesmo. Ap\u00f3s confirma\u00e7\u00e3o pelo cliente, ser\u00e1 dado o devido tratamento \u00e0 encomenda;<br \/><br \/>4. Cancelamentos<br \/><br \/>4.1. Se ap\u00f3s 48 horas do envio do email da Compulab a confirmar a encomenda, n\u00e3o ocorrer o pagamento da mesma, a Compulab reserva-se no direito de consider\u00e1-la cancelada, sendo os artigos colocados novamente \u00e0\u00a0 venda;<br \/><br \/>4.2. N\u00e3o \u00e9 poss\u00edvel cancelar uma encomenda ap\u00f3s a mesma ter sido processada pela loja Compulab;<br \/><br \/>4.3. Em caso de erros de encomenda imput\u00e1veis \u00e0 loja Compulab, o cliente receber\u00e1 o artigo correcto sem qualquer custo adicional dentro dos prazos estabelecidos;<br \/><br \/>4.4. N\u00e3o \u00e9 poss\u00edvel a devolu\u00e7\u00e3o dos portes em caso de erros de encomenda imput\u00e1veis ao cliente;<br \/><br \/>5. Pol\u00edtica de Pre\u00e7os<br \/><br \/>5.1. O site possibilita a visualiza\u00e7\u00e3o dos pre\u00e7os com ou sem IVA \u00e0 taxa legal em vigor, de acordo com a prefer\u00eancia do cliente;<br \/><br \/>5.2. Os pre\u00e7os e especifica\u00e7\u00f5es est\u00e3o sujeitos a altera\u00e7\u00f5es sem aviso pr\u00e9vio;<br \/><br \/>5.3. A Compulab reserva-se no direito de modificar a qualquer momento a informa\u00e7\u00e3o e a oferta comercial apresentada sobre produtos, pre\u00e7os, promo\u00e7\u00f5es e condi\u00e7\u00f5es comerciais e servi\u00e7os;<br \/><br \/>6. Entidade de Resolu\u00e7\u00e3o Alternativa de Lit\u00edgios de Consumo<br \/><br \/>6.1. De acordo com a Lei 144\/2015, de 8 de Setembro em caso de lit\u00edgio o consumidor pode recorrer ao CACCL - Centro de Arbitragem de Conflitos de Consumo de Lisboa<br \/>Rua dos Douradores, 116, 2\u00ba \u2013 1100-207 LISBOA<br \/>Tel: +351 218 807 000 \/ Fax: +351 218 807 038<br \/>E-mail: juridico@centroarbitragemlisboa.pt \/ director@centroarbitragemlisboa.pt<br \/>Web: http:\/\/www.centroarbitragemlisboa.pt<\/p>\n\t\t\t\t\t<\/div>\n\t\t\t\t\t\t<\/div>\n\t\t\t\t<\/div>\n\t\t\t\t\t<\/div>\n\t\t\t\t<\/div>\n\t\t\t\t<\/div>\n\t\t","protected":false},"excerpt":{"rendered":"<p>Condi\u00e7\u00f5es de venda 1. O produto pode n\u00e3o estar dispon\u00edvel na loja.Promo\u00e7\u00f5es v\u00e1lidas para as unidades existentes em stock. A<\/p>\n","protected":false},"author":1,"featured_media":0,"parent":0,"menu_order":0,"comment_status":"closed","ping_status":"closed","template":"","meta":{"footnotes":""},"class_list":["post-14278","page","type-page","status-publish","hentry"],"yoast_head":"<!-- This site is optimized with the Yoast SEO plugin v27.4 - https:\/\/yoast.com\/product\/yoast-seo-wordpress\/ -->\n<title>Condi\u00e7\u00f5es de uso - Loja Compulab<\/title>\n<meta name=\"robots\" content=\"noindex, follow\" \/>\n<meta property=\"og:locale\" content=\"pt_PT\" \/>\n<meta property=\"og:type\" content=\"article\" \/>\n<meta property=\"og:title\" content=\"Condi\u00e7\u00f5es de uso - Loja Compulab\" \/>\n<meta property=\"og:description\" content=\"Condi\u00e7\u00f5es de venda 1. O produto pode n\u00e3o estar dispon\u00edvel na loja.Promo\u00e7\u00f5es v\u00e1lidas para as unidades existentes em stock. A\" \/>\n<meta property=\"og:url\" content=\"https:\/\/shop.compulab.pt\/pt-pt\/condicoes-de-uso\/\" \/>\n<meta property=\"og:site_name\" content=\"Loja Compulab\" \/>\n<meta property=\"article:publisher\" content=\"https:\/\/www.facebook.com\/Compulab.pt\/\" \/>\n<meta property=\"article:modified_time\" content=\"2024-02-26T15:08:14+00:00\" \/>\n<meta name=\"twitter:card\" content=\"summary_large_image\" \/>\n<meta name=\"twitter:label1\" content=\"Tempo estimado de leitura\" \/>\n\t<meta name=\"twitter:data1\" content=\"2 minutos\" \/>\n<script type=\"application\/ld+json\" class=\"yoast-schema-graph\">{\"@context\":\"https:\\\/\\\/schema.org\",\"@graph\":[{\"@type\":\"WebPage\",\"@id\":\"https:\\\/\\\/shop.compulab.pt\\\/pt-pt\\\/condicoes-de-uso\\\/\",\"url\":\"https:\\\/\\\/shop.compulab.pt\\\/pt-pt\\\/condicoes-de-uso\\\/\",\"name\":\"Condi\u00e7\u00f5es de uso - Loja Compulab\",\"isPartOf\":{\"@id\":\"https:\\\/\\\/shop.compulab.pt\\\/pt-pt\\\/#website\"},\"datePublished\":\"2023-03-30T16:31:27+00:00\",\"dateModified\":\"2024-02-26T15:08:14+00:00\",\"inLanguage\":\"pt-PT\",\"potentialAction\":[{\"@type\":\"ReadAction\",\"target\":[\"https:\\\/\\\/shop.compulab.pt\\\/pt-pt\\\/condicoes-de-uso\\\/\"]}]},{\"@type\":\"WebSite\",\"@id\":\"https:\\\/\\\/shop.compulab.pt\\\/pt-pt\\\/#website\",\"url\":\"https:\\\/\\\/shop.compulab.pt\\\/pt-pt\\\/\",\"name\":\"Loja Compulab\",\"description\":\"Loja online da Compulab\",\"potentialAction\":[{\"@type\":\"SearchAction\",\"target\":{\"@type\":\"EntryPoint\",\"urlTemplate\":\"https:\\\/\\\/shop.compulab.pt\\\/pt-pt\\\/?s={search_term_string}\"},\"query-input\":{\"@type\":\"PropertyValueSpecification\",\"valueRequired\":true,\"valueName\":\"search_term_string\"}}],\"inLanguage\":\"pt-PT\"}]}<\/script>\n<!-- \/ Yoast SEO plugin. -->","yoast_head_json":{"title":"Condi\u00e7\u00f5es de uso - Loja Compulab","robots":{"index":"noindex","follow":"follow"},"og_locale":"pt_PT","og_type":"article","og_title":"Condi\u00e7\u00f5es de uso - Loja Compulab","og_description":"Condi\u00e7\u00f5es de venda 1. O produto pode n\u00e3o estar dispon\u00edvel na loja.Promo\u00e7\u00f5es v\u00e1lidas para as unidades existentes em stock. A","og_url":"https:\/\/shop.compulab.pt\/pt-pt\/condicoes-de-uso\/","og_site_name":"Loja Compulab","article_publisher":"https:\/\/www.facebook.com\/Compulab.pt\/","article_modified_time":"2024-02-26T15:08:14+00:00","twitter_card":"summary_large_image","twitter_misc":{"Tempo estimado de leitura":"2 minutos"},"schema":{"@context":"https:\/\/schema.org","@graph":[{"@type":"WebPage","@id":"https:\/\/shop.compulab.pt\/pt-pt\/condicoes-de-uso\/","url":"https:\/\/shop.compulab.pt\/pt-pt\/condicoes-de-uso\/","name":"Condi\u00e7\u00f5es de uso - Loja Compulab","isPartOf":{"@id":"https:\/\/shop.compulab.pt\/pt-pt\/#website"},"datePublished":"2023-03-30T16:31:27+00:00","dateModified":"2024-02-26T15:08:14+00:00","inLanguage":"pt-PT","potentialAction":[{"@type":"ReadAction","target":["https:\/\/shop.compulab.pt\/pt-pt\/condicoes-de-uso\/"]}]},{"@type":"WebSite","@id":"https:\/\/shop.compulab.pt\/pt-pt\/#website","url":"https:\/\/shop.compulab.pt\/pt-pt\/","name":"Loja Compulab","description":"Loja online da Compulab","potentialAction":[{"@type":"SearchAction","target":{"@type":"EntryPoint","urlTemplate":"https:\/\/shop.compulab.pt\/pt-pt\/?s={search_term_string}"},"query-input":{"@type":"PropertyValueSpecification","valueRequired":true,"valueName":"search_term_string"}}],"inLanguage":"pt-PT"}]}},"_links":{"self":[{"href":"https:\/\/shop.compulab.pt\/pt-pt\/wp-json\/wp\/v2\/pages\/14278","targetHints":{"allow":["GET"]}}],"collection":[{"href":"https:\/\/shop.compulab.pt\/pt-pt\/wp-json\/wp\/v2\/pages"}],"about":[{"href":"https:\/\/shop.compulab.pt\/pt-pt\/wp-json\/wp\/v2\/types\/page"}],"author":[{"embeddable":true,"href":"https:\/\/shop.compulab.pt\/pt-pt\/wp-json\/wp\/v2\/users\/1"}],"replies":[{"embeddable":true,"href":"https:\/\/shop.compulab.pt\/pt-pt\/wp-json\/wp\/v2\/comments?post=14278"}],"version-history":[{"count":0,"href":"https:\/\/shop.compulab.pt\/pt-pt\/wp-json\/wp\/v2\/pages\/14278\/revisions"}],"wp:attachment":[{"href":"https:\/\/shop.compulab.pt\/pt-pt\/wp-json\/wp\/v2\/media?parent=14278"}],"curies":[{"name":"wp","href":"https:\/\/api.w.org\/{rel}","templated":true}]}}