{"id":17563,"date":"2026-04-09T15:55:12","date_gmt":"2026-04-09T14:55:12","guid":{"rendered":"https:\/\/shop.compulab.pt\/?post_type=product&#038;p=17563"},"modified":"2026-04-19T03:01:07","modified_gmt":"2026-04-19T02:01:07","slug":"router-draytek-vigor-2136-ax-4g","status":"publish","type":"product","link":"https:\/\/shop.compulab.pt\/en\/produto\/router-draytek-vigor-2136-ax-4g\/","title":{"rendered":"ROUTER DRAYTEK VIGOR 2136 AX-4G"},"content":{"rendered":"<p>O Vigor 2136ax-4G oferece uma conectividade fi\u00e1vel e de alta velocidade com rede celular 4G integrada e dois slots para SIM (um ativo de cada vez), proporcionando uma redund\u00e2ncia melhorada para manter o acesso cont\u00ednuo \u00e0 rede celular. A porta WAN de 2,5 G integrada proporciona um desempenho r\u00e1pido com fios. Com a capacidade 802.11ax (Wi-Fi 6), garante liga\u00e7\u00f5es sem fios eficientes e est\u00e1veis, mesmo em ambientes com elevada densidade de dispositivos. Al\u00e9m da WAN 4G principal, o router suporta WAN Ethernet ou WAN Wi-Fi como op\u00e7\u00f5es de c\u00f3pia de seguran\u00e7a para garantir uma conectividade ininterrupta \u00e0 Internet.<\/p>\n<p>O Vigor2136ax-4G integra funcionalidades avan\u00e7adas para empresas, como a Pol\u00edtica de Encaminhamento, QoS baseada em Aplica\u00e7\u00f5es e Filtragem de IP\/URL, proporcionando uma solu\u00e7\u00e3o de rede segura e robusta para escrit\u00f3rios, lojas e locais remotos.<\/p>\n","protected":false},"excerpt":{"rendered":"<ul>\n<li>Router 4G\/LTE Cat.6 (300\/50Mbps) com 2 slots para cart\u00f5es nano-SIM incorporado desbloqueado para qualquer rede (2 Antenas LTE destac\u00e1veis).<\/li>\n<li>1 porta Multi-Gigabit-WAN (2.5GbE) compat\u00edvel com liga\u00e7\u00e3o por modem Cabo, ADSL (sem modem incorporado) ou Fibra.<\/li>\n<li>Switch com 1 porta 2.5GbE RJ-45 e 3 portas 10\/100\/1000 Ethernet.<\/li>\n<li>1 porta USB para Impressora, Term\u00f3metro, HDD ou modem 3G\/4G.<\/li>\n<li>Content Filtering, Multi-Subnet LAN (4 redes) e Tag Based VLAN (802.1q).<\/li>\n<li>Ponto de acesso wireless Ethernet 802.11ax Wi-Fi 6 2&#215;2 MU-MIMO Dual-Band 2.4GHz e 5GHz (600 \/ 2400 Mbps).<\/li>\n<li>Configura\u00e7\u00e3o por Web e Telnet. Firewall, QoS.<\/li>\n<li>Cliente \/ Servidor VPN IPsec, IKEv2, IKEv2-EAP, IPsec-XAuth, GRE, L2TP\/ IPsec, WireGuard e OpenVPN (16 t\u00faneis).<\/li>\n<li>Suporte a IPv6. [Sistema Operativo: DrayOS 5]<\/li>\n<\/ul>\n","protected":false},"featured_media":17579,"template":"","meta":[],"product_brand":[],"product_cat":[935,937,934],"product_tag":[1253,1251,1252],"class_list":{"0":"post-17563","1":"product","2":"type-product","3":"status-publish","4":"has-post-thumbnail","6":"product_cat-routers-broadband","7":"product_cat-routers-lte","8":"product_cat-routers-draytek","9":"product_tag-2136ax-4g","10":"product_tag-vigor-2136ax-4g","11":"product_tag-vigor2136ax-4g","12":"pa_marca-pa_marca","14":"first","15":"onbackorder","16":"taxable","17":"shipping-taxable","18":"purchasable","19":"product-type-simple"},"yoast_head":"<!-- This site is optimized with the Yoast SEO plugin v27.4 - https:\/\/yoast.com\/product\/yoast-seo-wordpress\/ -->\n<title>ROUTER DRAYTEK VIGOR 2136 AX-4G - Loja Compulab<\/title>\n<meta name=\"robots\" content=\"index, follow, max-snippet:-1, max-image-preview:large, max-video-preview:-1\" \/>\n<link rel=\"canonical\" href=\"https:\/\/shop.compulab.pt\/en\/produto\/router-draytek-vigor-2136-ax-4g\/\" \/>\n<meta property=\"og:locale\" content=\"en_US\" \/>\n<meta property=\"og:type\" content=\"article\" \/>\n<meta property=\"og:title\" content=\"ROUTER DRAYTEK VIGOR 2136 AX-4G - Loja Compulab\" \/>\n<meta property=\"og:description\" content=\"Router 4G\/LTE Cat.6 (300\/50Mbps) com 2 slots para cart\u00f5es nano-SIM incorporado desbloqueado para qualquer rede (2 Antenas LTE destac\u00e1veis).  1 porta Multi-Gigabit-WAN (2.5GbE) compat\u00edvel com liga\u00e7\u00e3o por modem Cabo, ADSL (sem modem incorporado) ou Fibra.  Switch com 1 porta 2.5GbE RJ-45 e 3 portas 10\/100\/1000 Ethernet.  1 porta USB para Impressora, Term\u00f3metro, HDD ou modem 3G\/4G.  Content Filtering, Multi-Subnet LAN (4 redes) e Tag Based VLAN (802.1q).  Ponto de acesso wireless Ethernet 802.11ax Wi-Fi 6 2x2 MU-MIMO Dual-Band 2.4GHz e 5GHz (600 \/ 2400 Mbps).  Configura\u00e7\u00e3o por Web e Telnet. Firewall, QoS.  Cliente \/ Servidor VPN IPsec, IKEv2, IKEv2-EAP, IPsec-XAuth, GRE, L2TP\/ IPsec, WireGuard e OpenVPN (16 t\u00faneis).  Suporte a IPv6. [Sistema Operativo: DrayOS 5]\" \/>\n<meta property=\"og:url\" content=\"https:\/\/shop.compulab.pt\/en\/produto\/router-draytek-vigor-2136-ax-4g\/\" \/>\n<meta property=\"og:site_name\" content=\"Loja Compulab\" \/>\n<meta property=\"article:publisher\" content=\"https:\/\/www.facebook.com\/Compulab.pt\/\" \/>\n<meta property=\"article:modified_time\" content=\"2026-04-19T02:01:07+00:00\" \/>\n<meta property=\"og:image\" content=\"https:\/\/shop.compulab.pt\/wp-content\/uploads\/2026\/04\/10705700498.png\" \/>\n\t<meta property=\"og:image:width\" content=\"1500\" \/>\n\t<meta property=\"og:image:height\" content=\"1125\" \/>\n\t<meta property=\"og:image:type\" content=\"image\/png\" \/>\n<meta name=\"twitter:card\" content=\"summary_large_image\" \/>\n<meta name=\"twitter:label1\" content=\"Est. reading time\" \/>\n\t<meta name=\"twitter:data1\" content=\"1 minute\" \/>\n<script type=\"application\/ld+json\" class=\"yoast-schema-graph\">{\"@context\":\"https:\\\/\\\/schema.org\",\"@graph\":[{\"@type\":\"WebPage\",\"@id\":\"https:\\\/\\\/shop.compulab.pt\\\/en\\\/produto\\\/router-draytek-vigor-2136-ax-4g\\\/\",\"url\":\"https:\\\/\\\/shop.compulab.pt\\\/en\\\/produto\\\/router-draytek-vigor-2136-ax-4g\\\/\",\"name\":\"ROUTER DRAYTEK VIGOR 2136 AX-4G - Loja Compulab\",\"isPartOf\":{\"@id\":\"https:\\\/\\\/shop.compulab.pt\\\/en\\\/#website\"},\"primaryImageOfPage\":{\"@id\":\"https:\\\/\\\/shop.compulab.pt\\\/en\\\/produto\\\/router-draytek-vigor-2136-ax-4g\\\/#primaryimage\"},\"image\":{\"@id\":\"https:\\\/\\\/shop.compulab.pt\\\/en\\\/produto\\\/router-draytek-vigor-2136-ax-4g\\\/#primaryimage\"},\"thumbnailUrl\":\"https:\\\/\\\/shop.compulab.pt\\\/wp-content\\\/uploads\\\/2026\\\/04\\\/10705700498.png\",\"datePublished\":\"2026-04-09T14:55:12+00:00\",\"dateModified\":\"2026-04-19T02:01:07+00:00\",\"breadcrumb\":{\"@id\":\"https:\\\/\\\/shop.compulab.pt\\\/en\\\/produto\\\/router-draytek-vigor-2136-ax-4g\\\/#breadcrumb\"},\"inLanguage\":\"en-US\",\"potentialAction\":[{\"@type\":\"ReadAction\",\"target\":[\"https:\\\/\\\/shop.compulab.pt\\\/en\\\/produto\\\/router-draytek-vigor-2136-ax-4g\\\/\"]}]},{\"@type\":\"ImageObject\",\"inLanguage\":\"en-US\",\"@id\":\"https:\\\/\\\/shop.compulab.pt\\\/en\\\/produto\\\/router-draytek-vigor-2136-ax-4g\\\/#primaryimage\",\"url\":\"https:\\\/\\\/shop.compulab.pt\\\/wp-content\\\/uploads\\\/2026\\\/04\\\/10705700498.png\",\"contentUrl\":\"https:\\\/\\\/shop.compulab.pt\\\/wp-content\\\/uploads\\\/2026\\\/04\\\/10705700498.png\",\"width\":1500,\"height\":1125},{\"@type\":\"BreadcrumbList\",\"@id\":\"https:\\\/\\\/shop.compulab.pt\\\/en\\\/produto\\\/router-draytek-vigor-2136-ax-4g\\\/#breadcrumb\",\"itemListElement\":[{\"@type\":\"ListItem\",\"position\":1,\"name\":\"Shop\",\"item\":\"https:\\\/\\\/draytek.compulab.pt\\\/en\\\/shop\\\/\"},{\"@type\":\"ListItem\",\"position\":2,\"name\":\"ROUTER DRAYTEK VIGOR 2136 AX-4G\"}]},{\"@type\":\"WebSite\",\"@id\":\"https:\\\/\\\/shop.compulab.pt\\\/en\\\/#website\",\"url\":\"https:\\\/\\\/shop.compulab.pt\\\/en\\\/\",\"name\":\"Loja Compulab\",\"description\":\"Loja online da Compulab\",\"potentialAction\":[{\"@type\":\"SearchAction\",\"target\":{\"@type\":\"EntryPoint\",\"urlTemplate\":\"https:\\\/\\\/shop.compulab.pt\\\/en\\\/?s={search_term_string}\"},\"query-input\":{\"@type\":\"PropertyValueSpecification\",\"valueRequired\":true,\"valueName\":\"search_term_string\"}}],\"inLanguage\":\"en-US\"}]}<\/script>\n<!-- \/ Yoast SEO plugin. -->","yoast_head_json":{"title":"ROUTER DRAYTEK VIGOR 2136 AX-4G - Loja Compulab","robots":{"index":"index","follow":"follow","max-snippet":"max-snippet:-1","max-image-preview":"max-image-preview:large","max-video-preview":"max-video-preview:-1"},"canonical":"https:\/\/shop.compulab.pt\/en\/produto\/router-draytek-vigor-2136-ax-4g\/","og_locale":"en_US","og_type":"article","og_title":"ROUTER DRAYTEK VIGOR 2136 AX-4G - Loja Compulab","og_description":"Router 4G\/LTE Cat.6 (300\/50Mbps) com 2 slots para cart\u00f5es nano-SIM incorporado desbloqueado para qualquer rede (2 Antenas LTE destac\u00e1veis).  1 porta Multi-Gigabit-WAN (2.5GbE) compat\u00edvel com liga\u00e7\u00e3o por modem Cabo, ADSL (sem modem incorporado) ou Fibra.  Switch com 1 porta 2.5GbE RJ-45 e 3 portas 10\/100\/1000 Ethernet.  1 porta USB para Impressora, Term\u00f3metro, HDD ou modem 3G\/4G.  Content Filtering, Multi-Subnet LAN (4 redes) e Tag Based VLAN (802.1q).  Ponto de acesso wireless Ethernet 802.11ax Wi-Fi 6 2x2 MU-MIMO Dual-Band 2.4GHz e 5GHz (600 \/ 2400 Mbps).  Configura\u00e7\u00e3o por Web e Telnet. Firewall, QoS.  Cliente \/ Servidor VPN IPsec, IKEv2, IKEv2-EAP, IPsec-XAuth, GRE, L2TP\/ IPsec, WireGuard e OpenVPN (16 t\u00faneis).  Suporte a IPv6. [Sistema Operativo: DrayOS 5]","og_url":"https:\/\/shop.compulab.pt\/en\/produto\/router-draytek-vigor-2136-ax-4g\/","og_site_name":"Loja Compulab","article_publisher":"https:\/\/www.facebook.com\/Compulab.pt\/","article_modified_time":"2026-04-19T02:01:07+00:00","og_image":[{"width":1500,"height":1125,"url":"https:\/\/shop.compulab.pt\/wp-content\/uploads\/2026\/04\/10705700498.png","type":"image\/png"}],"twitter_card":"summary_large_image","twitter_misc":{"Est. reading time":"1 minute"},"schema":{"@context":"https:\/\/schema.org","@graph":[{"@type":"WebPage","@id":"https:\/\/shop.compulab.pt\/en\/produto\/router-draytek-vigor-2136-ax-4g\/","url":"https:\/\/shop.compulab.pt\/en\/produto\/router-draytek-vigor-2136-ax-4g\/","name":"ROUTER DRAYTEK VIGOR 2136 AX-4G - Loja Compulab","isPartOf":{"@id":"https:\/\/shop.compulab.pt\/en\/#website"},"primaryImageOfPage":{"@id":"https:\/\/shop.compulab.pt\/en\/produto\/router-draytek-vigor-2136-ax-4g\/#primaryimage"},"image":{"@id":"https:\/\/shop.compulab.pt\/en\/produto\/router-draytek-vigor-2136-ax-4g\/#primaryimage"},"thumbnailUrl":"https:\/\/shop.compulab.pt\/wp-content\/uploads\/2026\/04\/10705700498.png","datePublished":"2026-04-09T14:55:12+00:00","dateModified":"2026-04-19T02:01:07+00:00","breadcrumb":{"@id":"https:\/\/shop.compulab.pt\/en\/produto\/router-draytek-vigor-2136-ax-4g\/#breadcrumb"},"inLanguage":"en-US","potentialAction":[{"@type":"ReadAction","target":["https:\/\/shop.compulab.pt\/en\/produto\/router-draytek-vigor-2136-ax-4g\/"]}]},{"@type":"ImageObject","inLanguage":"en-US","@id":"https:\/\/shop.compulab.pt\/en\/produto\/router-draytek-vigor-2136-ax-4g\/#primaryimage","url":"https:\/\/shop.compulab.pt\/wp-content\/uploads\/2026\/04\/10705700498.png","contentUrl":"https:\/\/shop.compulab.pt\/wp-content\/uploads\/2026\/04\/10705700498.png","width":1500,"height":1125},{"@type":"BreadcrumbList","@id":"https:\/\/shop.compulab.pt\/en\/produto\/router-draytek-vigor-2136-ax-4g\/#breadcrumb","itemListElement":[{"@type":"ListItem","position":1,"name":"Shop","item":"https:\/\/draytek.compulab.pt\/en\/shop\/"},{"@type":"ListItem","position":2,"name":"ROUTER DRAYTEK VIGOR 2136 AX-4G"}]},{"@type":"WebSite","@id":"https:\/\/shop.compulab.pt\/en\/#website","url":"https:\/\/shop.compulab.pt\/en\/","name":"Loja Compulab","description":"Loja online da Compulab","potentialAction":[{"@type":"SearchAction","target":{"@type":"EntryPoint","urlTemplate":"https:\/\/shop.compulab.pt\/en\/?s={search_term_string}"},"query-input":{"@type":"PropertyValueSpecification","valueRequired":true,"valueName":"search_term_string"}}],"inLanguage":"en-US"}]}},"_links":{"self":[{"href":"https:\/\/shop.compulab.pt\/en\/wp-json\/wp\/v2\/product\/17563","targetHints":{"allow":["GET"]}}],"collection":[{"href":"https:\/\/shop.compulab.pt\/en\/wp-json\/wp\/v2\/product"}],"about":[{"href":"https:\/\/shop.compulab.pt\/en\/wp-json\/wp\/v2\/types\/product"}],"version-history":[{"count":5,"href":"https:\/\/shop.compulab.pt\/en\/wp-json\/wp\/v2\/product\/17563\/revisions"}],"predecessor-version":[{"id":17584,"href":"https:\/\/shop.compulab.pt\/en\/wp-json\/wp\/v2\/product\/17563\/revisions\/17584"}],"wp:featuredmedia":[{"embeddable":true,"href":"https:\/\/shop.compulab.pt\/en\/wp-json\/wp\/v2\/media\/17579"}],"wp:attachment":[{"href":"https:\/\/shop.compulab.pt\/en\/wp-json\/wp\/v2\/media?parent=17563"}],"wp:term":[{"taxonomy":"product_brand","embeddable":true,"href":"https:\/\/shop.compulab.pt\/en\/wp-json\/wp\/v2\/product_brand?post=17563"},{"taxonomy":"product_cat","embeddable":true,"href":"https:\/\/shop.compulab.pt\/en\/wp-json\/wp\/v2\/product_cat?post=17563"},{"taxonomy":"product_tag","embeddable":true,"href":"https:\/\/shop.compulab.pt\/en\/wp-json\/wp\/v2\/product_tag?post=17563"}],"curies":[{"name":"wp","href":"https:\/\/api.w.org\/{rel}","templated":true}]}}