{"id":17241,"date":"2025-07-11T16:58:36","date_gmt":"2025-07-11T16:58:36","guid":{"rendered":"https:\/\/shop.compulab.pt\/?post_type=product&#038;p=17241"},"modified":"2026-04-18T03:00:42","modified_gmt":"2026-04-18T02:00:42","slug":"draytek-vigorswitch-q60x","status":"publish","type":"product","link":"https:\/\/shop.compulab.pt\/en\/produto\/draytek-vigorswitch-q60x\/","title":{"rendered":"DRAYTEK VIGORSWITCH Q60X"},"content":{"rendered":"<p>O <strong>VigorSwitch Q60x<\/strong> \u00e9 um switch de 5 portas 2.5G e 1 porta 10G (SFP+) sem Gest\u00e3o, para uma conectividade de rede fi\u00e1vel. N\u00e3o \u00e9 necess\u00e1ria qualquer configura\u00e7\u00e3o, basta ligar os dispositivos (ex: NAS, Pontos de Acesso Wireless, NVR, etc) para expandir a sua rede de forma f\u00e1cil e econ\u00f3mica. O switch \u00e9 energeticamente eficiente, com um consumo de energia de apenas 4.85 watts, e o seu design em caixa met\u00e1lica melhora a dissipa\u00e7\u00e3o de calor.<\/p>\n","protected":false},"excerpt":{"rendered":"<ul>\n<li><strong>Switch com 5 portas 2,5 Gigabit RJ-45 + 1 porta SFP+ (10G) sem Gest\u00e3o<\/strong><\/li>\n<li>Extremamente compacto e Ultraleve. (vers\u00e3o Desktop)<\/li>\n<\/ul>\n","protected":false},"featured_media":17314,"template":"","meta":[],"product_brand":[],"product_cat":[939],"product_tag":[1239,1240],"class_list":{"0":"post-17241","1":"product","2":"type-product","3":"status-publish","4":"has-post-thumbnail","6":"product_cat-switches-draytek","7":"product_tag-q60x","8":"product_tag-vigorswitch-q60x","9":"pa_marca-draytek","10":"pa_marca-pa_marca","12":"first","13":"instock","14":"taxable","15":"shipping-taxable","16":"purchasable","17":"product-type-simple"},"yoast_head":"<!-- This site is optimized with the Yoast SEO plugin v27.4 - https:\/\/yoast.com\/product\/yoast-seo-wordpress\/ -->\n<title>DRAYTEK VIGORSWITCH Q60X - Loja Compulab<\/title>\n<meta name=\"robots\" content=\"index, follow, max-snippet:-1, max-image-preview:large, max-video-preview:-1\" \/>\n<link rel=\"canonical\" href=\"https:\/\/shop.compulab.pt\/en\/produto\/draytek-vigorswitch-q60x\/\" \/>\n<meta property=\"og:locale\" content=\"en_US\" \/>\n<meta property=\"og:type\" content=\"article\" \/>\n<meta property=\"og:title\" content=\"DRAYTEK VIGORSWITCH Q60X - Loja Compulab\" \/>\n<meta property=\"og:description\" content=\"Switch com 5 portas 2,5 Gigabit RJ-45 + 1 porta SFP+ (10G) sem Gest\u00e3o  Extremamente compacto e Ultraleve. (vers\u00e3o Desktop)\" \/>\n<meta property=\"og:url\" content=\"https:\/\/shop.compulab.pt\/en\/produto\/draytek-vigorswitch-q60x\/\" \/>\n<meta property=\"og:site_name\" content=\"Loja Compulab\" \/>\n<meta property=\"article:publisher\" content=\"https:\/\/www.facebook.com\/Compulab.pt\/\" \/>\n<meta property=\"article:modified_time\" content=\"2026-04-18T02:00:42+00:00\" \/>\n<meta property=\"og:image\" content=\"https:\/\/shop.compulab.pt\/wp-content\/uploads\/2025\/07\/10700700790-.png\" \/>\n\t<meta property=\"og:image:width\" content=\"1500\" \/>\n\t<meta property=\"og:image:height\" content=\"1125\" \/>\n\t<meta property=\"og:image:type\" content=\"image\/png\" \/>\n<meta name=\"twitter:card\" content=\"summary_large_image\" \/>\n<meta name=\"twitter:label1\" content=\"Est. reading time\" \/>\n\t<meta name=\"twitter:data1\" content=\"1 minute\" \/>\n<script type=\"application\/ld+json\" class=\"yoast-schema-graph\">{\"@context\":\"https:\\\/\\\/schema.org\",\"@graph\":[{\"@type\":\"WebPage\",\"@id\":\"https:\\\/\\\/shop.compulab.pt\\\/en\\\/produto\\\/draytek-vigorswitch-q60x\\\/\",\"url\":\"https:\\\/\\\/shop.compulab.pt\\\/en\\\/produto\\\/draytek-vigorswitch-q60x\\\/\",\"name\":\"DRAYTEK VIGORSWITCH Q60X - Loja Compulab\",\"isPartOf\":{\"@id\":\"https:\\\/\\\/shop.compulab.pt\\\/en\\\/#website\"},\"primaryImageOfPage\":{\"@id\":\"https:\\\/\\\/shop.compulab.pt\\\/en\\\/produto\\\/draytek-vigorswitch-q60x\\\/#primaryimage\"},\"image\":{\"@id\":\"https:\\\/\\\/shop.compulab.pt\\\/en\\\/produto\\\/draytek-vigorswitch-q60x\\\/#primaryimage\"},\"thumbnailUrl\":\"https:\\\/\\\/shop.compulab.pt\\\/wp-content\\\/uploads\\\/2025\\\/07\\\/10700700790-.png\",\"datePublished\":\"2025-07-11T16:58:36+00:00\",\"dateModified\":\"2026-04-18T02:00:42+00:00\",\"breadcrumb\":{\"@id\":\"https:\\\/\\\/shop.compulab.pt\\\/en\\\/produto\\\/draytek-vigorswitch-q60x\\\/#breadcrumb\"},\"inLanguage\":\"en-US\",\"potentialAction\":[{\"@type\":\"ReadAction\",\"target\":[\"https:\\\/\\\/shop.compulab.pt\\\/en\\\/produto\\\/draytek-vigorswitch-q60x\\\/\"]}]},{\"@type\":\"ImageObject\",\"inLanguage\":\"en-US\",\"@id\":\"https:\\\/\\\/shop.compulab.pt\\\/en\\\/produto\\\/draytek-vigorswitch-q60x\\\/#primaryimage\",\"url\":\"https:\\\/\\\/shop.compulab.pt\\\/wp-content\\\/uploads\\\/2025\\\/07\\\/10700700790-.png\",\"contentUrl\":\"https:\\\/\\\/shop.compulab.pt\\\/wp-content\\\/uploads\\\/2025\\\/07\\\/10700700790-.png\",\"width\":1500,\"height\":1125},{\"@type\":\"BreadcrumbList\",\"@id\":\"https:\\\/\\\/shop.compulab.pt\\\/en\\\/produto\\\/draytek-vigorswitch-q60x\\\/#breadcrumb\",\"itemListElement\":[{\"@type\":\"ListItem\",\"position\":1,\"name\":\"Shop\",\"item\":\"https:\\\/\\\/draytek.compulab.pt\\\/en\\\/shop\\\/\"},{\"@type\":\"ListItem\",\"position\":2,\"name\":\"DRAYTEK VIGORSWITCH Q60X\"}]},{\"@type\":\"WebSite\",\"@id\":\"https:\\\/\\\/shop.compulab.pt\\\/en\\\/#website\",\"url\":\"https:\\\/\\\/shop.compulab.pt\\\/en\\\/\",\"name\":\"Loja Compulab\",\"description\":\"Loja online da Compulab\",\"potentialAction\":[{\"@type\":\"SearchAction\",\"target\":{\"@type\":\"EntryPoint\",\"urlTemplate\":\"https:\\\/\\\/shop.compulab.pt\\\/en\\\/?s={search_term_string}\"},\"query-input\":{\"@type\":\"PropertyValueSpecification\",\"valueRequired\":true,\"valueName\":\"search_term_string\"}}],\"inLanguage\":\"en-US\"}]}<\/script>\n<!-- \/ Yoast SEO plugin. -->","yoast_head_json":{"title":"DRAYTEK VIGORSWITCH Q60X - Loja Compulab","robots":{"index":"index","follow":"follow","max-snippet":"max-snippet:-1","max-image-preview":"max-image-preview:large","max-video-preview":"max-video-preview:-1"},"canonical":"https:\/\/shop.compulab.pt\/en\/produto\/draytek-vigorswitch-q60x\/","og_locale":"en_US","og_type":"article","og_title":"DRAYTEK VIGORSWITCH Q60X - Loja Compulab","og_description":"Switch com 5 portas 2,5 Gigabit RJ-45 + 1 porta SFP+ (10G) sem Gest\u00e3o  Extremamente compacto e Ultraleve. (vers\u00e3o Desktop)","og_url":"https:\/\/shop.compulab.pt\/en\/produto\/draytek-vigorswitch-q60x\/","og_site_name":"Loja Compulab","article_publisher":"https:\/\/www.facebook.com\/Compulab.pt\/","article_modified_time":"2026-04-18T02:00:42+00:00","og_image":[{"width":1500,"height":1125,"url":"https:\/\/shop.compulab.pt\/wp-content\/uploads\/2025\/07\/10700700790-.png","type":"image\/png"}],"twitter_card":"summary_large_image","twitter_misc":{"Est. reading time":"1 minute"},"schema":{"@context":"https:\/\/schema.org","@graph":[{"@type":"WebPage","@id":"https:\/\/shop.compulab.pt\/en\/produto\/draytek-vigorswitch-q60x\/","url":"https:\/\/shop.compulab.pt\/en\/produto\/draytek-vigorswitch-q60x\/","name":"DRAYTEK VIGORSWITCH Q60X - Loja Compulab","isPartOf":{"@id":"https:\/\/shop.compulab.pt\/en\/#website"},"primaryImageOfPage":{"@id":"https:\/\/shop.compulab.pt\/en\/produto\/draytek-vigorswitch-q60x\/#primaryimage"},"image":{"@id":"https:\/\/shop.compulab.pt\/en\/produto\/draytek-vigorswitch-q60x\/#primaryimage"},"thumbnailUrl":"https:\/\/shop.compulab.pt\/wp-content\/uploads\/2025\/07\/10700700790-.png","datePublished":"2025-07-11T16:58:36+00:00","dateModified":"2026-04-18T02:00:42+00:00","breadcrumb":{"@id":"https:\/\/shop.compulab.pt\/en\/produto\/draytek-vigorswitch-q60x\/#breadcrumb"},"inLanguage":"en-US","potentialAction":[{"@type":"ReadAction","target":["https:\/\/shop.compulab.pt\/en\/produto\/draytek-vigorswitch-q60x\/"]}]},{"@type":"ImageObject","inLanguage":"en-US","@id":"https:\/\/shop.compulab.pt\/en\/produto\/draytek-vigorswitch-q60x\/#primaryimage","url":"https:\/\/shop.compulab.pt\/wp-content\/uploads\/2025\/07\/10700700790-.png","contentUrl":"https:\/\/shop.compulab.pt\/wp-content\/uploads\/2025\/07\/10700700790-.png","width":1500,"height":1125},{"@type":"BreadcrumbList","@id":"https:\/\/shop.compulab.pt\/en\/produto\/draytek-vigorswitch-q60x\/#breadcrumb","itemListElement":[{"@type":"ListItem","position":1,"name":"Shop","item":"https:\/\/draytek.compulab.pt\/en\/shop\/"},{"@type":"ListItem","position":2,"name":"DRAYTEK VIGORSWITCH Q60X"}]},{"@type":"WebSite","@id":"https:\/\/shop.compulab.pt\/en\/#website","url":"https:\/\/shop.compulab.pt\/en\/","name":"Loja Compulab","description":"Loja online da Compulab","potentialAction":[{"@type":"SearchAction","target":{"@type":"EntryPoint","urlTemplate":"https:\/\/shop.compulab.pt\/en\/?s={search_term_string}"},"query-input":{"@type":"PropertyValueSpecification","valueRequired":true,"valueName":"search_term_string"}}],"inLanguage":"en-US"}]}},"_links":{"self":[{"href":"https:\/\/shop.compulab.pt\/en\/wp-json\/wp\/v2\/product\/17241","targetHints":{"allow":["GET"]}}],"collection":[{"href":"https:\/\/shop.compulab.pt\/en\/wp-json\/wp\/v2\/product"}],"about":[{"href":"https:\/\/shop.compulab.pt\/en\/wp-json\/wp\/v2\/types\/product"}],"version-history":[{"count":11,"href":"https:\/\/shop.compulab.pt\/en\/wp-json\/wp\/v2\/product\/17241\/revisions"}],"predecessor-version":[{"id":17331,"href":"https:\/\/shop.compulab.pt\/en\/wp-json\/wp\/v2\/product\/17241\/revisions\/17331"}],"wp:featuredmedia":[{"embeddable":true,"href":"https:\/\/shop.compulab.pt\/en\/wp-json\/wp\/v2\/media\/17314"}],"wp:attachment":[{"href":"https:\/\/shop.compulab.pt\/en\/wp-json\/wp\/v2\/media?parent=17241"}],"wp:term":[{"taxonomy":"product_brand","embeddable":true,"href":"https:\/\/shop.compulab.pt\/en\/wp-json\/wp\/v2\/product_brand?post=17241"},{"taxonomy":"product_cat","embeddable":true,"href":"https:\/\/shop.compulab.pt\/en\/wp-json\/wp\/v2\/product_cat?post=17241"},{"taxonomy":"product_tag","embeddable":true,"href":"https:\/\/shop.compulab.pt\/en\/wp-json\/wp\/v2\/product_tag?post=17241"}],"curies":[{"name":"wp","href":"https:\/\/api.w.org\/{rel}","templated":true}]}}