{"id":17148,"date":"2025-04-11T02:00:06","date_gmt":"2025-04-11T02:00:06","guid":{"rendered":"https:\/\/shop.compulab.pt\/?post_type=product&#038;p=17148"},"modified":"2026-04-19T03:00:51","modified_gmt":"2026-04-19T02:00:51","slug":"draytek-transceiver-dt-dam-fx10-20k","status":"publish","type":"product","link":"https:\/\/shop.compulab.pt\/en\/produto\/draytek-transceiver-dt-dam-fx10-20k\/","title":{"rendered":"DrayTek TRANSCEIVER DT-DAM-FX10-20K"},"content":{"rendered":"<p>O <strong>DAM-FX10-20K<\/strong> \u00e9 um <strong>transceiver \u00d3ptico SFP+<\/strong>. \u00c9 um transceiver de pequeno factor e foi concebido para permitir liga\u00e7\u00e3o de dados de alta velocidade a 10 Gigabit Ethernet para uma dist\u00e2ncia de at\u00e9 <strong>20 km<\/strong> ao longo de um \u00fanico M\u00f3dulo SFP+. O <strong>DAM-FX10-20K<\/strong> permite uma solu\u00e7\u00e3o de alto desempenho e rent\u00e1vel, que \u00e9 ideal para liga\u00e7\u00e3o de fibra a longa dist\u00e2ncia. Est\u00e1 dispon\u00edvel em 2 tipos, <strong>DAM-FX10-20K-A<\/strong> (Type A) e <strong>DAM-FX10-20K-B<\/strong> (Type B), que s\u00e3o disponibilizados em Kit.<\/p>\n","protected":false},"excerpt":{"rendered":"<p>M\u00f3dulo 10G SFP+ LC Simplex Bi-Direccional Single-Mode (at\u00e9 20Km)<\/p>\n","protected":false},"featured_media":17324,"template":"","meta":[],"product_brand":[],"product_cat":[941],"product_tag":[],"class_list":{"0":"post-17148","1":"product","2":"type-product","3":"status-publish","4":"has-post-thumbnail","6":"product_cat-acessorios","7":"pa_marca-draytek","8":"pa_marca-pa_marca","10":"first","11":"onbackorder","12":"taxable","13":"shipping-taxable","14":"purchasable","15":"product-type-simple"},"yoast_head":"<!-- This site is optimized with the Yoast SEO plugin v27.4 - https:\/\/yoast.com\/product\/yoast-seo-wordpress\/ -->\n<title>DrayTek TRANSCEIVER DT-DAM-FX10-20K - Loja Compulab<\/title>\n<meta name=\"robots\" content=\"index, follow, max-snippet:-1, max-image-preview:large, max-video-preview:-1\" \/>\n<link rel=\"canonical\" href=\"https:\/\/shop.compulab.pt\/en\/produto\/draytek-transceiver-dt-dam-fx10-20k\/\" \/>\n<meta property=\"og:locale\" content=\"en_US\" \/>\n<meta property=\"og:type\" content=\"article\" \/>\n<meta property=\"og:title\" content=\"DrayTek TRANSCEIVER DT-DAM-FX10-20K - Loja Compulab\" \/>\n<meta property=\"og:description\" content=\"M\u00f3dulo 10G SFP+ LC Simplex Bi-Direccional Single-Mode (at\u00e9 20Km)\" \/>\n<meta property=\"og:url\" content=\"https:\/\/shop.compulab.pt\/en\/produto\/draytek-transceiver-dt-dam-fx10-20k\/\" \/>\n<meta property=\"og:site_name\" content=\"Loja Compulab\" \/>\n<meta property=\"article:publisher\" content=\"https:\/\/www.facebook.com\/Compulab.pt\/\" \/>\n<meta property=\"article:modified_time\" content=\"2026-04-19T02:00:51+00:00\" \/>\n<meta property=\"og:image\" content=\"https:\/\/shop.compulab.pt\/wp-content\/uploads\/2025\/04\/10700700826.png\" \/>\n\t<meta property=\"og:image:width\" content=\"600\" \/>\n\t<meta property=\"og:image:height\" content=\"400\" \/>\n\t<meta property=\"og:image:type\" content=\"image\/png\" \/>\n<meta name=\"twitter:card\" content=\"summary_large_image\" \/>\n<meta name=\"twitter:label1\" content=\"Est. reading time\" \/>\n\t<meta name=\"twitter:data1\" content=\"1 minute\" \/>\n<script type=\"application\/ld+json\" class=\"yoast-schema-graph\">{\"@context\":\"https:\\\/\\\/schema.org\",\"@graph\":[{\"@type\":\"WebPage\",\"@id\":\"https:\\\/\\\/shop.compulab.pt\\\/en\\\/produto\\\/draytek-transceiver-dt-dam-fx10-20k\\\/\",\"url\":\"https:\\\/\\\/shop.compulab.pt\\\/en\\\/produto\\\/draytek-transceiver-dt-dam-fx10-20k\\\/\",\"name\":\"DrayTek TRANSCEIVER DT-DAM-FX10-20K - Loja Compulab\",\"isPartOf\":{\"@id\":\"https:\\\/\\\/shop.compulab.pt\\\/en\\\/#website\"},\"primaryImageOfPage\":{\"@id\":\"https:\\\/\\\/shop.compulab.pt\\\/en\\\/produto\\\/draytek-transceiver-dt-dam-fx10-20k\\\/#primaryimage\"},\"image\":{\"@id\":\"https:\\\/\\\/shop.compulab.pt\\\/en\\\/produto\\\/draytek-transceiver-dt-dam-fx10-20k\\\/#primaryimage\"},\"thumbnailUrl\":\"https:\\\/\\\/shop.compulab.pt\\\/wp-content\\\/uploads\\\/2025\\\/04\\\/10700700826.png\",\"datePublished\":\"2025-04-11T02:00:06+00:00\",\"dateModified\":\"2026-04-19T02:00:51+00:00\",\"breadcrumb\":{\"@id\":\"https:\\\/\\\/shop.compulab.pt\\\/en\\\/produto\\\/draytek-transceiver-dt-dam-fx10-20k\\\/#breadcrumb\"},\"inLanguage\":\"en-US\",\"potentialAction\":[{\"@type\":\"ReadAction\",\"target\":[\"https:\\\/\\\/shop.compulab.pt\\\/en\\\/produto\\\/draytek-transceiver-dt-dam-fx10-20k\\\/\"]}]},{\"@type\":\"ImageObject\",\"inLanguage\":\"en-US\",\"@id\":\"https:\\\/\\\/shop.compulab.pt\\\/en\\\/produto\\\/draytek-transceiver-dt-dam-fx10-20k\\\/#primaryimage\",\"url\":\"https:\\\/\\\/shop.compulab.pt\\\/wp-content\\\/uploads\\\/2025\\\/04\\\/10700700826.png\",\"contentUrl\":\"https:\\\/\\\/shop.compulab.pt\\\/wp-content\\\/uploads\\\/2025\\\/04\\\/10700700826.png\",\"width\":600,\"height\":400},{\"@type\":\"BreadcrumbList\",\"@id\":\"https:\\\/\\\/shop.compulab.pt\\\/en\\\/produto\\\/draytek-transceiver-dt-dam-fx10-20k\\\/#breadcrumb\",\"itemListElement\":[{\"@type\":\"ListItem\",\"position\":1,\"name\":\"Shop\",\"item\":\"https:\\\/\\\/draytek.compulab.pt\\\/en\\\/shop\\\/\"},{\"@type\":\"ListItem\",\"position\":2,\"name\":\"DrayTek TRANSCEIVER DT-DAM-FX10-20K\"}]},{\"@type\":\"WebSite\",\"@id\":\"https:\\\/\\\/shop.compulab.pt\\\/en\\\/#website\",\"url\":\"https:\\\/\\\/shop.compulab.pt\\\/en\\\/\",\"name\":\"Loja Compulab\",\"description\":\"Loja online da Compulab\",\"potentialAction\":[{\"@type\":\"SearchAction\",\"target\":{\"@type\":\"EntryPoint\",\"urlTemplate\":\"https:\\\/\\\/shop.compulab.pt\\\/en\\\/?s={search_term_string}\"},\"query-input\":{\"@type\":\"PropertyValueSpecification\",\"valueRequired\":true,\"valueName\":\"search_term_string\"}}],\"inLanguage\":\"en-US\"}]}<\/script>\n<!-- \/ Yoast SEO plugin. -->","yoast_head_json":{"title":"DrayTek TRANSCEIVER DT-DAM-FX10-20K - Loja Compulab","robots":{"index":"index","follow":"follow","max-snippet":"max-snippet:-1","max-image-preview":"max-image-preview:large","max-video-preview":"max-video-preview:-1"},"canonical":"https:\/\/shop.compulab.pt\/en\/produto\/draytek-transceiver-dt-dam-fx10-20k\/","og_locale":"en_US","og_type":"article","og_title":"DrayTek TRANSCEIVER DT-DAM-FX10-20K - Loja Compulab","og_description":"M\u00f3dulo 10G SFP+ LC Simplex Bi-Direccional Single-Mode (at\u00e9 20Km)","og_url":"https:\/\/shop.compulab.pt\/en\/produto\/draytek-transceiver-dt-dam-fx10-20k\/","og_site_name":"Loja Compulab","article_publisher":"https:\/\/www.facebook.com\/Compulab.pt\/","article_modified_time":"2026-04-19T02:00:51+00:00","og_image":[{"width":600,"height":400,"url":"https:\/\/shop.compulab.pt\/wp-content\/uploads\/2025\/04\/10700700826.png","type":"image\/png"}],"twitter_card":"summary_large_image","twitter_misc":{"Est. reading time":"1 minute"},"schema":{"@context":"https:\/\/schema.org","@graph":[{"@type":"WebPage","@id":"https:\/\/shop.compulab.pt\/en\/produto\/draytek-transceiver-dt-dam-fx10-20k\/","url":"https:\/\/shop.compulab.pt\/en\/produto\/draytek-transceiver-dt-dam-fx10-20k\/","name":"DrayTek TRANSCEIVER DT-DAM-FX10-20K - Loja Compulab","isPartOf":{"@id":"https:\/\/shop.compulab.pt\/en\/#website"},"primaryImageOfPage":{"@id":"https:\/\/shop.compulab.pt\/en\/produto\/draytek-transceiver-dt-dam-fx10-20k\/#primaryimage"},"image":{"@id":"https:\/\/shop.compulab.pt\/en\/produto\/draytek-transceiver-dt-dam-fx10-20k\/#primaryimage"},"thumbnailUrl":"https:\/\/shop.compulab.pt\/wp-content\/uploads\/2025\/04\/10700700826.png","datePublished":"2025-04-11T02:00:06+00:00","dateModified":"2026-04-19T02:00:51+00:00","breadcrumb":{"@id":"https:\/\/shop.compulab.pt\/en\/produto\/draytek-transceiver-dt-dam-fx10-20k\/#breadcrumb"},"inLanguage":"en-US","potentialAction":[{"@type":"ReadAction","target":["https:\/\/shop.compulab.pt\/en\/produto\/draytek-transceiver-dt-dam-fx10-20k\/"]}]},{"@type":"ImageObject","inLanguage":"en-US","@id":"https:\/\/shop.compulab.pt\/en\/produto\/draytek-transceiver-dt-dam-fx10-20k\/#primaryimage","url":"https:\/\/shop.compulab.pt\/wp-content\/uploads\/2025\/04\/10700700826.png","contentUrl":"https:\/\/shop.compulab.pt\/wp-content\/uploads\/2025\/04\/10700700826.png","width":600,"height":400},{"@type":"BreadcrumbList","@id":"https:\/\/shop.compulab.pt\/en\/produto\/draytek-transceiver-dt-dam-fx10-20k\/#breadcrumb","itemListElement":[{"@type":"ListItem","position":1,"name":"Shop","item":"https:\/\/draytek.compulab.pt\/en\/shop\/"},{"@type":"ListItem","position":2,"name":"DrayTek TRANSCEIVER DT-DAM-FX10-20K"}]},{"@type":"WebSite","@id":"https:\/\/shop.compulab.pt\/en\/#website","url":"https:\/\/shop.compulab.pt\/en\/","name":"Loja Compulab","description":"Loja online da Compulab","potentialAction":[{"@type":"SearchAction","target":{"@type":"EntryPoint","urlTemplate":"https:\/\/shop.compulab.pt\/en\/?s={search_term_string}"},"query-input":{"@type":"PropertyValueSpecification","valueRequired":true,"valueName":"search_term_string"}}],"inLanguage":"en-US"}]}},"_links":{"self":[{"href":"https:\/\/shop.compulab.pt\/en\/wp-json\/wp\/v2\/product\/17148","targetHints":{"allow":["GET"]}}],"collection":[{"href":"https:\/\/shop.compulab.pt\/en\/wp-json\/wp\/v2\/product"}],"about":[{"href":"https:\/\/shop.compulab.pt\/en\/wp-json\/wp\/v2\/types\/product"}],"version-history":[{"count":4,"href":"https:\/\/shop.compulab.pt\/en\/wp-json\/wp\/v2\/product\/17148\/revisions"}],"predecessor-version":[{"id":17328,"href":"https:\/\/shop.compulab.pt\/en\/wp-json\/wp\/v2\/product\/17148\/revisions\/17328"}],"wp:featuredmedia":[{"embeddable":true,"href":"https:\/\/shop.compulab.pt\/en\/wp-json\/wp\/v2\/media\/17324"}],"wp:attachment":[{"href":"https:\/\/shop.compulab.pt\/en\/wp-json\/wp\/v2\/media?parent=17148"}],"wp:term":[{"taxonomy":"product_brand","embeddable":true,"href":"https:\/\/shop.compulab.pt\/en\/wp-json\/wp\/v2\/product_brand?post=17148"},{"taxonomy":"product_cat","embeddable":true,"href":"https:\/\/shop.compulab.pt\/en\/wp-json\/wp\/v2\/product_cat?post=17148"},{"taxonomy":"product_tag","embeddable":true,"href":"https:\/\/shop.compulab.pt\/en\/wp-json\/wp\/v2\/product_tag?post=17148"}],"curies":[{"name":"wp","href":"https:\/\/api.w.org\/{rel}","templated":true}]}}