{"id":17143,"date":"2025-04-04T02:00:11","date_gmt":"2025-04-04T02:00:11","guid":{"rendered":"https:\/\/shop.compulab.pt\/?post_type=product&#038;p=17143"},"modified":"2026-04-18T03:00:43","modified_gmt":"2026-04-18T02:00:43","slug":"draytek-transceiver-dt-dam-ex10-30","status":"publish","type":"product","link":"https:\/\/shop.compulab.pt\/en\/produto\/draytek-transceiver-dt-dam-ex10-30\/","title":{"rendered":"DrayTek TRANSCEIVER DT-DAM-EX10-30"},"content":{"rendered":"<p>O DAM-EX10-30m \u00e9 um transceiver \u00d3ptico SFP+ compacto que suporta m\u00faltiplas op\u00e7\u00f5es de conetividade, incluindo <strong>1G BASE-T, 2,5G BASE-T, 5G BASE-T e 10G BASE-T<\/strong>. A sua funcionalidade de Hot-Pluggable SFP+ assegura uma instala\u00e7\u00e3o f\u00e1cil. Este transceiver \u00e9 adequado para dist\u00e2ncias at\u00e9 30 metros em cabos de cobre Cat 5e\/Cat 6a atrav\u00e9s de um conetor RJ-45, proporcionando uma solu\u00e7\u00e3o econ\u00f3mica para as empresas estabelecerem liga\u00e7\u00f5es dentro de bastidores ou outras interfaces de cobre.<\/p>\n","protected":false},"excerpt":{"rendered":"<p>M\u00f3dulo 10G RJ45 SFP+ (at\u00e9 30m)<\/p>\n","protected":false},"featured_media":17332,"template":"","meta":[],"product_brand":[],"product_cat":[941],"product_tag":[],"class_list":{"0":"post-17143","1":"product","2":"type-product","3":"status-publish","4":"has-post-thumbnail","6":"product_cat-acessorios","7":"pa_marca-draytek","8":"pa_marca-pa_marca","10":"first","11":"onbackorder","12":"taxable","13":"shipping-taxable","14":"purchasable","15":"product-type-simple"},"yoast_head":"<!-- This site is optimized with the Yoast SEO plugin v27.4 - https:\/\/yoast.com\/product\/yoast-seo-wordpress\/ -->\n<title>DrayTek TRANSCEIVER DT-DAM-EX10-30 - Loja Compulab<\/title>\n<meta name=\"robots\" content=\"index, follow, max-snippet:-1, max-image-preview:large, max-video-preview:-1\" \/>\n<link rel=\"canonical\" href=\"https:\/\/shop.compulab.pt\/en\/produto\/draytek-transceiver-dt-dam-ex10-30\/\" \/>\n<meta property=\"og:locale\" content=\"en_US\" \/>\n<meta property=\"og:type\" content=\"article\" \/>\n<meta property=\"og:title\" content=\"DrayTek TRANSCEIVER DT-DAM-EX10-30 - Loja Compulab\" \/>\n<meta property=\"og:description\" content=\"M\u00f3dulo 10G RJ45 SFP+ (at\u00e9 30m)\" \/>\n<meta property=\"og:url\" content=\"https:\/\/shop.compulab.pt\/en\/produto\/draytek-transceiver-dt-dam-ex10-30\/\" \/>\n<meta property=\"og:site_name\" content=\"Loja Compulab\" \/>\n<meta property=\"article:publisher\" content=\"https:\/\/www.facebook.com\/Compulab.pt\/\" \/>\n<meta property=\"article:modified_time\" content=\"2026-04-18T02:00:43+00:00\" \/>\n<meta property=\"og:image\" content=\"https:\/\/shop.compulab.pt\/wp-content\/uploads\/2025\/04\/10700700825.png\" \/>\n\t<meta property=\"og:image:width\" content=\"300\" \/>\n\t<meta property=\"og:image:height\" content=\"225\" \/>\n\t<meta property=\"og:image:type\" content=\"image\/png\" \/>\n<meta name=\"twitter:card\" content=\"summary_large_image\" \/>\n<meta name=\"twitter:label1\" content=\"Est. reading time\" \/>\n\t<meta name=\"twitter:data1\" content=\"1 minute\" \/>\n<script type=\"application\/ld+json\" class=\"yoast-schema-graph\">{\"@context\":\"https:\\\/\\\/schema.org\",\"@graph\":[{\"@type\":\"WebPage\",\"@id\":\"https:\\\/\\\/shop.compulab.pt\\\/en\\\/produto\\\/draytek-transceiver-dt-dam-ex10-30\\\/\",\"url\":\"https:\\\/\\\/shop.compulab.pt\\\/en\\\/produto\\\/draytek-transceiver-dt-dam-ex10-30\\\/\",\"name\":\"DrayTek TRANSCEIVER DT-DAM-EX10-30 - Loja Compulab\",\"isPartOf\":{\"@id\":\"https:\\\/\\\/shop.compulab.pt\\\/en\\\/#website\"},\"primaryImageOfPage\":{\"@id\":\"https:\\\/\\\/shop.compulab.pt\\\/en\\\/produto\\\/draytek-transceiver-dt-dam-ex10-30\\\/#primaryimage\"},\"image\":{\"@id\":\"https:\\\/\\\/shop.compulab.pt\\\/en\\\/produto\\\/draytek-transceiver-dt-dam-ex10-30\\\/#primaryimage\"},\"thumbnailUrl\":\"https:\\\/\\\/shop.compulab.pt\\\/wp-content\\\/uploads\\\/2025\\\/04\\\/10700700825.png\",\"datePublished\":\"2025-04-04T02:00:11+00:00\",\"dateModified\":\"2026-04-18T02:00:43+00:00\",\"breadcrumb\":{\"@id\":\"https:\\\/\\\/shop.compulab.pt\\\/en\\\/produto\\\/draytek-transceiver-dt-dam-ex10-30\\\/#breadcrumb\"},\"inLanguage\":\"en-US\",\"potentialAction\":[{\"@type\":\"ReadAction\",\"target\":[\"https:\\\/\\\/shop.compulab.pt\\\/en\\\/produto\\\/draytek-transceiver-dt-dam-ex10-30\\\/\"]}]},{\"@type\":\"ImageObject\",\"inLanguage\":\"en-US\",\"@id\":\"https:\\\/\\\/shop.compulab.pt\\\/en\\\/produto\\\/draytek-transceiver-dt-dam-ex10-30\\\/#primaryimage\",\"url\":\"https:\\\/\\\/shop.compulab.pt\\\/wp-content\\\/uploads\\\/2025\\\/04\\\/10700700825.png\",\"contentUrl\":\"https:\\\/\\\/shop.compulab.pt\\\/wp-content\\\/uploads\\\/2025\\\/04\\\/10700700825.png\",\"width\":300,\"height\":225},{\"@type\":\"BreadcrumbList\",\"@id\":\"https:\\\/\\\/shop.compulab.pt\\\/en\\\/produto\\\/draytek-transceiver-dt-dam-ex10-30\\\/#breadcrumb\",\"itemListElement\":[{\"@type\":\"ListItem\",\"position\":1,\"name\":\"Shop\",\"item\":\"https:\\\/\\\/draytek.compulab.pt\\\/en\\\/shop\\\/\"},{\"@type\":\"ListItem\",\"position\":2,\"name\":\"DrayTek TRANSCEIVER DT-DAM-EX10-30\"}]},{\"@type\":\"WebSite\",\"@id\":\"https:\\\/\\\/shop.compulab.pt\\\/en\\\/#website\",\"url\":\"https:\\\/\\\/shop.compulab.pt\\\/en\\\/\",\"name\":\"Loja Compulab\",\"description\":\"Loja online da Compulab\",\"potentialAction\":[{\"@type\":\"SearchAction\",\"target\":{\"@type\":\"EntryPoint\",\"urlTemplate\":\"https:\\\/\\\/shop.compulab.pt\\\/en\\\/?s={search_term_string}\"},\"query-input\":{\"@type\":\"PropertyValueSpecification\",\"valueRequired\":true,\"valueName\":\"search_term_string\"}}],\"inLanguage\":\"en-US\"}]}<\/script>\n<!-- \/ Yoast SEO plugin. -->","yoast_head_json":{"title":"DrayTek TRANSCEIVER DT-DAM-EX10-30 - Loja Compulab","robots":{"index":"index","follow":"follow","max-snippet":"max-snippet:-1","max-image-preview":"max-image-preview:large","max-video-preview":"max-video-preview:-1"},"canonical":"https:\/\/shop.compulab.pt\/en\/produto\/draytek-transceiver-dt-dam-ex10-30\/","og_locale":"en_US","og_type":"article","og_title":"DrayTek TRANSCEIVER DT-DAM-EX10-30 - Loja Compulab","og_description":"M\u00f3dulo 10G RJ45 SFP+ (at\u00e9 30m)","og_url":"https:\/\/shop.compulab.pt\/en\/produto\/draytek-transceiver-dt-dam-ex10-30\/","og_site_name":"Loja Compulab","article_publisher":"https:\/\/www.facebook.com\/Compulab.pt\/","article_modified_time":"2026-04-18T02:00:43+00:00","og_image":[{"width":300,"height":225,"url":"https:\/\/shop.compulab.pt\/wp-content\/uploads\/2025\/04\/10700700825.png","type":"image\/png"}],"twitter_card":"summary_large_image","twitter_misc":{"Est. reading time":"1 minute"},"schema":{"@context":"https:\/\/schema.org","@graph":[{"@type":"WebPage","@id":"https:\/\/shop.compulab.pt\/en\/produto\/draytek-transceiver-dt-dam-ex10-30\/","url":"https:\/\/shop.compulab.pt\/en\/produto\/draytek-transceiver-dt-dam-ex10-30\/","name":"DrayTek TRANSCEIVER DT-DAM-EX10-30 - Loja Compulab","isPartOf":{"@id":"https:\/\/shop.compulab.pt\/en\/#website"},"primaryImageOfPage":{"@id":"https:\/\/shop.compulab.pt\/en\/produto\/draytek-transceiver-dt-dam-ex10-30\/#primaryimage"},"image":{"@id":"https:\/\/shop.compulab.pt\/en\/produto\/draytek-transceiver-dt-dam-ex10-30\/#primaryimage"},"thumbnailUrl":"https:\/\/shop.compulab.pt\/wp-content\/uploads\/2025\/04\/10700700825.png","datePublished":"2025-04-04T02:00:11+00:00","dateModified":"2026-04-18T02:00:43+00:00","breadcrumb":{"@id":"https:\/\/shop.compulab.pt\/en\/produto\/draytek-transceiver-dt-dam-ex10-30\/#breadcrumb"},"inLanguage":"en-US","potentialAction":[{"@type":"ReadAction","target":["https:\/\/shop.compulab.pt\/en\/produto\/draytek-transceiver-dt-dam-ex10-30\/"]}]},{"@type":"ImageObject","inLanguage":"en-US","@id":"https:\/\/shop.compulab.pt\/en\/produto\/draytek-transceiver-dt-dam-ex10-30\/#primaryimage","url":"https:\/\/shop.compulab.pt\/wp-content\/uploads\/2025\/04\/10700700825.png","contentUrl":"https:\/\/shop.compulab.pt\/wp-content\/uploads\/2025\/04\/10700700825.png","width":300,"height":225},{"@type":"BreadcrumbList","@id":"https:\/\/shop.compulab.pt\/en\/produto\/draytek-transceiver-dt-dam-ex10-30\/#breadcrumb","itemListElement":[{"@type":"ListItem","position":1,"name":"Shop","item":"https:\/\/draytek.compulab.pt\/en\/shop\/"},{"@type":"ListItem","position":2,"name":"DrayTek TRANSCEIVER DT-DAM-EX10-30"}]},{"@type":"WebSite","@id":"https:\/\/shop.compulab.pt\/en\/#website","url":"https:\/\/shop.compulab.pt\/en\/","name":"Loja Compulab","description":"Loja online da Compulab","potentialAction":[{"@type":"SearchAction","target":{"@type":"EntryPoint","urlTemplate":"https:\/\/shop.compulab.pt\/en\/?s={search_term_string}"},"query-input":{"@type":"PropertyValueSpecification","valueRequired":true,"valueName":"search_term_string"}}],"inLanguage":"en-US"}]}},"_links":{"self":[{"href":"https:\/\/shop.compulab.pt\/en\/wp-json\/wp\/v2\/product\/17143","targetHints":{"allow":["GET"]}}],"collection":[{"href":"https:\/\/shop.compulab.pt\/en\/wp-json\/wp\/v2\/product"}],"about":[{"href":"https:\/\/shop.compulab.pt\/en\/wp-json\/wp\/v2\/types\/product"}],"version-history":[{"count":3,"href":"https:\/\/shop.compulab.pt\/en\/wp-json\/wp\/v2\/product\/17143\/revisions"}],"predecessor-version":[{"id":17336,"href":"https:\/\/shop.compulab.pt\/en\/wp-json\/wp\/v2\/product\/17143\/revisions\/17336"}],"wp:featuredmedia":[{"embeddable":true,"href":"https:\/\/shop.compulab.pt\/en\/wp-json\/wp\/v2\/media\/17332"}],"wp:attachment":[{"href":"https:\/\/shop.compulab.pt\/en\/wp-json\/wp\/v2\/media?parent=17143"}],"wp:term":[{"taxonomy":"product_brand","embeddable":true,"href":"https:\/\/shop.compulab.pt\/en\/wp-json\/wp\/v2\/product_brand?post=17143"},{"taxonomy":"product_cat","embeddable":true,"href":"https:\/\/shop.compulab.pt\/en\/wp-json\/wp\/v2\/product_cat?post=17143"},{"taxonomy":"product_tag","embeddable":true,"href":"https:\/\/shop.compulab.pt\/en\/wp-json\/wp\/v2\/product_tag?post=17143"}],"curies":[{"name":"wp","href":"https:\/\/api.w.org\/{rel}","templated":true}]}}