{"id":16993,"date":"2024-10-24T10:00:56","date_gmt":"2024-10-24T10:00:56","guid":{"rendered":"https:\/\/shop.compulab.pt\/?post_type=product&#038;p=16993"},"modified":"2026-04-19T03:01:03","modified_gmt":"2026-04-19T02:01:03","slug":"router-draytek-vigor-2136","status":"publish","type":"product","link":"https:\/\/shop.compulab.pt\/en\/produto\/router-draytek-vigor-2136\/","title":{"rendered":"ROUTER DRAYTEK VIGOR 2136"},"content":{"rendered":"<p>A s\u00e9rie Vigor2136 \u00e9 um router Broadband, com\u00a0<strong>uma porta WAN 2.5G fixa e uma porta LAN\/WAN 2.5G comut\u00e1vel<\/strong> para proporcionar uma velocidade r\u00e1pida que satisfaz as crescentes exig\u00eancias de rede das empresas. A funcionalidade acelera\u00e7\u00e3o de hardware, proporciona um <strong>desempenho NAT at\u00e9 2.3 Gbps<\/strong> sem sacrificar as caracter\u00edsticas de controlo da largura de banda. Com\u00a0 caracter\u00edsticas de n\u00edvel empresarial, incluindo Filtragem de Conte\u00fados Web, Pol\u00edtica de Rotas, QoS baseado em App, VPNs e muito mais, \u00e9 perfeito para utilizadores profissionais de casas inteligentes\/SOHO que prtendem assumir o controlo total da sua pr\u00f3pria rede baseada em aplica\u00e7\u00f5es e muito mais. Esta s\u00e9rie inclui modelo com <strong>WiFi 6 (802.11ax) incorporado<\/strong>.<\/p>\n","protected":false},"excerpt":{"rendered":"<ul>\n<li>Router com 1 porta Multi-Gigabit-WAN (2.5GbE) compat\u00edvel com liga\u00e7\u00e3o por modem Cabo, ADSL (sem modem incorporado) ou Fibra<\/li>\n<li>Switch com 1 porta 2.5GbE RJ-45<\/li>\n<li>3 portas 10\/100\/1000 Ethernet<\/li>\n<li>2 portas USB para Impressora, Term\u00f3metro, HDD ou modem 3G\/4G<\/li>\n<li>Content Filtering, Multi-Subnet LAN (4 redes) e Tag Based VLAN (802.1q)<\/li>\n<li>Configura\u00e7\u00e3o por Web e Telnet<\/li>\n<li>Firewall, QoS<\/li>\n<li>Cliente \/ Servidor VPN IPsec,IKEv2,IKEv2-EAP,IPsec-XAuth,WireGuard e OpenVPN (4 t\u00faneis)<\/li>\n<li>Suporte a IPv6. [Sistema Operativo: DrayOS 5]<\/li>\n<\/ul>\n","protected":false},"featured_media":17522,"template":"","meta":[],"product_brand":[],"product_cat":[935,934],"product_tag":[1218,1217],"class_list":{"0":"post-16993","1":"product","2":"type-product","3":"status-publish","4":"has-post-thumbnail","6":"product_cat-routers-broadband","7":"product_cat-routers-draytek","8":"product_tag-1218","9":"product_tag-vigor2136","10":"pa_marca-draytek","11":"pa_marca-pa_marca","13":"first","14":"instock","15":"taxable","16":"shipping-taxable","17":"purchasable","18":"product-type-simple"},"yoast_head":"<!-- This site is optimized with the Yoast SEO plugin v27.4 - https:\/\/yoast.com\/product\/yoast-seo-wordpress\/ -->\n<title>ROUTER DRAYTEK VIGOR 2136 - Loja Compulab<\/title>\n<meta name=\"description\" content=\"O router draytek vigor 2136 \u00e9 um router Broadband, capaz de proporcionar uma velocidade r\u00e1pida que satisfaz as crescentes exig\u00eancias de rede das empresas.\" \/>\n<meta name=\"robots\" content=\"index, follow, max-snippet:-1, max-image-preview:large, max-video-preview:-1\" \/>\n<link rel=\"canonical\" href=\"https:\/\/shop.compulab.pt\/en\/produto\/router-draytek-vigor-2136\/\" \/>\n<meta property=\"og:locale\" content=\"en_US\" \/>\n<meta property=\"og:type\" content=\"article\" \/>\n<meta property=\"og:title\" content=\"ROUTER DRAYTEK VIGOR 2136 - Loja Compulab\" \/>\n<meta property=\"og:description\" content=\"O router draytek vigor 2136 \u00e9 um router Broadband, capaz de proporcionar uma velocidade r\u00e1pida que satisfaz as crescentes exig\u00eancias de rede das empresas.\" \/>\n<meta property=\"og:url\" content=\"https:\/\/shop.compulab.pt\/en\/produto\/router-draytek-vigor-2136\/\" \/>\n<meta property=\"og:site_name\" content=\"Loja Compulab\" \/>\n<meta property=\"article:publisher\" content=\"https:\/\/www.facebook.com\/Compulab.pt\/\" \/>\n<meta property=\"article:modified_time\" content=\"2026-04-19T02:01:03+00:00\" \/>\n<meta property=\"og:image\" content=\"https:\/\/shop.compulab.pt\/wp-content\/uploads\/2026\/03\/router-draytek-vigor-2136.webp\" \/>\n\t<meta property=\"og:image:width\" content=\"1200\" \/>\n\t<meta property=\"og:image:height\" content=\"1200\" \/>\n\t<meta property=\"og:image:type\" content=\"image\/webp\" \/>\n<meta name=\"twitter:card\" content=\"summary_large_image\" \/>\n<meta name=\"twitter:label1\" content=\"Est. reading time\" \/>\n\t<meta name=\"twitter:data1\" content=\"1 minute\" \/>\n<script type=\"application\/ld+json\" class=\"yoast-schema-graph\">{\"@context\":\"https:\\\/\\\/schema.org\",\"@graph\":[{\"@type\":\"WebPage\",\"@id\":\"https:\\\/\\\/shop.compulab.pt\\\/en\\\/produto\\\/router-draytek-vigor-2136\\\/\",\"url\":\"https:\\\/\\\/shop.compulab.pt\\\/en\\\/produto\\\/router-draytek-vigor-2136\\\/\",\"name\":\"ROUTER DRAYTEK VIGOR 2136 - Loja Compulab\",\"isPartOf\":{\"@id\":\"https:\\\/\\\/shop.compulab.pt\\\/en\\\/#website\"},\"primaryImageOfPage\":{\"@id\":\"https:\\\/\\\/shop.compulab.pt\\\/en\\\/produto\\\/router-draytek-vigor-2136\\\/#primaryimage\"},\"image\":{\"@id\":\"https:\\\/\\\/shop.compulab.pt\\\/en\\\/produto\\\/router-draytek-vigor-2136\\\/#primaryimage\"},\"thumbnailUrl\":\"https:\\\/\\\/shop.compulab.pt\\\/wp-content\\\/uploads\\\/2026\\\/03\\\/router-draytek-vigor-2136.webp\",\"datePublished\":\"2024-10-24T10:00:56+00:00\",\"dateModified\":\"2026-04-19T02:01:03+00:00\",\"description\":\"O router draytek vigor 2136 \u00e9 um router Broadband, capaz de proporcionar uma velocidade r\u00e1pida que satisfaz as crescentes exig\u00eancias de rede das empresas.\",\"breadcrumb\":{\"@id\":\"https:\\\/\\\/shop.compulab.pt\\\/en\\\/produto\\\/router-draytek-vigor-2136\\\/#breadcrumb\"},\"inLanguage\":\"en-US\",\"potentialAction\":[{\"@type\":\"ReadAction\",\"target\":[\"https:\\\/\\\/shop.compulab.pt\\\/en\\\/produto\\\/router-draytek-vigor-2136\\\/\"]}]},{\"@type\":\"ImageObject\",\"inLanguage\":\"en-US\",\"@id\":\"https:\\\/\\\/shop.compulab.pt\\\/en\\\/produto\\\/router-draytek-vigor-2136\\\/#primaryimage\",\"url\":\"https:\\\/\\\/shop.compulab.pt\\\/wp-content\\\/uploads\\\/2026\\\/03\\\/router-draytek-vigor-2136.webp\",\"contentUrl\":\"https:\\\/\\\/shop.compulab.pt\\\/wp-content\\\/uploads\\\/2026\\\/03\\\/router-draytek-vigor-2136.webp\",\"width\":1200,\"height\":1200,\"caption\":\"ROUTER DRAYTEK VIGOR 2136\"},{\"@type\":\"BreadcrumbList\",\"@id\":\"https:\\\/\\\/shop.compulab.pt\\\/en\\\/produto\\\/router-draytek-vigor-2136\\\/#breadcrumb\",\"itemListElement\":[{\"@type\":\"ListItem\",\"position\":1,\"name\":\"Shop\",\"item\":\"https:\\\/\\\/draytek.compulab.pt\\\/en\\\/shop\\\/\"},{\"@type\":\"ListItem\",\"position\":2,\"name\":\"ROUTER DRAYTEK VIGOR 2136\"}]},{\"@type\":\"WebSite\",\"@id\":\"https:\\\/\\\/shop.compulab.pt\\\/en\\\/#website\",\"url\":\"https:\\\/\\\/shop.compulab.pt\\\/en\\\/\",\"name\":\"Loja Compulab\",\"description\":\"Loja online da Compulab\",\"potentialAction\":[{\"@type\":\"SearchAction\",\"target\":{\"@type\":\"EntryPoint\",\"urlTemplate\":\"https:\\\/\\\/shop.compulab.pt\\\/en\\\/?s={search_term_string}\"},\"query-input\":{\"@type\":\"PropertyValueSpecification\",\"valueRequired\":true,\"valueName\":\"search_term_string\"}}],\"inLanguage\":\"en-US\"}]}<\/script>\n<!-- \/ Yoast SEO plugin. -->","yoast_head_json":{"title":"ROUTER DRAYTEK VIGOR 2136 - Loja Compulab","description":"O router draytek vigor 2136 \u00e9 um router Broadband, capaz de proporcionar uma velocidade r\u00e1pida que satisfaz as crescentes exig\u00eancias de rede das empresas.","robots":{"index":"index","follow":"follow","max-snippet":"max-snippet:-1","max-image-preview":"max-image-preview:large","max-video-preview":"max-video-preview:-1"},"canonical":"https:\/\/shop.compulab.pt\/en\/produto\/router-draytek-vigor-2136\/","og_locale":"en_US","og_type":"article","og_title":"ROUTER DRAYTEK VIGOR 2136 - Loja Compulab","og_description":"O router draytek vigor 2136 \u00e9 um router Broadband, capaz de proporcionar uma velocidade r\u00e1pida que satisfaz as crescentes exig\u00eancias de rede das empresas.","og_url":"https:\/\/shop.compulab.pt\/en\/produto\/router-draytek-vigor-2136\/","og_site_name":"Loja Compulab","article_publisher":"https:\/\/www.facebook.com\/Compulab.pt\/","article_modified_time":"2026-04-19T02:01:03+00:00","og_image":[{"width":1200,"height":1200,"url":"https:\/\/shop.compulab.pt\/wp-content\/uploads\/2026\/03\/router-draytek-vigor-2136.webp","type":"image\/webp"}],"twitter_card":"summary_large_image","twitter_misc":{"Est. reading time":"1 minute"},"schema":{"@context":"https:\/\/schema.org","@graph":[{"@type":"WebPage","@id":"https:\/\/shop.compulab.pt\/en\/produto\/router-draytek-vigor-2136\/","url":"https:\/\/shop.compulab.pt\/en\/produto\/router-draytek-vigor-2136\/","name":"ROUTER DRAYTEK VIGOR 2136 - Loja Compulab","isPartOf":{"@id":"https:\/\/shop.compulab.pt\/en\/#website"},"primaryImageOfPage":{"@id":"https:\/\/shop.compulab.pt\/en\/produto\/router-draytek-vigor-2136\/#primaryimage"},"image":{"@id":"https:\/\/shop.compulab.pt\/en\/produto\/router-draytek-vigor-2136\/#primaryimage"},"thumbnailUrl":"https:\/\/shop.compulab.pt\/wp-content\/uploads\/2026\/03\/router-draytek-vigor-2136.webp","datePublished":"2024-10-24T10:00:56+00:00","dateModified":"2026-04-19T02:01:03+00:00","description":"O router draytek vigor 2136 \u00e9 um router Broadband, capaz de proporcionar uma velocidade r\u00e1pida que satisfaz as crescentes exig\u00eancias de rede das empresas.","breadcrumb":{"@id":"https:\/\/shop.compulab.pt\/en\/produto\/router-draytek-vigor-2136\/#breadcrumb"},"inLanguage":"en-US","potentialAction":[{"@type":"ReadAction","target":["https:\/\/shop.compulab.pt\/en\/produto\/router-draytek-vigor-2136\/"]}]},{"@type":"ImageObject","inLanguage":"en-US","@id":"https:\/\/shop.compulab.pt\/en\/produto\/router-draytek-vigor-2136\/#primaryimage","url":"https:\/\/shop.compulab.pt\/wp-content\/uploads\/2026\/03\/router-draytek-vigor-2136.webp","contentUrl":"https:\/\/shop.compulab.pt\/wp-content\/uploads\/2026\/03\/router-draytek-vigor-2136.webp","width":1200,"height":1200,"caption":"ROUTER DRAYTEK VIGOR 2136"},{"@type":"BreadcrumbList","@id":"https:\/\/shop.compulab.pt\/en\/produto\/router-draytek-vigor-2136\/#breadcrumb","itemListElement":[{"@type":"ListItem","position":1,"name":"Shop","item":"https:\/\/draytek.compulab.pt\/en\/shop\/"},{"@type":"ListItem","position":2,"name":"ROUTER DRAYTEK VIGOR 2136"}]},{"@type":"WebSite","@id":"https:\/\/shop.compulab.pt\/en\/#website","url":"https:\/\/shop.compulab.pt\/en\/","name":"Loja Compulab","description":"Loja online da Compulab","potentialAction":[{"@type":"SearchAction","target":{"@type":"EntryPoint","urlTemplate":"https:\/\/shop.compulab.pt\/en\/?s={search_term_string}"},"query-input":{"@type":"PropertyValueSpecification","valueRequired":true,"valueName":"search_term_string"}}],"inLanguage":"en-US"}]}},"_links":{"self":[{"href":"https:\/\/shop.compulab.pt\/en\/wp-json\/wp\/v2\/product\/16993","targetHints":{"allow":["GET"]}}],"collection":[{"href":"https:\/\/shop.compulab.pt\/en\/wp-json\/wp\/v2\/product"}],"about":[{"href":"https:\/\/shop.compulab.pt\/en\/wp-json\/wp\/v2\/types\/product"}],"version-history":[{"count":9,"href":"https:\/\/shop.compulab.pt\/en\/wp-json\/wp\/v2\/product\/16993\/revisions"}],"predecessor-version":[{"id":17951,"href":"https:\/\/shop.compulab.pt\/en\/wp-json\/wp\/v2\/product\/16993\/revisions\/17951"}],"wp:featuredmedia":[{"embeddable":true,"href":"https:\/\/shop.compulab.pt\/en\/wp-json\/wp\/v2\/media\/17522"}],"wp:attachment":[{"href":"https:\/\/shop.compulab.pt\/en\/wp-json\/wp\/v2\/media?parent=16993"}],"wp:term":[{"taxonomy":"product_brand","embeddable":true,"href":"https:\/\/shop.compulab.pt\/en\/wp-json\/wp\/v2\/product_brand?post=16993"},{"taxonomy":"product_cat","embeddable":true,"href":"https:\/\/shop.compulab.pt\/en\/wp-json\/wp\/v2\/product_cat?post=16993"},{"taxonomy":"product_tag","embeddable":true,"href":"https:\/\/shop.compulab.pt\/en\/wp-json\/wp\/v2\/product_tag?post=16993"}],"curies":[{"name":"wp","href":"https:\/\/api.w.org\/{rel}","templated":true}]}}