{"id":16992,"date":"2024-10-24T10:00:56","date_gmt":"2024-10-24T10:00:56","guid":{"rendered":"https:\/\/shop.compulab.pt\/?post_type=product&#038;p=16992"},"modified":"2026-04-15T03:00:45","modified_gmt":"2026-04-15T02:00:45","slug":"router-draytek-vigor-2136ax","status":"publish","type":"product","link":"https:\/\/shop.compulab.pt\/en\/produto\/router-draytek-vigor-2136ax\/","title":{"rendered":"ROUTER DRAYTEK VIGOR 2136AX"},"content":{"rendered":"<ul>\n<li style=\"text-align: left;\">Router com 1 porta Multi-Gigabit-WAN (2.5GbE) compat\u00edvel com liga\u00e7\u00e3o por modem Cabo, ADSL (sem modem incorporado) ou Fibra.<\/li>\n<li style=\"text-align: left;\">Switch com 1 porta 2.5GbE RJ-45 e 3 portas 10\/100\/1000 Ethernet<\/li>\n<li style=\"text-align: left;\">2 portas USB para Impressora, Term\u00f3metro, HDD ou modem 3G\/4G.<\/li>\n<li style=\"text-align: left;\">Content Filtering, Multi-Subnet LAN (4 redes) e Tag Based VLAN (802.1q)<\/li>\n<li style=\"text-align: left;\">Com ponto de acesso wireless Ethernet 802.11ax Wi-Fi 6 2&#215;2 MU-MIMO Dual-Band 2.4GHz e 5GHz (600 \/ 2400 Mbps).<\/li>\n<li style=\"text-align: left;\">Configura\u00e7\u00e3o por Web e Telnet.<\/li>\n<li style=\"text-align: left;\">Firewall, QoS. Cliente \/ Servidor VPN IPsec,IKEv2,IKEv2-EAP,IPsec-XAuth,WireGuard e OpenVPN (4 t\u00faneis).<\/li>\n<li style=\"text-align: left;\">Suporte a IPv6. [Sistema Operativo: DrayOS 5]<\/li>\n<\/ul>\n","protected":false},"excerpt":{"rendered":"<p>A s\u00e9rie Vigor 2136 AX \u00e9 um router Broadband, com <strong>uma porta WAN 2.5G fixa e uma porta LAN\/WAN 2.5G comut\u00e1vel<\/strong>\u00a0para proporcionar uma velocidade r\u00e1pida que satisfaz as crescentes exig\u00eancias de rede das empresas.<br \/>\nCom acelera\u00e7\u00e3o de hardware, proporciona um\u00a0<strong>desempenho NAT at\u00e9 2.3 Gbps<\/strong>\u00a0sem sacrificar as caracter\u00edsticas de controlo da largura de banda.<br \/>\nApresenta caracter\u00edsticas de n\u00edvel empresarial, incluindo Filtragem de Conte\u00fados Web, Pol\u00edtica de Rotas, QoS baseado em App, VPNs e muito mais.<br \/>\n\u00c9 perfeito para utilizadores profissionais de casas inteligentes\/SOHO que pretendem assumir o controlo total da sua pr\u00f3pria rede baseada em aplica\u00e7\u00f5es e muito mais.<\/p>\n<p>&nbsp;<\/p>\n","protected":false},"featured_media":17516,"template":"","meta":[],"product_brand":[],"product_cat":[935,934],"product_tag":[1220,1247,1246,1214],"class_list":{"0":"post-16992","1":"product","2":"type-product","3":"status-publish","4":"has-post-thumbnail","6":"product_cat-routers-broadband","7":"product_cat-routers-draytek","8":"product_tag-2136-ax","9":"product_tag-draytek-vigor-2136","10":"product_tag-v2136ax","11":"product_tag-vigor-2136","12":"pa_marca-draytek","13":"pa_marca-pa_marca","15":"first","16":"instock","17":"taxable","18":"shipping-taxable","19":"purchasable","20":"product-type-simple"},"yoast_head":"<!-- This site is optimized with the Yoast SEO plugin v27.2 - https:\/\/yoast.com\/product\/yoast-seo-wordpress\/ -->\n<title>ROUTER DRAYTEK VIGOR 2136AX - Loja Compulab<\/title>\n<meta name=\"description\" content=\"O router Draytek vigor 2136 AX \u00e9 um router Broadband, que proporciona uma velocidade r\u00e1pida que satisfaz as crescentes exig\u00eancias de rede das empresas.\" \/>\n<meta name=\"robots\" content=\"index, follow, max-snippet:-1, max-image-preview:large, max-video-preview:-1\" \/>\n<link rel=\"canonical\" href=\"https:\/\/shop.compulab.pt\/en\/produto\/router-draytek-vigor-2136ax\/\" \/>\n<meta property=\"og:locale\" content=\"en_US\" \/>\n<meta property=\"og:type\" content=\"article\" \/>\n<meta property=\"og:title\" content=\"ROUTER DRAYTEK VIGOR 2136AX - Loja Compulab\" \/>\n<meta property=\"og:description\" content=\"O router Draytek vigor 2136 AX \u00e9 um router Broadband, que proporciona uma velocidade r\u00e1pida que satisfaz as crescentes exig\u00eancias de rede das empresas.\" \/>\n<meta property=\"og:url\" content=\"https:\/\/shop.compulab.pt\/en\/produto\/router-draytek-vigor-2136ax\/\" \/>\n<meta property=\"og:site_name\" content=\"Loja Compulab\" \/>\n<meta property=\"article:publisher\" content=\"https:\/\/www.facebook.com\/Compulab.pt\/\" \/>\n<meta property=\"article:modified_time\" content=\"2026-04-15T02:00:45+00:00\" \/>\n<meta property=\"og:image\" content=\"https:\/\/shop.compulab.pt\/wp-content\/uploads\/2026\/03\/router-draytek-vigor-2136ax.webp\" \/>\n\t<meta property=\"og:image:width\" content=\"1200\" \/>\n\t<meta property=\"og:image:height\" content=\"1200\" \/>\n\t<meta property=\"og:image:type\" content=\"image\/webp\" \/>\n<meta name=\"twitter:card\" content=\"summary_large_image\" \/>\n<meta name=\"twitter:label1\" content=\"Est. reading time\" \/>\n\t<meta name=\"twitter:data1\" content=\"1 minute\" \/>\n<script type=\"application\/ld+json\" class=\"yoast-schema-graph\">{\"@context\":\"https:\/\/schema.org\",\"@graph\":[{\"@type\":\"WebPage\",\"@id\":\"https:\/\/shop.compulab.pt\/en\/produto\/router-draytek-vigor-2136ax\/\",\"url\":\"https:\/\/shop.compulab.pt\/en\/produto\/router-draytek-vigor-2136ax\/\",\"name\":\"ROUTER DRAYTEK VIGOR 2136AX - Loja Compulab\",\"isPartOf\":{\"@id\":\"https:\/\/shop.compulab.pt\/en\/#website\"},\"primaryImageOfPage\":{\"@id\":\"https:\/\/shop.compulab.pt\/en\/produto\/router-draytek-vigor-2136ax\/#primaryimage\"},\"image\":{\"@id\":\"https:\/\/shop.compulab.pt\/en\/produto\/router-draytek-vigor-2136ax\/#primaryimage\"},\"thumbnailUrl\":\"https:\/\/shop.compulab.pt\/wp-content\/uploads\/2026\/03\/router-draytek-vigor-2136ax.webp\",\"datePublished\":\"2024-10-24T10:00:56+00:00\",\"dateModified\":\"2026-04-15T02:00:45+00:00\",\"description\":\"O router Draytek vigor 2136 AX \u00e9 um router Broadband, que proporciona uma velocidade r\u00e1pida que satisfaz as crescentes exig\u00eancias de rede das empresas.\",\"breadcrumb\":{\"@id\":\"https:\/\/shop.compulab.pt\/en\/produto\/router-draytek-vigor-2136ax\/#breadcrumb\"},\"inLanguage\":\"en-US\",\"potentialAction\":[{\"@type\":\"ReadAction\",\"target\":[\"https:\/\/shop.compulab.pt\/en\/produto\/router-draytek-vigor-2136ax\/\"]}]},{\"@type\":\"ImageObject\",\"inLanguage\":\"en-US\",\"@id\":\"https:\/\/shop.compulab.pt\/en\/produto\/router-draytek-vigor-2136ax\/#primaryimage\",\"url\":\"https:\/\/shop.compulab.pt\/wp-content\/uploads\/2026\/03\/router-draytek-vigor-2136ax.webp\",\"contentUrl\":\"https:\/\/shop.compulab.pt\/wp-content\/uploads\/2026\/03\/router-draytek-vigor-2136ax.webp\",\"width\":1200,\"height\":1200,\"caption\":\"ROUTER DRAYTEK VIGOR 2136AX\"},{\"@type\":\"BreadcrumbList\",\"@id\":\"https:\/\/shop.compulab.pt\/en\/produto\/router-draytek-vigor-2136ax\/#breadcrumb\",\"itemListElement\":[{\"@type\":\"ListItem\",\"position\":1,\"name\":\"Shop\",\"item\":\"https:\/\/draytek.compulab.pt\/en\/shop\/\"},{\"@type\":\"ListItem\",\"position\":2,\"name\":\"ROUTER DRAYTEK VIGOR 2136AX\"}]},{\"@type\":\"WebSite\",\"@id\":\"https:\/\/shop.compulab.pt\/en\/#website\",\"url\":\"https:\/\/shop.compulab.pt\/en\/\",\"name\":\"Loja Compulab\",\"description\":\"Loja online da Compulab\",\"potentialAction\":[{\"@type\":\"SearchAction\",\"target\":{\"@type\":\"EntryPoint\",\"urlTemplate\":\"https:\/\/shop.compulab.pt\/en\/?s={search_term_string}\"},\"query-input\":{\"@type\":\"PropertyValueSpecification\",\"valueRequired\":true,\"valueName\":\"search_term_string\"}}],\"inLanguage\":\"en-US\"}]}<\/script>\n<!-- \/ Yoast SEO plugin. -->","yoast_head_json":{"title":"ROUTER DRAYTEK VIGOR 2136AX - Loja Compulab","description":"O router Draytek vigor 2136 AX \u00e9 um router Broadband, que proporciona uma velocidade r\u00e1pida que satisfaz as crescentes exig\u00eancias de rede das empresas.","robots":{"index":"index","follow":"follow","max-snippet":"max-snippet:-1","max-image-preview":"max-image-preview:large","max-video-preview":"max-video-preview:-1"},"canonical":"https:\/\/shop.compulab.pt\/en\/produto\/router-draytek-vigor-2136ax\/","og_locale":"en_US","og_type":"article","og_title":"ROUTER DRAYTEK VIGOR 2136AX - Loja Compulab","og_description":"O router Draytek vigor 2136 AX \u00e9 um router Broadband, que proporciona uma velocidade r\u00e1pida que satisfaz as crescentes exig\u00eancias de rede das empresas.","og_url":"https:\/\/shop.compulab.pt\/en\/produto\/router-draytek-vigor-2136ax\/","og_site_name":"Loja Compulab","article_publisher":"https:\/\/www.facebook.com\/Compulab.pt\/","article_modified_time":"2026-04-15T02:00:45+00:00","og_image":[{"width":1200,"height":1200,"url":"https:\/\/shop.compulab.pt\/wp-content\/uploads\/2026\/03\/router-draytek-vigor-2136ax.webp","type":"image\/webp"}],"twitter_card":"summary_large_image","twitter_misc":{"Est. reading time":"1 minute"},"schema":{"@context":"https:\/\/schema.org","@graph":[{"@type":"WebPage","@id":"https:\/\/shop.compulab.pt\/en\/produto\/router-draytek-vigor-2136ax\/","url":"https:\/\/shop.compulab.pt\/en\/produto\/router-draytek-vigor-2136ax\/","name":"ROUTER DRAYTEK VIGOR 2136AX - Loja Compulab","isPartOf":{"@id":"https:\/\/shop.compulab.pt\/en\/#website"},"primaryImageOfPage":{"@id":"https:\/\/shop.compulab.pt\/en\/produto\/router-draytek-vigor-2136ax\/#primaryimage"},"image":{"@id":"https:\/\/shop.compulab.pt\/en\/produto\/router-draytek-vigor-2136ax\/#primaryimage"},"thumbnailUrl":"https:\/\/shop.compulab.pt\/wp-content\/uploads\/2026\/03\/router-draytek-vigor-2136ax.webp","datePublished":"2024-10-24T10:00:56+00:00","dateModified":"2026-04-15T02:00:45+00:00","description":"O router Draytek vigor 2136 AX \u00e9 um router Broadband, que proporciona uma velocidade r\u00e1pida que satisfaz as crescentes exig\u00eancias de rede das empresas.","breadcrumb":{"@id":"https:\/\/shop.compulab.pt\/en\/produto\/router-draytek-vigor-2136ax\/#breadcrumb"},"inLanguage":"en-US","potentialAction":[{"@type":"ReadAction","target":["https:\/\/shop.compulab.pt\/en\/produto\/router-draytek-vigor-2136ax\/"]}]},{"@type":"ImageObject","inLanguage":"en-US","@id":"https:\/\/shop.compulab.pt\/en\/produto\/router-draytek-vigor-2136ax\/#primaryimage","url":"https:\/\/shop.compulab.pt\/wp-content\/uploads\/2026\/03\/router-draytek-vigor-2136ax.webp","contentUrl":"https:\/\/shop.compulab.pt\/wp-content\/uploads\/2026\/03\/router-draytek-vigor-2136ax.webp","width":1200,"height":1200,"caption":"ROUTER DRAYTEK VIGOR 2136AX"},{"@type":"BreadcrumbList","@id":"https:\/\/shop.compulab.pt\/en\/produto\/router-draytek-vigor-2136ax\/#breadcrumb","itemListElement":[{"@type":"ListItem","position":1,"name":"Shop","item":"https:\/\/draytek.compulab.pt\/en\/shop\/"},{"@type":"ListItem","position":2,"name":"ROUTER DRAYTEK VIGOR 2136AX"}]},{"@type":"WebSite","@id":"https:\/\/shop.compulab.pt\/en\/#website","url":"https:\/\/shop.compulab.pt\/en\/","name":"Loja Compulab","description":"Loja online da Compulab","potentialAction":[{"@type":"SearchAction","target":{"@type":"EntryPoint","urlTemplate":"https:\/\/shop.compulab.pt\/en\/?s={search_term_string}"},"query-input":{"@type":"PropertyValueSpecification","valueRequired":true,"valueName":"search_term_string"}}],"inLanguage":"en-US"}]}},"_links":{"self":[{"href":"https:\/\/shop.compulab.pt\/en\/wp-json\/wp\/v2\/product\/16992","targetHints":{"allow":["GET"]}}],"collection":[{"href":"https:\/\/shop.compulab.pt\/en\/wp-json\/wp\/v2\/product"}],"about":[{"href":"https:\/\/shop.compulab.pt\/en\/wp-json\/wp\/v2\/types\/product"}],"version-history":[{"count":7,"href":"https:\/\/shop.compulab.pt\/en\/wp-json\/wp\/v2\/product\/16992\/revisions"}],"predecessor-version":[{"id":17262,"href":"https:\/\/shop.compulab.pt\/en\/wp-json\/wp\/v2\/product\/16992\/revisions\/17262"}],"wp:featuredmedia":[{"embeddable":true,"href":"https:\/\/shop.compulab.pt\/en\/wp-json\/wp\/v2\/media\/17516"}],"wp:attachment":[{"href":"https:\/\/shop.compulab.pt\/en\/wp-json\/wp\/v2\/media?parent=16992"}],"wp:term":[{"taxonomy":"product_brand","embeddable":true,"href":"https:\/\/shop.compulab.pt\/en\/wp-json\/wp\/v2\/product_brand?post=16992"},{"taxonomy":"product_cat","embeddable":true,"href":"https:\/\/shop.compulab.pt\/en\/wp-json\/wp\/v2\/product_cat?post=16992"},{"taxonomy":"product_tag","embeddable":true,"href":"https:\/\/shop.compulab.pt\/en\/wp-json\/wp\/v2\/product_tag?post=16992"}],"curies":[{"name":"wp","href":"https:\/\/api.w.org\/{rel}","templated":true}]}}