{"id":16985,"date":"2024-10-18T15:37:27","date_gmt":"2024-10-18T15:37:27","guid":{"rendered":"https:\/\/shop.compulab.pt\/?post_type=product&#038;p=16985"},"modified":"2026-05-03T03:02:25","modified_gmt":"2026-05-03T02:02:25","slug":"router-draytek-vigor-2927l-5g","status":"publish","type":"product","link":"https:\/\/shop.compulab.pt\/en\/produto\/router-draytek-vigor-2927l-5g\/","title":{"rendered":"ROUTER DRAYTEK VIGOR 2927L 5G"},"content":{"rendered":"<p>A s\u00e9rie Vigor 2927L-5G \u00e9 um router Dual-WAN Gigabit Ethernet com liga\u00e7\u00e3o 5G integrada. Incorporada com 2 <em>slots<\/em> Nano-SIM (1 Nano-SIM online de cada vez) permite velocidades ultra-r\u00e1pidas de acesso \u00e0 Intenet at\u00e9 2400\/900 Mbps (DL\/UL), em conformidade com a Categoria 19. Com funcionalidades de VPN, QoS, Pol\u00edtica de Rotas, Firewall, Filtragem de Conte\u00fados Web, Gest\u00e3o de Largura de Banda, Portal para Hotspot, e muito mais, este \u00e9 o derradeiro router que faz tudo para as PMEs.<\/p>\n<p>&nbsp;<\/p>\n","protected":false},"excerpt":{"rendered":"<ul>\n<li>Router 5G\/LTE Cat.19 com slot para 2 cart\u00f5es nano-SIM incorporado desbloqueado para qualquer rede (4 Antenas 5G destac\u00e1veis).<\/li>\n<li>2 portas Gigabit-WAN (permite elevados throughputs) compat\u00edvel com liga\u00e7\u00e3o por modem Cabo, ADSL (sem modem incorporado) ou Fibra para Backup\/Balanceamento de Linha.<\/li>\n<li>Switch Gigabit de 5 portas 10\/100\/1000 Ethernet e 1 porta USB para modem 3G\/4G, Impressora, Term\u00f3metro ou HDD.<\/li>\n<li>Configura\u00e7\u00e3o por Web e Telnet. Firewall, QoS.<\/li>\n<li>Content Filtering, Multi-Subnet LAN (8 redes) e Tag Based VLAN (802.1q).<\/li>\n<li>Cliente \/ Servidor VPN PPTP,L2TP,IPsec,L2TP\/IPsec,GRE,IKEv2,IKEv2-EAP,IPsec-XAuth,WireGuard (50 t\u00faneis), OpenVPN e SSL VPN (25 t\u00faneis). Suporte a IPv6.<\/li>\n<\/ul>\n","protected":false},"featured_media":18599,"template":"","meta":[],"product_brand":[],"product_cat":[937,934],"product_tag":[1290,1287,1304],"class_list":{"0":"post-16985","1":"product","2":"type-product","3":"status-publish","4":"has-post-thumbnail","6":"product_cat-routers-lte","7":"product_cat-routers-draytek","8":"product_tag-2927l-5g","9":"product_tag-serie-vigor-2927l","10":"product_tag-vigor-2927l-5","11":"pa_marca-draytek","12":"pa_marca-pa_marca","14":"first","15":"onbackorder","16":"taxable","17":"shipping-taxable","18":"purchasable","19":"product-type-simple"},"yoast_head":"<!-- This site is optimized with the Yoast SEO plugin v27.4 - https:\/\/yoast.com\/product\/yoast-seo-wordpress\/ -->\n<title>ROUTER DRAYTEK VIGOR 2927L 5G - Loja Compulab<\/title>\n<meta name=\"robots\" content=\"index, follow, max-snippet:-1, max-image-preview:large, max-video-preview:-1\" \/>\n<link rel=\"canonical\" href=\"https:\/\/shop.compulab.pt\/en\/produto\/router-draytek-vigor-2927l-5g\/\" \/>\n<meta property=\"og:locale\" content=\"en_US\" \/>\n<meta property=\"og:type\" content=\"article\" \/>\n<meta property=\"og:title\" content=\"ROUTER DRAYTEK VIGOR 2927L 5G - Loja Compulab\" \/>\n<meta property=\"og:description\" content=\"Router 5G\/LTE Cat.19 com slot para 2 cart\u00f5es nano-SIM incorporado desbloqueado para qualquer rede (4 Antenas 5G destac\u00e1veis).  2 portas Gigabit-WAN (permite elevados throughputs) compat\u00edvel com liga\u00e7\u00e3o por modem Cabo, ADSL (sem modem incorporado) ou Fibra para Backup\/Balanceamento de Linha.  Switch Gigabit de 5 portas 10\/100\/1000 Ethernet e 1 porta USB para modem 3G\/4G, Impressora, Term\u00f3metro ou HDD.  Configura\u00e7\u00e3o por Web e Telnet. Firewall, QoS.  Content Filtering, Multi-Subnet LAN (8 redes) e Tag Based VLAN (802.1q).  Cliente \/ Servidor VPN PPTP,L2TP,IPsec,L2TP\/IPsec,GRE,IKEv2,IKEv2-EAP,IPsec-XAuth,WireGuard (50 t\u00faneis), OpenVPN e SSL VPN (25 t\u00faneis). Suporte a IPv6.\" \/>\n<meta property=\"og:url\" content=\"https:\/\/shop.compulab.pt\/en\/produto\/router-draytek-vigor-2927l-5g\/\" \/>\n<meta property=\"og:site_name\" content=\"Loja Compulab\" \/>\n<meta property=\"article:publisher\" content=\"https:\/\/www.facebook.com\/Compulab.pt\/\" \/>\n<meta property=\"article:modified_time\" content=\"2026-05-03T02:02:25+00:00\" \/>\n<meta property=\"og:image\" content=\"https:\/\/shop.compulab.pt\/wp-content\/uploads\/2026\/04\/router-draytek-vigor-2927l-5g-1.webp\" \/>\n\t<meta property=\"og:image:width\" content=\"1200\" \/>\n\t<meta property=\"og:image:height\" content=\"1200\" \/>\n\t<meta property=\"og:image:type\" content=\"image\/webp\" \/>\n<meta name=\"twitter:card\" content=\"summary_large_image\" \/>\n<meta name=\"twitter:label1\" content=\"Est. reading time\" \/>\n\t<meta name=\"twitter:data1\" content=\"1 minute\" \/>\n<script type=\"application\/ld+json\" class=\"yoast-schema-graph\">{\"@context\":\"https:\\\/\\\/schema.org\",\"@graph\":[{\"@type\":\"WebPage\",\"@id\":\"https:\\\/\\\/shop.compulab.pt\\\/en\\\/produto\\\/router-draytek-vigor-2927l-5g\\\/\",\"url\":\"https:\\\/\\\/shop.compulab.pt\\\/en\\\/produto\\\/router-draytek-vigor-2927l-5g\\\/\",\"name\":\"ROUTER DRAYTEK VIGOR 2927L 5G - Loja Compulab\",\"isPartOf\":{\"@id\":\"https:\\\/\\\/shop.compulab.pt\\\/en\\\/#website\"},\"primaryImageOfPage\":{\"@id\":\"https:\\\/\\\/shop.compulab.pt\\\/en\\\/produto\\\/router-draytek-vigor-2927l-5g\\\/#primaryimage\"},\"image\":{\"@id\":\"https:\\\/\\\/shop.compulab.pt\\\/en\\\/produto\\\/router-draytek-vigor-2927l-5g\\\/#primaryimage\"},\"thumbnailUrl\":\"https:\\\/\\\/shop.compulab.pt\\\/wp-content\\\/uploads\\\/2026\\\/04\\\/router-draytek-vigor-2927l-5g-1.webp\",\"datePublished\":\"2024-10-18T15:37:27+00:00\",\"dateModified\":\"2026-05-03T02:02:25+00:00\",\"breadcrumb\":{\"@id\":\"https:\\\/\\\/shop.compulab.pt\\\/en\\\/produto\\\/router-draytek-vigor-2927l-5g\\\/#breadcrumb\"},\"inLanguage\":\"en-US\",\"potentialAction\":[{\"@type\":\"ReadAction\",\"target\":[\"https:\\\/\\\/shop.compulab.pt\\\/en\\\/produto\\\/router-draytek-vigor-2927l-5g\\\/\"]}]},{\"@type\":\"ImageObject\",\"inLanguage\":\"en-US\",\"@id\":\"https:\\\/\\\/shop.compulab.pt\\\/en\\\/produto\\\/router-draytek-vigor-2927l-5g\\\/#primaryimage\",\"url\":\"https:\\\/\\\/shop.compulab.pt\\\/wp-content\\\/uploads\\\/2026\\\/04\\\/router-draytek-vigor-2927l-5g-1.webp\",\"contentUrl\":\"https:\\\/\\\/shop.compulab.pt\\\/wp-content\\\/uploads\\\/2026\\\/04\\\/router-draytek-vigor-2927l-5g-1.webp\",\"width\":1200,\"height\":1200,\"caption\":\"ROUTER DRAYTEK VIGOR 2927L 5G\"},{\"@type\":\"BreadcrumbList\",\"@id\":\"https:\\\/\\\/shop.compulab.pt\\\/en\\\/produto\\\/router-draytek-vigor-2927l-5g\\\/#breadcrumb\",\"itemListElement\":[{\"@type\":\"ListItem\",\"position\":1,\"name\":\"Shop\",\"item\":\"https:\\\/\\\/draytek.compulab.pt\\\/en\\\/shop\\\/\"},{\"@type\":\"ListItem\",\"position\":2,\"name\":\"ROUTER DRAYTEK VIGOR 2927L 5G\"}]},{\"@type\":\"WebSite\",\"@id\":\"https:\\\/\\\/shop.compulab.pt\\\/en\\\/#website\",\"url\":\"https:\\\/\\\/shop.compulab.pt\\\/en\\\/\",\"name\":\"Loja Compulab\",\"description\":\"Loja online da Compulab\",\"potentialAction\":[{\"@type\":\"SearchAction\",\"target\":{\"@type\":\"EntryPoint\",\"urlTemplate\":\"https:\\\/\\\/shop.compulab.pt\\\/en\\\/?s={search_term_string}\"},\"query-input\":{\"@type\":\"PropertyValueSpecification\",\"valueRequired\":true,\"valueName\":\"search_term_string\"}}],\"inLanguage\":\"en-US\"}]}<\/script>\n<!-- \/ Yoast SEO plugin. -->","yoast_head_json":{"title":"ROUTER DRAYTEK VIGOR 2927L 5G - Loja Compulab","robots":{"index":"index","follow":"follow","max-snippet":"max-snippet:-1","max-image-preview":"max-image-preview:large","max-video-preview":"max-video-preview:-1"},"canonical":"https:\/\/shop.compulab.pt\/en\/produto\/router-draytek-vigor-2927l-5g\/","og_locale":"en_US","og_type":"article","og_title":"ROUTER DRAYTEK VIGOR 2927L 5G - Loja Compulab","og_description":"Router 5G\/LTE Cat.19 com slot para 2 cart\u00f5es nano-SIM incorporado desbloqueado para qualquer rede (4 Antenas 5G destac\u00e1veis).  2 portas Gigabit-WAN (permite elevados throughputs) compat\u00edvel com liga\u00e7\u00e3o por modem Cabo, ADSL (sem modem incorporado) ou Fibra para Backup\/Balanceamento de Linha.  Switch Gigabit de 5 portas 10\/100\/1000 Ethernet e 1 porta USB para modem 3G\/4G, Impressora, Term\u00f3metro ou HDD.  Configura\u00e7\u00e3o por Web e Telnet. Firewall, QoS.  Content Filtering, Multi-Subnet LAN (8 redes) e Tag Based VLAN (802.1q).  Cliente \/ Servidor VPN PPTP,L2TP,IPsec,L2TP\/IPsec,GRE,IKEv2,IKEv2-EAP,IPsec-XAuth,WireGuard (50 t\u00faneis), OpenVPN e SSL VPN (25 t\u00faneis). Suporte a IPv6.","og_url":"https:\/\/shop.compulab.pt\/en\/produto\/router-draytek-vigor-2927l-5g\/","og_site_name":"Loja Compulab","article_publisher":"https:\/\/www.facebook.com\/Compulab.pt\/","article_modified_time":"2026-05-03T02:02:25+00:00","og_image":[{"width":1200,"height":1200,"url":"https:\/\/shop.compulab.pt\/wp-content\/uploads\/2026\/04\/router-draytek-vigor-2927l-5g-1.webp","type":"image\/webp"}],"twitter_card":"summary_large_image","twitter_misc":{"Est. reading time":"1 minute"},"schema":{"@context":"https:\/\/schema.org","@graph":[{"@type":"WebPage","@id":"https:\/\/shop.compulab.pt\/en\/produto\/router-draytek-vigor-2927l-5g\/","url":"https:\/\/shop.compulab.pt\/en\/produto\/router-draytek-vigor-2927l-5g\/","name":"ROUTER DRAYTEK VIGOR 2927L 5G - Loja Compulab","isPartOf":{"@id":"https:\/\/shop.compulab.pt\/en\/#website"},"primaryImageOfPage":{"@id":"https:\/\/shop.compulab.pt\/en\/produto\/router-draytek-vigor-2927l-5g\/#primaryimage"},"image":{"@id":"https:\/\/shop.compulab.pt\/en\/produto\/router-draytek-vigor-2927l-5g\/#primaryimage"},"thumbnailUrl":"https:\/\/shop.compulab.pt\/wp-content\/uploads\/2026\/04\/router-draytek-vigor-2927l-5g-1.webp","datePublished":"2024-10-18T15:37:27+00:00","dateModified":"2026-05-03T02:02:25+00:00","breadcrumb":{"@id":"https:\/\/shop.compulab.pt\/en\/produto\/router-draytek-vigor-2927l-5g\/#breadcrumb"},"inLanguage":"en-US","potentialAction":[{"@type":"ReadAction","target":["https:\/\/shop.compulab.pt\/en\/produto\/router-draytek-vigor-2927l-5g\/"]}]},{"@type":"ImageObject","inLanguage":"en-US","@id":"https:\/\/shop.compulab.pt\/en\/produto\/router-draytek-vigor-2927l-5g\/#primaryimage","url":"https:\/\/shop.compulab.pt\/wp-content\/uploads\/2026\/04\/router-draytek-vigor-2927l-5g-1.webp","contentUrl":"https:\/\/shop.compulab.pt\/wp-content\/uploads\/2026\/04\/router-draytek-vigor-2927l-5g-1.webp","width":1200,"height":1200,"caption":"ROUTER DRAYTEK VIGOR 2927L 5G"},{"@type":"BreadcrumbList","@id":"https:\/\/shop.compulab.pt\/en\/produto\/router-draytek-vigor-2927l-5g\/#breadcrumb","itemListElement":[{"@type":"ListItem","position":1,"name":"Shop","item":"https:\/\/draytek.compulab.pt\/en\/shop\/"},{"@type":"ListItem","position":2,"name":"ROUTER DRAYTEK VIGOR 2927L 5G"}]},{"@type":"WebSite","@id":"https:\/\/shop.compulab.pt\/en\/#website","url":"https:\/\/shop.compulab.pt\/en\/","name":"Loja Compulab","description":"Loja online da Compulab","potentialAction":[{"@type":"SearchAction","target":{"@type":"EntryPoint","urlTemplate":"https:\/\/shop.compulab.pt\/en\/?s={search_term_string}"},"query-input":{"@type":"PropertyValueSpecification","valueRequired":true,"valueName":"search_term_string"}}],"inLanguage":"en-US"}]}},"_links":{"self":[{"href":"https:\/\/shop.compulab.pt\/en\/wp-json\/wp\/v2\/product\/16985","targetHints":{"allow":["GET"]}}],"collection":[{"href":"https:\/\/shop.compulab.pt\/en\/wp-json\/wp\/v2\/product"}],"about":[{"href":"https:\/\/shop.compulab.pt\/en\/wp-json\/wp\/v2\/types\/product"}],"version-history":[{"count":4,"href":"https:\/\/shop.compulab.pt\/en\/wp-json\/wp\/v2\/product\/16985\/revisions"}],"predecessor-version":[{"id":18603,"href":"https:\/\/shop.compulab.pt\/en\/wp-json\/wp\/v2\/product\/16985\/revisions\/18603"}],"wp:featuredmedia":[{"embeddable":true,"href":"https:\/\/shop.compulab.pt\/en\/wp-json\/wp\/v2\/media\/18599"}],"wp:attachment":[{"href":"https:\/\/shop.compulab.pt\/en\/wp-json\/wp\/v2\/media?parent=16985"}],"wp:term":[{"taxonomy":"product_brand","embeddable":true,"href":"https:\/\/shop.compulab.pt\/en\/wp-json\/wp\/v2\/product_brand?post=16985"},{"taxonomy":"product_cat","embeddable":true,"href":"https:\/\/shop.compulab.pt\/en\/wp-json\/wp\/v2\/product_cat?post=16985"},{"taxonomy":"product_tag","embeddable":true,"href":"https:\/\/shop.compulab.pt\/en\/wp-json\/wp\/v2\/product_tag?post=16985"}],"curies":[{"name":"wp","href":"https:\/\/api.w.org\/{rel}","templated":true}]}}