{"id":16791,"date":"2024-03-22T16:34:27","date_gmt":"2024-03-22T16:34:27","guid":{"rendered":"https:\/\/shop.compulab.pt\/?post_type=product&#038;p=16791"},"modified":"2026-04-30T03:00:47","modified_gmt":"2026-04-30T02:00:47","slug":"draytek-vigorap-962c","status":"publish","type":"product","link":"https:\/\/shop.compulab.pt\/en\/produto\/draytek-vigorap-962c\/","title":{"rendered":"DRAYTEK VigorAP 962C"},"content":{"rendered":"","protected":false},"excerpt":{"rendered":"<p>O VigorAP 962C \u00e9 um ponto de acesso sem fio de alto desempenho projetado para ambientes empresariais e SOHO. Este ponto de acesso mesh montado no teto ou na parede oferece desempenho sem fio de banda dupla de at\u00e9 3 Gbps (AX 3000), fornecendo conectividade Wi-Fi r\u00e1pida e confi\u00e1vel para redes exigentes.<\/p>\n<p>Equipado com conectividade Ethernet com fio de 2,5 Gb, o VigorAP 962C garante integra\u00e7\u00e3o perfeita com sua infraestrutura de rede existente. Isso permite transfer\u00eancia de dados em alta velocidade e desempenho ideal para todos os seus dispositivos conectados.<\/p>\n<p>Ideal para pequenas e m\u00e9dias empresas e escrit\u00f3rios dom\u00e9sticos, o VigorAP 962C \u00e9 f\u00e1cil de instalar e gerenciar, tornando-o uma solu\u00e7\u00e3o econ\u00f4mica para melhorar sua rede sem fio. Com seus recursos avan\u00e7ados e desempenho de alta velocidade, este ponto de acesso fornece uma conex\u00e3o Wi-Fi segura e confi\u00e1vel para as necessidades do seu neg\u00f3cio.<\/p>\n","protected":false},"featured_media":16908,"template":"","meta":[],"product_brand":[],"product_cat":[20],"product_tag":[1206,1207,1208,1209,1210],"class_list":{"0":"post-16791","1":"product","2":"type-product","3":"status-publish","4":"has-post-thumbnail","6":"product_cat-pontos-de-acesso-draytek","7":"product_tag-962c","8":"product_tag-mesh","9":"product_tag-poe","10":"product_tag-wifi","11":"product_tag-wifi6","12":"pa_marca-draytek","13":"pa_marca-pa_marca","15":"first","16":"instock","17":"taxable","18":"shipping-taxable","19":"purchasable","20":"product-type-simple"},"yoast_head":"<!-- This site is optimized with the Yoast SEO plugin v27.4 - https:\/\/yoast.com\/product\/yoast-seo-wordpress\/ -->\n<title>DRAYTEK VigorAP 962C - Loja Compulab<\/title>\n<meta name=\"description\" content=\"O VigorAP 962C \u00e9 um ponto de acesso sem fio de alto desempenho projetado para ambientes empresariais e SOHO.\" \/>\n<meta name=\"robots\" content=\"index, follow, max-snippet:-1, max-image-preview:large, max-video-preview:-1\" \/>\n<link rel=\"canonical\" href=\"https:\/\/shop.compulab.pt\/en\/produto\/draytek-vigorap-962c\/\" \/>\n<meta property=\"og:locale\" content=\"en_US\" \/>\n<meta property=\"og:type\" content=\"article\" \/>\n<meta property=\"og:title\" content=\"DRAYTEK VigorAP 962C - Loja Compulab\" \/>\n<meta property=\"og:description\" content=\"O VigorAP 962C \u00e9 um ponto de acesso sem fio de alto desempenho projetado para ambientes empresariais e SOHO.\" \/>\n<meta property=\"og:url\" content=\"https:\/\/shop.compulab.pt\/en\/produto\/draytek-vigorap-962c\/\" \/>\n<meta property=\"og:site_name\" content=\"Loja Compulab\" \/>\n<meta property=\"article:publisher\" content=\"https:\/\/www.facebook.com\/Compulab.pt\/\" \/>\n<meta property=\"article:modified_time\" content=\"2026-04-30T02:00:47+00:00\" \/>\n<meta property=\"og:image\" content=\"https:\/\/shop.compulab.pt\/wp-content\/uploads\/2024\/03\/10705705470.png\" \/>\n\t<meta property=\"og:image:width\" content=\"1500\" \/>\n\t<meta property=\"og:image:height\" content=\"1125\" \/>\n\t<meta property=\"og:image:type\" content=\"image\/png\" \/>\n<meta name=\"twitter:card\" content=\"summary_large_image\" \/>\n<meta name=\"twitter:label1\" content=\"Est. reading time\" \/>\n\t<meta name=\"twitter:data1\" content=\"1 minute\" \/>\n<script type=\"application\/ld+json\" class=\"yoast-schema-graph\">{\"@context\":\"https:\\\/\\\/schema.org\",\"@graph\":[{\"@type\":\"WebPage\",\"@id\":\"https:\\\/\\\/shop.compulab.pt\\\/en\\\/produto\\\/draytek-vigorap-962c\\\/\",\"url\":\"https:\\\/\\\/shop.compulab.pt\\\/en\\\/produto\\\/draytek-vigorap-962c\\\/\",\"name\":\"DRAYTEK VigorAP 962C - Loja Compulab\",\"isPartOf\":{\"@id\":\"https:\\\/\\\/shop.compulab.pt\\\/en\\\/#website\"},\"primaryImageOfPage\":{\"@id\":\"https:\\\/\\\/shop.compulab.pt\\\/en\\\/produto\\\/draytek-vigorap-962c\\\/#primaryimage\"},\"image\":{\"@id\":\"https:\\\/\\\/shop.compulab.pt\\\/en\\\/produto\\\/draytek-vigorap-962c\\\/#primaryimage\"},\"thumbnailUrl\":\"https:\\\/\\\/shop.compulab.pt\\\/wp-content\\\/uploads\\\/2024\\\/10\\\/draytek-vigorap-962c.webp\",\"datePublished\":\"2024-03-22T16:34:27+00:00\",\"dateModified\":\"2026-04-30T02:00:47+00:00\",\"description\":\"O VigorAP 962C \u00e9 um ponto de acesso sem fio de alto desempenho projetado para ambientes empresariais e SOHO.\",\"breadcrumb\":{\"@id\":\"https:\\\/\\\/shop.compulab.pt\\\/en\\\/produto\\\/draytek-vigorap-962c\\\/#breadcrumb\"},\"inLanguage\":\"en-US\",\"potentialAction\":[{\"@type\":\"ReadAction\",\"target\":[\"https:\\\/\\\/shop.compulab.pt\\\/en\\\/produto\\\/draytek-vigorap-962c\\\/\"]}]},{\"@type\":\"ImageObject\",\"inLanguage\":\"en-US\",\"@id\":\"https:\\\/\\\/shop.compulab.pt\\\/en\\\/produto\\\/draytek-vigorap-962c\\\/#primaryimage\",\"url\":\"https:\\\/\\\/shop.compulab.pt\\\/wp-content\\\/uploads\\\/2024\\\/10\\\/draytek-vigorap-962c.webp\",\"contentUrl\":\"https:\\\/\\\/shop.compulab.pt\\\/wp-content\\\/uploads\\\/2024\\\/10\\\/draytek-vigorap-962c.webp\",\"width\":1200,\"height\":1200,\"caption\":\"DRAYTEK VigorAP 962C\"},{\"@type\":\"BreadcrumbList\",\"@id\":\"https:\\\/\\\/shop.compulab.pt\\\/en\\\/produto\\\/draytek-vigorap-962c\\\/#breadcrumb\",\"itemListElement\":[{\"@type\":\"ListItem\",\"position\":1,\"name\":\"Shop\",\"item\":\"https:\\\/\\\/draytek.compulab.pt\\\/en\\\/shop\\\/\"},{\"@type\":\"ListItem\",\"position\":2,\"name\":\"DRAYTEK VigorAP 962C\"}]},{\"@type\":\"WebSite\",\"@id\":\"https:\\\/\\\/shop.compulab.pt\\\/en\\\/#website\",\"url\":\"https:\\\/\\\/shop.compulab.pt\\\/en\\\/\",\"name\":\"Loja Compulab\",\"description\":\"Loja online da Compulab\",\"potentialAction\":[{\"@type\":\"SearchAction\",\"target\":{\"@type\":\"EntryPoint\",\"urlTemplate\":\"https:\\\/\\\/shop.compulab.pt\\\/en\\\/?s={search_term_string}\"},\"query-input\":{\"@type\":\"PropertyValueSpecification\",\"valueRequired\":true,\"valueName\":\"search_term_string\"}}],\"inLanguage\":\"en-US\"}]}<\/script>\n<!-- \/ Yoast SEO plugin. -->","yoast_head_json":{"title":"DRAYTEK VigorAP 962C - Loja Compulab","description":"O VigorAP 962C \u00e9 um ponto de acesso sem fio de alto desempenho projetado para ambientes empresariais e SOHO.","robots":{"index":"index","follow":"follow","max-snippet":"max-snippet:-1","max-image-preview":"max-image-preview:large","max-video-preview":"max-video-preview:-1"},"canonical":"https:\/\/shop.compulab.pt\/en\/produto\/draytek-vigorap-962c\/","og_locale":"en_US","og_type":"article","og_title":"DRAYTEK VigorAP 962C - Loja Compulab","og_description":"O VigorAP 962C \u00e9 um ponto de acesso sem fio de alto desempenho projetado para ambientes empresariais e SOHO.","og_url":"https:\/\/shop.compulab.pt\/en\/produto\/draytek-vigorap-962c\/","og_site_name":"Loja Compulab","article_publisher":"https:\/\/www.facebook.com\/Compulab.pt\/","article_modified_time":"2026-04-30T02:00:47+00:00","og_image":[{"width":1500,"height":1125,"url":"https:\/\/shop.compulab.pt\/wp-content\/uploads\/2024\/03\/10705705470.png","type":"image\/png"}],"twitter_card":"summary_large_image","twitter_misc":{"Est. reading time":"1 minute"},"schema":{"@context":"https:\/\/schema.org","@graph":[{"@type":"WebPage","@id":"https:\/\/shop.compulab.pt\/en\/produto\/draytek-vigorap-962c\/","url":"https:\/\/shop.compulab.pt\/en\/produto\/draytek-vigorap-962c\/","name":"DRAYTEK VigorAP 962C - Loja Compulab","isPartOf":{"@id":"https:\/\/shop.compulab.pt\/en\/#website"},"primaryImageOfPage":{"@id":"https:\/\/shop.compulab.pt\/en\/produto\/draytek-vigorap-962c\/#primaryimage"},"image":{"@id":"https:\/\/shop.compulab.pt\/en\/produto\/draytek-vigorap-962c\/#primaryimage"},"thumbnailUrl":"https:\/\/shop.compulab.pt\/wp-content\/uploads\/2024\/10\/draytek-vigorap-962c.webp","datePublished":"2024-03-22T16:34:27+00:00","dateModified":"2026-04-30T02:00:47+00:00","description":"O VigorAP 962C \u00e9 um ponto de acesso sem fio de alto desempenho projetado para ambientes empresariais e SOHO.","breadcrumb":{"@id":"https:\/\/shop.compulab.pt\/en\/produto\/draytek-vigorap-962c\/#breadcrumb"},"inLanguage":"en-US","potentialAction":[{"@type":"ReadAction","target":["https:\/\/shop.compulab.pt\/en\/produto\/draytek-vigorap-962c\/"]}]},{"@type":"ImageObject","inLanguage":"en-US","@id":"https:\/\/shop.compulab.pt\/en\/produto\/draytek-vigorap-962c\/#primaryimage","url":"https:\/\/shop.compulab.pt\/wp-content\/uploads\/2024\/10\/draytek-vigorap-962c.webp","contentUrl":"https:\/\/shop.compulab.pt\/wp-content\/uploads\/2024\/10\/draytek-vigorap-962c.webp","width":1200,"height":1200,"caption":"DRAYTEK VigorAP 962C"},{"@type":"BreadcrumbList","@id":"https:\/\/shop.compulab.pt\/en\/produto\/draytek-vigorap-962c\/#breadcrumb","itemListElement":[{"@type":"ListItem","position":1,"name":"Shop","item":"https:\/\/draytek.compulab.pt\/en\/shop\/"},{"@type":"ListItem","position":2,"name":"DRAYTEK VigorAP 962C"}]},{"@type":"WebSite","@id":"https:\/\/shop.compulab.pt\/en\/#website","url":"https:\/\/shop.compulab.pt\/en\/","name":"Loja Compulab","description":"Loja online da Compulab","potentialAction":[{"@type":"SearchAction","target":{"@type":"EntryPoint","urlTemplate":"https:\/\/shop.compulab.pt\/en\/?s={search_term_string}"},"query-input":{"@type":"PropertyValueSpecification","valueRequired":true,"valueName":"search_term_string"}}],"inLanguage":"en-US"}]}},"_links":{"self":[{"href":"https:\/\/shop.compulab.pt\/en\/wp-json\/wp\/v2\/product\/16791","targetHints":{"allow":["GET"]}}],"collection":[{"href":"https:\/\/shop.compulab.pt\/en\/wp-json\/wp\/v2\/product"}],"about":[{"href":"https:\/\/shop.compulab.pt\/en\/wp-json\/wp\/v2\/types\/product"}],"version-history":[{"count":1,"href":"https:\/\/shop.compulab.pt\/en\/wp-json\/wp\/v2\/product\/16791\/revisions"}],"predecessor-version":[{"id":16841,"href":"https:\/\/shop.compulab.pt\/en\/wp-json\/wp\/v2\/product\/16791\/revisions\/16841"}],"wp:featuredmedia":[{"embeddable":true,"href":"https:\/\/shop.compulab.pt\/en\/wp-json\/wp\/v2\/media\/16908"}],"wp:attachment":[{"href":"https:\/\/shop.compulab.pt\/en\/wp-json\/wp\/v2\/media?parent=16791"}],"wp:term":[{"taxonomy":"product_brand","embeddable":true,"href":"https:\/\/shop.compulab.pt\/en\/wp-json\/wp\/v2\/product_brand?post=16791"},{"taxonomy":"product_cat","embeddable":true,"href":"https:\/\/shop.compulab.pt\/en\/wp-json\/wp\/v2\/product_cat?post=16791"},{"taxonomy":"product_tag","embeddable":true,"href":"https:\/\/shop.compulab.pt\/en\/wp-json\/wp\/v2\/product_tag?post=16791"}],"curies":[{"name":"wp","href":"https:\/\/api.w.org\/{rel}","templated":true}]}}