{"id":15734,"date":"2023-02-13T16:24:48","date_gmt":"2023-02-13T16:24:48","guid":{"rendered":"https:\/\/draytek.compulab.pt\/produto\/antena-draytek-ant-1205-b\/"},"modified":"2026-04-27T03:02:13","modified_gmt":"2026-04-27T02:02:13","slug":"antena-draytek-ant-1205-b","status":"publish","type":"product","link":"https:\/\/shop.compulab.pt\/en\/produto\/antena-draytek-ant-1205-b\/","title":{"rendered":"ANTENA DRAYTEK ANT-1205 B"},"content":{"rendered":"<p><span>O ANTENA DRAYTEK ANT-1205 B \u00e9 uma antena de banda dupla, pode ser uma antena de substitui\u00e7\u00e3o para VigorRouter ou VigorAP. <\/span><span>O ANT-1205 \u00e9 compat\u00edvel com os padr\u00f5es 802.11a\/b\/g\/n\/ac e 802.11 ax (Wi-Fi 6) para fornecer taxa de transfer\u00eancia sem fio mais r\u00e1pida e melhorar o desempenho do Wi-Fi em 2.4G\/5G.\u00a0<\/span><span>O ANTENA DRAYTEK ANT-1205 B \u00e9 fornecido em par e est\u00e1 dispon\u00edvel nas cores preto ou branco, voc\u00ea pode adquirir a quantidade necess\u00e1ria de acordo com seus dispositivos Roteador\/AP.<\/span><\/p>\n<p>&nbsp;<\/p>\n<table class=\"spec__table\">\n<tbody>\n<tr class=\"ftr__cat\">\n<td colspan=\"2\">\n<h5>Specification<\/h5>\n<\/td>\n<\/tr>\n<tr>\n<td>Operation Band<\/td>\n<td>2.4GHz and 5GHz<\/td>\n<\/tr>\n<tr>\n<td>Standard<\/td>\n<td>IEEE 802.11a\/b\/g\/n\/ac\/ax<\/td>\n<\/tr>\n<tr>\n<td>2.4GHz Frequency Range<\/td>\n<td>2400 to 2500 MHz<\/td>\n<\/tr>\n<tr>\n<td>5GHz Frequency Range<\/td>\n<td>5150 to 5850 MHz<\/td>\n<\/tr>\n<tr>\n<td>2.4GHz Gain<\/td>\n<td>5 dBi<\/td>\n<\/tr>\n<tr>\n<td>5GHz Gain<\/td>\n<td>4.5 dBi<\/td>\n<\/tr>\n<tr>\n<td>2.4GHz Voltage Standing Wave Ratio(VSWR)<\/td>\n<td>&lt; 2.0<\/td>\n<\/tr>\n<tr>\n<td>5GHz Voltage Standing Wave Ratio(VSWR)<\/td>\n<td>&lt; 2.0<\/td>\n<\/tr>\n<tr>\n<td>Polarization<\/td>\n<td>Linear<\/td>\n<\/tr>\n<tr>\n<td>HPBW Horizontal<\/td>\n<td>360\u00b0<\/td>\n<\/tr>\n<tr>\n<td>Power Handling<\/td>\n<td>1W<\/td>\n<\/tr>\n<tr>\n<td>Impedance<\/td>\n<td>50 \u03a9<\/td>\n<\/tr>\n<tr>\n<td>Connector<\/td>\n<td>RP SMA Plug<\/td>\n<\/tr>\n<tr>\n<td>Environment<\/td>\n<td>Indoor<\/td>\n<\/tr>\n<tr>\n<td>Package<\/td>\n<td>2 pcs per box<\/td>\n<\/tr>\n<\/tbody>\n<\/table>\n<p>&nbsp;<\/p>\n<p>Mais informa\u00e7\u00f5es:<\/p>\n<p><a href=\"https:\/\/www.draytek.com\/products\/ant-1205\/\" target=\"_blank\" rel=\"noopener\">https:\/\/www.draytek.com\/products\/ant-1205\/<\/a><\/p>\n","protected":false},"excerpt":{"rendered":"<p>O ANTENA DRAYTEK ANT-1205 B \u00e9 uma antena de banda dupla, pode ser uma antena de substitui\u00e7\u00e3o para VigorRouter ou<\/p>\n","protected":false},"featured_media":15253,"template":"","meta":[],"product_brand":[],"product_cat":[1138],"product_tag":[],"class_list":{"0":"post-15734","1":"product","2":"type-product","3":"status-publish","4":"has-post-thumbnail","6":"product_cat-accessories","7":"pa_marca-draytek-en","8":"pa_marca-pa_marca","10":"first","11":"onbackorder","12":"taxable","13":"shipping-taxable","14":"purchasable","15":"product-type-simple"},"yoast_head":"<!-- This site is optimized with the Yoast SEO plugin v27.4 - https:\/\/yoast.com\/product\/yoast-seo-wordpress\/ -->\n<title>ANTENA DRAYTEK ANT-1205 B - Loja Compulab<\/title>\n<meta name=\"robots\" content=\"index, follow, max-snippet:-1, max-image-preview:large, max-video-preview:-1\" \/>\n<link rel=\"canonical\" href=\"https:\/\/shop.compulab.pt\/en\/produto\/antena-draytek-ant-1205-b\/\" \/>\n<meta property=\"og:locale\" content=\"en_US\" \/>\n<meta property=\"og:type\" content=\"article\" \/>\n<meta property=\"og:title\" content=\"ANTENA DRAYTEK ANT-1205 B - Loja Compulab\" \/>\n<meta property=\"og:description\" content=\"O ANTENA DRAYTEK ANT-1205 B \u00e9 uma antena de banda dupla, pode ser uma antena de substitui\u00e7\u00e3o para VigorRouter ou\" \/>\n<meta property=\"og:url\" content=\"https:\/\/shop.compulab.pt\/en\/produto\/antena-draytek-ant-1205-b\/\" \/>\n<meta property=\"og:site_name\" content=\"Loja Compulab\" \/>\n<meta property=\"article:publisher\" content=\"https:\/\/www.facebook.com\/Compulab.pt\/\" \/>\n<meta property=\"article:modified_time\" content=\"2026-04-27T02:02:13+00:00\" \/>\n<meta property=\"og:image\" content=\"https:\/\/shop.compulab.pt\/wp-content\/uploads\/2023\/02\/10700700080-1.webp\" \/>\n\t<meta property=\"og:image:width\" content=\"225\" \/>\n\t<meta property=\"og:image:height\" content=\"225\" \/>\n\t<meta property=\"og:image:type\" content=\"image\/webp\" \/>\n<meta name=\"twitter:card\" content=\"summary_large_image\" \/>\n<meta name=\"twitter:label1\" content=\"Est. reading time\" \/>\n\t<meta name=\"twitter:data1\" content=\"1 minute\" \/>\n<script type=\"application\/ld+json\" class=\"yoast-schema-graph\">{\"@context\":\"https:\\\/\\\/schema.org\",\"@graph\":[{\"@type\":\"WebPage\",\"@id\":\"https:\\\/\\\/shop.compulab.pt\\\/en\\\/produto\\\/antena-draytek-ant-1205-b\\\/\",\"url\":\"https:\\\/\\\/shop.compulab.pt\\\/en\\\/produto\\\/antena-draytek-ant-1205-b\\\/\",\"name\":\"ANTENA DRAYTEK ANT-1205 B - Loja Compulab\",\"isPartOf\":{\"@id\":\"https:\\\/\\\/shop.compulab.pt\\\/en\\\/#website\"},\"primaryImageOfPage\":{\"@id\":\"https:\\\/\\\/shop.compulab.pt\\\/en\\\/produto\\\/antena-draytek-ant-1205-b\\\/#primaryimage\"},\"image\":{\"@id\":\"https:\\\/\\\/shop.compulab.pt\\\/en\\\/produto\\\/antena-draytek-ant-1205-b\\\/#primaryimage\"},\"thumbnailUrl\":\"https:\\\/\\\/shop.compulab.pt\\\/wp-content\\\/uploads\\\/2023\\\/02\\\/10700700080-1.webp\",\"datePublished\":\"2023-02-13T16:24:48+00:00\",\"dateModified\":\"2026-04-27T02:02:13+00:00\",\"breadcrumb\":{\"@id\":\"https:\\\/\\\/shop.compulab.pt\\\/en\\\/produto\\\/antena-draytek-ant-1205-b\\\/#breadcrumb\"},\"inLanguage\":\"en-US\",\"potentialAction\":[{\"@type\":\"ReadAction\",\"target\":[\"https:\\\/\\\/shop.compulab.pt\\\/en\\\/produto\\\/antena-draytek-ant-1205-b\\\/\"]}]},{\"@type\":\"ImageObject\",\"inLanguage\":\"en-US\",\"@id\":\"https:\\\/\\\/shop.compulab.pt\\\/en\\\/produto\\\/antena-draytek-ant-1205-b\\\/#primaryimage\",\"url\":\"https:\\\/\\\/shop.compulab.pt\\\/wp-content\\\/uploads\\\/2023\\\/02\\\/10700700080-1.webp\",\"contentUrl\":\"https:\\\/\\\/shop.compulab.pt\\\/wp-content\\\/uploads\\\/2023\\\/02\\\/10700700080-1.webp\",\"width\":225,\"height\":225},{\"@type\":\"BreadcrumbList\",\"@id\":\"https:\\\/\\\/shop.compulab.pt\\\/en\\\/produto\\\/antena-draytek-ant-1205-b\\\/#breadcrumb\",\"itemListElement\":[{\"@type\":\"ListItem\",\"position\":1,\"name\":\"Shop\",\"item\":\"https:\\\/\\\/draytek.compulab.pt\\\/en\\\/shop\\\/\"},{\"@type\":\"ListItem\",\"position\":2,\"name\":\"ANTENA DRAYTEK ANT-1205 B\"}]},{\"@type\":\"WebSite\",\"@id\":\"https:\\\/\\\/shop.compulab.pt\\\/en\\\/#website\",\"url\":\"https:\\\/\\\/shop.compulab.pt\\\/en\\\/\",\"name\":\"Loja Compulab\",\"description\":\"Loja online da Compulab\",\"potentialAction\":[{\"@type\":\"SearchAction\",\"target\":{\"@type\":\"EntryPoint\",\"urlTemplate\":\"https:\\\/\\\/shop.compulab.pt\\\/en\\\/?s={search_term_string}\"},\"query-input\":{\"@type\":\"PropertyValueSpecification\",\"valueRequired\":true,\"valueName\":\"search_term_string\"}}],\"inLanguage\":\"en-US\"}]}<\/script>\n<!-- \/ Yoast SEO plugin. -->","yoast_head_json":{"title":"ANTENA DRAYTEK ANT-1205 B - Loja Compulab","robots":{"index":"index","follow":"follow","max-snippet":"max-snippet:-1","max-image-preview":"max-image-preview:large","max-video-preview":"max-video-preview:-1"},"canonical":"https:\/\/shop.compulab.pt\/en\/produto\/antena-draytek-ant-1205-b\/","og_locale":"en_US","og_type":"article","og_title":"ANTENA DRAYTEK ANT-1205 B - Loja Compulab","og_description":"O ANTENA DRAYTEK ANT-1205 B \u00e9 uma antena de banda dupla, pode ser uma antena de substitui\u00e7\u00e3o para VigorRouter ou","og_url":"https:\/\/shop.compulab.pt\/en\/produto\/antena-draytek-ant-1205-b\/","og_site_name":"Loja Compulab","article_publisher":"https:\/\/www.facebook.com\/Compulab.pt\/","article_modified_time":"2026-04-27T02:02:13+00:00","og_image":[{"width":225,"height":225,"url":"https:\/\/shop.compulab.pt\/wp-content\/uploads\/2023\/02\/10700700080-1.webp","type":"image\/webp"}],"twitter_card":"summary_large_image","twitter_misc":{"Est. reading time":"1 minute"},"schema":{"@context":"https:\/\/schema.org","@graph":[{"@type":"WebPage","@id":"https:\/\/shop.compulab.pt\/en\/produto\/antena-draytek-ant-1205-b\/","url":"https:\/\/shop.compulab.pt\/en\/produto\/antena-draytek-ant-1205-b\/","name":"ANTENA DRAYTEK ANT-1205 B - Loja Compulab","isPartOf":{"@id":"https:\/\/shop.compulab.pt\/en\/#website"},"primaryImageOfPage":{"@id":"https:\/\/shop.compulab.pt\/en\/produto\/antena-draytek-ant-1205-b\/#primaryimage"},"image":{"@id":"https:\/\/shop.compulab.pt\/en\/produto\/antena-draytek-ant-1205-b\/#primaryimage"},"thumbnailUrl":"https:\/\/shop.compulab.pt\/wp-content\/uploads\/2023\/02\/10700700080-1.webp","datePublished":"2023-02-13T16:24:48+00:00","dateModified":"2026-04-27T02:02:13+00:00","breadcrumb":{"@id":"https:\/\/shop.compulab.pt\/en\/produto\/antena-draytek-ant-1205-b\/#breadcrumb"},"inLanguage":"en-US","potentialAction":[{"@type":"ReadAction","target":["https:\/\/shop.compulab.pt\/en\/produto\/antena-draytek-ant-1205-b\/"]}]},{"@type":"ImageObject","inLanguage":"en-US","@id":"https:\/\/shop.compulab.pt\/en\/produto\/antena-draytek-ant-1205-b\/#primaryimage","url":"https:\/\/shop.compulab.pt\/wp-content\/uploads\/2023\/02\/10700700080-1.webp","contentUrl":"https:\/\/shop.compulab.pt\/wp-content\/uploads\/2023\/02\/10700700080-1.webp","width":225,"height":225},{"@type":"BreadcrumbList","@id":"https:\/\/shop.compulab.pt\/en\/produto\/antena-draytek-ant-1205-b\/#breadcrumb","itemListElement":[{"@type":"ListItem","position":1,"name":"Shop","item":"https:\/\/draytek.compulab.pt\/en\/shop\/"},{"@type":"ListItem","position":2,"name":"ANTENA DRAYTEK ANT-1205 B"}]},{"@type":"WebSite","@id":"https:\/\/shop.compulab.pt\/en\/#website","url":"https:\/\/shop.compulab.pt\/en\/","name":"Loja Compulab","description":"Loja online da Compulab","potentialAction":[{"@type":"SearchAction","target":{"@type":"EntryPoint","urlTemplate":"https:\/\/shop.compulab.pt\/en\/?s={search_term_string}"},"query-input":{"@type":"PropertyValueSpecification","valueRequired":true,"valueName":"search_term_string"}}],"inLanguage":"en-US"}]}},"_links":{"self":[{"href":"https:\/\/shop.compulab.pt\/en\/wp-json\/wp\/v2\/product\/15734","targetHints":{"allow":["GET"]}}],"collection":[{"href":"https:\/\/shop.compulab.pt\/en\/wp-json\/wp\/v2\/product"}],"about":[{"href":"https:\/\/shop.compulab.pt\/en\/wp-json\/wp\/v2\/types\/product"}],"version-history":[{"count":0,"href":"https:\/\/shop.compulab.pt\/en\/wp-json\/wp\/v2\/product\/15734\/revisions"}],"wp:featuredmedia":[{"embeddable":true,"href":"https:\/\/shop.compulab.pt\/en\/wp-json\/wp\/v2\/media\/15253"}],"wp:attachment":[{"href":"https:\/\/shop.compulab.pt\/en\/wp-json\/wp\/v2\/media?parent=15734"}],"wp:term":[{"taxonomy":"product_brand","embeddable":true,"href":"https:\/\/shop.compulab.pt\/en\/wp-json\/wp\/v2\/product_brand?post=15734"},{"taxonomy":"product_cat","embeddable":true,"href":"https:\/\/shop.compulab.pt\/en\/wp-json\/wp\/v2\/product_cat?post=15734"},{"taxonomy":"product_tag","embeddable":true,"href":"https:\/\/shop.compulab.pt\/en\/wp-json\/wp\/v2\/product_tag?post=15734"}],"curies":[{"name":"wp","href":"https:\/\/api.w.org\/{rel}","templated":true}]}}