{"id":15730,"date":"2023-02-13T16:24:48","date_gmt":"2023-02-13T16:24:48","guid":{"rendered":"https:\/\/draytek.compulab.pt\/produto\/draytek-training-advance\/"},"modified":"2026-04-15T03:00:17","modified_gmt":"2026-04-15T02:00:17","slug":"draytek-training-advance","status":"publish","type":"product","link":"https:\/\/shop.compulab.pt\/en\/produto\/draytek-training-advance\/","title":{"rendered":"DRAYTEK TRAINING ADVANCE"},"content":{"rendered":"<p>M\u00f3dulo de forma\u00e7\u00e3o de 4 horas que aprofunda as configura\u00e7\u00f5es b\u00e1sicas abordadas no m\u00f3dulo &#8216;FORMA\u00c7\u00c3O B\u00c1SICA DRAYTEK&#8217; e adiciona outros t\u00f3picos avan\u00e7ados, como configura\u00e7\u00e3o de VPN, QoS e VOIP.<\/p>\n","protected":false},"excerpt":{"rendered":"<p>M\u00f3dulo de forma\u00e7\u00e3o de 4 horas que aprofunda as configura\u00e7\u00f5es b\u00e1sicas abordadas no m\u00f3dulo &#8216;FORMA\u00c7\u00c3O B\u00c1SICA DRAYTEK&#8217; e adiciona outros<\/p>\n","protected":false},"featured_media":15250,"template":"","meta":[],"product_brand":[],"product_cat":[1173],"product_tag":[],"class_list":{"0":"post-15730","1":"product","2":"type-product","3":"status-publish","4":"has-post-thumbnail","6":"product_cat-support","7":"pa_marca-draytek-en","8":"pa_marca-pa_marca","10":"first","11":"instock","12":"taxable","13":"shipping-taxable","14":"purchasable","15":"product-type-simple"},"yoast_head":"<!-- This site is optimized with the Yoast SEO plugin v27.2 - https:\/\/yoast.com\/product\/yoast-seo-wordpress\/ -->\n<title>DRAYTEK TRAINING ADVANCE - Loja Compulab<\/title>\n<meta name=\"robots\" content=\"index, follow, max-snippet:-1, max-image-preview:large, max-video-preview:-1\" \/>\n<link rel=\"canonical\" href=\"https:\/\/shop.compulab.pt\/en\/produto\/draytek-training-advance\/\" \/>\n<meta property=\"og:locale\" content=\"en_US\" \/>\n<meta property=\"og:type\" content=\"article\" \/>\n<meta property=\"og:title\" content=\"DRAYTEK TRAINING ADVANCE - Loja Compulab\" \/>\n<meta property=\"og:description\" content=\"M\u00f3dulo de forma\u00e7\u00e3o de 4 horas que aprofunda as configura\u00e7\u00f5es b\u00e1sicas abordadas no m\u00f3dulo &#8216;FORMA\u00c7\u00c3O B\u00c1SICA DRAYTEK&#8217; e adiciona outros\" \/>\n<meta property=\"og:url\" content=\"https:\/\/shop.compulab.pt\/en\/produto\/draytek-training-advance\/\" \/>\n<meta property=\"og:site_name\" content=\"Loja Compulab\" \/>\n<meta property=\"article:publisher\" content=\"https:\/\/www.facebook.com\/Compulab.pt\/\" \/>\n<meta property=\"article:modified_time\" content=\"2026-04-15T02:00:17+00:00\" \/>\n<meta property=\"og:image\" content=\"https:\/\/shop.compulab.pt\/wp-content\/uploads\/2023\/02\/10100700992-1.webp\" \/>\n\t<meta property=\"og:image:width\" content=\"800\" \/>\n\t<meta property=\"og:image:height\" content=\"800\" \/>\n\t<meta property=\"og:image:type\" content=\"image\/webp\" \/>\n<meta name=\"twitter:card\" content=\"summary_large_image\" \/>\n<script type=\"application\/ld+json\" class=\"yoast-schema-graph\">{\"@context\":\"https:\/\/schema.org\",\"@graph\":[{\"@type\":\"WebPage\",\"@id\":\"https:\/\/shop.compulab.pt\/en\/produto\/draytek-training-advance\/\",\"url\":\"https:\/\/shop.compulab.pt\/en\/produto\/draytek-training-advance\/\",\"name\":\"DRAYTEK TRAINING ADVANCE - Loja Compulab\",\"isPartOf\":{\"@id\":\"https:\/\/shop.compulab.pt\/en\/#website\"},\"primaryImageOfPage\":{\"@id\":\"https:\/\/shop.compulab.pt\/en\/produto\/draytek-training-advance\/#primaryimage\"},\"image\":{\"@id\":\"https:\/\/shop.compulab.pt\/en\/produto\/draytek-training-advance\/#primaryimage\"},\"thumbnailUrl\":\"https:\/\/shop.compulab.pt\/wp-content\/uploads\/2023\/02\/10100700992-1.webp\",\"datePublished\":\"2023-02-13T16:24:48+00:00\",\"dateModified\":\"2026-04-15T02:00:17+00:00\",\"breadcrumb\":{\"@id\":\"https:\/\/shop.compulab.pt\/en\/produto\/draytek-training-advance\/#breadcrumb\"},\"inLanguage\":\"en-US\",\"potentialAction\":[{\"@type\":\"ReadAction\",\"target\":[\"https:\/\/shop.compulab.pt\/en\/produto\/draytek-training-advance\/\"]}]},{\"@type\":\"ImageObject\",\"inLanguage\":\"en-US\",\"@id\":\"https:\/\/shop.compulab.pt\/en\/produto\/draytek-training-advance\/#primaryimage\",\"url\":\"https:\/\/shop.compulab.pt\/wp-content\/uploads\/2023\/02\/10100700992-1.webp\",\"contentUrl\":\"https:\/\/shop.compulab.pt\/wp-content\/uploads\/2023\/02\/10100700992-1.webp\",\"width\":800,\"height\":800},{\"@type\":\"BreadcrumbList\",\"@id\":\"https:\/\/shop.compulab.pt\/en\/produto\/draytek-training-advance\/#breadcrumb\",\"itemListElement\":[{\"@type\":\"ListItem\",\"position\":1,\"name\":\"Shop\",\"item\":\"https:\/\/draytek.compulab.pt\/en\/shop\/\"},{\"@type\":\"ListItem\",\"position\":2,\"name\":\"DRAYTEK TRAINING ADVANCE\"}]},{\"@type\":\"WebSite\",\"@id\":\"https:\/\/shop.compulab.pt\/en\/#website\",\"url\":\"https:\/\/shop.compulab.pt\/en\/\",\"name\":\"Loja Compulab\",\"description\":\"Loja online da Compulab\",\"potentialAction\":[{\"@type\":\"SearchAction\",\"target\":{\"@type\":\"EntryPoint\",\"urlTemplate\":\"https:\/\/shop.compulab.pt\/en\/?s={search_term_string}\"},\"query-input\":{\"@type\":\"PropertyValueSpecification\",\"valueRequired\":true,\"valueName\":\"search_term_string\"}}],\"inLanguage\":\"en-US\"}]}<\/script>\n<!-- \/ Yoast SEO plugin. -->","yoast_head_json":{"title":"DRAYTEK TRAINING ADVANCE - Loja Compulab","robots":{"index":"index","follow":"follow","max-snippet":"max-snippet:-1","max-image-preview":"max-image-preview:large","max-video-preview":"max-video-preview:-1"},"canonical":"https:\/\/shop.compulab.pt\/en\/produto\/draytek-training-advance\/","og_locale":"en_US","og_type":"article","og_title":"DRAYTEK TRAINING ADVANCE - Loja Compulab","og_description":"M\u00f3dulo de forma\u00e7\u00e3o de 4 horas que aprofunda as configura\u00e7\u00f5es b\u00e1sicas abordadas no m\u00f3dulo &#8216;FORMA\u00c7\u00c3O B\u00c1SICA DRAYTEK&#8217; e adiciona outros","og_url":"https:\/\/shop.compulab.pt\/en\/produto\/draytek-training-advance\/","og_site_name":"Loja Compulab","article_publisher":"https:\/\/www.facebook.com\/Compulab.pt\/","article_modified_time":"2026-04-15T02:00:17+00:00","og_image":[{"width":800,"height":800,"url":"https:\/\/shop.compulab.pt\/wp-content\/uploads\/2023\/02\/10100700992-1.webp","type":"image\/webp"}],"twitter_card":"summary_large_image","schema":{"@context":"https:\/\/schema.org","@graph":[{"@type":"WebPage","@id":"https:\/\/shop.compulab.pt\/en\/produto\/draytek-training-advance\/","url":"https:\/\/shop.compulab.pt\/en\/produto\/draytek-training-advance\/","name":"DRAYTEK TRAINING ADVANCE - Loja Compulab","isPartOf":{"@id":"https:\/\/shop.compulab.pt\/en\/#website"},"primaryImageOfPage":{"@id":"https:\/\/shop.compulab.pt\/en\/produto\/draytek-training-advance\/#primaryimage"},"image":{"@id":"https:\/\/shop.compulab.pt\/en\/produto\/draytek-training-advance\/#primaryimage"},"thumbnailUrl":"https:\/\/shop.compulab.pt\/wp-content\/uploads\/2023\/02\/10100700992-1.webp","datePublished":"2023-02-13T16:24:48+00:00","dateModified":"2026-04-15T02:00:17+00:00","breadcrumb":{"@id":"https:\/\/shop.compulab.pt\/en\/produto\/draytek-training-advance\/#breadcrumb"},"inLanguage":"en-US","potentialAction":[{"@type":"ReadAction","target":["https:\/\/shop.compulab.pt\/en\/produto\/draytek-training-advance\/"]}]},{"@type":"ImageObject","inLanguage":"en-US","@id":"https:\/\/shop.compulab.pt\/en\/produto\/draytek-training-advance\/#primaryimage","url":"https:\/\/shop.compulab.pt\/wp-content\/uploads\/2023\/02\/10100700992-1.webp","contentUrl":"https:\/\/shop.compulab.pt\/wp-content\/uploads\/2023\/02\/10100700992-1.webp","width":800,"height":800},{"@type":"BreadcrumbList","@id":"https:\/\/shop.compulab.pt\/en\/produto\/draytek-training-advance\/#breadcrumb","itemListElement":[{"@type":"ListItem","position":1,"name":"Shop","item":"https:\/\/draytek.compulab.pt\/en\/shop\/"},{"@type":"ListItem","position":2,"name":"DRAYTEK TRAINING ADVANCE"}]},{"@type":"WebSite","@id":"https:\/\/shop.compulab.pt\/en\/#website","url":"https:\/\/shop.compulab.pt\/en\/","name":"Loja Compulab","description":"Loja online da Compulab","potentialAction":[{"@type":"SearchAction","target":{"@type":"EntryPoint","urlTemplate":"https:\/\/shop.compulab.pt\/en\/?s={search_term_string}"},"query-input":{"@type":"PropertyValueSpecification","valueRequired":true,"valueName":"search_term_string"}}],"inLanguage":"en-US"}]}},"_links":{"self":[{"href":"https:\/\/shop.compulab.pt\/en\/wp-json\/wp\/v2\/product\/15730","targetHints":{"allow":["GET"]}}],"collection":[{"href":"https:\/\/shop.compulab.pt\/en\/wp-json\/wp\/v2\/product"}],"about":[{"href":"https:\/\/shop.compulab.pt\/en\/wp-json\/wp\/v2\/types\/product"}],"version-history":[{"count":1,"href":"https:\/\/shop.compulab.pt\/en\/wp-json\/wp\/v2\/product\/15730\/revisions"}],"predecessor-version":[{"id":16968,"href":"https:\/\/shop.compulab.pt\/en\/wp-json\/wp\/v2\/product\/15730\/revisions\/16968"}],"wp:featuredmedia":[{"embeddable":true,"href":"https:\/\/shop.compulab.pt\/en\/wp-json\/wp\/v2\/media\/15250"}],"wp:attachment":[{"href":"https:\/\/shop.compulab.pt\/en\/wp-json\/wp\/v2\/media?parent=15730"}],"wp:term":[{"taxonomy":"product_brand","embeddable":true,"href":"https:\/\/shop.compulab.pt\/en\/wp-json\/wp\/v2\/product_brand?post=15730"},{"taxonomy":"product_cat","embeddable":true,"href":"https:\/\/shop.compulab.pt\/en\/wp-json\/wp\/v2\/product_cat?post=15730"},{"taxonomy":"product_tag","embeddable":true,"href":"https:\/\/shop.compulab.pt\/en\/wp-json\/wp\/v2\/product_tag?post=15730"}],"curies":[{"name":"wp","href":"https:\/\/api.w.org\/{rel}","templated":true}]}}