{"id":15722,"date":"2023-02-13T16:24:49","date_gmt":"2023-02-13T16:24:49","guid":{"rendered":"https:\/\/draytek.compulab.pt\/produto\/router-draytek-vigor-122-a\/"},"modified":"2026-04-04T02:00:43","modified_gmt":"2026-04-04T02:00:43","slug":"router-draytek-vigor-122-a","status":"publish","type":"product","link":"https:\/\/shop.compulab.pt\/en\/produto\/router-draytek-vigor-122-a\/","title":{"rendered":"ROUTER DRAYTEK VIGOR 122 &#8211; A"},"content":{"rendered":"<p>Modem\/Roteador ADSL2\/2+ Triple-Play: Compat\u00edvel com ADSL, ADSL2 e ADSL2+; Suporta Multi-PVC para aplica\u00e7\u00f5es Triple-Play; Firewall SPI integrado e Filtragem de Websites por Palavra-chave de URL; Suporta servi\u00e7o de DNS Din\u00e2mico; Instala\u00e7\u00e3o f\u00e1cil com p\u00e1gina de gest\u00e3o intuitiva baseada na web.<\/p>\n","protected":false},"excerpt":{"rendered":"<p>Modem\/Roteador ADSL2\/2+ Triple-Play: Compat\u00edvel com ADSL, ADSL2 e ADSL2+; Suporta Multi-PVC para aplica\u00e7\u00f5es Triple-Play; Firewall SPI integrado e Filtragem de<\/p>\n","protected":false},"featured_media":15277,"template":"","meta":[],"product_brand":[],"product_cat":[1154],"product_tag":[],"class_list":{"0":"post-15722","1":"product","2":"type-product","3":"status-publish","4":"has-post-thumbnail","6":"product_cat-routers-xdsl-en","7":"pa_lan-lan-1-door","8":"pa_marca-draytek-en","10":"first","11":"onbackorder","12":"taxable","13":"shipping-taxable","14":"purchasable","15":"product-type-simple"},"yoast_head":"<!-- This site is optimized with the Yoast SEO plugin v27.2 - https:\/\/yoast.com\/product\/yoast-seo-wordpress\/ -->\n<title>ROUTER DRAYTEK VIGOR 122 - A - Loja Compulab<\/title>\n<meta name=\"robots\" content=\"index, follow, max-snippet:-1, max-image-preview:large, max-video-preview:-1\" \/>\n<link rel=\"canonical\" href=\"https:\/\/shop.compulab.pt\/en\/produto\/router-draytek-vigor-122-a\/\" \/>\n<meta property=\"og:locale\" content=\"en_US\" \/>\n<meta property=\"og:type\" content=\"article\" \/>\n<meta property=\"og:title\" content=\"ROUTER DRAYTEK VIGOR 122 - A - Loja Compulab\" \/>\n<meta property=\"og:description\" content=\"Modem\/Roteador ADSL2\/2+ Triple-Play: Compat\u00edvel com ADSL, ADSL2 e ADSL2+; Suporta Multi-PVC para aplica\u00e7\u00f5es Triple-Play; Firewall SPI integrado e Filtragem de\" \/>\n<meta property=\"og:url\" content=\"https:\/\/shop.compulab.pt\/en\/produto\/router-draytek-vigor-122-a\/\" \/>\n<meta property=\"og:site_name\" content=\"Loja Compulab\" \/>\n<meta property=\"article:publisher\" content=\"https:\/\/www.facebook.com\/Compulab.pt\/\" \/>\n<meta property=\"article:modified_time\" content=\"2026-04-04T02:00:43+00:00\" \/>\n<meta property=\"og:image\" content=\"https:\/\/shop.compulab.pt\/wp-content\/uploads\/2023\/02\/10705700405.webp\" \/>\n\t<meta property=\"og:image:width\" content=\"1100\" \/>\n\t<meta property=\"og:image:height\" content=\"1100\" \/>\n\t<meta property=\"og:image:type\" content=\"image\/webp\" \/>\n<meta name=\"twitter:card\" content=\"summary_large_image\" \/>\n<script type=\"application\/ld+json\" class=\"yoast-schema-graph\">{\"@context\":\"https:\/\/schema.org\",\"@graph\":[{\"@type\":\"WebPage\",\"@id\":\"https:\/\/shop.compulab.pt\/en\/produto\/router-draytek-vigor-122-a\/\",\"url\":\"https:\/\/shop.compulab.pt\/en\/produto\/router-draytek-vigor-122-a\/\",\"name\":\"ROUTER DRAYTEK VIGOR 122 - A - Loja Compulab\",\"isPartOf\":{\"@id\":\"https:\/\/shop.compulab.pt\/en\/#website\"},\"primaryImageOfPage\":{\"@id\":\"https:\/\/shop.compulab.pt\/en\/produto\/router-draytek-vigor-122-a\/#primaryimage\"},\"image\":{\"@id\":\"https:\/\/shop.compulab.pt\/en\/produto\/router-draytek-vigor-122-a\/#primaryimage\"},\"thumbnailUrl\":\"https:\/\/shop.compulab.pt\/wp-content\/uploads\/2023\/02\/10705700405.webp\",\"datePublished\":\"2023-02-13T16:24:49+00:00\",\"dateModified\":\"2026-04-04T02:00:43+00:00\",\"breadcrumb\":{\"@id\":\"https:\/\/shop.compulab.pt\/en\/produto\/router-draytek-vigor-122-a\/#breadcrumb\"},\"inLanguage\":\"en-US\",\"potentialAction\":[{\"@type\":\"ReadAction\",\"target\":[\"https:\/\/shop.compulab.pt\/en\/produto\/router-draytek-vigor-122-a\/\"]}]},{\"@type\":\"ImageObject\",\"inLanguage\":\"en-US\",\"@id\":\"https:\/\/shop.compulab.pt\/en\/produto\/router-draytek-vigor-122-a\/#primaryimage\",\"url\":\"https:\/\/shop.compulab.pt\/wp-content\/uploads\/2023\/02\/10705700405.webp\",\"contentUrl\":\"https:\/\/shop.compulab.pt\/wp-content\/uploads\/2023\/02\/10705700405.webp\",\"width\":1100,\"height\":1100},{\"@type\":\"BreadcrumbList\",\"@id\":\"https:\/\/shop.compulab.pt\/en\/produto\/router-draytek-vigor-122-a\/#breadcrumb\",\"itemListElement\":[{\"@type\":\"ListItem\",\"position\":1,\"name\":\"Shop\",\"item\":\"https:\/\/draytek.compulab.pt\/en\/shop\/\"},{\"@type\":\"ListItem\",\"position\":2,\"name\":\"ROUTER DRAYTEK VIGOR 122 &#8211; A\"}]},{\"@type\":\"WebSite\",\"@id\":\"https:\/\/shop.compulab.pt\/en\/#website\",\"url\":\"https:\/\/shop.compulab.pt\/en\/\",\"name\":\"Loja Compulab\",\"description\":\"Loja online da Compulab\",\"potentialAction\":[{\"@type\":\"SearchAction\",\"target\":{\"@type\":\"EntryPoint\",\"urlTemplate\":\"https:\/\/shop.compulab.pt\/en\/?s={search_term_string}\"},\"query-input\":{\"@type\":\"PropertyValueSpecification\",\"valueRequired\":true,\"valueName\":\"search_term_string\"}}],\"inLanguage\":\"en-US\"}]}<\/script>\n<!-- \/ Yoast SEO plugin. -->","yoast_head_json":{"title":"ROUTER DRAYTEK VIGOR 122 - A - Loja Compulab","robots":{"index":"index","follow":"follow","max-snippet":"max-snippet:-1","max-image-preview":"max-image-preview:large","max-video-preview":"max-video-preview:-1"},"canonical":"https:\/\/shop.compulab.pt\/en\/produto\/router-draytek-vigor-122-a\/","og_locale":"en_US","og_type":"article","og_title":"ROUTER DRAYTEK VIGOR 122 - A - Loja Compulab","og_description":"Modem\/Roteador ADSL2\/2+ Triple-Play: Compat\u00edvel com ADSL, ADSL2 e ADSL2+; Suporta Multi-PVC para aplica\u00e7\u00f5es Triple-Play; Firewall SPI integrado e Filtragem de","og_url":"https:\/\/shop.compulab.pt\/en\/produto\/router-draytek-vigor-122-a\/","og_site_name":"Loja Compulab","article_publisher":"https:\/\/www.facebook.com\/Compulab.pt\/","article_modified_time":"2026-04-04T02:00:43+00:00","og_image":[{"width":1100,"height":1100,"url":"https:\/\/shop.compulab.pt\/wp-content\/uploads\/2023\/02\/10705700405.webp","type":"image\/webp"}],"twitter_card":"summary_large_image","schema":{"@context":"https:\/\/schema.org","@graph":[{"@type":"WebPage","@id":"https:\/\/shop.compulab.pt\/en\/produto\/router-draytek-vigor-122-a\/","url":"https:\/\/shop.compulab.pt\/en\/produto\/router-draytek-vigor-122-a\/","name":"ROUTER DRAYTEK VIGOR 122 - A - Loja Compulab","isPartOf":{"@id":"https:\/\/shop.compulab.pt\/en\/#website"},"primaryImageOfPage":{"@id":"https:\/\/shop.compulab.pt\/en\/produto\/router-draytek-vigor-122-a\/#primaryimage"},"image":{"@id":"https:\/\/shop.compulab.pt\/en\/produto\/router-draytek-vigor-122-a\/#primaryimage"},"thumbnailUrl":"https:\/\/shop.compulab.pt\/wp-content\/uploads\/2023\/02\/10705700405.webp","datePublished":"2023-02-13T16:24:49+00:00","dateModified":"2026-04-04T02:00:43+00:00","breadcrumb":{"@id":"https:\/\/shop.compulab.pt\/en\/produto\/router-draytek-vigor-122-a\/#breadcrumb"},"inLanguage":"en-US","potentialAction":[{"@type":"ReadAction","target":["https:\/\/shop.compulab.pt\/en\/produto\/router-draytek-vigor-122-a\/"]}]},{"@type":"ImageObject","inLanguage":"en-US","@id":"https:\/\/shop.compulab.pt\/en\/produto\/router-draytek-vigor-122-a\/#primaryimage","url":"https:\/\/shop.compulab.pt\/wp-content\/uploads\/2023\/02\/10705700405.webp","contentUrl":"https:\/\/shop.compulab.pt\/wp-content\/uploads\/2023\/02\/10705700405.webp","width":1100,"height":1100},{"@type":"BreadcrumbList","@id":"https:\/\/shop.compulab.pt\/en\/produto\/router-draytek-vigor-122-a\/#breadcrumb","itemListElement":[{"@type":"ListItem","position":1,"name":"Shop","item":"https:\/\/draytek.compulab.pt\/en\/shop\/"},{"@type":"ListItem","position":2,"name":"ROUTER DRAYTEK VIGOR 122 &#8211; A"}]},{"@type":"WebSite","@id":"https:\/\/shop.compulab.pt\/en\/#website","url":"https:\/\/shop.compulab.pt\/en\/","name":"Loja Compulab","description":"Loja online da Compulab","potentialAction":[{"@type":"SearchAction","target":{"@type":"EntryPoint","urlTemplate":"https:\/\/shop.compulab.pt\/en\/?s={search_term_string}"},"query-input":{"@type":"PropertyValueSpecification","valueRequired":true,"valueName":"search_term_string"}}],"inLanguage":"en-US"}]}},"_links":{"self":[{"href":"https:\/\/shop.compulab.pt\/en\/wp-json\/wp\/v2\/product\/15722","targetHints":{"allow":["GET"]}}],"collection":[{"href":"https:\/\/shop.compulab.pt\/en\/wp-json\/wp\/v2\/product"}],"about":[{"href":"https:\/\/shop.compulab.pt\/en\/wp-json\/wp\/v2\/types\/product"}],"version-history":[{"count":1,"href":"https:\/\/shop.compulab.pt\/en\/wp-json\/wp\/v2\/product\/15722\/revisions"}],"predecessor-version":[{"id":16964,"href":"https:\/\/shop.compulab.pt\/en\/wp-json\/wp\/v2\/product\/15722\/revisions\/16964"}],"wp:featuredmedia":[{"embeddable":true,"href":"https:\/\/shop.compulab.pt\/en\/wp-json\/wp\/v2\/media\/15277"}],"wp:attachment":[{"href":"https:\/\/shop.compulab.pt\/en\/wp-json\/wp\/v2\/media?parent=15722"}],"wp:term":[{"taxonomy":"product_brand","embeddable":true,"href":"https:\/\/shop.compulab.pt\/en\/wp-json\/wp\/v2\/product_brand?post=15722"},{"taxonomy":"product_cat","embeddable":true,"href":"https:\/\/shop.compulab.pt\/en\/wp-json\/wp\/v2\/product_cat?post=15722"},{"taxonomy":"product_tag","embeddable":true,"href":"https:\/\/shop.compulab.pt\/en\/wp-json\/wp\/v2\/product_tag?post=15722"}],"curies":[{"name":"wp","href":"https:\/\/api.w.org\/{rel}","templated":true}]}}