{"id":15718,"date":"2023-02-13T16:24:49","date_gmt":"2023-02-13T16:24:49","guid":{"rendered":"https:\/\/draytek.compulab.pt\/produto\/router-draytek-vigor-2760n-b\/"},"modified":"2026-05-03T03:02:19","modified_gmt":"2026-05-03T02:02:19","slug":"router-draytek-vigor-2760n-b","status":"publish","type":"product","link":"https:\/\/shop.compulab.pt\/en\/produto\/router-draytek-vigor-2760n-b\/","title":{"rendered":"ROUTER DRAYTEK VIGOR 2760N B"},"content":{"rendered":"<p>O ROUTER DRAYTEK VIGOR 2760N B \u00e9 um modem\/roteador VDSL2\/ADSL2+ com Firewall e VPN integrados. Ele fornece 1 porta WAN RJ-11 para conex\u00e3o direta \u00e0 linha DSL, o modem DSL integrado \u00e9 compat\u00edvel com todas as modula\u00e7\u00f5es VDSL e ADSL comuns.\u00a0Do lado da LAN, o ROUTER DRAYTEK VIGOR 2760N B \u00e9 um switch LAN RJ-45 10\/100\/1000Base TX de 4 portas, dos quais a 4\u00aa porta pode ser configurada como uma porta WAN se voc\u00ea precisar de uma WAN Ethernet, ou voc\u00ea pode configurar a WAN Ethernet como uma porta WAN. v\u00ednculo de backup. Existem tamb\u00e9m 2 portas USB, \u00e0s quais o modem USB 3G\/4G pode ser conectado para adicionar conectividade sem fio de backup.<\/p>\n<p><em>Nota:<\/em> A S\u00e9rie Vigor2760 Delight rotulada como &#8220;Vers\u00e3o: D&#8221; e &#8220;Vers\u00e3o: Delight&#8221; significa que eles est\u00e3o na plataforma DrayOS, que come\u00e7a a partir da vers\u00e3o de firmware 3.7.5.<\/p>\n<p>&nbsp;<\/p>\n<p>Mais informa\u00e7\u00f5es:<\/p>\n<p><a href=\"https:\/\/www.draytek.com\/products\/vigor2760\/#overview\" target=\"_blank\" rel=\"noopener\">https:\/\/www.draytek.com\/products\/vigor2760\/#overview<\/a><\/p>\n","protected":false},"excerpt":{"rendered":"<p>O ROUTER DRAYTEK VIGOR 2760N B \u00e9 um modem\/roteador VDSL2\/ADSL2+ com Firewall e VPN integrados. Ele fornece 1 porta WAN<\/p>\n","protected":false},"featured_media":15275,"template":"","meta":[],"product_brand":[],"product_cat":[1154],"product_tag":[],"class_list":{"0":"post-15718","1":"product","2":"type-product","3":"status-publish","4":"has-post-thumbnail","6":"product_cat-routers-xdsl-en","7":"pa_lan-lan-4-doors","8":"pa_marca-draytek-en","9":"pa_marca-pa_marca","11":"first","12":"instock","13":"taxable","14":"shipping-taxable","15":"purchasable","16":"product-type-simple"},"yoast_head":"<!-- This site is optimized with the Yoast SEO plugin v27.4 - https:\/\/yoast.com\/product\/yoast-seo-wordpress\/ -->\n<title>ROUTER DRAYTEK VIGOR 2760N B - Loja Compulab<\/title>\n<meta name=\"description\" content=\"O ROUTER DRAYTEK VIGOR 2760N B \u00e9 um modem\/roteador VDSL2\/ADSL2+ com Firewall e VPN integrados. Fornece 1 porta WAN RJ-11 para conex\u00e3o direta \u00e0 linha DSL.\" \/>\n<meta name=\"robots\" content=\"index, follow, max-snippet:-1, max-image-preview:large, max-video-preview:-1\" \/>\n<link rel=\"canonical\" href=\"https:\/\/shop.compulab.pt\/en\/produto\/router-draytek-vigor-2760n-b\/\" \/>\n<meta property=\"og:locale\" content=\"en_US\" \/>\n<meta property=\"og:type\" content=\"article\" \/>\n<meta property=\"og:title\" content=\"ROUTER DRAYTEK VIGOR 2760N B - Loja Compulab\" \/>\n<meta property=\"og:description\" content=\"O ROUTER DRAYTEK VIGOR 2760N B \u00e9 um modem\/roteador VDSL2\/ADSL2+ com Firewall e VPN integrados. Fornece 1 porta WAN RJ-11 para conex\u00e3o direta \u00e0 linha DSL.\" \/>\n<meta property=\"og:url\" content=\"https:\/\/shop.compulab.pt\/en\/produto\/router-draytek-vigor-2760n-b\/\" \/>\n<meta property=\"og:site_name\" content=\"Loja Compulab\" \/>\n<meta property=\"article:publisher\" content=\"https:\/\/www.facebook.com\/Compulab.pt\/\" \/>\n<meta property=\"article:modified_time\" content=\"2026-05-03T02:02:19+00:00\" \/>\n<meta property=\"og:image\" content=\"https:\/\/shop.compulab.pt\/wp-content\/uploads\/2023\/02\/10705700394.webp\" \/>\n\t<meta property=\"og:image:width\" content=\"500\" \/>\n\t<meta property=\"og:image:height\" content=\"500\" \/>\n\t<meta property=\"og:image:type\" content=\"image\/webp\" \/>\n<meta name=\"twitter:card\" content=\"summary_large_image\" \/>\n<meta name=\"twitter:label1\" content=\"Est. reading time\" \/>\n\t<meta name=\"twitter:data1\" content=\"1 minute\" \/>\n<script type=\"application\/ld+json\" class=\"yoast-schema-graph\">{\"@context\":\"https:\\\/\\\/schema.org\",\"@graph\":[{\"@type\":\"WebPage\",\"@id\":\"https:\\\/\\\/shop.compulab.pt\\\/en\\\/produto\\\/router-draytek-vigor-2760n-b\\\/\",\"url\":\"https:\\\/\\\/shop.compulab.pt\\\/en\\\/produto\\\/router-draytek-vigor-2760n-b\\\/\",\"name\":\"ROUTER DRAYTEK VIGOR 2760N B - Loja Compulab\",\"isPartOf\":{\"@id\":\"https:\\\/\\\/shop.compulab.pt\\\/en\\\/#website\"},\"primaryImageOfPage\":{\"@id\":\"https:\\\/\\\/shop.compulab.pt\\\/en\\\/produto\\\/router-draytek-vigor-2760n-b\\\/#primaryimage\"},\"image\":{\"@id\":\"https:\\\/\\\/shop.compulab.pt\\\/en\\\/produto\\\/router-draytek-vigor-2760n-b\\\/#primaryimage\"},\"thumbnailUrl\":\"https:\\\/\\\/shop.compulab.pt\\\/wp-content\\\/uploads\\\/2023\\\/02\\\/10705700394.webp\",\"datePublished\":\"2023-02-13T16:24:49+00:00\",\"dateModified\":\"2026-05-03T02:02:19+00:00\",\"description\":\"O ROUTER DRAYTEK VIGOR 2760N B \u00e9 um modem\\\/roteador VDSL2\\\/ADSL2+ com Firewall e VPN integrados. Fornece 1 porta WAN RJ-11 para conex\u00e3o direta \u00e0 linha DSL.\",\"breadcrumb\":{\"@id\":\"https:\\\/\\\/shop.compulab.pt\\\/en\\\/produto\\\/router-draytek-vigor-2760n-b\\\/#breadcrumb\"},\"inLanguage\":\"en-US\",\"potentialAction\":[{\"@type\":\"ReadAction\",\"target\":[\"https:\\\/\\\/shop.compulab.pt\\\/en\\\/produto\\\/router-draytek-vigor-2760n-b\\\/\"]}]},{\"@type\":\"ImageObject\",\"inLanguage\":\"en-US\",\"@id\":\"https:\\\/\\\/shop.compulab.pt\\\/en\\\/produto\\\/router-draytek-vigor-2760n-b\\\/#primaryimage\",\"url\":\"https:\\\/\\\/shop.compulab.pt\\\/wp-content\\\/uploads\\\/2023\\\/02\\\/10705700394.webp\",\"contentUrl\":\"https:\\\/\\\/shop.compulab.pt\\\/wp-content\\\/uploads\\\/2023\\\/02\\\/10705700394.webp\",\"width\":500,\"height\":500},{\"@type\":\"BreadcrumbList\",\"@id\":\"https:\\\/\\\/shop.compulab.pt\\\/en\\\/produto\\\/router-draytek-vigor-2760n-b\\\/#breadcrumb\",\"itemListElement\":[{\"@type\":\"ListItem\",\"position\":1,\"name\":\"Shop\",\"item\":\"https:\\\/\\\/draytek.compulab.pt\\\/en\\\/shop\\\/\"},{\"@type\":\"ListItem\",\"position\":2,\"name\":\"ROUTER DRAYTEK VIGOR 2760N B\"}]},{\"@type\":\"WebSite\",\"@id\":\"https:\\\/\\\/shop.compulab.pt\\\/en\\\/#website\",\"url\":\"https:\\\/\\\/shop.compulab.pt\\\/en\\\/\",\"name\":\"Loja Compulab\",\"description\":\"Loja online da Compulab\",\"potentialAction\":[{\"@type\":\"SearchAction\",\"target\":{\"@type\":\"EntryPoint\",\"urlTemplate\":\"https:\\\/\\\/shop.compulab.pt\\\/en\\\/?s={search_term_string}\"},\"query-input\":{\"@type\":\"PropertyValueSpecification\",\"valueRequired\":true,\"valueName\":\"search_term_string\"}}],\"inLanguage\":\"en-US\"}]}<\/script>\n<!-- \/ Yoast SEO plugin. -->","yoast_head_json":{"title":"ROUTER DRAYTEK VIGOR 2760N B - Loja Compulab","description":"O ROUTER DRAYTEK VIGOR 2760N B \u00e9 um modem\/roteador VDSL2\/ADSL2+ com Firewall e VPN integrados. Fornece 1 porta WAN RJ-11 para conex\u00e3o direta \u00e0 linha DSL.","robots":{"index":"index","follow":"follow","max-snippet":"max-snippet:-1","max-image-preview":"max-image-preview:large","max-video-preview":"max-video-preview:-1"},"canonical":"https:\/\/shop.compulab.pt\/en\/produto\/router-draytek-vigor-2760n-b\/","og_locale":"en_US","og_type":"article","og_title":"ROUTER DRAYTEK VIGOR 2760N B - Loja Compulab","og_description":"O ROUTER DRAYTEK VIGOR 2760N B \u00e9 um modem\/roteador VDSL2\/ADSL2+ com Firewall e VPN integrados. Fornece 1 porta WAN RJ-11 para conex\u00e3o direta \u00e0 linha DSL.","og_url":"https:\/\/shop.compulab.pt\/en\/produto\/router-draytek-vigor-2760n-b\/","og_site_name":"Loja Compulab","article_publisher":"https:\/\/www.facebook.com\/Compulab.pt\/","article_modified_time":"2026-05-03T02:02:19+00:00","og_image":[{"width":500,"height":500,"url":"https:\/\/shop.compulab.pt\/wp-content\/uploads\/2023\/02\/10705700394.webp","type":"image\/webp"}],"twitter_card":"summary_large_image","twitter_misc":{"Est. reading time":"1 minute"},"schema":{"@context":"https:\/\/schema.org","@graph":[{"@type":"WebPage","@id":"https:\/\/shop.compulab.pt\/en\/produto\/router-draytek-vigor-2760n-b\/","url":"https:\/\/shop.compulab.pt\/en\/produto\/router-draytek-vigor-2760n-b\/","name":"ROUTER DRAYTEK VIGOR 2760N B - Loja Compulab","isPartOf":{"@id":"https:\/\/shop.compulab.pt\/en\/#website"},"primaryImageOfPage":{"@id":"https:\/\/shop.compulab.pt\/en\/produto\/router-draytek-vigor-2760n-b\/#primaryimage"},"image":{"@id":"https:\/\/shop.compulab.pt\/en\/produto\/router-draytek-vigor-2760n-b\/#primaryimage"},"thumbnailUrl":"https:\/\/shop.compulab.pt\/wp-content\/uploads\/2023\/02\/10705700394.webp","datePublished":"2023-02-13T16:24:49+00:00","dateModified":"2026-05-03T02:02:19+00:00","description":"O ROUTER DRAYTEK VIGOR 2760N B \u00e9 um modem\/roteador VDSL2\/ADSL2+ com Firewall e VPN integrados. Fornece 1 porta WAN RJ-11 para conex\u00e3o direta \u00e0 linha DSL.","breadcrumb":{"@id":"https:\/\/shop.compulab.pt\/en\/produto\/router-draytek-vigor-2760n-b\/#breadcrumb"},"inLanguage":"en-US","potentialAction":[{"@type":"ReadAction","target":["https:\/\/shop.compulab.pt\/en\/produto\/router-draytek-vigor-2760n-b\/"]}]},{"@type":"ImageObject","inLanguage":"en-US","@id":"https:\/\/shop.compulab.pt\/en\/produto\/router-draytek-vigor-2760n-b\/#primaryimage","url":"https:\/\/shop.compulab.pt\/wp-content\/uploads\/2023\/02\/10705700394.webp","contentUrl":"https:\/\/shop.compulab.pt\/wp-content\/uploads\/2023\/02\/10705700394.webp","width":500,"height":500},{"@type":"BreadcrumbList","@id":"https:\/\/shop.compulab.pt\/en\/produto\/router-draytek-vigor-2760n-b\/#breadcrumb","itemListElement":[{"@type":"ListItem","position":1,"name":"Shop","item":"https:\/\/draytek.compulab.pt\/en\/shop\/"},{"@type":"ListItem","position":2,"name":"ROUTER DRAYTEK VIGOR 2760N B"}]},{"@type":"WebSite","@id":"https:\/\/shop.compulab.pt\/en\/#website","url":"https:\/\/shop.compulab.pt\/en\/","name":"Loja Compulab","description":"Loja online da Compulab","potentialAction":[{"@type":"SearchAction","target":{"@type":"EntryPoint","urlTemplate":"https:\/\/shop.compulab.pt\/en\/?s={search_term_string}"},"query-input":{"@type":"PropertyValueSpecification","valueRequired":true,"valueName":"search_term_string"}}],"inLanguage":"en-US"}]}},"_links":{"self":[{"href":"https:\/\/shop.compulab.pt\/en\/wp-json\/wp\/v2\/product\/15718","targetHints":{"allow":["GET"]}}],"collection":[{"href":"https:\/\/shop.compulab.pt\/en\/wp-json\/wp\/v2\/product"}],"about":[{"href":"https:\/\/shop.compulab.pt\/en\/wp-json\/wp\/v2\/types\/product"}],"version-history":[{"count":0,"href":"https:\/\/shop.compulab.pt\/en\/wp-json\/wp\/v2\/product\/15718\/revisions"}],"wp:featuredmedia":[{"embeddable":true,"href":"https:\/\/shop.compulab.pt\/en\/wp-json\/wp\/v2\/media\/15275"}],"wp:attachment":[{"href":"https:\/\/shop.compulab.pt\/en\/wp-json\/wp\/v2\/media?parent=15718"}],"wp:term":[{"taxonomy":"product_brand","embeddable":true,"href":"https:\/\/shop.compulab.pt\/en\/wp-json\/wp\/v2\/product_brand?post=15718"},{"taxonomy":"product_cat","embeddable":true,"href":"https:\/\/shop.compulab.pt\/en\/wp-json\/wp\/v2\/product_cat?post=15718"},{"taxonomy":"product_tag","embeddable":true,"href":"https:\/\/shop.compulab.pt\/en\/wp-json\/wp\/v2\/product_tag?post=15718"}],"curies":[{"name":"wp","href":"https:\/\/api.w.org\/{rel}","templated":true}]}}