{"id":15712,"date":"2023-02-13T16:24:49","date_gmt":"2023-02-13T16:24:49","guid":{"rendered":"https:\/\/draytek.compulab.pt\/produto\/antena-draytek-ant-2309\/"},"modified":"2026-05-03T03:02:17","modified_gmt":"2026-05-03T02:02:17","slug":"antena-draytek-ant-2309","status":"publish","type":"product","link":"https:\/\/shop.compulab.pt\/en\/produto\/antena-draytek-ant-2309\/","title":{"rendered":"ANTENA DRAYTEK  ANT-2309"},"content":{"rendered":"<p><strong>Funcionalidades Principais<\/strong><\/p>\n<div>\n<ul>\n<li>Aumenta o alcance do sinal sem fios<\/li>\n<li>Melhora a taxa de transfer\u00eancia de dados a maiores dist\u00e2ncias<\/li>\n<li>Compat\u00edvel com 2.4G<\/li>\n<li>Inclui cabo de extens\u00e3o de 1 metro<\/li>\n<\/ul>\n<p>A s\u00e9rie de Antenas DrayTek foi projetada para conectar-se \u00e0 maioria dos dispositivos sem fios que utilizam antenas remov\u00edveis com conector R-SMA, como placas de rede sem fios PCI, Pontos de Acesso Sem Fios e Roteadores Sem Fios. Basta desaparafusar a antena existente no seu dispositivo e conectar uma antena de alto ganho da s\u00e9rie DrayTek e desfrutar dos benef\u00edcios de uma rede sem fios melhorada.<\/p>\n<\/div>\n","protected":false},"excerpt":{"rendered":"<p>Funcionalidades Principais Aumenta o alcance do sinal sem fios Melhora a taxa de transfer\u00eancia de dados a maiores dist\u00e2ncias Compat\u00edvel<\/p>\n","protected":false},"featured_media":15269,"template":"","meta":[],"product_brand":[],"product_cat":[1138],"product_tag":[],"class_list":{"0":"post-15712","1":"product","2":"type-product","3":"status-publish","4":"has-post-thumbnail","6":"product_cat-accessories","7":"pa_marca-draytek-en","8":"pa_marca-pa_marca","10":"first","11":"onbackorder","12":"taxable","13":"shipping-taxable","14":"purchasable","15":"product-type-simple"},"yoast_head":"<!-- This site is optimized with the Yoast SEO plugin v27.4 - https:\/\/yoast.com\/product\/yoast-seo-wordpress\/ -->\n<title>ANTENA DRAYTEK ANT-2309 - Loja Compulab<\/title>\n<meta name=\"robots\" content=\"index, follow, max-snippet:-1, max-image-preview:large, max-video-preview:-1\" \/>\n<link rel=\"canonical\" href=\"https:\/\/shop.compulab.pt\/en\/produto\/antena-draytek-ant-2309\/\" \/>\n<meta property=\"og:locale\" content=\"en_US\" \/>\n<meta property=\"og:type\" content=\"article\" \/>\n<meta property=\"og:title\" content=\"ANTENA DRAYTEK ANT-2309 - Loja Compulab\" \/>\n<meta property=\"og:description\" content=\"Funcionalidades Principais Aumenta o alcance do sinal sem fios Melhora a taxa de transfer\u00eancia de dados a maiores dist\u00e2ncias Compat\u00edvel\" \/>\n<meta property=\"og:url\" content=\"https:\/\/shop.compulab.pt\/en\/produto\/antena-draytek-ant-2309\/\" \/>\n<meta property=\"og:site_name\" content=\"Loja Compulab\" \/>\n<meta property=\"article:publisher\" content=\"https:\/\/www.facebook.com\/Compulab.pt\/\" \/>\n<meta property=\"article:modified_time\" content=\"2026-05-03T02:02:17+00:00\" \/>\n<meta property=\"og:image\" content=\"https:\/\/shop.compulab.pt\/wp-content\/uploads\/2023\/02\/10705700334.webp\" \/>\n\t<meta property=\"og:image:width\" content=\"560\" \/>\n\t<meta property=\"og:image:height\" content=\"560\" \/>\n\t<meta property=\"og:image:type\" content=\"image\/webp\" \/>\n<meta name=\"twitter:card\" content=\"summary_large_image\" \/>\n<meta name=\"twitter:label1\" content=\"Est. reading time\" \/>\n\t<meta name=\"twitter:data1\" content=\"1 minute\" \/>\n<script type=\"application\/ld+json\" class=\"yoast-schema-graph\">{\"@context\":\"https:\\\/\\\/schema.org\",\"@graph\":[{\"@type\":\"WebPage\",\"@id\":\"https:\\\/\\\/shop.compulab.pt\\\/en\\\/produto\\\/antena-draytek-ant-2309\\\/\",\"url\":\"https:\\\/\\\/shop.compulab.pt\\\/en\\\/produto\\\/antena-draytek-ant-2309\\\/\",\"name\":\"ANTENA DRAYTEK ANT-2309 - Loja Compulab\",\"isPartOf\":{\"@id\":\"https:\\\/\\\/shop.compulab.pt\\\/en\\\/#website\"},\"primaryImageOfPage\":{\"@id\":\"https:\\\/\\\/shop.compulab.pt\\\/en\\\/produto\\\/antena-draytek-ant-2309\\\/#primaryimage\"},\"image\":{\"@id\":\"https:\\\/\\\/shop.compulab.pt\\\/en\\\/produto\\\/antena-draytek-ant-2309\\\/#primaryimage\"},\"thumbnailUrl\":\"https:\\\/\\\/shop.compulab.pt\\\/wp-content\\\/uploads\\\/2023\\\/02\\\/10705700334.webp\",\"datePublished\":\"2023-02-13T16:24:49+00:00\",\"dateModified\":\"2026-05-03T02:02:17+00:00\",\"breadcrumb\":{\"@id\":\"https:\\\/\\\/shop.compulab.pt\\\/en\\\/produto\\\/antena-draytek-ant-2309\\\/#breadcrumb\"},\"inLanguage\":\"en-US\",\"potentialAction\":[{\"@type\":\"ReadAction\",\"target\":[\"https:\\\/\\\/shop.compulab.pt\\\/en\\\/produto\\\/antena-draytek-ant-2309\\\/\"]}]},{\"@type\":\"ImageObject\",\"inLanguage\":\"en-US\",\"@id\":\"https:\\\/\\\/shop.compulab.pt\\\/en\\\/produto\\\/antena-draytek-ant-2309\\\/#primaryimage\",\"url\":\"https:\\\/\\\/shop.compulab.pt\\\/wp-content\\\/uploads\\\/2023\\\/02\\\/10705700334.webp\",\"contentUrl\":\"https:\\\/\\\/shop.compulab.pt\\\/wp-content\\\/uploads\\\/2023\\\/02\\\/10705700334.webp\",\"width\":560,\"height\":560},{\"@type\":\"BreadcrumbList\",\"@id\":\"https:\\\/\\\/shop.compulab.pt\\\/en\\\/produto\\\/antena-draytek-ant-2309\\\/#breadcrumb\",\"itemListElement\":[{\"@type\":\"ListItem\",\"position\":1,\"name\":\"Shop\",\"item\":\"https:\\\/\\\/draytek.compulab.pt\\\/en\\\/shop\\\/\"},{\"@type\":\"ListItem\",\"position\":2,\"name\":\"ANTENA DRAYTEK ANT-2309\"}]},{\"@type\":\"WebSite\",\"@id\":\"https:\\\/\\\/shop.compulab.pt\\\/en\\\/#website\",\"url\":\"https:\\\/\\\/shop.compulab.pt\\\/en\\\/\",\"name\":\"Loja Compulab\",\"description\":\"Loja online da Compulab\",\"potentialAction\":[{\"@type\":\"SearchAction\",\"target\":{\"@type\":\"EntryPoint\",\"urlTemplate\":\"https:\\\/\\\/shop.compulab.pt\\\/en\\\/?s={search_term_string}\"},\"query-input\":{\"@type\":\"PropertyValueSpecification\",\"valueRequired\":true,\"valueName\":\"search_term_string\"}}],\"inLanguage\":\"en-US\"}]}<\/script>\n<!-- \/ Yoast SEO plugin. -->","yoast_head_json":{"title":"ANTENA DRAYTEK ANT-2309 - Loja Compulab","robots":{"index":"index","follow":"follow","max-snippet":"max-snippet:-1","max-image-preview":"max-image-preview:large","max-video-preview":"max-video-preview:-1"},"canonical":"https:\/\/shop.compulab.pt\/en\/produto\/antena-draytek-ant-2309\/","og_locale":"en_US","og_type":"article","og_title":"ANTENA DRAYTEK ANT-2309 - Loja Compulab","og_description":"Funcionalidades Principais Aumenta o alcance do sinal sem fios Melhora a taxa de transfer\u00eancia de dados a maiores dist\u00e2ncias Compat\u00edvel","og_url":"https:\/\/shop.compulab.pt\/en\/produto\/antena-draytek-ant-2309\/","og_site_name":"Loja Compulab","article_publisher":"https:\/\/www.facebook.com\/Compulab.pt\/","article_modified_time":"2026-05-03T02:02:17+00:00","og_image":[{"width":560,"height":560,"url":"https:\/\/shop.compulab.pt\/wp-content\/uploads\/2023\/02\/10705700334.webp","type":"image\/webp"}],"twitter_card":"summary_large_image","twitter_misc":{"Est. reading time":"1 minute"},"schema":{"@context":"https:\/\/schema.org","@graph":[{"@type":"WebPage","@id":"https:\/\/shop.compulab.pt\/en\/produto\/antena-draytek-ant-2309\/","url":"https:\/\/shop.compulab.pt\/en\/produto\/antena-draytek-ant-2309\/","name":"ANTENA DRAYTEK ANT-2309 - Loja Compulab","isPartOf":{"@id":"https:\/\/shop.compulab.pt\/en\/#website"},"primaryImageOfPage":{"@id":"https:\/\/shop.compulab.pt\/en\/produto\/antena-draytek-ant-2309\/#primaryimage"},"image":{"@id":"https:\/\/shop.compulab.pt\/en\/produto\/antena-draytek-ant-2309\/#primaryimage"},"thumbnailUrl":"https:\/\/shop.compulab.pt\/wp-content\/uploads\/2023\/02\/10705700334.webp","datePublished":"2023-02-13T16:24:49+00:00","dateModified":"2026-05-03T02:02:17+00:00","breadcrumb":{"@id":"https:\/\/shop.compulab.pt\/en\/produto\/antena-draytek-ant-2309\/#breadcrumb"},"inLanguage":"en-US","potentialAction":[{"@type":"ReadAction","target":["https:\/\/shop.compulab.pt\/en\/produto\/antena-draytek-ant-2309\/"]}]},{"@type":"ImageObject","inLanguage":"en-US","@id":"https:\/\/shop.compulab.pt\/en\/produto\/antena-draytek-ant-2309\/#primaryimage","url":"https:\/\/shop.compulab.pt\/wp-content\/uploads\/2023\/02\/10705700334.webp","contentUrl":"https:\/\/shop.compulab.pt\/wp-content\/uploads\/2023\/02\/10705700334.webp","width":560,"height":560},{"@type":"BreadcrumbList","@id":"https:\/\/shop.compulab.pt\/en\/produto\/antena-draytek-ant-2309\/#breadcrumb","itemListElement":[{"@type":"ListItem","position":1,"name":"Shop","item":"https:\/\/draytek.compulab.pt\/en\/shop\/"},{"@type":"ListItem","position":2,"name":"ANTENA DRAYTEK ANT-2309"}]},{"@type":"WebSite","@id":"https:\/\/shop.compulab.pt\/en\/#website","url":"https:\/\/shop.compulab.pt\/en\/","name":"Loja Compulab","description":"Loja online da Compulab","potentialAction":[{"@type":"SearchAction","target":{"@type":"EntryPoint","urlTemplate":"https:\/\/shop.compulab.pt\/en\/?s={search_term_string}"},"query-input":{"@type":"PropertyValueSpecification","valueRequired":true,"valueName":"search_term_string"}}],"inLanguage":"en-US"}]}},"_links":{"self":[{"href":"https:\/\/shop.compulab.pt\/en\/wp-json\/wp\/v2\/product\/15712","targetHints":{"allow":["GET"]}}],"collection":[{"href":"https:\/\/shop.compulab.pt\/en\/wp-json\/wp\/v2\/product"}],"about":[{"href":"https:\/\/shop.compulab.pt\/en\/wp-json\/wp\/v2\/types\/product"}],"version-history":[{"count":1,"href":"https:\/\/shop.compulab.pt\/en\/wp-json\/wp\/v2\/product\/15712\/revisions"}],"predecessor-version":[{"id":16966,"href":"https:\/\/shop.compulab.pt\/en\/wp-json\/wp\/v2\/product\/15712\/revisions\/16966"}],"wp:featuredmedia":[{"embeddable":true,"href":"https:\/\/shop.compulab.pt\/en\/wp-json\/wp\/v2\/media\/15269"}],"wp:attachment":[{"href":"https:\/\/shop.compulab.pt\/en\/wp-json\/wp\/v2\/media?parent=15712"}],"wp:term":[{"taxonomy":"product_brand","embeddable":true,"href":"https:\/\/shop.compulab.pt\/en\/wp-json\/wp\/v2\/product_brand?post=15712"},{"taxonomy":"product_cat","embeddable":true,"href":"https:\/\/shop.compulab.pt\/en\/wp-json\/wp\/v2\/product_cat?post=15712"},{"taxonomy":"product_tag","embeddable":true,"href":"https:\/\/shop.compulab.pt\/en\/wp-json\/wp\/v2\/product_tag?post=15712"}],"curies":[{"name":"wp","href":"https:\/\/api.w.org\/{rel}","templated":true}]}}