{"id":15706,"date":"2023-02-13T16:24:49","date_gmt":"2023-02-13T16:24:49","guid":{"rendered":"https:\/\/draytek.compulab.pt\/produto\/switch-draytek-vigor-g2100-10-p-layer-2-managed\/"},"modified":"2026-05-03T03:02:13","modified_gmt":"2026-05-03T02:02:13","slug":"draytek-vigorswitch-g2100","status":"publish","type":"product","link":"https:\/\/shop.compulab.pt\/en\/produto\/draytek-vigorswitch-g2100\/","title":{"rendered":"DRAYTEK VIGORSWITCH G2100"},"content":{"rendered":"<p>O SWITCH DRAYTEK VIGOR G2100 \u00e9 um switch Gigabit gerenciado de camada 2+ compacto, adequado para resid\u00eancias inteligentes e filiais\/locais remotos. Possui 2 portas GbE SFP, 8 portas Gigabit Ethernet e 1 porta de console. Apresentando recursos de Camada 3, incluindo Servidor DHCP e Roteamento VLAN, o VigorSwitch G2100 melhora a sustentabilidade e a efici\u00eancia da rede local, independentemente do gateway. Al\u00e9m disso, com detec\u00e7\u00e3o e preven\u00e7\u00e3o de conflitos de IP, vigil\u00e2ncia ONVIF, ping watchdog e muito mais. O O SWITCH DRAYTEK VIGOR G2100 \u00e9 o switch balanceado que traz recursos avan\u00e7ados para ambientes pequenos.<\/p>\n<p>&nbsp;<\/p>\n<table class=\"spec__table\">\n<tbody>\n<tr class=\"ftr__cat\">\n<td colspan=\"2\">\n<h5>Interface<\/h5>\n<\/td>\n<\/tr>\n<tr>\n<td>LAN Port<\/td>\n<td>8x 10\/100\/1000Mbps Ethernet, RJ-45<br \/>\n2x 1000Mbps SFP slot<\/td>\n<\/tr>\n<tr>\n<td>Console Port<\/td>\n<td>1x RJ-45<\/td>\n<\/tr>\n<tr>\n<td>Button<\/td>\n<td>1x Factory Reset Button<\/td>\n<\/tr>\n<tr class=\"ftr__cat\">\n<td colspan=\"2\">\n<h5>Capacity<\/h5>\n<\/td>\n<\/tr>\n<tr>\n<td>Buffer Size<\/td>\n<td>4.1 Mbit<\/td>\n<\/tr>\n<tr>\n<td>Switching Capacity<\/td>\n<td>20 Gbps<\/td>\n<\/tr>\n<tr>\n<td>Forwarding Rate<\/td>\n<td>14.88 Mpps (64 bytes)<\/td>\n<\/tr>\n<tr>\n<td>MAC Address Table<\/td>\n<td>8k<\/td>\n<\/tr>\n<tr>\n<td>Jumbo Frame<\/td>\n<td>Up to 9 KB<\/td>\n<\/tr>\n<tr>\n<td>L3 Routing Table<\/td>\n<td>1.5k (prefix route, static route, and ACL shared)<\/td>\n<\/tr>\n<\/tbody>\n<\/table>\n<p>Para mais informa\u00e7\u00f5es:<\/p>\n<p><a href=\" https:\/\/www.draytek.com\/products\/vigorswitch-g2100\/#specs\"> https:\/\/www.draytek.com\/products\/vigorswitch-g2100\/#specs<\/a><\/p>\n","protected":false},"excerpt":{"rendered":"<p>O SWITCH DRAYTEK VIGOR G2100 \u00e9 um switch Gigabit gerenciado de camada 2+ compacto, adequado para resid\u00eancias inteligentes e filiais\/locais<\/p>\n","protected":false},"featured_media":15264,"template":"","meta":[],"product_brand":[],"product_cat":[1153],"product_tag":[],"class_list":{"0":"post-15706","1":"product","2":"type-product","3":"status-publish","4":"has-post-thumbnail","6":"product_cat-switchs-en","7":"pa_lan-lan-8-doors","8":"pa_marca-draytek-en","9":"pa_marca-pa_marca","11":"first","12":"onbackorder","13":"taxable","14":"shipping-taxable","15":"purchasable","16":"product-type-simple"},"yoast_head":"<!-- This site is optimized with the Yoast SEO plugin v27.4 - https:\/\/yoast.com\/product\/yoast-seo-wordpress\/ -->\n<title>O SWITCH DRAYTEK VIGOR G2100 - Loja Compulab<\/title>\n<meta name=\"description\" content=\"O SWITCH DRAYTEK VIGOR G2100 \u00e9 um switch Gigabit gerenciado de camada 2+ compacto, adequado para resid\u00eancias inteligentes e filiais\/locais remotos.\" \/>\n<meta name=\"robots\" content=\"index, follow, max-snippet:-1, max-image-preview:large, max-video-preview:-1\" \/>\n<link rel=\"canonical\" href=\"https:\/\/shop.compulab.pt\/en\/produto\/draytek-vigorswitch-g2100\/\" \/>\n<meta property=\"og:locale\" content=\"en_US\" \/>\n<meta property=\"og:type\" content=\"article\" \/>\n<meta property=\"og:title\" content=\"O SWITCH DRAYTEK VIGOR G2100 - Loja Compulab\" \/>\n<meta property=\"og:description\" content=\"O SWITCH DRAYTEK VIGOR G2100 \u00e9 um switch Gigabit gerenciado de camada 2+ compacto, adequado para resid\u00eancias inteligentes e filiais\/locais remotos.\" \/>\n<meta property=\"og:url\" content=\"https:\/\/shop.compulab.pt\/en\/produto\/draytek-vigorswitch-g2100\/\" \/>\n<meta property=\"og:site_name\" content=\"Loja Compulab\" \/>\n<meta property=\"article:publisher\" content=\"https:\/\/www.facebook.com\/Compulab.pt\/\" \/>\n<meta property=\"article:modified_time\" content=\"2026-05-03T02:02:13+00:00\" \/>\n<meta property=\"og:image\" content=\"https:\/\/shop.compulab.pt\/wp-content\/uploads\/2023\/02\/10700700838.webp\" \/>\n\t<meta property=\"og:image:width\" content=\"1400\" \/>\n\t<meta property=\"og:image:height\" content=\"1400\" \/>\n\t<meta property=\"og:image:type\" content=\"image\/webp\" \/>\n<meta name=\"twitter:card\" content=\"summary_large_image\" \/>\n<meta name=\"twitter:label1\" content=\"Est. reading time\" \/>\n\t<meta name=\"twitter:data1\" content=\"1 minute\" \/>\n<script type=\"application\/ld+json\" class=\"yoast-schema-graph\">{\"@context\":\"https:\\\/\\\/schema.org\",\"@graph\":[{\"@type\":\"WebPage\",\"@id\":\"https:\\\/\\\/shop.compulab.pt\\\/en\\\/produto\\\/draytek-vigorswitch-g2100\\\/\",\"url\":\"https:\\\/\\\/shop.compulab.pt\\\/en\\\/produto\\\/draytek-vigorswitch-g2100\\\/\",\"name\":\"O SWITCH DRAYTEK VIGOR G2100 - Loja Compulab\",\"isPartOf\":{\"@id\":\"https:\\\/\\\/shop.compulab.pt\\\/en\\\/#website\"},\"primaryImageOfPage\":{\"@id\":\"https:\\\/\\\/shop.compulab.pt\\\/en\\\/produto\\\/draytek-vigorswitch-g2100\\\/#primaryimage\"},\"image\":{\"@id\":\"https:\\\/\\\/shop.compulab.pt\\\/en\\\/produto\\\/draytek-vigorswitch-g2100\\\/#primaryimage\"},\"thumbnailUrl\":\"https:\\\/\\\/shop.compulab.pt\\\/wp-content\\\/uploads\\\/2023\\\/02\\\/10700700838.webp\",\"datePublished\":\"2023-02-13T16:24:49+00:00\",\"dateModified\":\"2026-05-03T02:02:13+00:00\",\"description\":\"O SWITCH DRAYTEK VIGOR G2100 \u00e9 um switch Gigabit gerenciado de camada 2+ compacto, adequado para resid\u00eancias inteligentes e filiais\\\/locais remotos.\",\"breadcrumb\":{\"@id\":\"https:\\\/\\\/shop.compulab.pt\\\/en\\\/produto\\\/draytek-vigorswitch-g2100\\\/#breadcrumb\"},\"inLanguage\":\"en-US\",\"potentialAction\":[{\"@type\":\"ReadAction\",\"target\":[\"https:\\\/\\\/shop.compulab.pt\\\/en\\\/produto\\\/draytek-vigorswitch-g2100\\\/\"]}]},{\"@type\":\"ImageObject\",\"inLanguage\":\"en-US\",\"@id\":\"https:\\\/\\\/shop.compulab.pt\\\/en\\\/produto\\\/draytek-vigorswitch-g2100\\\/#primaryimage\",\"url\":\"https:\\\/\\\/shop.compulab.pt\\\/wp-content\\\/uploads\\\/2023\\\/02\\\/10700700838.webp\",\"contentUrl\":\"https:\\\/\\\/shop.compulab.pt\\\/wp-content\\\/uploads\\\/2023\\\/02\\\/10700700838.webp\",\"width\":1400,\"height\":1400},{\"@type\":\"BreadcrumbList\",\"@id\":\"https:\\\/\\\/shop.compulab.pt\\\/en\\\/produto\\\/draytek-vigorswitch-g2100\\\/#breadcrumb\",\"itemListElement\":[{\"@type\":\"ListItem\",\"position\":1,\"name\":\"Shop\",\"item\":\"https:\\\/\\\/draytek.compulab.pt\\\/en\\\/shop\\\/\"},{\"@type\":\"ListItem\",\"position\":2,\"name\":\"DRAYTEK VIGORSWITCH G2100\"}]},{\"@type\":\"WebSite\",\"@id\":\"https:\\\/\\\/shop.compulab.pt\\\/en\\\/#website\",\"url\":\"https:\\\/\\\/shop.compulab.pt\\\/en\\\/\",\"name\":\"Loja Compulab\",\"description\":\"Loja online da Compulab\",\"potentialAction\":[{\"@type\":\"SearchAction\",\"target\":{\"@type\":\"EntryPoint\",\"urlTemplate\":\"https:\\\/\\\/shop.compulab.pt\\\/en\\\/?s={search_term_string}\"},\"query-input\":{\"@type\":\"PropertyValueSpecification\",\"valueRequired\":true,\"valueName\":\"search_term_string\"}}],\"inLanguage\":\"en-US\"}]}<\/script>\n<!-- \/ Yoast SEO plugin. -->","yoast_head_json":{"title":"O SWITCH DRAYTEK VIGOR G2100 - Loja Compulab","description":"O SWITCH DRAYTEK VIGOR G2100 \u00e9 um switch Gigabit gerenciado de camada 2+ compacto, adequado para resid\u00eancias inteligentes e filiais\/locais remotos.","robots":{"index":"index","follow":"follow","max-snippet":"max-snippet:-1","max-image-preview":"max-image-preview:large","max-video-preview":"max-video-preview:-1"},"canonical":"https:\/\/shop.compulab.pt\/en\/produto\/draytek-vigorswitch-g2100\/","og_locale":"en_US","og_type":"article","og_title":"O SWITCH DRAYTEK VIGOR G2100 - Loja Compulab","og_description":"O SWITCH DRAYTEK VIGOR G2100 \u00e9 um switch Gigabit gerenciado de camada 2+ compacto, adequado para resid\u00eancias inteligentes e filiais\/locais remotos.","og_url":"https:\/\/shop.compulab.pt\/en\/produto\/draytek-vigorswitch-g2100\/","og_site_name":"Loja Compulab","article_publisher":"https:\/\/www.facebook.com\/Compulab.pt\/","article_modified_time":"2026-05-03T02:02:13+00:00","og_image":[{"width":1400,"height":1400,"url":"https:\/\/shop.compulab.pt\/wp-content\/uploads\/2023\/02\/10700700838.webp","type":"image\/webp"}],"twitter_card":"summary_large_image","twitter_misc":{"Est. reading time":"1 minute"},"schema":{"@context":"https:\/\/schema.org","@graph":[{"@type":"WebPage","@id":"https:\/\/shop.compulab.pt\/en\/produto\/draytek-vigorswitch-g2100\/","url":"https:\/\/shop.compulab.pt\/en\/produto\/draytek-vigorswitch-g2100\/","name":"O SWITCH DRAYTEK VIGOR G2100 - Loja Compulab","isPartOf":{"@id":"https:\/\/shop.compulab.pt\/en\/#website"},"primaryImageOfPage":{"@id":"https:\/\/shop.compulab.pt\/en\/produto\/draytek-vigorswitch-g2100\/#primaryimage"},"image":{"@id":"https:\/\/shop.compulab.pt\/en\/produto\/draytek-vigorswitch-g2100\/#primaryimage"},"thumbnailUrl":"https:\/\/shop.compulab.pt\/wp-content\/uploads\/2023\/02\/10700700838.webp","datePublished":"2023-02-13T16:24:49+00:00","dateModified":"2026-05-03T02:02:13+00:00","description":"O SWITCH DRAYTEK VIGOR G2100 \u00e9 um switch Gigabit gerenciado de camada 2+ compacto, adequado para resid\u00eancias inteligentes e filiais\/locais remotos.","breadcrumb":{"@id":"https:\/\/shop.compulab.pt\/en\/produto\/draytek-vigorswitch-g2100\/#breadcrumb"},"inLanguage":"en-US","potentialAction":[{"@type":"ReadAction","target":["https:\/\/shop.compulab.pt\/en\/produto\/draytek-vigorswitch-g2100\/"]}]},{"@type":"ImageObject","inLanguage":"en-US","@id":"https:\/\/shop.compulab.pt\/en\/produto\/draytek-vigorswitch-g2100\/#primaryimage","url":"https:\/\/shop.compulab.pt\/wp-content\/uploads\/2023\/02\/10700700838.webp","contentUrl":"https:\/\/shop.compulab.pt\/wp-content\/uploads\/2023\/02\/10700700838.webp","width":1400,"height":1400},{"@type":"BreadcrumbList","@id":"https:\/\/shop.compulab.pt\/en\/produto\/draytek-vigorswitch-g2100\/#breadcrumb","itemListElement":[{"@type":"ListItem","position":1,"name":"Shop","item":"https:\/\/draytek.compulab.pt\/en\/shop\/"},{"@type":"ListItem","position":2,"name":"DRAYTEK VIGORSWITCH G2100"}]},{"@type":"WebSite","@id":"https:\/\/shop.compulab.pt\/en\/#website","url":"https:\/\/shop.compulab.pt\/en\/","name":"Loja Compulab","description":"Loja online da Compulab","potentialAction":[{"@type":"SearchAction","target":{"@type":"EntryPoint","urlTemplate":"https:\/\/shop.compulab.pt\/en\/?s={search_term_string}"},"query-input":{"@type":"PropertyValueSpecification","valueRequired":true,"valueName":"search_term_string"}}],"inLanguage":"en-US"}]}},"_links":{"self":[{"href":"https:\/\/shop.compulab.pt\/en\/wp-json\/wp\/v2\/product\/15706","targetHints":{"allow":["GET"]}}],"collection":[{"href":"https:\/\/shop.compulab.pt\/en\/wp-json\/wp\/v2\/product"}],"about":[{"href":"https:\/\/shop.compulab.pt\/en\/wp-json\/wp\/v2\/types\/product"}],"version-history":[{"count":0,"href":"https:\/\/shop.compulab.pt\/en\/wp-json\/wp\/v2\/product\/15706\/revisions"}],"wp:featuredmedia":[{"embeddable":true,"href":"https:\/\/shop.compulab.pt\/en\/wp-json\/wp\/v2\/media\/15264"}],"wp:attachment":[{"href":"https:\/\/shop.compulab.pt\/en\/wp-json\/wp\/v2\/media?parent=15706"}],"wp:term":[{"taxonomy":"product_brand","embeddable":true,"href":"https:\/\/shop.compulab.pt\/en\/wp-json\/wp\/v2\/product_brand?post=15706"},{"taxonomy":"product_cat","embeddable":true,"href":"https:\/\/shop.compulab.pt\/en\/wp-json\/wp\/v2\/product_cat?post=15706"},{"taxonomy":"product_tag","embeddable":true,"href":"https:\/\/shop.compulab.pt\/en\/wp-json\/wp\/v2\/product_tag?post=15706"}],"curies":[{"name":"wp","href":"https:\/\/api.w.org\/{rel}","templated":true}]}}