{"id":15704,"date":"2023-02-13T16:24:49","date_gmt":"2023-02-13T16:24:49","guid":{"rendered":"https:\/\/draytek.compulab.pt\/produto\/switch-draytek-vigor-g2280x-28-p-layer-2-managed-10g\/"},"modified":"2026-04-28T03:01:03","modified_gmt":"2026-04-28T02:01:03","slug":"draytek-vigorswitch-g2280x","status":"publish","type":"product","link":"https:\/\/shop.compulab.pt\/en\/produto\/draytek-vigorswitch-g2280x\/","title":{"rendered":"DRAYTEK VIGORSWITCH G2280X"},"content":{"rendered":"<p><strong>SWITCH DRAYTEK VIGOR G2280X com 24 portas Gigabit RJ-45 + 4 portas SFP+ (10G) com Gest\u00e3o L2+.<\/strong><\/p>\n<p>O DrayTek VigorSwitch G2280x \u00e9 um Switch Gigabit com Gest\u00e3o Layer2+ ideal para uma rede com tr\u00e1fego de rede crescente.<\/p>\n<p>O switch tem 24x portas Ethernet LAN Gigabit e 4x slots SFP+ 10Gbps.<\/p>\n<p>Tem recursos com Gest\u00e3o Layer2+, incluindo roteamento de VLANs para rotear o tr\u00e1fego entre VLANs directamente, libertando os Router\u2019s o que permite melhorar o desempenho geral da rede, incluindo vigil\u00e2ncia ONVIF, IP Conflict Prevention e Gest\u00e3o Centralizada.<\/p>\n<p>A agrega\u00e7\u00e3o de liga\u00e7\u00f5es \u00e9 suportada para portas Trunk at\u00e9 8x e aumenta a largura de banda conforme necess\u00e1rio.<\/p>\n<p>&nbsp;<\/p>\n<p><strong>Melhorando a Sustentabilidade e a Efici\u00eancia da Rede LAN, com ou sem Router<\/strong><\/p>\n<p>Numa rede LAN de grande dimens\u00e3o, muito do tr\u00e1fego n\u00e3o \u00e9 direccionado para a Internet, mas a servi\u00e7os internos da LAN. Por exemplo, c\u00e2maras IP que armazenam v\u00eddeos num NVR, telefones IP que se registam num PBX, clientes acedem a um servidor de ficheiros, etc.<\/p>\n<p>Um Switch com Gest\u00e3o L2+ permite funcionalidades como Servidor DHCP e Roteamento de VLANs. Como o dispositivo que recebe tr\u00e1fego antes do Router, \u00e9 ideal para libertar o processamento do Router e ajudar a rede LAN a funcionar continuamente, mesmo quando o Router est\u00e1 offline.<\/p>\n<p>Como Servidor DHCP, o VigorSwitch com Gest\u00e3o L2+ ajuda a reservar endere\u00e7os IP para seus dispositivos importantes, que a maioria dos utilizadores aceder\u00e1 com frequ\u00eancia.<\/p>\n<p>&nbsp;<\/p>\n<table class=\"spec__table\">\n<tbody>\n<tr class=\"ftr__cat\">\n<td colspan=\"2\">\n<h5>Interface<\/h5>\n<\/td>\n<\/tr>\n<tr>\n<td>LAN Port<\/td>\n<td>24x 10\/100\/1000Mbps Ethernet, RJ-45<br \/>\n4x 1000Mbps\/10Gbps SFP+<\/td>\n<\/tr>\n<tr>\n<td>Console Port<\/td>\n<td>1x RJ-45<\/td>\n<\/tr>\n<tr>\n<td>Button<\/td>\n<td>1x Factory Reset Button<\/td>\n<\/tr>\n<tr class=\"ftr__cat\">\n<td colspan=\"2\">\n<h5>Capacity<\/h5>\n<\/td>\n<\/tr>\n<tr>\n<td>Buffer Size<\/td>\n<td>12 Mbit<\/td>\n<\/tr>\n<tr>\n<td>Switching Capacity<\/td>\n<td>128 Gbps<\/td>\n<\/tr>\n<tr>\n<td>Forwarding Rate<\/td>\n<td>95.2 Mpps (64 bytes)<\/td>\n<\/tr>\n<tr>\n<td>MAC Address Table<\/td>\n<td>16k<\/td>\n<\/tr>\n<tr>\n<td>Jumbo Frame<\/td>\n<td>Up to 12 KB<\/td>\n<\/tr>\n<tr>\n<td>L3 Routing Table<\/td>\n<td>6k static route + 512 prefix route<\/td>\n<\/tr>\n<\/tbody>\n<\/table>\n<p>Para mais informa\u00e7\u00f5es:<\/p>\n<p><a href=\"https:\/\/www.draytek.com\/products\/vigorswitch-g2280x#specs\">https:\/\/www.draytek.com\/products\/vigorswitch-g2280x#specs<\/a><\/p>\n","protected":false},"excerpt":{"rendered":"<p>SWITCH DRAYTEK VIGOR G2280X com 24 portas Gigabit RJ-45 + 4 portas SFP+ (10G) com Gest\u00e3o L2+. O DrayTek VigorSwitch<\/p>\n","protected":false},"featured_media":15262,"template":"","meta":[],"product_brand":[],"product_cat":[1153],"product_tag":[],"class_list":{"0":"post-15704","1":"product","2":"type-product","3":"status-publish","4":"has-post-thumbnail","6":"product_cat-switchs-en","7":"pa_lan-lan-24-doors","8":"pa_marca-draytek-en","9":"pa_marca-pa_marca","11":"first","12":"onbackorder","13":"taxable","14":"shipping-taxable","15":"purchasable","16":"product-type-simple"},"yoast_head":"<!-- This site is optimized with the Yoast SEO plugin v27.4 - https:\/\/yoast.com\/product\/yoast-seo-wordpress\/ -->\n<title>SWITCH DRAYTEK VIGOR G2280X - Loja Compulab<\/title>\n<meta name=\"description\" content=\"O SWITCH DRAYTEK VIGOR G2280X \u00e9 um Switch Gigabit com Gest\u00e3o Layer2+, com 24 portas, ideal para uma rede com tr\u00e1fego de rede crescente.\" \/>\n<meta name=\"robots\" content=\"index, follow, max-snippet:-1, max-image-preview:large, max-video-preview:-1\" \/>\n<link rel=\"canonical\" href=\"https:\/\/shop.compulab.pt\/en\/produto\/draytek-vigorswitch-g2280x\/\" \/>\n<meta property=\"og:locale\" content=\"en_US\" \/>\n<meta property=\"og:type\" content=\"article\" \/>\n<meta property=\"og:title\" content=\"SWITCH DRAYTEK VIGOR G2280X - Loja Compulab\" \/>\n<meta property=\"og:description\" content=\"O SWITCH DRAYTEK VIGOR G2280X \u00e9 um Switch Gigabit com Gest\u00e3o Layer2+, com 24 portas, ideal para uma rede com tr\u00e1fego de rede crescente.\" \/>\n<meta property=\"og:url\" content=\"https:\/\/shop.compulab.pt\/en\/produto\/draytek-vigorswitch-g2280x\/\" \/>\n<meta property=\"og:site_name\" content=\"Loja Compulab\" \/>\n<meta property=\"article:publisher\" content=\"https:\/\/www.facebook.com\/Compulab.pt\/\" \/>\n<meta property=\"article:modified_time\" content=\"2026-04-28T02:01:03+00:00\" \/>\n<meta property=\"og:image\" content=\"https:\/\/shop.compulab.pt\/wp-content\/uploads\/2023\/02\/10700700836.webp\" \/>\n\t<meta property=\"og:image:width\" content=\"1400\" \/>\n\t<meta property=\"og:image:height\" content=\"1400\" \/>\n\t<meta property=\"og:image:type\" content=\"image\/webp\" \/>\n<meta name=\"twitter:card\" content=\"summary_large_image\" \/>\n<meta name=\"twitter:label1\" content=\"Est. reading time\" \/>\n\t<meta name=\"twitter:data1\" content=\"2 minutes\" \/>\n<script type=\"application\/ld+json\" class=\"yoast-schema-graph\">{\"@context\":\"https:\\\/\\\/schema.org\",\"@graph\":[{\"@type\":\"WebPage\",\"@id\":\"https:\\\/\\\/shop.compulab.pt\\\/en\\\/produto\\\/draytek-vigorswitch-g2280x\\\/\",\"url\":\"https:\\\/\\\/shop.compulab.pt\\\/en\\\/produto\\\/draytek-vigorswitch-g2280x\\\/\",\"name\":\"SWITCH DRAYTEK VIGOR G2280X - Loja Compulab\",\"isPartOf\":{\"@id\":\"https:\\\/\\\/shop.compulab.pt\\\/en\\\/#website\"},\"primaryImageOfPage\":{\"@id\":\"https:\\\/\\\/shop.compulab.pt\\\/en\\\/produto\\\/draytek-vigorswitch-g2280x\\\/#primaryimage\"},\"image\":{\"@id\":\"https:\\\/\\\/shop.compulab.pt\\\/en\\\/produto\\\/draytek-vigorswitch-g2280x\\\/#primaryimage\"},\"thumbnailUrl\":\"https:\\\/\\\/shop.compulab.pt\\\/wp-content\\\/uploads\\\/2023\\\/02\\\/10700700836.webp\",\"datePublished\":\"2023-02-13T16:24:49+00:00\",\"dateModified\":\"2026-04-28T02:01:03+00:00\",\"description\":\"O SWITCH DRAYTEK VIGOR G2280X \u00e9 um Switch Gigabit com Gest\u00e3o Layer2+, com 24 portas, ideal para uma rede com tr\u00e1fego de rede crescente.\",\"breadcrumb\":{\"@id\":\"https:\\\/\\\/shop.compulab.pt\\\/en\\\/produto\\\/draytek-vigorswitch-g2280x\\\/#breadcrumb\"},\"inLanguage\":\"en-US\",\"potentialAction\":[{\"@type\":\"ReadAction\",\"target\":[\"https:\\\/\\\/shop.compulab.pt\\\/en\\\/produto\\\/draytek-vigorswitch-g2280x\\\/\"]}]},{\"@type\":\"ImageObject\",\"inLanguage\":\"en-US\",\"@id\":\"https:\\\/\\\/shop.compulab.pt\\\/en\\\/produto\\\/draytek-vigorswitch-g2280x\\\/#primaryimage\",\"url\":\"https:\\\/\\\/shop.compulab.pt\\\/wp-content\\\/uploads\\\/2023\\\/02\\\/10700700836.webp\",\"contentUrl\":\"https:\\\/\\\/shop.compulab.pt\\\/wp-content\\\/uploads\\\/2023\\\/02\\\/10700700836.webp\",\"width\":1400,\"height\":1400},{\"@type\":\"BreadcrumbList\",\"@id\":\"https:\\\/\\\/shop.compulab.pt\\\/en\\\/produto\\\/draytek-vigorswitch-g2280x\\\/#breadcrumb\",\"itemListElement\":[{\"@type\":\"ListItem\",\"position\":1,\"name\":\"Shop\",\"item\":\"https:\\\/\\\/draytek.compulab.pt\\\/en\\\/shop\\\/\"},{\"@type\":\"ListItem\",\"position\":2,\"name\":\"DRAYTEK VIGORSWITCH G2280X\"}]},{\"@type\":\"WebSite\",\"@id\":\"https:\\\/\\\/shop.compulab.pt\\\/en\\\/#website\",\"url\":\"https:\\\/\\\/shop.compulab.pt\\\/en\\\/\",\"name\":\"Loja Compulab\",\"description\":\"Loja online da Compulab\",\"potentialAction\":[{\"@type\":\"SearchAction\",\"target\":{\"@type\":\"EntryPoint\",\"urlTemplate\":\"https:\\\/\\\/shop.compulab.pt\\\/en\\\/?s={search_term_string}\"},\"query-input\":{\"@type\":\"PropertyValueSpecification\",\"valueRequired\":true,\"valueName\":\"search_term_string\"}}],\"inLanguage\":\"en-US\"}]}<\/script>\n<!-- \/ Yoast SEO plugin. -->","yoast_head_json":{"title":"SWITCH DRAYTEK VIGOR G2280X - Loja Compulab","description":"O SWITCH DRAYTEK VIGOR G2280X \u00e9 um Switch Gigabit com Gest\u00e3o Layer2+, com 24 portas, ideal para uma rede com tr\u00e1fego de rede crescente.","robots":{"index":"index","follow":"follow","max-snippet":"max-snippet:-1","max-image-preview":"max-image-preview:large","max-video-preview":"max-video-preview:-1"},"canonical":"https:\/\/shop.compulab.pt\/en\/produto\/draytek-vigorswitch-g2280x\/","og_locale":"en_US","og_type":"article","og_title":"SWITCH DRAYTEK VIGOR G2280X - Loja Compulab","og_description":"O SWITCH DRAYTEK VIGOR G2280X \u00e9 um Switch Gigabit com Gest\u00e3o Layer2+, com 24 portas, ideal para uma rede com tr\u00e1fego de rede crescente.","og_url":"https:\/\/shop.compulab.pt\/en\/produto\/draytek-vigorswitch-g2280x\/","og_site_name":"Loja Compulab","article_publisher":"https:\/\/www.facebook.com\/Compulab.pt\/","article_modified_time":"2026-04-28T02:01:03+00:00","og_image":[{"width":1400,"height":1400,"url":"https:\/\/shop.compulab.pt\/wp-content\/uploads\/2023\/02\/10700700836.webp","type":"image\/webp"}],"twitter_card":"summary_large_image","twitter_misc":{"Est. reading time":"2 minutes"},"schema":{"@context":"https:\/\/schema.org","@graph":[{"@type":"WebPage","@id":"https:\/\/shop.compulab.pt\/en\/produto\/draytek-vigorswitch-g2280x\/","url":"https:\/\/shop.compulab.pt\/en\/produto\/draytek-vigorswitch-g2280x\/","name":"SWITCH DRAYTEK VIGOR G2280X - Loja Compulab","isPartOf":{"@id":"https:\/\/shop.compulab.pt\/en\/#website"},"primaryImageOfPage":{"@id":"https:\/\/shop.compulab.pt\/en\/produto\/draytek-vigorswitch-g2280x\/#primaryimage"},"image":{"@id":"https:\/\/shop.compulab.pt\/en\/produto\/draytek-vigorswitch-g2280x\/#primaryimage"},"thumbnailUrl":"https:\/\/shop.compulab.pt\/wp-content\/uploads\/2023\/02\/10700700836.webp","datePublished":"2023-02-13T16:24:49+00:00","dateModified":"2026-04-28T02:01:03+00:00","description":"O SWITCH DRAYTEK VIGOR G2280X \u00e9 um Switch Gigabit com Gest\u00e3o Layer2+, com 24 portas, ideal para uma rede com tr\u00e1fego de rede crescente.","breadcrumb":{"@id":"https:\/\/shop.compulab.pt\/en\/produto\/draytek-vigorswitch-g2280x\/#breadcrumb"},"inLanguage":"en-US","potentialAction":[{"@type":"ReadAction","target":["https:\/\/shop.compulab.pt\/en\/produto\/draytek-vigorswitch-g2280x\/"]}]},{"@type":"ImageObject","inLanguage":"en-US","@id":"https:\/\/shop.compulab.pt\/en\/produto\/draytek-vigorswitch-g2280x\/#primaryimage","url":"https:\/\/shop.compulab.pt\/wp-content\/uploads\/2023\/02\/10700700836.webp","contentUrl":"https:\/\/shop.compulab.pt\/wp-content\/uploads\/2023\/02\/10700700836.webp","width":1400,"height":1400},{"@type":"BreadcrumbList","@id":"https:\/\/shop.compulab.pt\/en\/produto\/draytek-vigorswitch-g2280x\/#breadcrumb","itemListElement":[{"@type":"ListItem","position":1,"name":"Shop","item":"https:\/\/draytek.compulab.pt\/en\/shop\/"},{"@type":"ListItem","position":2,"name":"DRAYTEK VIGORSWITCH G2280X"}]},{"@type":"WebSite","@id":"https:\/\/shop.compulab.pt\/en\/#website","url":"https:\/\/shop.compulab.pt\/en\/","name":"Loja Compulab","description":"Loja online da Compulab","potentialAction":[{"@type":"SearchAction","target":{"@type":"EntryPoint","urlTemplate":"https:\/\/shop.compulab.pt\/en\/?s={search_term_string}"},"query-input":{"@type":"PropertyValueSpecification","valueRequired":true,"valueName":"search_term_string"}}],"inLanguage":"en-US"}]}},"_links":{"self":[{"href":"https:\/\/shop.compulab.pt\/en\/wp-json\/wp\/v2\/product\/15704","targetHints":{"allow":["GET"]}}],"collection":[{"href":"https:\/\/shop.compulab.pt\/en\/wp-json\/wp\/v2\/product"}],"about":[{"href":"https:\/\/shop.compulab.pt\/en\/wp-json\/wp\/v2\/types\/product"}],"version-history":[{"count":0,"href":"https:\/\/shop.compulab.pt\/en\/wp-json\/wp\/v2\/product\/15704\/revisions"}],"wp:featuredmedia":[{"embeddable":true,"href":"https:\/\/shop.compulab.pt\/en\/wp-json\/wp\/v2\/media\/15262"}],"wp:attachment":[{"href":"https:\/\/shop.compulab.pt\/en\/wp-json\/wp\/v2\/media?parent=15704"}],"wp:term":[{"taxonomy":"product_brand","embeddable":true,"href":"https:\/\/shop.compulab.pt\/en\/wp-json\/wp\/v2\/product_brand?post=15704"},{"taxonomy":"product_cat","embeddable":true,"href":"https:\/\/shop.compulab.pt\/en\/wp-json\/wp\/v2\/product_cat?post=15704"},{"taxonomy":"product_tag","embeddable":true,"href":"https:\/\/shop.compulab.pt\/en\/wp-json\/wp\/v2\/product_tag?post=15704"}],"curies":[{"name":"wp","href":"https:\/\/api.w.org\/{rel}","templated":true}]}}