{"id":15701,"date":"2023-02-13T16:24:50","date_gmt":"2023-02-13T16:24:50","guid":{"rendered":"https:\/\/draytek.compulab.pt\/produto\/router-draytek-vigor-2927l\/"},"modified":"2026-05-03T03:02:24","modified_gmt":"2026-05-03T02:02:24","slug":"router-draytek-vigor-2927l","status":"publish","type":"product","link":"https:\/\/shop.compulab.pt\/en\/produto\/router-draytek-vigor-2927l\/","title":{"rendered":"ROUTER DRAYTEK VIGOR 2927L"},"content":{"rendered":"<p>A s\u00e9rie Vigor2927 LTE \u00e9 um router Dual-WAN Ethernet com liga\u00e7\u00e3o 4G\/LTE integrada. Incorporada com 2 <em>slots<\/em> SIM\/Nano (1 SIM\/Nano online de cada vez) em conformidade com o LTE Cat.6 que permite velocidades de acesso \u00e0 Internet at\u00e9 300\/50Mbps (DL\/UL), fornecendo balanceamento de carga e failover para a continuidade do seu neg\u00f3cio. Com funcionalidades de VPN, QoS, Pol\u00edtica de Rotas, Firewall, Filtragem de Conte\u00fados Web, Gest\u00e3o de Largura de Banda, Portal para Hotspot, e muito mais, este \u00e9 o derradeiro router que faz tudo\u00a0 para as PMEs<\/p>\n","protected":false},"excerpt":{"rendered":"<ul>\n<li>Router 4G\/LTE Cat.6 (300\/50Mbps) com 2 slots para cart\u00e3o SIM incorporado desbloqueado para qualquer rede (2 Antenas LTE destac\u00e1veis).<\/li>\n<li>2 portas Gigabit-WAN (permite elevados throughputs) compat\u00edvel com liga\u00e7\u00e3o por modem Cabo, ADSL (sem modem incorporado) ou Fibra para Backup\/Balanceamento de Linha.<\/li>\n<li>Switch Gigabit de 5 portas 10\/100\/1000 Ethernet e 1 porta USB para modem 3G\/4G, Impressora, Term\u00f3metro ou HDD.<\/li>\n<li>Content Filtering, Multi-Subnet LAN (8 redes) e Tag Based VLAN (802.1q).<\/li>\n<li>Configura\u00e7\u00e3o por Web e Telnet.<\/li>\n<li>Firewall, QoS.<\/li>\n<li>Cliente \/ Servidor VPN PPTP,L2TP,IPsec,L2TP\/IPsec,GRE,IKEv2,IKEv2-EAP,IPsec-XAuth,WireGuard (50 t\u00faneis), OpenVPN e SSL VPN (25 t\u00faneis).<\/li>\n<li>Suporte a IPv6.<\/li>\n<\/ul>\n","protected":false},"featured_media":17010,"template":"","meta":[],"product_brand":[],"product_cat":[1134,1131],"product_tag":[1288,1289],"class_list":{"0":"post-15701","1":"product","2":"type-product","3":"status-publish","4":"has-post-thumbnail","6":"product_cat-routers-lte-en","7":"product_cat-routers-en","8":"product_tag-2927l","9":"product_tag-serie-vigor-2927l","10":"pa_lan-lan-5-doors","11":"pa_marca-draytek-en","12":"pa_marca-pa_marca","14":"first","15":"onbackorder","16":"taxable","17":"shipping-taxable","18":"purchasable","19":"product-type-simple"},"yoast_head":"<!-- This site is optimized with the Yoast SEO plugin v27.4 - https:\/\/yoast.com\/product\/yoast-seo-wordpress\/ -->\n<title>ROUTER DRAYTEK VIGOR 2927L - Loja Compulab<\/title>\n<meta name=\"description\" content=\"O ROUTER DRAYTEK VIGOR 2927L \u00e9 um router de firewall WAN Ethernet duplo com conectividade 4G\/LTE integrada, que faz tudo para pequenas e m\u00e9dias empresas.\" \/>\n<meta name=\"robots\" content=\"index, follow, max-snippet:-1, max-image-preview:large, max-video-preview:-1\" \/>\n<link rel=\"canonical\" href=\"https:\/\/shop.compulab.pt\/en\/produto\/router-draytek-vigor-2927l\/\" \/>\n<meta property=\"og:locale\" content=\"en_US\" \/>\n<meta property=\"og:type\" content=\"article\" \/>\n<meta property=\"og:title\" content=\"ROUTER DRAYTEK VIGOR 2927L - Loja Compulab\" \/>\n<meta property=\"og:description\" content=\"O ROUTER DRAYTEK VIGOR 2927L \u00e9 um router de firewall WAN Ethernet duplo com conectividade 4G\/LTE integrada, que faz tudo para pequenas e m\u00e9dias empresas.\" \/>\n<meta property=\"og:url\" content=\"https:\/\/shop.compulab.pt\/en\/produto\/router-draytek-vigor-2927l\/\" \/>\n<meta property=\"og:site_name\" content=\"Loja Compulab\" \/>\n<meta property=\"article:publisher\" content=\"https:\/\/www.facebook.com\/Compulab.pt\/\" \/>\n<meta property=\"article:modified_time\" content=\"2026-05-03T02:02:24+00:00\" \/>\n<meta property=\"og:image\" content=\"https:\/\/shop.compulab.pt\/wp-content\/uploads\/2024\/10\/router-draytek-vigor-2927l-5g.webp\" \/>\n\t<meta property=\"og:image:width\" content=\"1200\" \/>\n\t<meta property=\"og:image:height\" content=\"1200\" \/>\n\t<meta property=\"og:image:type\" content=\"image\/webp\" \/>\n<meta name=\"twitter:card\" content=\"summary_large_image\" \/>\n<script type=\"application\/ld+json\" class=\"yoast-schema-graph\">{\"@context\":\"https:\\\/\\\/schema.org\",\"@graph\":[{\"@type\":\"WebPage\",\"@id\":\"https:\\\/\\\/shop.compulab.pt\\\/en\\\/produto\\\/router-draytek-vigor-2927l\\\/\",\"url\":\"https:\\\/\\\/shop.compulab.pt\\\/en\\\/produto\\\/router-draytek-vigor-2927l\\\/\",\"name\":\"ROUTER DRAYTEK VIGOR 2927L - Loja Compulab\",\"isPartOf\":{\"@id\":\"https:\\\/\\\/shop.compulab.pt\\\/en\\\/#website\"},\"primaryImageOfPage\":{\"@id\":\"https:\\\/\\\/shop.compulab.pt\\\/en\\\/produto\\\/router-draytek-vigor-2927l\\\/#primaryimage\"},\"image\":{\"@id\":\"https:\\\/\\\/shop.compulab.pt\\\/en\\\/produto\\\/router-draytek-vigor-2927l\\\/#primaryimage\"},\"thumbnailUrl\":\"https:\\\/\\\/shop.compulab.pt\\\/wp-content\\\/uploads\\\/2024\\\/10\\\/router-draytek-vigor-2927l-5g.webp\",\"datePublished\":\"2023-02-13T16:24:50+00:00\",\"dateModified\":\"2026-05-03T02:02:24+00:00\",\"description\":\"O ROUTER DRAYTEK VIGOR 2927L \u00e9 um router de firewall WAN Ethernet duplo com conectividade 4G\\\/LTE integrada, que faz tudo para pequenas e m\u00e9dias empresas.\",\"breadcrumb\":{\"@id\":\"https:\\\/\\\/shop.compulab.pt\\\/en\\\/produto\\\/router-draytek-vigor-2927l\\\/#breadcrumb\"},\"inLanguage\":\"en-US\",\"potentialAction\":[{\"@type\":\"ReadAction\",\"target\":[\"https:\\\/\\\/shop.compulab.pt\\\/en\\\/produto\\\/router-draytek-vigor-2927l\\\/\"]}]},{\"@type\":\"ImageObject\",\"inLanguage\":\"en-US\",\"@id\":\"https:\\\/\\\/shop.compulab.pt\\\/en\\\/produto\\\/router-draytek-vigor-2927l\\\/#primaryimage\",\"url\":\"https:\\\/\\\/shop.compulab.pt\\\/wp-content\\\/uploads\\\/2024\\\/10\\\/router-draytek-vigor-2927l-5g.webp\",\"contentUrl\":\"https:\\\/\\\/shop.compulab.pt\\\/wp-content\\\/uploads\\\/2024\\\/10\\\/router-draytek-vigor-2927l-5g.webp\",\"width\":1200,\"height\":1200},{\"@type\":\"BreadcrumbList\",\"@id\":\"https:\\\/\\\/shop.compulab.pt\\\/en\\\/produto\\\/router-draytek-vigor-2927l\\\/#breadcrumb\",\"itemListElement\":[{\"@type\":\"ListItem\",\"position\":1,\"name\":\"Shop\",\"item\":\"https:\\\/\\\/draytek.compulab.pt\\\/en\\\/shop\\\/\"},{\"@type\":\"ListItem\",\"position\":2,\"name\":\"ROUTER DRAYTEK VIGOR 2927L\"}]},{\"@type\":\"WebSite\",\"@id\":\"https:\\\/\\\/shop.compulab.pt\\\/en\\\/#website\",\"url\":\"https:\\\/\\\/shop.compulab.pt\\\/en\\\/\",\"name\":\"Loja Compulab\",\"description\":\"Loja online da Compulab\",\"potentialAction\":[{\"@type\":\"SearchAction\",\"target\":{\"@type\":\"EntryPoint\",\"urlTemplate\":\"https:\\\/\\\/shop.compulab.pt\\\/en\\\/?s={search_term_string}\"},\"query-input\":{\"@type\":\"PropertyValueSpecification\",\"valueRequired\":true,\"valueName\":\"search_term_string\"}}],\"inLanguage\":\"en-US\"}]}<\/script>\n<!-- \/ Yoast SEO plugin. -->","yoast_head_json":{"title":"ROUTER DRAYTEK VIGOR 2927L - Loja Compulab","description":"O ROUTER DRAYTEK VIGOR 2927L \u00e9 um router de firewall WAN Ethernet duplo com conectividade 4G\/LTE integrada, que faz tudo para pequenas e m\u00e9dias empresas.","robots":{"index":"index","follow":"follow","max-snippet":"max-snippet:-1","max-image-preview":"max-image-preview:large","max-video-preview":"max-video-preview:-1"},"canonical":"https:\/\/shop.compulab.pt\/en\/produto\/router-draytek-vigor-2927l\/","og_locale":"en_US","og_type":"article","og_title":"ROUTER DRAYTEK VIGOR 2927L - Loja Compulab","og_description":"O ROUTER DRAYTEK VIGOR 2927L \u00e9 um router de firewall WAN Ethernet duplo com conectividade 4G\/LTE integrada, que faz tudo para pequenas e m\u00e9dias empresas.","og_url":"https:\/\/shop.compulab.pt\/en\/produto\/router-draytek-vigor-2927l\/","og_site_name":"Loja Compulab","article_publisher":"https:\/\/www.facebook.com\/Compulab.pt\/","article_modified_time":"2026-05-03T02:02:24+00:00","og_image":[{"width":1200,"height":1200,"url":"https:\/\/shop.compulab.pt\/wp-content\/uploads\/2024\/10\/router-draytek-vigor-2927l-5g.webp","type":"image\/webp"}],"twitter_card":"summary_large_image","schema":{"@context":"https:\/\/schema.org","@graph":[{"@type":"WebPage","@id":"https:\/\/shop.compulab.pt\/en\/produto\/router-draytek-vigor-2927l\/","url":"https:\/\/shop.compulab.pt\/en\/produto\/router-draytek-vigor-2927l\/","name":"ROUTER DRAYTEK VIGOR 2927L - Loja Compulab","isPartOf":{"@id":"https:\/\/shop.compulab.pt\/en\/#website"},"primaryImageOfPage":{"@id":"https:\/\/shop.compulab.pt\/en\/produto\/router-draytek-vigor-2927l\/#primaryimage"},"image":{"@id":"https:\/\/shop.compulab.pt\/en\/produto\/router-draytek-vigor-2927l\/#primaryimage"},"thumbnailUrl":"https:\/\/shop.compulab.pt\/wp-content\/uploads\/2024\/10\/router-draytek-vigor-2927l-5g.webp","datePublished":"2023-02-13T16:24:50+00:00","dateModified":"2026-05-03T02:02:24+00:00","description":"O ROUTER DRAYTEK VIGOR 2927L \u00e9 um router de firewall WAN Ethernet duplo com conectividade 4G\/LTE integrada, que faz tudo para pequenas e m\u00e9dias empresas.","breadcrumb":{"@id":"https:\/\/shop.compulab.pt\/en\/produto\/router-draytek-vigor-2927l\/#breadcrumb"},"inLanguage":"en-US","potentialAction":[{"@type":"ReadAction","target":["https:\/\/shop.compulab.pt\/en\/produto\/router-draytek-vigor-2927l\/"]}]},{"@type":"ImageObject","inLanguage":"en-US","@id":"https:\/\/shop.compulab.pt\/en\/produto\/router-draytek-vigor-2927l\/#primaryimage","url":"https:\/\/shop.compulab.pt\/wp-content\/uploads\/2024\/10\/router-draytek-vigor-2927l-5g.webp","contentUrl":"https:\/\/shop.compulab.pt\/wp-content\/uploads\/2024\/10\/router-draytek-vigor-2927l-5g.webp","width":1200,"height":1200},{"@type":"BreadcrumbList","@id":"https:\/\/shop.compulab.pt\/en\/produto\/router-draytek-vigor-2927l\/#breadcrumb","itemListElement":[{"@type":"ListItem","position":1,"name":"Shop","item":"https:\/\/draytek.compulab.pt\/en\/shop\/"},{"@type":"ListItem","position":2,"name":"ROUTER DRAYTEK VIGOR 2927L"}]},{"@type":"WebSite","@id":"https:\/\/shop.compulab.pt\/en\/#website","url":"https:\/\/shop.compulab.pt\/en\/","name":"Loja Compulab","description":"Loja online da Compulab","potentialAction":[{"@type":"SearchAction","target":{"@type":"EntryPoint","urlTemplate":"https:\/\/shop.compulab.pt\/en\/?s={search_term_string}"},"query-input":{"@type":"PropertyValueSpecification","valueRequired":true,"valueName":"search_term_string"}}],"inLanguage":"en-US"}]}},"_links":{"self":[{"href":"https:\/\/shop.compulab.pt\/en\/wp-json\/wp\/v2\/product\/15701","targetHints":{"allow":["GET"]}}],"collection":[{"href":"https:\/\/shop.compulab.pt\/en\/wp-json\/wp\/v2\/product"}],"about":[{"href":"https:\/\/shop.compulab.pt\/en\/wp-json\/wp\/v2\/types\/product"}],"version-history":[{"count":3,"href":"https:\/\/shop.compulab.pt\/en\/wp-json\/wp\/v2\/product\/15701\/revisions"}],"predecessor-version":[{"id":17225,"href":"https:\/\/shop.compulab.pt\/en\/wp-json\/wp\/v2\/product\/15701\/revisions\/17225"}],"wp:featuredmedia":[{"embeddable":true,"href":"https:\/\/shop.compulab.pt\/en\/wp-json\/wp\/v2\/media\/17010"}],"wp:attachment":[{"href":"https:\/\/shop.compulab.pt\/en\/wp-json\/wp\/v2\/media?parent=15701"}],"wp:term":[{"taxonomy":"product_brand","embeddable":true,"href":"https:\/\/shop.compulab.pt\/en\/wp-json\/wp\/v2\/product_brand?post=15701"},{"taxonomy":"product_cat","embeddable":true,"href":"https:\/\/shop.compulab.pt\/en\/wp-json\/wp\/v2\/product_cat?post=15701"},{"taxonomy":"product_tag","embeddable":true,"href":"https:\/\/shop.compulab.pt\/en\/wp-json\/wp\/v2\/product_tag?post=15701"}],"curies":[{"name":"wp","href":"https:\/\/api.w.org\/{rel}","templated":true}]}}